{"id":6085,"date":"2024-10-21T10:57:03","date_gmt":"2024-10-21T10:57:03","guid":{"rendered":"https:\/\/ecocorner.eu\/?post_type=product&#038;p=6085"},"modified":"2026-04-10T21:41:48","modified_gmt":"2026-04-10T21:41:48","slug":"mokosh-young-krok-2-lagodzaco-odswiezajacy-tonik-do-twarzy-100ml","status":"publish","type":"product","link":"https:\/\/ecocorner.eu\/en\/product\/mokosh-young-krok-2-lagodzaco-odswiezajacy-tonik-do-twarzy-100ml\/","title":{"rendered":"Mokosh  Young   Krok 2     \u0141agodz\u0105co-od\u015bwie\u017caj\u0105cy tonik do twarzy 100ml"},"content":{"rendered":"<div class=\"active_INCI\">\n<h2>Krok 2 \u0141agodz\u0105co-od\u015bwie\u017caj\u0105cy tonik do twarzy<\/h2>\n<p><strong>Green Tea Extract<\/strong> | \u0141agodzi podra\u017cnienia, zmniejsza zaczerwienienia, koi sk\u00f3r\u0119 i wspomaga jej regeneracj\u0119<\/p>\n<p><strong>Inulina <\/strong>| Naturalny prebiotyk pozyskiwany z korzenia cykorii, ma dzia\u0142anie nawil\u017caj\u0105ce i zapobiega przeznask\u00f3rkowej utracie wody, przez co zapewnia sk\u00f3rze odpowiedni poziom nawil\u017cenia. Jest jednym z naturalnych antyoksydant\u00f3w, przez co neutralizuje dzia\u0142anie wolnych rodnik\u00f3w. Inulina dzia\u0142a r\u00f3wnie\u017c przeciwzapalnie i \u0142agodz\u0105co<\/p>\n<p><strong>Betaina<\/strong> | Naturalny aminokwas otrzymywany z buraka cukrowego \u2013 pochodna glicyny. Ma zdolno\u015b\u0107 ochrony b\u0142on kom\u00f3rkowych. Wi\u0105\u017ce wod\u0119 w nask\u00f3rku, dzi\u0119ki czemu sk\u00f3ra jest nawil\u017cona, g\u0142adka i elastyczna. \u0141agodzi podra\u017cnienia<\/p>\n<p><strong>Hydrolat z mi\u0119ty pieprzowej<\/strong> | Minimalizuje podra\u017cnienia, delikatnie poprawia koloryt sk\u00f3ry oraz redukuje wydzielanie sebum.<\/p>\n<p><strong>Propanediol<\/strong> | Wykazuje w\u0142a\u015bciwo\u015bci higroskopijne, tzn. doskonale \u0142\u0105czy si\u0119 z wod\u0105, zatrzymuj\u0105c j\u0105 w nask\u00f3rku i zapobiegaj\u0105c jej odparowywaniu. Dzi\u0119ki ma\u0142ej cz\u0105steczce z \u0142atwo\u015bci\u0105 wnika w g\u0142\u0105b nask\u00f3rka, poprawiaj\u0105c poziom jego nawil\u017cenia. Wp\u0142ywa r\u00f3wnie\u017c na popraw\u0119 zdolno\u015bci przenikania sk\u0142adnik\u00f3w aktywnych do g\u0142\u0119bszych warstw sk\u00f3ry.<\/p>\n<div class=\"przerywnik\">_____________________________________________________________________________________________<\/div>\n<\/div>\n<div class=\"use\">\n<h2>Klucz do codziennej piel\u0119gnacji &#8211; porady dotycz\u0105ce stosowania<\/h2>\n<p><strong>Method of application: <\/strong><\/div>\n<div class=\"table_use\">\n<div class=\"container_use\">\n<div class=\"use_1\">\n<p>krok 1<\/p>\n<p>Tonik rozpyl na d\u0142onie<\/p>\n<\/div>\n<div class=\"use_2\">\n<p>krok 2<\/p>\n<p>wklep r\u00f3wnomiernie w oczyszczon\u0105 sk\u00f3r\u0119 twarzy, szyi i dekoltu, omijaj\u0105c okolice oczu<\/p>\n<\/div>\n<\/div>\n<\/div>\n<div class=\"przerywnik\">_____________________________________________________________________________________________<\/div>\n<div class=\"INCI\">\n<h3>Sk\u0142ad &#8211; \u0141agodz\u0105co-od\u015bwie\u017caj\u0105cy tonik do twarzy<\/h3>\n<p>Ingredients (INCI): Aqua, Mentha Piperita Leaf Water, Propanediol, Betaine, Inulin, Glycerin, Camelia Sinensis Leaf Extract, Sodium Lactate, Tetrasodium Glutamate Diacetate, Citric Acid, Sodium Benzoate, Potassium Sorbate, Parfum, Limonene, Linalool, Geraniol, Dimethyl Phenethyl Acetate, Citrus Aurantium Bergamia Peel Oil, Pinene, Tetramethyl Acetyloctahydronaphthalenes.<\/p><\/div>","protected":false},"excerpt":{"rendered":"<div class=\"short_ description\">\n<h2>Krok 2 \u0141agodz\u0105co-od\u015bwie\u017caj\u0105cy tonik do twarzy<\/h2>\n<p>Delikatny tonik do twarzy na bazie hydrolatu z mi\u0119ty pieprzowej o orze\u017awiaj\u0105cym zio\u0142owym zapachu.<\/p><\/div>\n<div>\n<div class=\"properties;\">\n<h2>ka\u017cdy typ cery<\/h2>\n<\/div>\n<p><strong>Drugi krok w rutynie piel\u0119gnacyjnej: delikatny tonik do twarzy z Betain\u0105, inulin\u0105 i ekstraktem z zielonej herbaty, kt\u00f3ry przywraca sk\u00f3rze w\u0142a\u015bciwe pH, a tak\u017ce od\u015bwie\u017ca, oczyszcza i nawil\u017ca. Polecany dla ka\u017cdego rodzaju cery, w szczeg\u00f3lno\u015bci t\u0142ustej i mieszanej oraz wra\u017cliwej.<\/strong><\/div>\n<div class=\"przerywnik\">_____________________________________________________________________________________________<\/div>\n<div class=\"properties;\">\n<h2>Kluczowe Korzy\u015bci dla Ciebie<\/h2>\n<ul>\n<li>koi sk\u00f3r\u0119 i przywraca jej w\u0142a\u015bciwe pH<\/li>\n<li>oczyszcza, od\u015bwie\u017ca i nawil\u017ca sk\u00f3r\u0119<\/li>\n<li>wspomaga proces regeneracji sk\u00f3ry oraz zmniejsza zaczerwienienia<\/li>\n<li>pozostawia sk\u00f3r\u0119 g\u0142adk\u0105 i elastyczn\u0105<\/li>\n<\/ul>\n<\/div>","protected":false},"featured_media":6088,"template":"","meta":{"ocean_post_layout":"","ocean_both_sidebars_style":"","ocean_both_sidebars_content_width":0,"ocean_both_sidebars_sidebars_width":0,"ocean_sidebar":"0","ocean_second_sidebar":"0","ocean_disable_margins":"enable","ocean_add_body_class":"","ocean_shortcode_before_top_bar":"","ocean_shortcode_after_top_bar":"","ocean_shortcode_before_header":"","ocean_shortcode_after_header":"","ocean_has_shortcode":"","ocean_shortcode_after_title":"","ocean_shortcode_before_footer_widgets":"","ocean_shortcode_after_footer_widgets":"","ocean_shortcode_before_footer_bottom":"","ocean_shortcode_after_footer_bottom":"","ocean_display_top_bar":"default","ocean_display_header":"default","ocean_header_style":"","ocean_center_header_left_menu":"0","ocean_custom_header_template":"0","ocean_custom_logo":0,"ocean_custom_retina_logo":0,"ocean_custom_logo_max_width":0,"ocean_custom_logo_tablet_max_width":0,"ocean_custom_logo_mobile_max_width":0,"ocean_custom_logo_max_height":0,"ocean_custom_logo_tablet_max_height":0,"ocean_custom_logo_mobile_max_height":0,"ocean_header_custom_menu":"0","ocean_menu_typo_font_family":"0","ocean_menu_typo_font_subset":"","ocean_menu_typo_font_size":0,"ocean_menu_typo_font_size_tablet":0,"ocean_menu_typo_font_size_mobile":0,"ocean_menu_typo_font_size_unit":"px","ocean_menu_typo_font_weight":"","ocean_menu_typo_font_weight_tablet":"","ocean_menu_typo_font_weight_mobile":"","ocean_menu_typo_transform":"","ocean_menu_typo_transform_tablet":"","ocean_menu_typo_transform_mobile":"","ocean_menu_typo_line_height":0,"ocean_menu_typo_line_height_tablet":0,"ocean_menu_typo_line_height_mobile":0,"ocean_menu_typo_line_height_unit":"","ocean_menu_typo_spacing":0,"ocean_menu_typo_spacing_tablet":0,"ocean_menu_typo_spacing_mobile":0,"ocean_menu_typo_spacing_unit":"","ocean_menu_link_color":"","ocean_menu_link_color_hover":"","ocean_menu_link_color_active":"","ocean_menu_link_background":"","ocean_menu_link_hover_background":"","ocean_menu_link_active_background":"","ocean_menu_social_links_bg":"","ocean_menu_social_hover_links_bg":"","ocean_menu_social_links_color":"","ocean_menu_social_hover_links_color":"","ocean_disable_title":"default","ocean_disable_heading":"default","ocean_post_title":"","ocean_post_subheading":"","ocean_post_title_style":"","ocean_post_title_background_color":"","ocean_post_title_background":0,"ocean_post_title_bg_image_position":"","ocean_post_title_bg_image_attachment":"","ocean_post_title_bg_image_repeat":"","ocean_post_title_bg_image_size":"","ocean_post_title_height":0,"ocean_post_title_bg_overlay":0.5,"ocean_post_title_bg_overlay_color":"","ocean_disable_breadcrumbs":"default","ocean_breadcrumbs_color":"","ocean_breadcrumbs_separator_color":"","ocean_breadcrumbs_links_color":"","ocean_breadcrumbs_links_hover_color":"","ocean_display_footer_widgets":"default","ocean_display_footer_bottom":"default","ocean_custom_footer_template":"0"},"product_brand":[],"product_cat":[46,81,64,75,36],"product_tag":[],"class_list":{"0":"post-6085","1":"product","2":"type-product","3":"status-publish","4":"has-post-thumbnail","6":"product_cat-demakijaz","7":"product_cat-mokosh","8":"product_cat-oferta-tygodnia","9":"product_cat-pielegnacja-dla-nastolatkow","10":"product_cat-promocje-wyprzedaze","12":"entry","13":"has-media","15":"first","16":"instock","17":"sale","18":"shipping-taxable","19":"purchasable","20":"product-type-simple","21":"has-product-nav","22":"col","23":"span_1_of_3","24":"owp-content-left","25":"owp-thumbs-layout-horizontal","26":"owp-btn-normal","27":"owp-tabs-layout-horizontal"},"_links":{"self":[{"href":"https:\/\/ecocorner.eu\/en\/wp-json\/wp\/v2\/product\/6085","targetHints":{"allow":["GET"]}}],"collection":[{"href":"https:\/\/ecocorner.eu\/en\/wp-json\/wp\/v2\/product"}],"about":[{"href":"https:\/\/ecocorner.eu\/en\/wp-json\/wp\/v2\/types\/product"}],"version-history":[{"count":1,"href":"https:\/\/ecocorner.eu\/en\/wp-json\/wp\/v2\/product\/6085\/revisions"}],"predecessor-version":[{"id":6089,"href":"https:\/\/ecocorner.eu\/en\/wp-json\/wp\/v2\/product\/6085\/revisions\/6089"}],"wp:featuredmedia":[{"embeddable":true,"href":"https:\/\/ecocorner.eu\/en\/wp-json\/wp\/v2\/media\/6088"}],"wp:attachment":[{"href":"https:\/\/ecocorner.eu\/en\/wp-json\/wp\/v2\/media?parent=6085"}],"wp:term":[{"taxonomy":"product_brand","embeddable":true,"href":"https:\/\/ecocorner.eu\/en\/wp-json\/wp\/v2\/product_brand?post=6085"},{"taxonomy":"product_cat","embeddable":true,"href":"https:\/\/ecocorner.eu\/en\/wp-json\/wp\/v2\/product_cat?post=6085"},{"taxonomy":"product_tag","embeddable":true,"href":"https:\/\/ecocorner.eu\/en\/wp-json\/wp\/v2\/product_tag?post=6085"}],"curies":[{"name":"wp","href":"https:\/\/api.w.org\/{rel}","templated":true}]}}