{"id":6095,"date":"2024-10-21T11:44:08","date_gmt":"2024-10-21T11:44:08","guid":{"rendered":"https:\/\/ecocorner.eu\/?post_type=product&#038;p=6095"},"modified":"2026-04-10T21:40:55","modified_gmt":"2026-04-10T21:40:55","slug":"mokosh-young-krok-3-serum-nawilzajace-smart-drops-30ml","status":"publish","type":"product","link":"https:\/\/ecocorner.eu\/en\/product\/mokosh-young-krok-3-serum-nawilzajace-smart-drops-30ml\/","title":{"rendered":"Mokosh  Young | Krok 3 | Serum nawil\u017caj\u0105ce smart drops 30ml"},"content":{"rendered":"<div class=\"active_INCI\">\n<h2>Krok 3 Serum nawil\u017caj\u0105ce smart drops<\/h2>\n<p><strong>Amylopektyny z ry\u017cu i alga koralowa<\/strong> | Daj\u0105 natychmiastowe uczucie nawil\u017cenia, wzmacniaj\u0105 funkcj\u0119 barierow\u0105 sk\u00f3ry, chroni\u0105 przed szkodliwymi czynnikami zewn\u0119trznymi. Nawil\u017caj\u0105, od\u015bwie\u017caj\u0105 i \u0142agodz\u0105 podra\u017cnienia.<\/p>\n<p><strong>Trehalose <\/strong>| Ma silne w\u0142a\u015bciwo\u015bci nawil\u017caj\u0105ce, posiada zdolno\u015b\u0107 wi\u0105zania wody i zatrzymywania jej w nask\u00f3rku<\/p>\n<p><strong>Betaina<\/strong> | Naturalny aminokwas otrzymywany z buraka cukrowego \u2013 pochodna glicyny. Ma zdolno\u015b\u0107 ochrony b\u0142on kom\u00f3rkowych. Wi\u0105\u017ce wod\u0119 w nask\u00f3rku, dzi\u0119ki czemu sk\u00f3ra jest nawil\u017cona, g\u0142adka i elastyczna. \u0141agodzi podra\u017cnienia<\/p>\n<p><strong>Glukonolakton<\/strong> | Zaliczany do kwas\u00f3w PHA, dzi\u0119ki swojej zwi\u0119kszonej liczbie grup hydroksylowych, jest w stanie \u015bwietnie nawil\u017ca\u0107 nawet najbardziej such\u0105 i odwodnion\u0105 sk\u00f3r\u0119. Wspiera odbudow\u0119 uszkodzonego p\u0142aszcza lipidowego, redukuje widoczno\u015b\u0107 rozszerzonych por\u00f3w i chroni sk\u00f3r\u0119 przed utrat\u0105 wody.<\/p>\n<p><strong>Kwas hialuronowy wielkocz\u0105steczkowy<\/strong> | Wykazuje zdolno\u015b\u0107 utrzymywania si\u0119 na sk\u00f3rze i tworzenia tzw. filmu, kt\u00f3ry chroni sk\u00f3r\u0119 przed odparowywaniem wody.<\/p>\n<p><strong>Lactic acid<\/strong> | Nie zmienia neutralnego pH kosmetyku, a jest doskona\u0142ym sk\u0142adnikiem polecanym przy tr\u0105dziku pospolitym, \u0142ojotoku oraz zask\u00f3rnikach otwartych i zamkni\u0119tych. Zwi\u0119ksza odporno\u015b\u0107 sk\u00f3ry na czynniki zewn\u0119trzne, uszczelnia barier\u0119 hydrolipidow\u0105, nawil\u017ca sk\u00f3r\u0119.<\/p>\n<p><strong>Ekstrakt z w\u0105krotki azjatyckiej<\/strong> | Dzia\u0142a wyg\u0142adzaj\u0105co i oczyszczaj\u0105co. \u0141agodzi stany zapalne i nawil\u017ca.<\/p>\n<div class=\"przerywnik\">_____________________________________________________________________________________________<\/div>\n<\/div>\n<div class=\"use\">\n<h2>Klucz do codziennej piel\u0119gnacji &#8211; porady dotycz\u0105ce stosowania<\/h2>\n<p><strong>Method of application: <\/strong><\/div>\n<div class=\"table_use\">\n<div class=\"container_use\">\n<div class=\"use_1\">\n<p>krok 1<\/p>\n<p>Oczy\u015b\u0107 sk\u00f3r\u0119 twarzy<\/p>\n<\/div>\n<div class=\"use_2\">\n<p>krok 2<\/p>\n<p>wydziel niewielk\u0105 ilo\u015b\u0107 serum<\/p>\n<\/div>\n<div class=\"use_2\">\n<p>krok 3<\/p>\n<p>wmasuj, a\u017c do ca\u0142kowitego wch\u0142oni\u0119cia na sk\u00f3r\u0119 twarzy, szyi i dekoltu<\/p>\n<\/div>\n<\/div>\n<\/div>\n<div class=\"przerywnik\">_____________________________________________________________________________________________<\/div>\n<div class=\"INCI\">\n<h3>Sk\u0142ad &#8211; Serum nawil\u017caj\u0105ce smart drops<\/h3>\n<p>Ingredients (INCI): Aqua, Betaine, Glycerin, Trehalose, Gluconolactone, Lactic Acid, Amylopectin, Sorbitol, Sodium Hyaluronate, Centella Asiatica Root Extract, Lithothamnion Calcareum Extract, Caesalpinia Spinosa Gum, Xanthan Gum, Pentylene Glycol, Sodium Benzoate, Potassium Sorbate, Parfum, Linalool, Limonene, Hexyl Cinnamal, Citrus Limon Peel Oil, Linalyl Acetate, Tetramethyl Acetyloctahydronaphthalenes, Hexamethylindanopyran.<\/p><\/div>","protected":false},"excerpt":{"rendered":"<div class=\"short_ description\">\n<h2>Krok 3 Serum nawil\u017caj\u0105ce smart drops<\/h2>\n<p>Smart Drops serum nawil\u017caj\u0105ce to skoncentrowany kosmetyk w postaci kropelek wodno-\u017celowych.<\/p><\/div>\n<div>\n<div class=\"properties;\">\n<h2>cera normalna i sucha<\/h2>\n<\/div>\n<h3>KROK 3 Piel\u0119gnacja skoncentrowana<\/h3>\n<p><strong>Stanowi trzeci etap piel\u0119gnacji sk\u00f3ry.<\/strong><\/div>\n<div class=\"przerywnik\">_____________________________________________________________________________________________<\/div>\n<div class=\"properties;\">\n<h2>Kluczowe Korzy\u015bci dla Ciebie<\/h2>\n<ul>\n<li>intensywnie i d\u0142ugotrwale nawil\u017ca m\u0142od\u0105 sk\u00f3r\u0119 bez obci\u0105\u017cania jej<\/li>\n<li>redukuje widoczno\u015b\u0107 rozszerzonych por\u00f3w<\/li>\n<li>od\u015bwie\u017ca i koi sk\u00f3r\u0119<\/li>\n<li>wzmacnia funkcj\u0119 ochronn\u0105 sk\u00f3ry i wyg\u0142adza j\u0105<\/li>\n<\/ul>\n<\/div>","protected":false},"featured_media":6098,"template":"","meta":{"ocean_post_layout":"","ocean_both_sidebars_style":"","ocean_both_sidebars_content_width":0,"ocean_both_sidebars_sidebars_width":0,"ocean_sidebar":"0","ocean_second_sidebar":"0","ocean_disable_margins":"enable","ocean_add_body_class":"","ocean_shortcode_before_top_bar":"","ocean_shortcode_after_top_bar":"","ocean_shortcode_before_header":"","ocean_shortcode_after_header":"","ocean_has_shortcode":"","ocean_shortcode_after_title":"","ocean_shortcode_before_footer_widgets":"","ocean_shortcode_after_footer_widgets":"","ocean_shortcode_before_footer_bottom":"","ocean_shortcode_after_footer_bottom":"","ocean_display_top_bar":"default","ocean_display_header":"default","ocean_header_style":"","ocean_center_header_left_menu":"0","ocean_custom_header_template":"0","ocean_custom_logo":0,"ocean_custom_retina_logo":0,"ocean_custom_logo_max_width":0,"ocean_custom_logo_tablet_max_width":0,"ocean_custom_logo_mobile_max_width":0,"ocean_custom_logo_max_height":0,"ocean_custom_logo_tablet_max_height":0,"ocean_custom_logo_mobile_max_height":0,"ocean_header_custom_menu":"0","ocean_menu_typo_font_family":"0","ocean_menu_typo_font_subset":"","ocean_menu_typo_font_size":0,"ocean_menu_typo_font_size_tablet":0,"ocean_menu_typo_font_size_mobile":0,"ocean_menu_typo_font_size_unit":"px","ocean_menu_typo_font_weight":"","ocean_menu_typo_font_weight_tablet":"","ocean_menu_typo_font_weight_mobile":"","ocean_menu_typo_transform":"","ocean_menu_typo_transform_tablet":"","ocean_menu_typo_transform_mobile":"","ocean_menu_typo_line_height":0,"ocean_menu_typo_line_height_tablet":0,"ocean_menu_typo_line_height_mobile":0,"ocean_menu_typo_line_height_unit":"","ocean_menu_typo_spacing":0,"ocean_menu_typo_spacing_tablet":0,"ocean_menu_typo_spacing_mobile":0,"ocean_menu_typo_spacing_unit":"","ocean_menu_link_color":"","ocean_menu_link_color_hover":"","ocean_menu_link_color_active":"","ocean_menu_link_background":"","ocean_menu_link_hover_background":"","ocean_menu_link_active_background":"","ocean_menu_social_links_bg":"","ocean_menu_social_hover_links_bg":"","ocean_menu_social_links_color":"","ocean_menu_social_hover_links_color":"","ocean_disable_title":"default","ocean_disable_heading":"default","ocean_post_title":"","ocean_post_subheading":"","ocean_post_title_style":"","ocean_post_title_background_color":"","ocean_post_title_background":0,"ocean_post_title_bg_image_position":"","ocean_post_title_bg_image_attachment":"","ocean_post_title_bg_image_repeat":"","ocean_post_title_bg_image_size":"","ocean_post_title_height":0,"ocean_post_title_bg_overlay":0.5,"ocean_post_title_bg_overlay_color":"","ocean_disable_breadcrumbs":"default","ocean_breadcrumbs_color":"","ocean_breadcrumbs_separator_color":"","ocean_breadcrumbs_links_color":"","ocean_breadcrumbs_links_hover_color":"","ocean_display_footer_widgets":"default","ocean_display_footer_bottom":"default","ocean_custom_footer_template":"0"},"product_brand":[],"product_cat":[81,64,75,36,51],"product_tag":[],"class_list":{"0":"post-6095","1":"product","2":"type-product","3":"status-publish","4":"has-post-thumbnail","6":"product_cat-mokosh","7":"product_cat-oferta-tygodnia","8":"product_cat-pielegnacja-dla-nastolatkow","9":"product_cat-promocje-wyprzedaze","10":"product_cat-serum-mgielki-hydrolaty","12":"entry","13":"has-media","15":"first","16":"instock","17":"sale","18":"shipping-taxable","19":"purchasable","20":"product-type-simple","21":"has-product-nav","22":"col","23":"span_1_of_3","24":"owp-content-left","25":"owp-thumbs-layout-horizontal","26":"owp-btn-normal","27":"owp-tabs-layout-horizontal"},"_links":{"self":[{"href":"https:\/\/ecocorner.eu\/en\/wp-json\/wp\/v2\/product\/6095","targetHints":{"allow":["GET"]}}],"collection":[{"href":"https:\/\/ecocorner.eu\/en\/wp-json\/wp\/v2\/product"}],"about":[{"href":"https:\/\/ecocorner.eu\/en\/wp-json\/wp\/v2\/types\/product"}],"version-history":[{"count":1,"href":"https:\/\/ecocorner.eu\/en\/wp-json\/wp\/v2\/product\/6095\/revisions"}],"predecessor-version":[{"id":6099,"href":"https:\/\/ecocorner.eu\/en\/wp-json\/wp\/v2\/product\/6095\/revisions\/6099"}],"wp:featuredmedia":[{"embeddable":true,"href":"https:\/\/ecocorner.eu\/en\/wp-json\/wp\/v2\/media\/6098"}],"wp:attachment":[{"href":"https:\/\/ecocorner.eu\/en\/wp-json\/wp\/v2\/media?parent=6095"}],"wp:term":[{"taxonomy":"product_brand","embeddable":true,"href":"https:\/\/ecocorner.eu\/en\/wp-json\/wp\/v2\/product_brand?post=6095"},{"taxonomy":"product_cat","embeddable":true,"href":"https:\/\/ecocorner.eu\/en\/wp-json\/wp\/v2\/product_cat?post=6095"},{"taxonomy":"product_tag","embeddable":true,"href":"https:\/\/ecocorner.eu\/en\/wp-json\/wp\/v2\/product_tag?post=6095"}],"curies":[{"name":"wp","href":"https:\/\/api.w.org\/{rel}","templated":true}]}}