{"id":6120,"date":"2024-10-21T12:24:28","date_gmt":"2024-10-21T12:24:28","guid":{"rendered":"https:\/\/ecocorner.eu\/?post_type=product&#038;p=6120"},"modified":"2026-02-24T16:05:15","modified_gmt":"2026-02-24T16:05:15","slug":"mokosh-szczotka-do-masazu-ciala-z-naturalnego-wlosia","status":"publish","type":"product","link":"https:\/\/ecocorner.eu\/en\/product\/mokosh-szczotka-do-masazu-ciala-z-naturalnego-wlosia\/","title":{"rendered":"Mokosh   Szczotka do masa\u017cu cia\u0142a z naturalnego w\u0142osia"},"content":{"rendered":"<h2>Co jeszcze warto wiedzie\u0107 o masa\u017cu cia\u0142a?<\/h2>\n<p>Szczotkowanie cia\u0142a to \u015bwietny rytua\u0142 piel\u0119gnacyjny, kt\u00f3ry mo\u017ce zapewni\u0107 nam wiele korzy\u015bci. Sam zabieg jest niezwykle prosty, a przy tym bardzo przyjemny. Jest to te\u017c doskona\u0142y spos\u00f3b na rozlu\u017anienie. <strong>Szczotka do masa\u017cu na sucho <\/strong>przyda si\u0119 wszystkim osobom, kt\u00f3re chc\u0105 w widoczny spos\u00f3b poprawi\u0107 kondycj\u0119 sk\u00f3ry. Taki rytua\u0142 piel\u0119gnacyjny stanowi po\u0142\u0105czenie masa\u017cu oraz peelingu. W tym samym czasie mo\u017cemy nie tylko pobudzi\u0107 kr\u0105\u017cenie krwi, ale jednocze\u015bnie usun\u0105\u0107 martwy nask\u00f3rek. Zabieg pomaga tak\u017ce zmniejszy\u0107 widoczno\u015b\u0107 rozst\u0119p\u00f3w. Aby osi\u0105gn\u0105\u0107 upragnione rezultaty, szczotkowanie nale\u017cy wykonywa\u0107 regularnie.<\/p>\n<p><strong>Szczotka do masa\u017cu <\/strong>pomo\u017ce w pozbyciu si\u0119 blizn oraz pomara\u0144czowej sk\u00f3rki. Efektem zabiegu jest tak\u017ce ujednolicenie kolorytu sk\u00f3ry oraz poprawa jej nawil\u017cenia i od\u017cywienia. Taki rytua\u0142 jest polecany wszystkim osobom, kt\u00f3re maj\u0105 problem z wrastaniem w\u0142osk\u00f3w. <strong>Szczotka do masa\u017cu cia\u0142a <\/strong>zapewnia przyjemne rozlu\u017anienie mi\u0119\u015bni. Wiele os\u00f3b cieszy si\u0119 te\u017c lepszym samopoczuciem oraz przyp\u0142ywem energii.<\/p>\n<h2>Spos\u00f3b u\u017cycia szczotki do cia\u0142a<\/h2>\n<p><strong>Method of application:<\/strong> stosuj szczotk\u0119 dwa razy w tygodniu wykonuj\u0105c masa\u017c ca\u0142ego cia\u0142a na mokro lub na sucho od st\u00f3p i d\u0142oni w kierunku serca.<\/p>\n<p>W przypadku u\u017cytkowania szczotki na mokro, <strong>wykonuj masa\u017c na wilgotne cia\u0142o<\/strong> (pami\u0119taj, aby nie moczy\u0107 trzonu szczotki, a jedynie jej w\u0142\u00f3kno).<\/p>\n<p>Nie zalecamy masa\u017cu szczotk\u0105 w przypadku \u0142uszczycy, egzemy czy AZS. Je\u015bli masz problem z p\u0119kaj\u0105cymi naczynkami b\u0105d\u017a \u017cylakami, podczas wykonywania masa\u017cu omijaj te miejsca.<\/p>\n<p><strong>Note:<\/strong> po u\u017cyciu szczotki na mokro nale\u017cy j\u0105 dok\u0142adnie wytrze\u0107 z nadmiaru wody, zdezynfekowa\u0107 i pozostawi\u0107 do ca\u0142kowitego wyschni\u0119cia przed kolejnym u\u017cyciem. Szczotk\u0119 nale\u017cy suszy\u0107 w\u0142\u00f3knami do do\u0142u k\u0142ad\u0105c j\u0105 w suchym i przewiewnym miejscu (nie w \u0142azience).<\/p>\n<p>Przy regularnym szczotkowaniu oraz prawid\u0142owym u\u017cytkowaniu szczotka pos\u0142u\u017cy nam ok 6 miesi\u0119cy.<\/p>","protected":false},"excerpt":{"rendered":"<h2>Szczotka do masa\u017cu cia\u0142a \u2013 dlaczego warto j\u0105 mie\u0107 w swojej \u0142azience?<\/h2>\n<p><strong>Szczotka do masa\u017cu cia\u0142a<\/strong> wykonana z naturalnego w\u0142\u00f3kna agawy i wysokiej jako\u015bci drewna bukowego. Przeznaczona do stosowania zar\u00f3wno na sucho, jak i na mokro. Suche w\u0142\u00f3kno agawy jest twardsze i ostrzejsze, za\u015b po jego zmoczeniu dzia\u0142anie b\u0119dzie \u0142agodniejsze \u2013 idealne dla os\u00f3b o wra\u017cliwszej sk\u00f3rze.<\/p>\n<p>Masowanie cia\u0142a szczotk\u0105 zwi\u0119ksza ukrwienie sk\u00f3ry, wyg\u0142adza j\u0105 i uj\u0119drnia, z\u0142uszcza martwy nask\u00f3rek i przygotowuje sk\u00f3r\u0119 do aplikacji kosmetyk\u00f3w piel\u0119gnacyjnych. Po zastosowaniu szczotki sk\u00f3ra lepiej wch\u0142ania sk\u0142adniki aktywne i mikroelementy zawarte w balsamach, eliksirach, czy serach, dzi\u0119ki czemu dzia\u0142aj\u0105 one skuteczniej. Szczotka pomaga tak\u017ce likwidowa\u0107 obrz\u0119ki limfatyczne i \u015bwietnie sprawdzi si\u0119 jako <strong>uzupe\u0142nienie kuracji antycellulitowej<\/strong>.<\/p>","protected":false},"featured_media":6121,"template":"","meta":{"ocean_post_layout":"","ocean_both_sidebars_style":"","ocean_both_sidebars_content_width":0,"ocean_both_sidebars_sidebars_width":0,"ocean_sidebar":"0","ocean_second_sidebar":"0","ocean_disable_margins":"enable","ocean_add_body_class":"","ocean_shortcode_before_top_bar":"","ocean_shortcode_after_top_bar":"","ocean_shortcode_before_header":"","ocean_shortcode_after_header":"","ocean_has_shortcode":"","ocean_shortcode_after_title":"","ocean_shortcode_before_footer_widgets":"","ocean_shortcode_after_footer_widgets":"","ocean_shortcode_before_footer_bottom":"","ocean_shortcode_after_footer_bottom":"","ocean_display_top_bar":"default","ocean_display_header":"default","ocean_header_style":"","ocean_center_header_left_menu":"0","ocean_custom_header_template":"0","ocean_custom_logo":0,"ocean_custom_retina_logo":0,"ocean_custom_logo_max_width":0,"ocean_custom_logo_tablet_max_width":0,"ocean_custom_logo_mobile_max_width":0,"ocean_custom_logo_max_height":0,"ocean_custom_logo_tablet_max_height":0,"ocean_custom_logo_mobile_max_height":0,"ocean_header_custom_menu":"0","ocean_menu_typo_font_family":"0","ocean_menu_typo_font_subset":"","ocean_menu_typo_font_size":0,"ocean_menu_typo_font_size_tablet":0,"ocean_menu_typo_font_size_mobile":0,"ocean_menu_typo_font_size_unit":"px","ocean_menu_typo_font_weight":"","ocean_menu_typo_font_weight_tablet":"","ocean_menu_typo_font_weight_mobile":"","ocean_menu_typo_transform":"","ocean_menu_typo_transform_tablet":"","ocean_menu_typo_transform_mobile":"","ocean_menu_typo_line_height":0,"ocean_menu_typo_line_height_tablet":0,"ocean_menu_typo_line_height_mobile":0,"ocean_menu_typo_line_height_unit":"","ocean_menu_typo_spacing":0,"ocean_menu_typo_spacing_tablet":0,"ocean_menu_typo_spacing_mobile":0,"ocean_menu_typo_spacing_unit":"","ocean_menu_link_color":"","ocean_menu_link_color_hover":"","ocean_menu_link_color_active":"","ocean_menu_link_background":"","ocean_menu_link_hover_background":"","ocean_menu_link_active_background":"","ocean_menu_social_links_bg":"","ocean_menu_social_hover_links_bg":"","ocean_menu_social_links_color":"","ocean_menu_social_hover_links_color":"","ocean_disable_title":"default","ocean_disable_heading":"default","ocean_post_title":"","ocean_post_subheading":"","ocean_post_title_style":"","ocean_post_title_background_color":"","ocean_post_title_background":0,"ocean_post_title_bg_image_position":"","ocean_post_title_bg_image_attachment":"","ocean_post_title_bg_image_repeat":"","ocean_post_title_bg_image_size":"","ocean_post_title_height":0,"ocean_post_title_bg_overlay":0.5,"ocean_post_title_bg_overlay_color":"","ocean_disable_breadcrumbs":"default","ocean_breadcrumbs_color":"","ocean_breadcrumbs_separator_color":"","ocean_breadcrumbs_links_color":"","ocean_breadcrumbs_links_hover_color":"","ocean_display_footer_widgets":"default","ocean_display_footer_bottom":"default","ocean_custom_footer_template":"0"},"product_brand":[],"product_cat":[24,36],"product_tag":[],"class_list":{"0":"post-6120","1":"product","2":"type-product","3":"status-publish","4":"has-post-thumbnail","6":"product_cat-akcesoria","7":"product_cat-promocje-wyprzedaze","9":"entry","10":"has-media","12":"first","13":"instock","14":"sale","15":"shipping-taxable","16":"purchasable","17":"product-type-simple","18":"has-product-nav","19":"col","20":"span_1_of_3","21":"owp-content-left","22":"owp-thumbs-layout-horizontal","23":"owp-btn-normal","24":"owp-tabs-layout-horizontal","25":"has-no-thumbnails"},"_links":{"self":[{"href":"https:\/\/ecocorner.eu\/en\/wp-json\/wp\/v2\/product\/6120","targetHints":{"allow":["GET"]}}],"collection":[{"href":"https:\/\/ecocorner.eu\/en\/wp-json\/wp\/v2\/product"}],"about":[{"href":"https:\/\/ecocorner.eu\/en\/wp-json\/wp\/v2\/types\/product"}],"version-history":[{"count":1,"href":"https:\/\/ecocorner.eu\/en\/wp-json\/wp\/v2\/product\/6120\/revisions"}],"predecessor-version":[{"id":6122,"href":"https:\/\/ecocorner.eu\/en\/wp-json\/wp\/v2\/product\/6120\/revisions\/6122"}],"wp:featuredmedia":[{"embeddable":true,"href":"https:\/\/ecocorner.eu\/en\/wp-json\/wp\/v2\/media\/6121"}],"wp:attachment":[{"href":"https:\/\/ecocorner.eu\/en\/wp-json\/wp\/v2\/media?parent=6120"}],"wp:term":[{"taxonomy":"product_brand","embeddable":true,"href":"https:\/\/ecocorner.eu\/en\/wp-json\/wp\/v2\/product_brand?post=6120"},{"taxonomy":"product_cat","embeddable":true,"href":"https:\/\/ecocorner.eu\/en\/wp-json\/wp\/v2\/product_cat?post=6120"},{"taxonomy":"product_tag","embeddable":true,"href":"https:\/\/ecocorner.eu\/en\/wp-json\/wp\/v2\/product_tag?post=6120"}],"curies":[{"name":"wp","href":"https:\/\/api.w.org\/{rel}","templated":true}]}}