{"id":6134,"date":"2024-10-23T16:44:36","date_gmt":"2024-10-23T16:44:36","guid":{"rendered":"https:\/\/ecocorner.eu\/?post_type=product&#038;p=6134"},"modified":"2026-02-07T13:40:33","modified_gmt":"2026-02-07T13:40:33","slug":"pasieki-sadowskich-krople-adek-z-mleczkiem-pszczelim-miodzis-30-ml","status":"publish","type":"product","link":"https:\/\/ecocorner.eu\/en\/product\/pasieki-sadowskich-krople-adek-z-mleczkiem-pszczelim-miodzis-30-ml\/","title":{"rendered":"Pasieki Sadowskich   Krople  ADEK z mleczkiem pszczelim  Miodzi\u015b  30 ml"},"content":{"rendered":"<h3 id=\"tab2\">Dlaczego ADEK Krople dla dzieci Miodzi\u015b s\u0105 tak wyj\u0105tkowe?<\/h3>\n<ul>\n<li><strong>Vitamin A <\/strong>\u00a0&#8211; pomaga zachowa\u0107 zdrow\u0105 sk\u00f3r\u0119 oraz dobry wzrok. Przyczyni\u0105 si\u0119 r\u00f3wnie\u017c do prawid\u0142owego metabolizmu \u017celaza, odgrywa rol\u0119 w procesie specjalizacji kom\u00f3rek oraz pomaga w prawid\u0142owym funkcjonowaniu uk\u0142adu odporno\u015bciowego.<\/li>\n<li><strong>Vitamin D<\/strong> &#8211; jest kluczowa dla prawid\u0142owego wzrostu oraz rozwoju ko\u015bci, z\u0119b\u00f3w oraz mi\u0119\u015bni u dzieci. Wspiera tak\u017ce funkcjonowanie uk\u0142adu odporno\u015bciowego oraz pomaga w prawid\u0142owym wch\u0142anianiu\/wykorzystaniu wapnia i fosforu.<\/li>\n<li><strong>Vitamin E\u00a0 <\/strong>&#8211; jest antyoksydantem, kt\u00f3ry pomaga chroni\u0107 kom\u00f3rki przed stresem oksydacyjnym.<\/li>\n<li><strong>Vitamin K<\/strong> &#8211; wspiera utrzymanie zdrowych ko\u015bci oraz przyczynia si\u0119 do prawid\u0142owego krzepni\u0119cia krwi.<\/li>\n<li><strong>Mleczko pszczele<\/strong> &#8211; to co w ulu najcenniejsze prosto do s\u0142oiczka z kroplami od Miodzisia dla dzieci!<\/li>\n<li>Witaminy A, D, E, K2 nale\u017c\u0105 do substancji rozpuszczalnych w t\u0142uszczach, dlatego na ich no\u015bnik nasz Miodzi\u015b wybra\u0142 <strong>naturaln\u0105 oliw\u0119\u00a0 z oliwek wyt\u0142aczan\u0105 bezpo\u015brednio z oliwek wy\u0142\u0105cznie mechanicznymi metodami. <\/strong>Najwy\u017cszej jako\u015bci oliwa pomaga w prawid\u0142owym wch\u0142anianiu witamin.<\/li>\n<li>Ten kompleks Witamin jest bardzo wa\u017cny <strong>w okresie wzrostu naszych ma\u0142ych misi\u00f3w!\u00a0<\/strong><\/li>\n<li>Wygodna forma kropelek na ka\u017cdy dzie\u0144!<\/li>\n<\/ul>\n<p><strong>Krople ADEK od Miodzisia to produkt idealny dla dzieci od 4. do 18. roku \u017cycia. <\/strong>S\u0105 \u015bwietnym uzupe\u0142nieniem codziennej diety, a ich delikatny smak i \u0142atwe dozowanie na pewno oka\u017ce si\u0119 pomocne w ich stosowaniu &#8211; co jest niezwykle wa\u017cne w okresie wzrostu i rozwoju dzieci. W Kroplach ADEK od Miodzisia nie znajdziecie \u017cadnych sztucznych dodatk\u00f3w, wy\u0142\u0105cznie czyste sk\u0142adniki najwy\u017cszej jako\u015bci.<\/p>\n<h2 id=\"tab3\">Informacje o Kroplach ADEK dla dzieci:<\/h2>\n<p><strong>Net volume: <\/strong>30 ml<\/p>\n<p><strong>Ingredients: <\/strong>Oliwa z oliwek najwy\u017cszej jako\u015bci z pierwszego t\u0142oczenia, witamina E (octan-D-alfa-tokoferylu), witamina K2 (menachinon-7), mleczko pszczele, witamina A (palmitynian retinylu), witamina D (cholekalcyferol)<\/p>\n<p><em>Krople dla dzieci ADEK Miodzi\u015b s\u0105 odpowiednie dla wegetarian. Nie zawieraj\u0105 laktozy, soi i glutenu.<\/em><\/p>\n<p><strong>Zalecana porcja dzienna niezb\u0119dna do uzyskania korzystnego dzia\u0142ania: <\/strong><br \/>\nDzieci od 4. do 9. roku \u017cycia &#8211;<strong> 1 kropla<\/strong>.<br \/>\nM\u0142odzie\u017c od 10. do 18. roku \u017cycia &#8211; <strong>2 krople<\/strong>.<br \/>\nSpo\u017cywa\u0107 doustnie w trakcie posi\u0142ku. Przed ka\u017cdym u\u017cyciem wstrz\u0105sn\u0105\u0107. Nie przekracza\u0107 zalecanej porcji do spo\u017cycia w ci\u0105gu dnia.<\/p>\n<p><strong>\u015aRODKI OSTRO\u017bNO\u015aCI: <\/strong><em>Chroni\u0107 przed \u015bwiat\u0142em. Przechowywa\u0107 w szczelnie zamkni\u0119tym opakowaniu, w temperaturze pokojowej, w suchym miejscu, w spos\u00f3b niedost\u0119pny dla ma\u0142ych dzieci.<\/em><\/p>\n<p><em>Nie nale\u017cy przekracza\u0107 zalecanej porcji do spo\u017cycia w ci\u0105gu dnia. Nie stosowa\u0107 w przypadku uczulenia na kt\u00f3rykolwiek ze sk\u0142adnik\u00f3w. Spo\u017cywania produktu nie zaleca si\u0119 kobietom w ci\u0105\u017cy i karmi\u0105cym piersi\u0105. Produkt nie powinien by\u0107 spo\u017cywany przez osoby przyjmuj\u0105ce \u015brodki przeciwzakrzepowe zawieraj\u0105ce antagonist\u00f3w witaminy K (np. warfaryna i acenokumarol). Przed zastosowaniem wskazane jest wykonanie badania 25-(OH)D we krwi oraz konsultacja wyniku badania z lekarzem lub farmaceut\u0105. Produkt nie mo\u017ce by\u0107 stosowany jako substytut zr\u00f3\u017cnicowanej diety. Wa\u017cne jest prowadzenie zdrowego trybu \u017cycia i zr\u00f3wnowa\u017conego sposobu \u017cywienia.<\/em><\/p>\n<p>&nbsp;<\/p>\n<table class=\"tabela-odzywcza\" width=\"403\">\n<thead>\n<tr>\n<th class=\"col1\">SK\u0141ADNIK AKTYWNY<\/th>\n<th class=\"col2\">Zawarto\u015b\u0107 1 Kropli<\/th>\n<th class=\"col3\">Zawarto\u015b\u0107 2 Kropli<\/th>\n<\/tr>\n<tr>\n<td class=\"col1\">Witaminy E<\/td>\n<td class=\"col2\">4,00 mg (33% RWS)*<\/td>\n<td class=\"col3\">8,00 mg (66% RWS)*<\/td>\n<\/tr>\n<tr>\n<td class=\"col1\">Vitamin K2<\/td>\n<td class=\"col2\">20,00 \u00b5g (27% RWS)*<\/td>\n<td class=\"col3\">40,00 \u00b5g (53% RWS)*<\/td>\n<\/tr>\n<tr>\n<td class=\"col1\">Mleczko pszczele<\/td>\n<td class=\"col2\">1,2 mg<\/td>\n<td class=\"col3\">2,4 mg<\/td>\n<\/tr>\n<tr>\n<td class=\"col1\">Vitamin A<\/td>\n<td class=\"col2\">300,00 \u00b5g (38% RWS)*<\/td>\n<td class=\"col3\">600,00 \u00b5g (75% RWS)*<\/td>\n<\/tr>\n<tr>\n<td class=\"col1\">Vitamin D<\/td>\n<td class=\"col2\">10,00 \u00b5g\/400 IU (200% RWS)*<\/td>\n<td class=\"col3\">20,00 \u00b5g\/800 IU (400% RWS)*<\/td>\n<\/tr>\n<\/thead>\n<\/table>","protected":false},"excerpt":{"rendered":"<p>Poznajcie<strong> kompleks witamin A, D, E i K2 z mleczkiem pszczelim w wygodnej formie kropelek od Miodzisia dla dzieci<\/strong>. Nasz rezolutny mi\u015b nie ustaje w poszukiwaniu najlepszych rozwi\u0105za\u0144 dla swoich ma\u0142ych przyjaci\u00f3\u0142 chc\u0105c pom\u00f3c im w walce o codzienn\u0105 odporno\u015b\u0107 i zdrowie. Tym razem wymy\u015bli\u0142 ADEK Krople dla dzieci z mleczkiem pszczelim, a \u017ceby by\u0142o na wskro\u015b naturalnie, poradzi\u0142 nam, aby rozpu\u015bci\u0107 witaminy w<strong> oliwie z oliwek<\/strong>. Oczywi\u015bcie, znale\u017ali\u015bmy tak\u0105 <strong>najwy\u017cszej jako\u015bci, z pierwszego t\u0142oczenia<\/strong> i dodali\u015bmy j\u0105 do naszych kropelek. To doskona\u0142a baza, kt\u00f3ra zapewnia idealne wch\u0142anianie witamin. Ale to nie wszystko! Miodzi\u015b wzbogaci\u0142 receptur\u0119 kropli dla dzieci moc\u0105 prosto od zaprzyja\u017anionych pszcz\u00f3\u0142 i tak w sk\u0142adzie znalaz\u0142o si\u0119 to, co w ulu najcenniejsze &#8211; <strong>mleczko pszczele<\/strong>, kt\u00f3re dodaje si\u0142 z natury i razem z oliw\u0105 z oliwek tworzy niezwykle delikatny smak. Wygodna forma kropelek na pewno u\u0142atwi Wam, kochani rodzice, podawanie witamin dzieciom, a nasz weso\u0142y Miodzi\u015b b\u0119dzie zawsze tu\u017c obok, \u017ceby wesprze\u0107 Wasze pociechy w drodze po odporno\u015b\u0107 i zdrowie.<\/p>\n<ul>\n<li>wygodna forma kropelek dla dzieci<\/li>\n<li>kompleks witamin A, D, E i K2 z mleczkiem pszczelim<\/li>\n<li>odpowiednie dla wegetarian<\/li>\n<\/ul>","protected":false},"featured_media":6135,"template":"","meta":{"ocean_post_layout":"","ocean_both_sidebars_style":"","ocean_both_sidebars_content_width":0,"ocean_both_sidebars_sidebars_width":0,"ocean_sidebar":"0","ocean_second_sidebar":"0","ocean_disable_margins":"enable","ocean_add_body_class":"","ocean_shortcode_before_top_bar":"","ocean_shortcode_after_top_bar":"","ocean_shortcode_before_header":"","ocean_shortcode_after_header":"","ocean_has_shortcode":"","ocean_shortcode_after_title":"","ocean_shortcode_before_footer_widgets":"","ocean_shortcode_after_footer_widgets":"","ocean_shortcode_before_footer_bottom":"","ocean_shortcode_after_footer_bottom":"","ocean_display_top_bar":"default","ocean_display_header":"default","ocean_header_style":"","ocean_center_header_left_menu":"0","ocean_custom_header_template":"0","ocean_custom_logo":0,"ocean_custom_retina_logo":0,"ocean_custom_logo_max_width":0,"ocean_custom_logo_tablet_max_width":0,"ocean_custom_logo_mobile_max_width":0,"ocean_custom_logo_max_height":0,"ocean_custom_logo_tablet_max_height":0,"ocean_custom_logo_mobile_max_height":0,"ocean_header_custom_menu":"0","ocean_menu_typo_font_family":"0","ocean_menu_typo_font_subset":"","ocean_menu_typo_font_size":0,"ocean_menu_typo_font_size_tablet":0,"ocean_menu_typo_font_size_mobile":0,"ocean_menu_typo_font_size_unit":"px","ocean_menu_typo_font_weight":"","ocean_menu_typo_font_weight_tablet":"","ocean_menu_typo_font_weight_mobile":"","ocean_menu_typo_transform":"","ocean_menu_typo_transform_tablet":"","ocean_menu_typo_transform_mobile":"","ocean_menu_typo_line_height":0,"ocean_menu_typo_line_height_tablet":0,"ocean_menu_typo_line_height_mobile":0,"ocean_menu_typo_line_height_unit":"","ocean_menu_typo_spacing":0,"ocean_menu_typo_spacing_tablet":0,"ocean_menu_typo_spacing_mobile":0,"ocean_menu_typo_spacing_unit":"","ocean_menu_link_color":"","ocean_menu_link_color_hover":"","ocean_menu_link_color_active":"","ocean_menu_link_background":"","ocean_menu_link_hover_background":"","ocean_menu_link_active_background":"","ocean_menu_social_links_bg":"","ocean_menu_social_hover_links_bg":"","ocean_menu_social_links_color":"","ocean_menu_social_hover_links_color":"","ocean_disable_title":"default","ocean_disable_heading":"default","ocean_post_title":"","ocean_post_subheading":"","ocean_post_title_style":"","ocean_post_title_background_color":"","ocean_post_title_background":0,"ocean_post_title_bg_image_position":"","ocean_post_title_bg_image_attachment":"","ocean_post_title_bg_image_repeat":"","ocean_post_title_bg_image_size":"","ocean_post_title_height":0,"ocean_post_title_bg_overlay":0.5,"ocean_post_title_bg_overlay_color":"","ocean_disable_breadcrumbs":"default","ocean_breadcrumbs_color":"","ocean_breadcrumbs_separator_color":"","ocean_breadcrumbs_links_color":"","ocean_breadcrumbs_links_hover_color":"","ocean_display_footer_widgets":"default","ocean_display_footer_bottom":"default","ocean_custom_footer_template":"0"},"product_brand":[],"product_cat":[91,22,20],"product_tag":[],"class_list":{"0":"post-6134","1":"product","2":"type-product","3":"status-publish","4":"has-post-thumbnail","6":"product_cat-manufaktura-pasieki-sadowskich","7":"product_cat-suplementy-i-witaminy","8":"product_cat-dzieci","10":"entry","11":"has-media","13":"first","14":"outofstock","15":"shipping-taxable","16":"purchasable","17":"product-type-simple","18":"has-product-nav","19":"col","20":"span_1_of_3","21":"owp-content-left","22":"owp-thumbs-layout-horizontal","23":"owp-btn-normal","24":"owp-tabs-layout-horizontal","25":"has-no-thumbnails"},"_links":{"self":[{"href":"https:\/\/ecocorner.eu\/en\/wp-json\/wp\/v2\/product\/6134","targetHints":{"allow":["GET"]}}],"collection":[{"href":"https:\/\/ecocorner.eu\/en\/wp-json\/wp\/v2\/product"}],"about":[{"href":"https:\/\/ecocorner.eu\/en\/wp-json\/wp\/v2\/types\/product"}],"version-history":[{"count":1,"href":"https:\/\/ecocorner.eu\/en\/wp-json\/wp\/v2\/product\/6134\/revisions"}],"predecessor-version":[{"id":6136,"href":"https:\/\/ecocorner.eu\/en\/wp-json\/wp\/v2\/product\/6134\/revisions\/6136"}],"wp:featuredmedia":[{"embeddable":true,"href":"https:\/\/ecocorner.eu\/en\/wp-json\/wp\/v2\/media\/6135"}],"wp:attachment":[{"href":"https:\/\/ecocorner.eu\/en\/wp-json\/wp\/v2\/media?parent=6134"}],"wp:term":[{"taxonomy":"product_brand","embeddable":true,"href":"https:\/\/ecocorner.eu\/en\/wp-json\/wp\/v2\/product_brand?post=6134"},{"taxonomy":"product_cat","embeddable":true,"href":"https:\/\/ecocorner.eu\/en\/wp-json\/wp\/v2\/product_cat?post=6134"},{"taxonomy":"product_tag","embeddable":true,"href":"https:\/\/ecocorner.eu\/en\/wp-json\/wp\/v2\/product_tag?post=6134"}],"curies":[{"name":"wp","href":"https:\/\/api.w.org\/{rel}","templated":true}]}}