{"id":6137,"date":"2024-10-23T16:53:47","date_gmt":"2024-10-23T16:53:47","guid":{"rendered":"https:\/\/ecocorner.eu\/?post_type=product&#038;p=6137"},"modified":"2025-12-11T21:59:31","modified_gmt":"2025-12-11T21:59:31","slug":"pasieki-sadowskich-colostrum-z-mleczkiem-pszczelim-cynkiem-i-bananem-miodzis-61-g","status":"publish","type":"product","link":"https:\/\/ecocorner.eu\/en\/product\/pasieki-sadowskich-colostrum-z-mleczkiem-pszczelim-cynkiem-i-bananem-miodzis-61-g\/","title":{"rendered":"Pasieki Sadowskich   Colostrum z mleczkiem pszczelim, cynkiem i bananem  Miodzi\u015b   61 g"},"content":{"rendered":"<h2 id=\"tab2\">Czym jest colostrum dla dzieci?<\/h2>\n<p>Colostrum dla dzieci to zwane m\u0142odziwem, colostrum wo\u0142owe, a inaczej siara, czyli pierwszy pokarm wytwarzany przez krow\u0119 w procesie laktacji. To wtedy sk\u0142adniki zawarte w mleku zawieraj\u0105 najwi\u0119cej warto\u015bci od\u017cywczych i s\u0105 najbardziej skoncentrowane. A co wi\u0119cej &#8211; colostrum zawiera immunoglobuliny &#8211; przeciwcia\u0142a typu G. Nasze colostrum wzbogacone cynkiem jest doskona\u0142ym suplementem dla wsparcia odporno\u015bci ka\u017cdego dziecka.<\/p>\n<h2 id=\"tab3\">W\u0142a\u015bciwo\u015bci Colostrum z mleczkiem pszczelim, cynkiem i bananem Miodzi\u015b<\/h2>\n<p>Niezwykle cenne, unikalne produkty w jednej recepturze to nasz spos\u00f3b by najlepiej zatroszczy\u0107 si\u0119 o odporno\u015b\u0107 najm\u0142odszych &#8211; poznajcie w\u0142a\u015bciwo\u015bci naszego Colostrum dla dzieci:<\/p>\n<ul>\n<li>moc z natury w colostrum wo\u0142owym z immunoglobulinami typu G (IgG)<\/li>\n<li>mleczko pszczele dla wzbogacenia receptury<\/li>\n<li>wyst\u0119puj\u0105cy w sk\u0142adzie cynk wspiera organizm w prawid\u0142owym funkcjonowaniu uk\u0142adu odporno\u015bciowego<\/li>\n<li>suplement bez laktozy<\/li>\n<li>dodatek liofilizowanego banana dla wzbogacenia smaku<\/li>\n<\/ul>\n<h2 id=\"tab4\">Ingredients<\/h2>\n<ul>\n<li><strong>Colostrum <\/strong>&#8211; siara bydl\u0119ca, czyli pierwszy pokarm pe\u0142en Immunoglobulin typu G (IgG)<\/li>\n<li><strong>Liofilizowane mleczko pszczele <\/strong>&#8211; mleczko pszczele poddali\u015bmy liofilizacji, by zachowa\u0107 pe\u0142ni\u0119 w\u0142a\u015bciwo\u015bci, a przy tym zapewni\u0107 lepsz\u0105 wch\u0142anialno\u015b\u0107<\/li>\n<li><strong>Zinc <\/strong>&#8211; cenny sk\u0142adnik dla wsparcia prawid\u0142owego funkcjonowania uk\u0142adu odporno\u015bciowego<\/li>\n<li><strong>Liofilizowany banan <\/strong>&#8211; dla owocowego smaku i smakowitej przygody z budowaniem odporno\u015bci u najm\u0142odszych fan\u00f3w Miodzisia<\/li>\n<\/ul>\n<p>&nbsp;<\/p>\n<h2 id=\"tab5\">Jak podawa\u0107 Colostrum dla dzieci od Miodzisia?<\/h2>\n<p>Nasze Colostrum z mleczkiem pszczelim, cynkiem i bananem nale\u017cy rozpu\u015bci\u0107 w szklance letniej wody i podawa\u0107 tu\u017c po przygotowaniu, najlepiej w trakcie posi\u0142ku. Mo\u017cna te\u017c doda\u0107 porcj\u0119 Colostrum do ulubionego jogurtu.<\/p>\n<p>Zalecana porcja odporno\u015bci od Miodzisia:<\/p>\n<ul>\n<li>1 miarka produktu dziennie dla dzieci 4 &#8211; 9 lat<\/li>\n<li>2 miarki produktu dziennie dla dzieci i m\u0142odzie\u017cy 10 &#8211; 18 lat<\/li>\n<\/ul>\n<h2 id=\"tab6\">Information<\/h2>\n<p><strong>Clean Content: <\/strong>61 g<\/p>\n<p><strong>Ingredients:<\/strong> colostrum wo\u0142owe (z mleka) standaryzowane na 24% immunoglobulin IgG w suchej masie, banan liofilizowany (49%), cytrynian cynku (cynk), liofilizowane mleczko pszczele<\/p>\n<p><strong>Keeping: <\/strong>Produkt nale\u017cy chroni\u0107 przed \u015bwiat\u0142em. Przechowywa\u0107 w szczelnie zamkni\u0119tym opakowaniu, w temperaturze pokojowej, w suchym miejscu. Ponadto suplementy nale\u017cy przechowywa\u0107 w miejscu niedost\u0119pnym dla dzieci.<\/p>\n<p><strong>Security measures:<\/strong> Nie przekracza\u0107 zalecanej dziennej porcji do spo\u017cycia. Nie stosowa\u0107 w przypadku uczulenia na kt\u00f3rykolwiek ze sk\u0142adnik\u00f3w. Produkt\u00a0 przeznaczony dla dzieci i m\u0142odzie\u017cy w wieku od 4 do 18 lat. Kobiety w ci\u0105\u017cy i karmi\u0105ce piersi\u0105 przed zastosowaniem powinny skonsultowa\u0107 si\u0119 z lekarzem. Suplementy diety nie mog\u0105 by\u0107 stosowane jako substytut (zamiennik)\u00a0zr\u00f3\u017cnicowanej diety.<\/p>\n<p>&nbsp;<\/p>\n<table class=\"tabela-odzywcza\" style=\"height: 303px;\" width=\"305\">\n<thead>\n<tr>\n<th class=\"col1\">SK\u0141ADNIK AKTYWNY<\/th>\n<th class=\"col2\">Zawarto\u015b\u0107 1\u00a0miarka<\/th>\n<th class=\"col3\">Zawarto\u015b\u0107 2\u00a0miarki<\/th>\n<\/tr>\n<tr>\n<td class=\"col1\">Colostrum wo\u0142owe<\/td>\n<td class=\"col2\">500\u00a0mg<\/td>\n<td class=\"col3\">1000 mg<\/td>\n<\/tr>\n<tr>\n<td class=\"col1\">&#8211; w tym immunoglobuliny IgG w suchej masie<\/td>\n<td class=\"col2\">120 mg<\/td>\n<td class=\"col3\">240 mg<\/td>\n<\/tr>\n<tr>\n<td class=\"col1\">Zinc<\/td>\n<td class=\"col2\">5 mg\u00a0(50% RWS)<\/td>\n<td class=\"col3\">10 mg (100% RWS)<\/td>\n<\/tr>\n<tr>\n<td class=\"col1\">Mleczko pszczele<\/td>\n<td class=\"col2\">1 mg<\/td>\n<td class=\"col3\">2 mg<\/td>\n<\/tr>\n<\/thead>\n<\/table>","protected":false},"excerpt":{"rendered":"<p>Co nasyci brzuszki najlepsz\u0105 odporno\u015bci\u0105? Nasz Miodzi\u015b d\u0142ugo si\u0119 nad tym g\u0142owi\u0142, a nawet testowa\u0142 r\u00f3\u017cne miksturki. I wiecie co? Doszed\u0142 do wniosku, \u017ce nic tak nie pomaga naturze jak to, co daje swoim male\u0144stwom mama! Nasz rezolutny mi\u015b poszuka\u0142 najlepszego mleczka &#8211; tu z pomoc\u0105 przysz\u0142y przyjaci\u00f3\u0142ki pszczo\u0142y i podzieli\u0142y si\u0119 swoim cennym mleczkiem pszczelim, a Miodzi\u015b doda\u0142 je do colostrum &#8211; z pierwszego mleka krowiego. Mi\u015b zgodzi\u0142 si\u0119 z nami, \u017ce warto podkre\u015bli\u0107 ten naturalny zestaw cynkiem i doda\u0107 co\u015b dla smaku\u2026 nasz \u0142asuch od razu pomy\u015bla\u0142 o syc\u0105cych, mi\u0119sistych bananach! I oto jest &#8211; Colostrum z mleczkiem pszczelim, cynkiem i bananem &#8211; od Miodzisia dla dzieci. To moc z natury zawieraj\u0105ca immunoglobuliny typu G, a wraz z cynkiem s\u0105 doskona\u0142ym po\u0142\u0105czeniem dla prawid\u0142owego funkcjonowania uk\u0142adu odporno\u015bciowego i wspania\u0142ego samopoczucia &#8211; ka\u017cdego dnia!<\/p>\n<ul>\n<li>bez laktozy<\/li>\n<li>zawiera przeciwcia\u0142a<\/li>\n<li>z dodatkiem liofilizowanego banana<\/li>\n<\/ul>","protected":false},"featured_media":6138,"template":"","meta":{"ocean_post_layout":"","ocean_both_sidebars_style":"","ocean_both_sidebars_content_width":0,"ocean_both_sidebars_sidebars_width":0,"ocean_sidebar":"0","ocean_second_sidebar":"0","ocean_disable_margins":"enable","ocean_add_body_class":"","ocean_shortcode_before_top_bar":"","ocean_shortcode_after_top_bar":"","ocean_shortcode_before_header":"","ocean_shortcode_after_header":"","ocean_has_shortcode":"","ocean_shortcode_after_title":"","ocean_shortcode_before_footer_widgets":"","ocean_shortcode_after_footer_widgets":"","ocean_shortcode_before_footer_bottom":"","ocean_shortcode_after_footer_bottom":"","ocean_display_top_bar":"default","ocean_display_header":"default","ocean_header_style":"","ocean_center_header_left_menu":"0","ocean_custom_header_template":"0","ocean_custom_logo":0,"ocean_custom_retina_logo":0,"ocean_custom_logo_max_width":0,"ocean_custom_logo_tablet_max_width":0,"ocean_custom_logo_mobile_max_width":0,"ocean_custom_logo_max_height":0,"ocean_custom_logo_tablet_max_height":0,"ocean_custom_logo_mobile_max_height":0,"ocean_header_custom_menu":"0","ocean_menu_typo_font_family":"0","ocean_menu_typo_font_subset":"","ocean_menu_typo_font_size":0,"ocean_menu_typo_font_size_tablet":0,"ocean_menu_typo_font_size_mobile":0,"ocean_menu_typo_font_size_unit":"px","ocean_menu_typo_font_weight":"","ocean_menu_typo_font_weight_tablet":"","ocean_menu_typo_font_weight_mobile":"","ocean_menu_typo_transform":"","ocean_menu_typo_transform_tablet":"","ocean_menu_typo_transform_mobile":"","ocean_menu_typo_line_height":0,"ocean_menu_typo_line_height_tablet":0,"ocean_menu_typo_line_height_mobile":0,"ocean_menu_typo_line_height_unit":"","ocean_menu_typo_spacing":0,"ocean_menu_typo_spacing_tablet":0,"ocean_menu_typo_spacing_mobile":0,"ocean_menu_typo_spacing_unit":"","ocean_menu_link_color":"","ocean_menu_link_color_hover":"","ocean_menu_link_color_active":"","ocean_menu_link_background":"","ocean_menu_link_hover_background":"","ocean_menu_link_active_background":"","ocean_menu_social_links_bg":"","ocean_menu_social_hover_links_bg":"","ocean_menu_social_links_color":"","ocean_menu_social_hover_links_color":"","ocean_disable_title":"default","ocean_disable_heading":"default","ocean_post_title":"","ocean_post_subheading":"","ocean_post_title_style":"","ocean_post_title_background_color":"","ocean_post_title_background":0,"ocean_post_title_bg_image_position":"","ocean_post_title_bg_image_attachment":"","ocean_post_title_bg_image_repeat":"","ocean_post_title_bg_image_size":"","ocean_post_title_height":0,"ocean_post_title_bg_overlay":0.5,"ocean_post_title_bg_overlay_color":"","ocean_disable_breadcrumbs":"default","ocean_breadcrumbs_color":"","ocean_breadcrumbs_separator_color":"","ocean_breadcrumbs_links_color":"","ocean_breadcrumbs_links_hover_color":"","ocean_display_footer_widgets":"default","ocean_display_footer_bottom":"default","ocean_custom_footer_template":"0"},"product_brand":[],"product_cat":[91,22,20],"product_tag":[],"class_list":{"0":"post-6137","1":"product","2":"type-product","3":"status-publish","4":"has-post-thumbnail","6":"product_cat-manufaktura-pasieki-sadowskich","7":"product_cat-suplementy-i-witaminy","8":"product_cat-dzieci","10":"entry","11":"has-media","13":"first","14":"outofstock","15":"shipping-taxable","16":"purchasable","17":"product-type-simple","18":"has-product-nav","19":"col","20":"span_1_of_3","21":"owp-content-left","22":"owp-thumbs-layout-horizontal","23":"owp-btn-normal","24":"owp-tabs-layout-horizontal","25":"has-no-thumbnails"},"_links":{"self":[{"href":"https:\/\/ecocorner.eu\/en\/wp-json\/wp\/v2\/product\/6137","targetHints":{"allow":["GET"]}}],"collection":[{"href":"https:\/\/ecocorner.eu\/en\/wp-json\/wp\/v2\/product"}],"about":[{"href":"https:\/\/ecocorner.eu\/en\/wp-json\/wp\/v2\/types\/product"}],"version-history":[{"count":1,"href":"https:\/\/ecocorner.eu\/en\/wp-json\/wp\/v2\/product\/6137\/revisions"}],"predecessor-version":[{"id":6139,"href":"https:\/\/ecocorner.eu\/en\/wp-json\/wp\/v2\/product\/6137\/revisions\/6139"}],"wp:featuredmedia":[{"embeddable":true,"href":"https:\/\/ecocorner.eu\/en\/wp-json\/wp\/v2\/media\/6138"}],"wp:attachment":[{"href":"https:\/\/ecocorner.eu\/en\/wp-json\/wp\/v2\/media?parent=6137"}],"wp:term":[{"taxonomy":"product_brand","embeddable":true,"href":"https:\/\/ecocorner.eu\/en\/wp-json\/wp\/v2\/product_brand?post=6137"},{"taxonomy":"product_cat","embeddable":true,"href":"https:\/\/ecocorner.eu\/en\/wp-json\/wp\/v2\/product_cat?post=6137"},{"taxonomy":"product_tag","embeddable":true,"href":"https:\/\/ecocorner.eu\/en\/wp-json\/wp\/v2\/product_tag?post=6137"}],"curies":[{"name":"wp","href":"https:\/\/api.w.org\/{rel}","templated":true}]}}