{"id":6140,"date":"2024-10-23T16:56:23","date_gmt":"2024-10-23T16:56:23","guid":{"rendered":"https:\/\/ecocorner.eu\/?post_type=product&#038;p=6140"},"modified":"2026-02-24T16:19:07","modified_gmt":"2026-02-24T16:19:07","slug":"pasieki-sadowskich-miodzis-elektrolity-dla-dzieci-o-smaku-truskawkowym-80-g-60-porcji","status":"publish","type":"product","link":"https:\/\/ecocorner.eu\/en\/product\/pasieki-sadowskich-miodzis-elektrolity-dla-dzieci-o-smaku-truskawkowym-80-g-60-porcji\/","title":{"rendered":"Pasieki Sadowskich   Miodzi\u015b   Elektrolity dla dzieci o smaku truskawkowym  80 g (60 porcji)"},"content":{"rendered":"<h2 id=\"tab2\"><strong>W\u0142a\u015bciwo\u015bci Elektrolit\u00f3w dla dzieci od Miodzisia<\/strong><\/h2>\n<ul>\n<li>Miodzisiowa moc sk\u0142adnik\u00f3w mineralnych w wygodnej formie stosowania<\/li>\n<li>wsparcie r\u00f3wnowagi elektrolitowej, pracy mi\u0119\u015bni i uk\u0142adu nerwowego dzi\u0119ki zawarto\u015bci magnezu<\/li>\n<li>potas dla prawid\u0142owego funkcjonowania uk\u0142adu nerwowego<\/li>\n<li>s\u00f3d dla wsparcia i utrzymania w\u0142a\u015bciwego nawodnienia organizmu<\/li>\n<li>naturalny, truskawkowy smak<\/li>\n<li>owocowy zapach<\/li>\n<li>pyszne wsparcie organizmu dla ma\u0142ych i du\u017cych przyjaci\u00f3\u0142 misia<\/li>\n<li>doskona\u0142y suplement tak na upalne dni, jak i pozosta\u0142e &#8211; pe\u0142ne zabaw i aktywno\u015bci fizycznej, razem z Miodzisiem<\/li>\n<li>bez dodatku cukru, je\u015bli lubicie s\u0142odszy smak &#8211; wystarczy doda\u0107 \u0142y\u017ceczk\u0119 ulubionego miodu.<\/li>\n<\/ul>\n<h2 id=\"tab3\"><strong>Jak stosowa\u0107 Elektrolity dla dzieci?\u00a0<\/strong><\/h2>\n<p>Miodzi\u015b lubi wygodne rozwi\u0105zania, si\u0119ga ulubiony kubeczek i 1 miark\u0119 truskawkowych elektrolit\u00f3w rozpuszcza w 250 ml wody. Psst\u2026 zr\u00f3bcie tak jak Miodzi\u015b i pami\u0119tajcie, by energicznie wymiesza\u0107 proszek. I oczywi\u015bcie &#8211; najlepiej wypi\u0107 od razu po przygotowaniu! Kubeczek dobroci dla wsparcia ma\u0142ych przyjaci\u00f3\u0142 misia nie mo\u017ce czeka\u0107, a my wiemy najlepiej &#8211; od Miodzisia, \u017ce wspaniale dba o nawodnienie organizmu, co jest niezwykle wa\u017cne przy codziennych zabawach, sportach i aktywno\u015bci!<\/p>\n<h2 id=\"tab4\"><strong>Information\u00a0<\/strong><\/h2>\n<p><strong>Net weight:<\/strong> 80 g (60 porcji)<\/p>\n<p><strong>Ingredients:<\/strong> magnez (jab\u0142czan magnezu), potas (cytrynian potasu), s\u00f3d (chlorek sodu), aromat naturalny truskawkowy<\/p>\n<p><strong>Keeping: <\/strong>Produkt nale\u017cy chroni\u0107 przed \u015bwiat\u0142em. Przechowywa\u0107 w szczelnie zamkni\u0119tym opakowaniu, w temperaturze pokojowej, w suchym miejscu. Ponadto suplementy nale\u017cy przechowywa\u0107 w miejscu niedost\u0119pnym dla dzieci.<\/p>\n<p><strong>Security measures:<\/strong> Nie nale\u017cy przekracza\u0107 zalecanej porcji do spo\u017cycia w ci\u0105gu dnia. Nie stosowa\u0107 w przypadku uczulenia lub nadwra\u017cliwo\u015bci na kt\u00f3rykolwiek ze sk\u0142adnik\u00f3w. Produkt przeznaczony dla dzieci i m\u0142odzie\u017cy w wieku od 3 do 18 lat. Produkt nie jest przeznaczony dla os\u00f3b starszych, os\u00f3b z chorobami nerek, cukrzyc\u0105 insulinooporn\u0105, z nadci\u015bnieniem t\u0119tniczym, z zaburzeniami rytmu serca. Suplementy diety nie mog\u0105 by\u0107 stosowane jako substytut (zamiennik) zr\u00f3\u017cnicowanej diety.<\/p>\n<p><strong>Recommended daily intake: <\/strong>1 miarka produktu<\/p>\n<p>&nbsp;<\/p>\n<table class=\"tabela-odzywcza\">\n<thead>\n<tr>\n<th class=\"col1\">WARTO\u015a\u0106 OD\u017bYWCZA<\/th>\n<th class=\"col2\">w 1 miarce produktu<\/th>\n<th class=\"col2\">DRWS*<\/th>\n<\/tr>\n<tr>\n<td class=\"col1\">Magnesium<\/td>\n<td class=\"col2\">80 mg<\/td>\n<td class=\"col2\">\u00a0(21,33%)*<\/td>\n<\/tr>\n<tr>\n<td class=\"col1\">Potas<\/td>\n<td class=\"col2\">300 mg<\/td>\n<td class=\"col2\">(7,5%)*<\/td>\n<\/tr>\n<tr>\n<td class=\"col1\">S\u00f3d<\/td>\n<td class=\"col2\">120\u00a0mg<\/td>\n<td class=\"col2\"><\/td>\n<\/tr>\n<\/thead>\n<\/table>\n<p>*DRWS &#8211; Dzienne Referencyjne Warto\u015bci Spo\u017cycia witamin i sk\u0142adnik\u00f3w mineralnych (dla os\u00f3b doros\u0142ych)<\/p>","protected":false},"excerpt":{"rendered":"<p>Nasz Miodzi\u015b to niezwykle aktywny mi\u015b, nie lubi siedzie\u0107 w miejscu i trudno go powstrzyma\u0107 przed nowymi przygodami. Ci\u0105gle wymy\u015bla nowe zabawy, pracuje w ogrodzie lub zbiera owoce, a przy upalnych dniach to nie lada wyzwanie! Mi\u015b na szcz\u0119\u015bcie doskonale wie, \u017ce odpowiednie nawodnienie organizmu to klucz do wspania\u0142ego samopoczucia! A teraz chwali si\u0119 swoim nowym napojem &#8211; truskawkowym! Wiecie co to takiego? To Elektrolity dla dzieci &#8211; suplement, kt\u00f3ry dostarcza magnez dla utrzymania r\u00f3wnowagi elektrolitowej, potas i s\u00f3d &#8211; te z kolei dbaj\u0105 o uk\u0142ad nerwowy i wspieraj\u0105 mi\u0119\u015bnie. Z takimi sk\u0142adnikami mineralnymi zm\u0119czenie czy upa\u0142y misiom nie straszne! Psst\u2026 Dbajmy o odpowiednie nawodnienie naszych dzieci, podaj\u0105c im odpowiedni\u0105 ilo\u015b\u0107 p\u0142yn\u00f3w i wspomagaj\u0105c\u00a0 Elektrolitami Miodzi\u015b, aby w pe\u0142ni zadba\u0107 o zdrowie maluch\u00f3w. A teraz, z Miodzisiem i jego truskawkowym napojem, bogatym w sk\u0142adniki mineralne &#8211; to bardzo proste!<\/p>\n<ul>\n<li>doskona\u0142e uzupe\u0142nienie sk\u0142adnik\u00f3w mineralnych u dzieci<\/li>\n<li>pyszny, truskawkowy smak<\/li>\n<li>prosty w przygotowaniu nap\u00f3j dla dzieci od Miodzisia<\/li>\n<\/ul>","protected":false},"featured_media":6141,"template":"","meta":{"ocean_post_layout":"","ocean_both_sidebars_style":"","ocean_both_sidebars_content_width":0,"ocean_both_sidebars_sidebars_width":0,"ocean_sidebar":"0","ocean_second_sidebar":"0","ocean_disable_margins":"enable","ocean_add_body_class":"","ocean_shortcode_before_top_bar":"","ocean_shortcode_after_top_bar":"","ocean_shortcode_before_header":"","ocean_shortcode_after_header":"","ocean_has_shortcode":"","ocean_shortcode_after_title":"","ocean_shortcode_before_footer_widgets":"","ocean_shortcode_after_footer_widgets":"","ocean_shortcode_before_footer_bottom":"","ocean_shortcode_after_footer_bottom":"","ocean_display_top_bar":"default","ocean_display_header":"default","ocean_header_style":"","ocean_center_header_left_menu":"0","ocean_custom_header_template":"0","ocean_custom_logo":0,"ocean_custom_retina_logo":0,"ocean_custom_logo_max_width":0,"ocean_custom_logo_tablet_max_width":0,"ocean_custom_logo_mobile_max_width":0,"ocean_custom_logo_max_height":0,"ocean_custom_logo_tablet_max_height":0,"ocean_custom_logo_mobile_max_height":0,"ocean_header_custom_menu":"0","ocean_menu_typo_font_family":"0","ocean_menu_typo_font_subset":"","ocean_menu_typo_font_size":0,"ocean_menu_typo_font_size_tablet":0,"ocean_menu_typo_font_size_mobile":0,"ocean_menu_typo_font_size_unit":"px","ocean_menu_typo_font_weight":"","ocean_menu_typo_font_weight_tablet":"","ocean_menu_typo_font_weight_mobile":"","ocean_menu_typo_transform":"","ocean_menu_typo_transform_tablet":"","ocean_menu_typo_transform_mobile":"","ocean_menu_typo_line_height":0,"ocean_menu_typo_line_height_tablet":0,"ocean_menu_typo_line_height_mobile":0,"ocean_menu_typo_line_height_unit":"","ocean_menu_typo_spacing":0,"ocean_menu_typo_spacing_tablet":0,"ocean_menu_typo_spacing_mobile":0,"ocean_menu_typo_spacing_unit":"","ocean_menu_link_color":"","ocean_menu_link_color_hover":"","ocean_menu_link_color_active":"","ocean_menu_link_background":"","ocean_menu_link_hover_background":"","ocean_menu_link_active_background":"","ocean_menu_social_links_bg":"","ocean_menu_social_hover_links_bg":"","ocean_menu_social_links_color":"","ocean_menu_social_hover_links_color":"","ocean_disable_title":"default","ocean_disable_heading":"default","ocean_post_title":"","ocean_post_subheading":"","ocean_post_title_style":"","ocean_post_title_background_color":"","ocean_post_title_background":0,"ocean_post_title_bg_image_position":"","ocean_post_title_bg_image_attachment":"","ocean_post_title_bg_image_repeat":"","ocean_post_title_bg_image_size":"","ocean_post_title_height":0,"ocean_post_title_bg_overlay":0.5,"ocean_post_title_bg_overlay_color":"","ocean_disable_breadcrumbs":"default","ocean_breadcrumbs_color":"","ocean_breadcrumbs_separator_color":"","ocean_breadcrumbs_links_color":"","ocean_breadcrumbs_links_hover_color":"","ocean_display_footer_widgets":"default","ocean_display_footer_bottom":"default","ocean_custom_footer_template":"0"},"product_brand":[],"product_cat":[91,22,20],"product_tag":[],"class_list":{"0":"post-6140","1":"product","2":"type-product","3":"status-publish","4":"has-post-thumbnail","6":"product_cat-manufaktura-pasieki-sadowskich","7":"product_cat-suplementy-i-witaminy","8":"product_cat-dzieci","10":"entry","11":"has-media","13":"first","14":"instock","15":"shipping-taxable","16":"purchasable","17":"product-type-simple","18":"has-product-nav","19":"col","20":"span_1_of_3","21":"owp-content-left","22":"owp-thumbs-layout-horizontal","23":"owp-btn-normal","24":"owp-tabs-layout-horizontal","25":"has-no-thumbnails"},"_links":{"self":[{"href":"https:\/\/ecocorner.eu\/en\/wp-json\/wp\/v2\/product\/6140","targetHints":{"allow":["GET"]}}],"collection":[{"href":"https:\/\/ecocorner.eu\/en\/wp-json\/wp\/v2\/product"}],"about":[{"href":"https:\/\/ecocorner.eu\/en\/wp-json\/wp\/v2\/types\/product"}],"version-history":[{"count":1,"href":"https:\/\/ecocorner.eu\/en\/wp-json\/wp\/v2\/product\/6140\/revisions"}],"predecessor-version":[{"id":6142,"href":"https:\/\/ecocorner.eu\/en\/wp-json\/wp\/v2\/product\/6140\/revisions\/6142"}],"wp:featuredmedia":[{"embeddable":true,"href":"https:\/\/ecocorner.eu\/en\/wp-json\/wp\/v2\/media\/6141"}],"wp:attachment":[{"href":"https:\/\/ecocorner.eu\/en\/wp-json\/wp\/v2\/media?parent=6140"}],"wp:term":[{"taxonomy":"product_brand","embeddable":true,"href":"https:\/\/ecocorner.eu\/en\/wp-json\/wp\/v2\/product_brand?post=6140"},{"taxonomy":"product_cat","embeddable":true,"href":"https:\/\/ecocorner.eu\/en\/wp-json\/wp\/v2\/product_cat?post=6140"},{"taxonomy":"product_tag","embeddable":true,"href":"https:\/\/ecocorner.eu\/en\/wp-json\/wp\/v2\/product_tag?post=6140"}],"curies":[{"name":"wp","href":"https:\/\/api.w.org\/{rel}","templated":true}]}}