{"id":6172,"date":"2024-10-23T20:48:34","date_gmt":"2024-10-23T20:48:34","guid":{"rendered":"https:\/\/ecocorner.eu\/?post_type=product&#038;p=6172"},"modified":"2025-01-28T23:55:31","modified_gmt":"2025-01-28T23:55:31","slug":"felicea-naturalny-puder-ceramidowy-z-ochrona-blue-light-615-natural-beige-dla-osob-o-sredniej-karnacji","status":"publish","type":"product","link":"https:\/\/ecocorner.eu\/en\/product\/felicea-naturalny-puder-ceramidowy-z-ochrona-blue-light-615-natural-beige-dla-osob-o-sredniej-karnacji\/","title":{"rendered":"Felicea  Naturalny Puder Ceramidowy z ochron\u0105 Blue Light  615 Natural Beige  dla os\u00f3b o \u015bredniej karnacji"},"content":{"rendered":"<section class=\"mr_section mr_product__content mr_inner_side_spacing mr_background_lightgreen\">\n<div class=\"mr_cont mr_mx_auto content__wrapper grid\">\n<h2 class=\"section__title mr_font_family_tertiary mr_font_bigger mr_fontweight_regular\">Features<\/h2>\n<p class=\"section__content mr_font_medium mr_fontweight_regular\">Naturalny Puder to bogactwo naturalnych sk\u0142adnik\u00f3w aktywnych, kt\u00f3re piel\u0119gnuj\u0105 sk\u00f3r\u0119. Kosmetyk zawiera Ceralink+\u24c7, czyli unikalny kompleks \u0142\u0105cz\u0105cy moc trzech ceramid\u00f3w, m.in. kwas omega 6 pozyskiwany z kwiatu krokosza. Sk\u0142adnik dzi\u0119ki swojej unikalnej budowie dociera w g\u0142\u0105b sk\u00f3ry, gdzie przyczynia si\u0119 do poprawy jej kondycji.<\/p>\n<\/div>\n<\/section>\n<div class=\"mr_product__icons mr_inner_side_spacing\"><\/div>\n<section class=\"mr_section mr_product__content mr_inner_side_spacing mr_background_white\">\n<div class=\"mr_cont mr_mx_auto content__wrapper grid\">\n<div class=\"section__image mr_aspect_ratio\"><\/div>\n<h2 class=\"section__title mr_font_family_tertiary mr_font_bigger mr_fontweight_regular\">RADICARE\u24c7-GOLD<\/h2>\n<p class=\"section__content mr_font_medium mr_fontweight_regular\">Kolejnym innowacyjnym sk\u0142adnikiem wspieraj\u0105cym piel\u0119gnacyjne dzia\u0142anie Naturalnego Pudru jest RADICARE\u24c7-GOLD. Ten opatentowany kompleks, kt\u00f3ry chroni sk\u00f3r\u0119 przed szkodliwymi czynnikami zewn\u0119trznymi, powsta\u0142 na bazie alg. Swoje pozytywne dzia\u0142anie zawdzi\u0119cza m.in. beta-karotenowi i luteinie. Udowodniono, \u017ce RADICARE\u24c7-GOLD wzmacnia ochron\u0119 hydrolipidow\u0105 sk\u00f3ry oraz skutecznie chroni j\u0105 przed \u015bwiat\u0142em niebieskim. W efekcie kompleks wspiera cer\u0119 i mo\u017ce spowalnia\u0107 procesy starzenia.<\/p>\n<\/div>\n<\/section>\n<section class=\"mr_section mr_product__content mr_inner_side_spacing mr_background_lightgreen\">\n<div class=\"mr_cont mr_mx_auto content__wrapper grid\">\n<div class=\"section__image mr_aspect_ratio\"><\/div>\n<h2 class=\"section__title mr_font_family_tertiary mr_font_bigger mr_fontweight_regular\">#lesswaste<\/h2>\n<p class=\"section__content mr_font_medium mr_fontweight_regular\">Naturalny puder do twarzy Felicea zosta\u0142 zamkni\u0119ty w przyjaznej dla \u015brodowiska, a przy tym estetycznej papierowej palecie. Wszystkie u\u017cyte materia\u0142y mo\u017cna ponownie przetworzy\u0107.<br \/>\nKliknij tutaj i dowiedz si\u0119 wi\u0119cej o naszej deklaracji #lesswaste.<\/p>\n<\/div>\n<\/section>\n<section class=\"mr_section mr_product__content mr_inner_side_spacing mr_background_white\">\n<div class=\"mr_cont mr_mx_auto content__wrapper grid\">\n<div class=\"section__image mr_aspect_ratio\"><\/div>\n<h2 class=\"section__title mr_font_family_tertiary mr_font_bigger mr_fontweight_regular\">method of application<\/h2>\n<p class=\"section__content mr_font_medium mr_fontweight_regular\">Si\u0119gnij po du\u017cy p\u0119dzel z d\u0142ugim w\u0142osiem i rozprowad\u017a puder na ca\u0142ej twarzy. Zwr\u00f3\u0107 szczeg\u00f3ln\u0105 uwag\u0119 na tzw. stref\u0119 T (czo\u0142o, nos, broda). Nak\u0142adaj puder jako samodzielny kosmetyk lub u\u017cyj jako utrwalenie podk\u0142adu.<\/p>\n<p>Dla najlepszego efektu krycia zalecamy u\u017cycie Naturalnego Korektora i Naturalnego Podk\u0142adu kryj\u0105cego naszej marki.<\/p>\n<\/div>\n<\/section>\n<div class=\"mr_product__ingredients mr_inner_side_spacing\">\n<div class=\"mr_cont mr_mx_auto ingredients__wrapper\">\n<h2 class=\"section__title mr_font_family_tertiary mr_font_bigger mr_fontweight_regular\">Composition<\/h2>\n<p><a class=\"mr_font_medium mr_color_darkgray\" href=\"https:\/\/felicea.pl\/?p=46&amp;anchor=ingredients#letter_i\">INGREDIENTS:<\/a>, <a class=\"mr_font_medium mr_color_darkgray\" href=\"https:\/\/felicea.pl\/?p=46&amp;anchor=mica#letter_m\">Mica<\/a>, <a class=\"mr_font_medium mr_color_darkgray\" href=\"https:\/\/felicea.pl\/?p=46&amp;anchor=titanium-dioxide#letter_t\">Titanium Dioxide<\/a>, <a class=\"mr_font_medium mr_color_darkgray\" href=\"https:\/\/felicea.pl\/?p=46&amp;anchor=isocetyl-stearoyl-stearate-ecocert#letter_i\">Isocetyl Stearoyl Stearate *EcoCert<\/a>, <a class=\"mr_font_medium mr_color_darkgray\" href=\"https:\/\/felicea.pl\/?p=46&amp;anchor=magnesium-stearate#letter_m\">Magnesium Stearate<\/a>, <a class=\"mr_font_medium mr_color_darkgray\" href=\"https:\/\/felicea.pl\/?p=46&amp;anchor=glyceryl-caprylate-ecocert#letter_g\">Glyceryl Caprylate *EcoCert<\/a>, <a class=\"mr_font_medium mr_color_darkgray\" href=\"https:\/\/felicea.pl\/?p=46&amp;anchor=olej-abisynski#letter_o\">Crambe Abyssinica Seed Oil<\/a>, <a class=\"mr_font_medium mr_color_darkgray\" href=\"https:\/\/felicea.pl\/?p=46&amp;anchor=ceramid-np#letter_c\">Ceramide NP<\/a>, <a class=\"mr_font_medium mr_color_darkgray\" href=\"https:\/\/felicea.pl\/?p=46&amp;anchor=tocopherol#letter_t\">Tocopherol<\/a>, <a class=\"mr_font_medium mr_color_darkgray\" href=\"https:\/\/felicea.pl\/?p=46&amp;anchor=beta-karoten#letter_b\">Beta-Carotene<\/a>, <a class=\"mr_font_medium mr_color_darkgray\" href=\"https:\/\/felicea.pl\/?p=46&amp;anchor=helianthus-annuus-sunflower-seed-oil#letter_h\">Helianthus Annuus (Sunflower) Seed Oil<\/a>, <a class=\"mr_font_medium mr_color_darkgray\" href=\"https:\/\/felicea.pl\/?p=46&amp;anchor=ekstrakt-z-lisci-rozmarynu-lekarskiego#letter_e\">Rosmarinus Officinalis Leaf Extract<\/a>, <a class=\"mr_font_medium mr_color_darkgray\" href=\"https:\/\/felicea.pl\/?p=46&amp;anchor=safflower-oil-palm-oil-aminopropanediol-esters#letter_s\">Safflower Oil\/ Palm Oil Aminopropanediol Esters<\/a>, <a class=\"mr_font_medium mr_color_darkgray\" href=\"https:\/\/felicea.pl\/?p=46&amp;anchor=glyceryl-undecylenate-ecocert#letter_g\">Glyceryl Undecylenate *EcoCert<\/a>, <a class=\"mr_font_medium mr_color_darkgray\" href=\"https:\/\/felicea.pl\/?p=46&amp;anchor=xanthophyll#letter_x\">Xanthophylls<\/a>, <a class=\"mr_font_medium mr_color_darkgray\" href=\"https:\/\/felicea.pl\/?p=46&amp;anchor=ci-77499#letter_c\">Di 77499<\/a>, <a class=\"mr_font_medium mr_color_darkgray\" href=\"https:\/\/felicea.pl\/?p=46&amp;anchor=ci-77492#letter_c\">Di 77492<\/a>, <a class=\"mr_font_medium mr_color_darkgray\" href=\"https:\/\/felicea.pl\/?p=46&amp;anchor=ci-77491#letter_c\">Di 77491<\/a>, <a class=\"mr_font_medium mr_color_darkgray\" href=\"https:\/\/felicea.pl\/?p=46&amp;anchor=ci-15850#letter_c\">Di 15850<\/a><\/div>\n<\/div>","protected":false},"excerpt":{"rendered":"<p>Naturalny Puder skutecznie \u0142\u0105czy makija\u017c z codzienn\u0105 piel\u0119gnacj\u0105. Jego \u0142atwa w aplikacji formu\u0142a nawil\u017ca i od\u017cywia sk\u00f3r\u0119, wyr\u00f3wnuj\u0105c koloryt cery i natychmiast poprawiaj\u0105c jej wygl\u0105d. Puder zmniejsza widoczno\u015b\u0107 zmarszczek, przebarwie\u0144 i niedoskona\u0142o\u015bci. Unikalna receptura wzbogacona o kompleks ceramidowy wzmacnia i wyg\u0142adza sk\u00f3r\u0119, a innowacyjna bariera anti-blue light chroni cer\u0119 przed szkodliwym promieniowaniem i dzia\u0142a przeciwstarzeniowo.<\/p>","protected":false},"featured_media":6173,"template":"","meta":{"ocean_post_layout":"","ocean_both_sidebars_style":"","ocean_both_sidebars_content_width":0,"ocean_both_sidebars_sidebars_width":0,"ocean_sidebar":"0","ocean_second_sidebar":"0","ocean_disable_margins":"enable","ocean_add_body_class":"","ocean_shortcode_before_top_bar":"","ocean_shortcode_after_top_bar":"","ocean_shortcode_before_header":"","ocean_shortcode_after_header":"","ocean_has_shortcode":"","ocean_shortcode_after_title":"","ocean_shortcode_before_footer_widgets":"","ocean_shortcode_after_footer_widgets":"","ocean_shortcode_before_footer_bottom":"","ocean_shortcode_after_footer_bottom":"","ocean_display_top_bar":"default","ocean_display_header":"default","ocean_header_style":"","ocean_center_header_left_menu":"0","ocean_custom_header_template":"0","ocean_custom_logo":0,"ocean_custom_retina_logo":0,"ocean_custom_logo_max_width":0,"ocean_custom_logo_tablet_max_width":0,"ocean_custom_logo_mobile_max_width":0,"ocean_custom_logo_max_height":0,"ocean_custom_logo_tablet_max_height":0,"ocean_custom_logo_mobile_max_height":0,"ocean_header_custom_menu":"0","ocean_menu_typo_font_family":"0","ocean_menu_typo_font_subset":"","ocean_menu_typo_font_size":0,"ocean_menu_typo_font_size_tablet":0,"ocean_menu_typo_font_size_mobile":0,"ocean_menu_typo_font_size_unit":"px","ocean_menu_typo_font_weight":"","ocean_menu_typo_font_weight_tablet":"","ocean_menu_typo_font_weight_mobile":"","ocean_menu_typo_transform":"","ocean_menu_typo_transform_tablet":"","ocean_menu_typo_transform_mobile":"","ocean_menu_typo_line_height":0,"ocean_menu_typo_line_height_tablet":0,"ocean_menu_typo_line_height_mobile":0,"ocean_menu_typo_line_height_unit":"","ocean_menu_typo_spacing":0,"ocean_menu_typo_spacing_tablet":0,"ocean_menu_typo_spacing_mobile":0,"ocean_menu_typo_spacing_unit":"","ocean_menu_link_color":"","ocean_menu_link_color_hover":"","ocean_menu_link_color_active":"","ocean_menu_link_background":"","ocean_menu_link_hover_background":"","ocean_menu_link_active_background":"","ocean_menu_social_links_bg":"","ocean_menu_social_hover_links_bg":"","ocean_menu_social_links_color":"","ocean_menu_social_hover_links_color":"","ocean_disable_title":"default","ocean_disable_heading":"default","ocean_post_title":"","ocean_post_subheading":"","ocean_post_title_style":"","ocean_post_title_background_color":"","ocean_post_title_background":0,"ocean_post_title_bg_image_position":"","ocean_post_title_bg_image_attachment":"","ocean_post_title_bg_image_repeat":"","ocean_post_title_bg_image_size":"","ocean_post_title_height":0,"ocean_post_title_bg_overlay":0.5,"ocean_post_title_bg_overlay_color":"","ocean_disable_breadcrumbs":"default","ocean_breadcrumbs_color":"","ocean_breadcrumbs_separator_color":"","ocean_breadcrumbs_links_color":"","ocean_breadcrumbs_links_hover_color":"","ocean_display_footer_widgets":"default","ocean_display_footer_bottom":"default","ocean_custom_footer_template":"0"},"product_brand":[],"product_cat":[35],"product_tag":[],"class_list":{"0":"post-6172","1":"product","2":"type-product","3":"status-publish","4":"has-post-thumbnail","6":"product_cat-felicea-kosmetyki-kolorowe","8":"entry","9":"has-media","11":"first","12":"instock","13":"shipping-taxable","14":"purchasable","15":"product-type-simple","16":"has-product-nav","17":"col","18":"span_1_of_3","19":"owp-content-left","20":"owp-thumbs-layout-horizontal","21":"owp-btn-normal","22":"owp-tabs-layout-horizontal"},"_links":{"self":[{"href":"https:\/\/ecocorner.eu\/en\/wp-json\/wp\/v2\/product\/6172","targetHints":{"allow":["GET"]}}],"collection":[{"href":"https:\/\/ecocorner.eu\/en\/wp-json\/wp\/v2\/product"}],"about":[{"href":"https:\/\/ecocorner.eu\/en\/wp-json\/wp\/v2\/types\/product"}],"version-history":[{"count":1,"href":"https:\/\/ecocorner.eu\/en\/wp-json\/wp\/v2\/product\/6172\/revisions"}],"predecessor-version":[{"id":6175,"href":"https:\/\/ecocorner.eu\/en\/wp-json\/wp\/v2\/product\/6172\/revisions\/6175"}],"wp:featuredmedia":[{"embeddable":true,"href":"https:\/\/ecocorner.eu\/en\/wp-json\/wp\/v2\/media\/6173"}],"wp:attachment":[{"href":"https:\/\/ecocorner.eu\/en\/wp-json\/wp\/v2\/media?parent=6172"}],"wp:term":[{"taxonomy":"product_brand","embeddable":true,"href":"https:\/\/ecocorner.eu\/en\/wp-json\/wp\/v2\/product_brand?post=6172"},{"taxonomy":"product_cat","embeddable":true,"href":"https:\/\/ecocorner.eu\/en\/wp-json\/wp\/v2\/product_cat?post=6172"},{"taxonomy":"product_tag","embeddable":true,"href":"https:\/\/ecocorner.eu\/en\/wp-json\/wp\/v2\/product_tag?post=6172"}],"curies":[{"name":"wp","href":"https:\/\/api.w.org\/{rel}","templated":true}]}}