{"id":6199,"date":"2024-10-23T21:16:47","date_gmt":"2024-10-23T21:16:47","guid":{"rendered":"https:\/\/ecocorner.eu\/?post_type=product&#038;p=6199"},"modified":"2025-01-09T14:48:34","modified_gmt":"2025-01-09T14:48:34","slug":"intractum-hyperici-wyciag-z-dziurawca-plyn-doustny-100-ml","status":"publish","type":"product","link":"https:\/\/ecocorner.eu\/en\/product\/intractum-hyperici-wyciag-z-dziurawca-plyn-doustny-100-ml\/","title":{"rendered":"Intractum Hyperici    Wyci\u0105g z dziurawca p\u0142yn doustny  100 ml"},"content":{"rendered":"<div class=\"mgn2_14 mp0t_0a mqu1_21 mli8_k4 mgmw_wo msts_pt _0d3bd_K6Qpj\" data-reactroot=\"\">\n<div class=\"\">\n<div class=\"mpof_ki myre_zn myre_8v_l m389_6m_l\">\n<div class=\"mp4t_16_s mryx_16_s mr3m_1 mli2_1 mh85_56 mh85_0_l\">\n<div class=\"mgn2_16 _0d3bd_am0a-\">\n<p><b>Expensive<\/b>! Przed u\u017cyciem zapoznaj si\u0119 z ulotk\u0105, kt\u00f3ra zawiera wskazania, przeciwwskazania, dane dotycz\u0105ce dzia\u0142a\u0144 niepo\u017c\u0105danych i dawkowanie oraz informacje dotycz\u0105ce stosowania produktu leczniczego, b\u0105d\u017a skonsultuj si\u0119 z lekarzem lub farmaceut\u0105, gdy\u017c ka\u017cdy lek niew\u0142a\u015bciwie stosowany zagra\u017ca Twojemu \u017cyciu lub zdrowiu.<\/p>\n<p>Ulotka do\u0142\u0105czona do opakowania: informacja dla pacjenta<\/p>\n<p><b>Intractum Hyperici Phytopharm, 4,65 g\/5 ml, p\u0142yn doustny<\/b><\/p>\n<p>Hyperici herbae recentis intractum<\/p>\n<p>Nale\u017cy uwa\u017cnie zapozna\u0107 si\u0119 z tre\u015bci\u0105 ulotki przed zastosowaniem leku, poniewa\u017c zawiera<\/p>\n<p>ona informacje wa\u017cne dla pacjenta.<\/p>\n<p>Lek ten nale\u017cy zawsze stosowa\u0107 dok\u0142adnie tak, jak to opisano w tej ulotce dla pacjenta, lub<\/p>\n<p>wed\u0142ug zalece\u0144 lekarza, farmaceuty lub piel\u0119gniarki.<\/p>\n<p>&#8211; Nale\u017cy zachowa\u0107 t\u0119 ulotk\u0119, aby w razie potrzeby m\u00f3c j\u0105 ponownie przeczyta\u0107.<\/p>\n<p>&#8211; Je\u015bli potrzebna jest rada lub dodatkowa informacja, nale\u017cy zwr\u00f3ci\u0107 si\u0119 do farmaceuty.<\/p>\n<p>&#8211; Je\u015bli u pacjenta wyst\u0105pi\u0105 jakiekolwiek objawy niepo\u017c\u0105dane, w tym wszelkie objawy<\/p>\n<p>niepo\u017c\u0105dane niewymienione w tej ulotce, nale\u017cy powiedzie\u0107 o tym lekarzowi, farmaceucie<\/p>\n<p>lub piel\u0119gniarce. Patrz punkt 4.<\/p>\n<p>&#8211; Je\u015bli po up\u0142ywie 14 dni nie nast\u0105pi\u0142a poprawa lub pacjent czuje si\u0119 gorzej, nale\u017cy<\/p>\n<p>skontaktowa\u0107 si\u0119 z lekarzem.<\/p>\n<p><b>Spis tre\u015bci ulotki<\/b><\/p>\n<p><b>1. Co to jest lek Intractum Hyperici Phytopharm i w jakim celu si\u0119 go stosuje<\/b><\/p>\n<p><b>2. Informacje wa\u017cne przed zastosowaniem leku Intractum Hyperici Phytopharm<\/b><\/p>\n<p><b>3. Jak stosowa\u0107 lek Intractum Hyperici Phytopharm<\/b><\/p>\n<p><b>4. Mo\u017cliwe dzia\u0142ania niepo\u017c\u0105dane<\/b><\/p>\n<p><b>5. Jak przechowywa\u0107 lek Intractum Hyperici Phytopharm<\/b><\/p>\n<p><b>6. Zawarto\u015b\u0107 opakowania i inne informacje<\/b><\/p>\n<p>&nbsp;<\/p>\n<p><b>1. Co to jest lek Intractum Hyperici Phytopharm i w jakim celu si\u0119 go stosuje<\/b><\/p>\n<p>Lek ten jest tradycyjnym produktem leczniczym ro\u015blinnym przeznaczonym do stosowania w<\/p>\n<p>okre\u015blonych wskazaniach wynikaj\u0105cych wy\u0142\u0105cznie z jego d\u0142ugotrwa\u0142ego stosowania.<\/p>\n<p>Wskazania do stosowania<\/p>\n<p>Tradycyjny lek ro\u015blinny stosowany w celu \u0142agodzenia przej\u015bciowych stan\u00f3w wyczerpania<\/p>\n<p>nerwowego.<\/p>\n<p><b>2. Informacje wa\u017cne przed zastosowaniem leku Intractum Hyperici Phytopharm<\/b><\/p>\n<p>Kiedy nie stosowa\u0107 leku Intractum Hyperici Phytopharm<\/p>\n<p>&#8211; je\u015bli pacjent ma uczulenie na ziele dziurawca lub kt\u00f3rykolwiek z pozosta\u0142ych sk\u0142adnik\u00f3w tego<\/p>\n<p>leku,<\/p>\n<p>&#8211; w przypadku nadwra\u017cliwo\u015bci na promieniowanie s\u0142oneczne, zw\u0142aszcza u os\u00f3b o jasnej<\/p>\n<p>karnacji sk\u00f3ry,<\/p>\n<p>&#8211; podczas terapii lekami przeciwwirusowymi w przypadku zaka\u017ce\u0144 wirusem HIV,<\/p>\n<p>&#8211; po przebytej transplantacji organ\u00f3w.<\/p>\n<p>Ostrze\u017cenia i \u015brodki ostro\u017cno\u015bci<\/p>\n<p>Przed rozpocz\u0119ciem stosowania leku Intractum Hyperici Phytopharm nale\u017cy om\u00f3wi\u0107 to<\/p>\n<p>z lekarzem, farmaceut\u0105 lub piel\u0119gniark\u0105.<\/p>\n<p>Lek zawiera 52-62% (V\/V) etanolu.<\/p>\n<p>Ten lek zawiera 2,6 g alkoholu (etanolu) w dawce 5 ml. Ilo\u015b\u0107 alkoholu w 5 ml tego leku jest<\/p>\n<p>r\u00f3wnowa\u017cna 65 ml piwa lub 26 ml wina.<\/p>\n<p>Ilo\u015b\u0107 alkoholu w tym leku prawdopodobnie nie b\u0119dzie mia\u0142a wp\u0142ywu na doros\u0142ych.<\/p>\n<p>Je\u015bli pacjent jest uzale\u017cniony od alkoholu, powinien poradzi\u0107 si\u0119 lekarza lub farmaceuty przed<\/p>\n<p>zastosowaniem tego leku.<\/p>\n<p>Podczas przyjmowania leku nale\u017cy unika\u0107 ekspozycji na s\u0142o\u0144ce.<\/p>\n<p>Je\u017celi objawy nie ustapi\u0105 po 14 dniach nale\u017cy skontaktowa\u0107 si\u0119 z lekarzem.<\/p>\n<p>Dzieci i m\u0142odzie\u017c<\/p>\n<p>Leku nie nale\u017cy stosowa\u0107 u dzieci i m\u0142odzie\u017cy w wieku poni\u017cej 18 lat.<\/p>\n<p>Lek Intractum Hyperici Phytopharm a inne leki<\/p>\n<p>Nale\u017cy powiedzie\u0107 lekarzowi lub farmaceucie o wszystkich lekach stosowanych przez pacjenta<\/p>\n<p>obecnie lub ostatnio, a tak\u017ce o lekach, kt\u00f3re pacjent planuje stosowa\u0107.<\/p>\n<p>Substancje zawarte w wyci\u0105gu z dziurawca (hiperycyna, hiperforyna) mog\u0105 powodowa\u0107<\/p>\n<p>indukcj\u0119 enzym\u00f3w metabolizuj\u0105cych leki (podjednostki cytochromu P450: 1A2, 3A4 i 2C9),<\/p>\n<p>co mo\u017ce prowadzi\u0107 do obni\u017cenia st\u0119\u017cenia w osoczu lub os\u0142abienia dzia\u0142ania innych lek\u00f3w,<\/p>\n<p>stosowanych r\u00f3wnocze\u015bnie z wyci\u0105gami z dziurawca. Dzia\u0142ania takie obserwowano po<\/p>\n<p>stosowaniu preparat\u00f3w dziurawca \u0142\u0105cznie z warfaryn\u0105, cyklosporyn\u0105, teofilin\u0105, digoksyn\u0105.<\/p>\n<p>Podczas leczenia skojarzonego zaka\u017ce\u0144 wirusem HIV lekami przeciwwirusowymi, wyci\u0105gi<\/p>\n<p>z dziurawca powoduj\u0105 obni\u017cenie st\u0119\u017cenia inhibitor\u00f3w proteaz (np. indynawiru) w osoczu.<\/p>\n<p>Nie zaleca si\u0119 stosowania dziurawca \u0142\u0105cznie z lekami przeciwdepresyjnymi, kt\u00f3re hamuj\u0105<\/p>\n<p>wychwyt zwrotny serotoniny, bez konsultacji z lekarzem.<\/p>\n<p>Alkohol w tym leku mo\u017ce zmienia\u0107 dzia\u0142anie innych lek\u00f3w.<\/p>\n<p>Pacjenci przyjmuj\u0105cy leki wydawane na recept\u0119 powinni si\u0119 skonsultowa\u0107 z lekarzem lub<\/p>\n<p>farmaceut\u0105 przed zastosowaniem ziela dziurawca.<\/p>\n<p>Lek Intractum Hyperici Phytopharm z jedzeniem, piciem i alkoholem<\/p>\n<p>Brak danych. Nale\u017cy pami\u0119ta\u0107, \u017ce produkt leczniczy Intractum Hyperici Phytopharm zawiera<\/p>\n<p>52-62 % V\/V alkoholu.<\/p>\n<p>Ci\u0105\u017ca, karmienie piersi\u0105 i wp\u0142yw na p\u0142odno\u015b\u0107<\/p>\n<p>Nie stosowa\u0107 w okresie ci\u0105\u017cy i karmienia piersi\u0105. Nie ustalono wp\u0142ywu leku na p\u0142odno\u015b\u0107.<\/p>\n<p>Prowadzenie pojazd\u00f3w i obs\u0142ugiwanie maszyn<\/p>\n<p>Lek Intractum Hyperici Phytopharm zawiera etanol.<\/p>\n<p>Bezpo\u015brednio po zastosowaniu leku, etanol mo\u017ce by\u0107 wykrywany przez przyrz\u0105dy do pomiaru<\/p>\n<p>alkoholu w wydychanym powietrzu. Nie nale\u017cy prowadzi\u0107 pojazd\u00f3w mechanicznych<\/p>\n<p>bezpo\u015brednio po zastosowaniu tego leku. Nale\u017cy zachowa\u0107 co najmniej p\u00f3\u0142godzinn\u0105 przerw\u0119.<\/p>\n<p><b>3. Jak stosowa\u0107 lek Intractum Hyperici Phytopharm<\/b><\/p>\n<p>Ten lek nale\u017cy zawsze stosowa\u0107 dok\u0142adnie tak, jak to opisano w tej ulotce dla pacjenta, lub<\/p>\n<p>wed\u0142ug zalece\u0144 lekarza, farmaceuty lub piel\u0119gniarki. W razie w\u0105tpliwo\u015bci nale\u017cy zwr\u00f3ci\u0107 si\u0119<\/p>\n<p>do lekarza, farmaceuty lub piel\u0119gniarki.<\/p>\n<p>Adults:<\/p>\n<p>O ile lekarz nie zaleci inaczej, przyjmowa\u0107 doustnie 4 razy na dob\u0119 po 5 ml leku rozcie\u0144czonego<\/p>\n<p>w niewielkiej ilo\u015bci p\u0142ynu, najlepiej wody.<\/p>\n<p>Je\u017celi objawy nie ustapi\u0105 po 14 dniach, nale\u017cy skontaktowa\u0107 si\u0119 z lekarzem.<\/p>\n<p>Stosowanie u dzieci i m\u0142odzie\u017cy w wieku poni\u017cej 18 lat:<\/p>\n<p>Nie nale\u017cy stosowa\u0107.<\/p>\n<p>Zastosowanie wi\u0119kszej ni\u017c zalecana dawki leku Intractum Hyperici Phytopharm<\/p>\n<p>Nie zanotowano przypadk\u00f3w przedawkowania lek\u00f3w zawieraj\u0105cych wyci\u0105g ze \u015bwie\u017cego ziela<\/p>\n<p>dziurawca.<\/p>\n<p>Pomini\u0119cie zastosowania leku Intractum Hyperici Phytopharm<\/p>\n<p>W przypadku pomini\u0119cia dawki leku Intractum Hyperici Phytopharm nie nale\u017cy stosowa\u0107<\/p>\n<p>dawki podw\u00f3jnej w celu uzupe\u0142nienia pomini\u0119tej dawki.<\/p>\n<p><b>4. Mo\u017cliwe dzia\u0142ania niepo\u017c\u0105dane<\/b><\/p>\n<p>Jak ka\u017cdy lek, lek ten mo\u017ce powodowa\u0107 dzia\u0142ania niepo\u017c\u0105dane, chocia\u017c nie u ka\u017cdego one<\/p>\n<p>wyst\u0105pi\u0105.<\/p>\n<p>Mog\u0105 pojawi\u0107 si\u0119 zaburzenia \u017co\u0142\u0105dkowo-jelitowe, sk\u00f3rne reakcje alergiczne, zm\u0119czenie i<\/p>\n<p>niepok\u00f3j. Cz\u0119stotliwo\u015b\u0107 ich wyst\u0119powania nie jest znana.<\/p>\n<p>U os\u00f3b o jasnej karnacji podczas stosowania leku mog\u0105 wyst\u0105pi\u0107 reakcje fototoksyczne<\/p>\n<p>(oparzenia sk\u00f3ry, b\u00f3le g\u0142owy).<\/p>\n<p>Zg\u0142aszanie dzia\u0142a\u0144 niepo\u017c\u0105danych<\/p>\n<p>Je\u015bli wyst\u0105pi\u0105 jakiekolwiek objawy niepo\u017c\u0105dane, w tym wszelkie objawy niepo\u017c\u0105dane<\/p>\n<p>niewymienione w tej ulotce, nale\u017cy powiedzie\u0107 o tym lekarzowi, farmaceucie lub piel\u0119gniarce.<\/p>\n<p>Dzia\u0142ania niepo\u017c\u0105dane mo\u017cna zg\u0142asza\u0107 bezpo\u015brednio do Departamentu Monitorowania<\/p>\n<p>Niepo\u017c\u0105danych Dzia\u0142a\u0144 Produkt\u00f3w Leczniczych Urz\u0119du Rejestracji Produkt\u00f3w Leczniczych,<\/p>\n<p>Wyrob\u00f3w Medycznych i Produkt\u00f3w Biob\u00f3jczych<\/p>\n<p>Dzia\u0142ania niepo\u017c\u0105dane mo\u017cna zg\u0142asza\u0107 r\u00f3wnie\u017c podmiotowi odpowiedzialnemu.<\/p>\n<p>Dzi\u0119ki zg\u0142aszaniu dzia\u0142a\u0144 niepo\u017c\u0105danych mo\u017cna b\u0119dzie zgromadzi\u0107 wi\u0119cej informacji na temat<\/p>\n<p>bezpiecze\u0144stwa stosowania leku.<\/p>\n<p><b>5. Jak przechowywa\u0107 lek Intractum Hyperici Phytopharm<\/b><\/p>\n<p>Lek nale\u017cy przechowywa\u0107 w miejscu niewidocznym i niedost\u0119pnym dla dzieci.<\/p>\n<p>Przechowywa\u0107 w temperaturze poni\u017cej 25\u00baC.<\/p>\n<p>Produkt naturalny &#8211; podczas przechowywania mo\u017ce tworzy\u0107 si\u0119 osad.<\/p>\n<p>Nie stosowa\u0107 tego leku po up\u0142ywie terminu wa\u017cno\u015bci zamieszczonego na opakowaniu. Termin<\/p>\n<p>wa\u017cno\u015bci oznacza ostatni dzie\u0144 podanego miesi\u0105ca.<\/p>\n<p>Lek\u00f3w nie nale\u017cy wyrzuca\u0107 do kanalizacji ani domowych pojemnik\u00f3w na odpadki. Nale\u017cy<\/p>\n<p>zapyta\u0107 farmaceut\u0119, jak usun\u0105\u0107 leki, kt\u00f3rych si\u0119 ju\u017c nie u\u017cywa. Takie post\u0119powanie pomo\u017ce<\/p>\n<p>chroni\u0107 \u015brodowisko.<\/p>\n<p><b>6. Zawarto\u015b\u0107 opakowania i inne informacje<\/b><\/p>\n<p>Co zawiera lek Intractum Hyperici Phytopharm<\/p>\n<p>&#8211; Substancj\u0105 czynn\u0105 leku jest etanolowy wyci\u0105g z Hypericum perforatum L., herba (\u015bwie\u017ce<\/p>\n<p>ziele dziurawca) &#8211; Hyperici herbae recentis intractum (1:1). Rozpuszczalnik ekstrakcyjny:<\/p>\n<p>etanol 96% (V\/V).<\/p>\n<p>Zawarto\u015b\u0107 sumy hiperycyn w dawce jednorazowej (5 ml) wynosi 0,05 mg.<\/p>\n<p>Zawarto\u015b\u0107 etanolu w leku wynosi 52 &#8211; 62% (V\/V).<\/p>\n<p>Jak wygl\u0105da lek Intractum Hyperici Phytopharm i co zawiera opakowanie<\/p>\n<p>Lek Intractum Hyperici Phytopharm jest p\u0142ynem barwy czerwonobrunatnej.<\/p>\n<p>Opakowaniem bezpo\u015brednim produktu jest butelka 100 ml z barwnego szk\u0142a z zakr\u0119tk\u0105<\/p>\n<p>z polietylenu z ogranicznikiem wyp\u0142ywu. Butelka wraz z miark\u0105 z polipropylenu 20 ml<\/p>\n<p>umieszczona jest w tekturowym pude\u0142ku.<\/p>\n<\/div>\n<\/div>\n<\/div>\n<div class=\"mpof_ki myre_zn myre_8v_l m389_6m_l\">\n<div class=\"mp4t_16_s mryx_16_s mr3m_1 mli2_1 mh85_56 mh85_0_l\">\n<div class=\"mgn2_16 _0d3bd_am0a-\">\n<p><b> Wa\u017cne informacje dotycz\u0105ce leku <\/b><\/p>\n<p>To jest lek.Dla bezpiecze\u0144stwa stosuj go zgodnie z ulotk\u0105 do\u0142\u0105czon\u0105 do opakowania. Nie przekraczaj maksymalnej dawki leku. W przypadku w\u0105tpliwo\u015bci skonsultuj si\u0119 z lekarzem lub farmaceut\u0105.<\/p>\n<\/div>\n<\/div>\n<\/div>\n<\/div>\n<\/div>","protected":false},"excerpt":{"rendered":"<p><b>1. Co to jest lek Intractum Hyperici Phytopharm i w jakim celu si\u0119 go stosuje<\/b><\/p>\n<p>Lek ten jest tradycyjnym produktem leczniczym ro\u015blinnym przeznaczonym do stosowania wokre\u015blonych wskazaniach wynikaj\u0105cych wy\u0142\u0105cznie z jego d\u0142ugotrwa\u0142ego stosowania.<\/p>\n<p>Wskazania do stosowania<\/p>\n<p>Tradycyjny lek ro\u015blinny stosowany w celu \u0142agodzenia przej\u015bciowych stan\u00f3w wyczerpania<\/p>\n<p>nerwowego.<\/p>","protected":false},"featured_media":6200,"template":"","meta":{"ocean_post_layout":"","ocean_both_sidebars_style":"","ocean_both_sidebars_content_width":0,"ocean_both_sidebars_sidebars_width":0,"ocean_sidebar":"0","ocean_second_sidebar":"0","ocean_disable_margins":"enable","ocean_add_body_class":"","ocean_shortcode_before_top_bar":"","ocean_shortcode_after_top_bar":"","ocean_shortcode_before_header":"","ocean_shortcode_after_header":"","ocean_has_shortcode":"","ocean_shortcode_after_title":"","ocean_shortcode_before_footer_widgets":"","ocean_shortcode_after_footer_widgets":"","ocean_shortcode_before_footer_bottom":"","ocean_shortcode_after_footer_bottom":"","ocean_display_top_bar":"default","ocean_display_header":"default","ocean_header_style":"","ocean_center_header_left_menu":"0","ocean_custom_header_template":"0","ocean_custom_logo":0,"ocean_custom_retina_logo":0,"ocean_custom_logo_max_width":0,"ocean_custom_logo_tablet_max_width":0,"ocean_custom_logo_mobile_max_width":0,"ocean_custom_logo_max_height":0,"ocean_custom_logo_tablet_max_height":0,"ocean_custom_logo_mobile_max_height":0,"ocean_header_custom_menu":"0","ocean_menu_typo_font_family":"0","ocean_menu_typo_font_subset":"","ocean_menu_typo_font_size":0,"ocean_menu_typo_font_size_tablet":0,"ocean_menu_typo_font_size_mobile":0,"ocean_menu_typo_font_size_unit":"px","ocean_menu_typo_font_weight":"","ocean_menu_typo_font_weight_tablet":"","ocean_menu_typo_font_weight_mobile":"","ocean_menu_typo_transform":"","ocean_menu_typo_transform_tablet":"","ocean_menu_typo_transform_mobile":"","ocean_menu_typo_line_height":0,"ocean_menu_typo_line_height_tablet":0,"ocean_menu_typo_line_height_mobile":0,"ocean_menu_typo_line_height_unit":"","ocean_menu_typo_spacing":0,"ocean_menu_typo_spacing_tablet":0,"ocean_menu_typo_spacing_mobile":0,"ocean_menu_typo_spacing_unit":"","ocean_menu_link_color":"","ocean_menu_link_color_hover":"","ocean_menu_link_color_active":"","ocean_menu_link_background":"","ocean_menu_link_hover_background":"","ocean_menu_link_active_background":"","ocean_menu_social_links_bg":"","ocean_menu_social_hover_links_bg":"","ocean_menu_social_links_color":"","ocean_menu_social_hover_links_color":"","ocean_disable_title":"default","ocean_disable_heading":"default","ocean_post_title":"","ocean_post_subheading":"","ocean_post_title_style":"","ocean_post_title_background_color":"","ocean_post_title_background":0,"ocean_post_title_bg_image_position":"","ocean_post_title_bg_image_attachment":"","ocean_post_title_bg_image_repeat":"","ocean_post_title_bg_image_size":"","ocean_post_title_height":0,"ocean_post_title_bg_overlay":0.5,"ocean_post_title_bg_overlay_color":"","ocean_disable_breadcrumbs":"default","ocean_breadcrumbs_color":"","ocean_breadcrumbs_separator_color":"","ocean_breadcrumbs_links_color":"","ocean_breadcrumbs_links_hover_color":"","ocean_display_footer_widgets":"default","ocean_display_footer_bottom":"default","ocean_custom_footer_template":"0"},"product_brand":[],"product_cat":[22],"product_tag":[],"class_list":{"0":"post-6199","1":"product","2":"type-product","3":"status-publish","4":"has-post-thumbnail","6":"product_cat-suplementy-i-witaminy","8":"entry","9":"has-media","11":"first","12":"instock","13":"shipping-taxable","14":"purchasable","15":"product-type-simple","16":"has-product-nav","17":"col","18":"span_1_of_3","19":"owp-content-left","20":"owp-thumbs-layout-horizontal","21":"owp-btn-normal","22":"owp-tabs-layout-horizontal","23":"has-no-thumbnails"},"_links":{"self":[{"href":"https:\/\/ecocorner.eu\/en\/wp-json\/wp\/v2\/product\/6199","targetHints":{"allow":["GET"]}}],"collection":[{"href":"https:\/\/ecocorner.eu\/en\/wp-json\/wp\/v2\/product"}],"about":[{"href":"https:\/\/ecocorner.eu\/en\/wp-json\/wp\/v2\/types\/product"}],"version-history":[{"count":1,"href":"https:\/\/ecocorner.eu\/en\/wp-json\/wp\/v2\/product\/6199\/revisions"}],"predecessor-version":[{"id":6201,"href":"https:\/\/ecocorner.eu\/en\/wp-json\/wp\/v2\/product\/6199\/revisions\/6201"}],"wp:featuredmedia":[{"embeddable":true,"href":"https:\/\/ecocorner.eu\/en\/wp-json\/wp\/v2\/media\/6200"}],"wp:attachment":[{"href":"https:\/\/ecocorner.eu\/en\/wp-json\/wp\/v2\/media?parent=6199"}],"wp:term":[{"taxonomy":"product_brand","embeddable":true,"href":"https:\/\/ecocorner.eu\/en\/wp-json\/wp\/v2\/product_brand?post=6199"},{"taxonomy":"product_cat","embeddable":true,"href":"https:\/\/ecocorner.eu\/en\/wp-json\/wp\/v2\/product_cat?post=6199"},{"taxonomy":"product_tag","embeddable":true,"href":"https:\/\/ecocorner.eu\/en\/wp-json\/wp\/v2\/product_tag?post=6199"}],"curies":[{"name":"wp","href":"https:\/\/api.w.org\/{rel}","templated":true}]}}