{"id":6205,"date":"2024-10-23T21:24:19","date_gmt":"2024-10-23T21:24:19","guid":{"rendered":"https:\/\/ecocorner.eu\/?post_type=product&#038;p=6205"},"modified":"2025-01-09T14:46:34","modified_gmt":"2025-01-09T14:46:34","slug":"smilk-lizak-truskawkowy-z-colostrum-na-wzmocnienie-odpornosci-1-szt","status":"publish","type":"product","link":"https:\/\/ecocorner.eu\/en\/product\/smilk-lizak-truskawkowy-z-colostrum-na-wzmocnienie-odpornosci-1-szt\/","title":{"rendered":"Smilk   Lizak Truskawkowy z colostrum  na wzmocnienie odporno\u015bci  1 szt."},"content":{"rendered":"<div class=\"mpof_ki myre_zn myre_8v_l m389_6m_l\">\n<div class=\"mp4t_16_s mryx_16_s mr3m_1 mli2_1 mh85_56 mh85_0_l\">\n<div class=\"mgn2_16 _0d3bd_am0a-\">\n<h1>Lizak pudrowy z Colostrum- Truskawkowy 1 szt<\/h1>\n<p><b>Ingredients:<\/b><b> substancje s\u0142odz\u0105ce: erytrytol, glikozydy stewiolowe. Colostrum (1g), Substancje wype\u0142niaj\u0105ce: izomalt. . Naturalny aromat waniliowy. Guma arabska. Witamina C (kwas L-askorbinowy). Zawarto\u015b\u0107 witaminy C w jednym Lizaku 12 mg. 15% RWS. Substancja przeciwzbrylaj\u0105ce: sole magnezowe kwas\u00f3w t\u0142uszczowych.<\/b><\/p>\n<ul>\n<li><b>Dawkowanie: Dzieci powy\u017cej 3 roku \u017cycia i doro\u015bli od 1-2 lizak\u00f3w dziennie.<\/b><\/li>\n<\/ul>\n<p><b>Data przydatno\u015bci do spo\u017cycia nadrukowana jest na opakowaniu<\/b><\/p>\n<ul>\n<li><b>Notes<\/b><\/li>\n<\/ul>\n<p>Nie przekracza\u0107 zalecanej porcji do spo\u017cycia w ci\u0105gu dnia. Przechowywa\u0107 w miejscu niedost\u0119pnym i nie widocznym dla dzieci. Przechowywa\u0107 w suchym miejscu, z dala od ciep\u0142a i \u015bwiat\u0142a. Nadmierne spo\u017cycie mo\u017ce prowadzi\u0107 do efektu przeczyszczaj\u0105cego. Niejednolity kolor lizaka wynika z jego naturalnych sk\u0142adnik\u00f3w.<\/p>\n<\/div>\n<\/div>\n<\/div>\n<div class=\"mpof_ki myre_zn myre_8v_l m389_6m_l\">\n<div class=\"mp4t_16_s mryx_16_s mr3m_1 mli2_1 mh85_56 mh85_0_l\">\n<div class=\"mgn2_16 _0d3bd_am0a-\">\n<p><b>Podmiot odpowiedzialny za informacje o produkcie:<\/b><\/p>\n<p><b>P.P.H.U. &#8222;Proszki Mleczne&#8221;<\/b><\/p>\n<\/div>\n<\/div>\n<\/div>","protected":false},"excerpt":{"rendered":"<div class=\"mpof_ki myre_zn myre_8v_l m389_6m_l\">\n<div class=\"mp4t_16_s mryx_16_s mr3m_1 mli2_1 mh85_56 mh85_0_l\">\n<div class=\"mgn2_16 _0d3bd_am0a-\">\n<h1>Lizak pudrowy z Colostrum- Truskawkowym 1 szt<\/h1>\n<h2>BEZ DODATK\u00d3W CUKR\u00d3W I KONSERWANT\u00d3W<\/h2>\n<p><b>Lizaki o smaku Truskawkowym\u00a0 6g. Produkt spo\u017cywczy, mleczny.<\/b><\/p>\n<p><b>Colostrum<\/b>\u00a0to dar natury, kt\u00f3ry zawiera\u00a0<b>immunoglobuliny<\/b>\u00a0i inne substancje odporno\u015bciowe chroni\u0105ce przed infekcjami.\u00a0<b>Colostrum<\/b>\u00a0jest idealnym uzupe\u0142nieniem diety dla dzieci i os\u00f3b, kt\u00f3re prowadz\u0105 aktywny tryb \u017cycia. Nasze\u00a0<b>Colostrum<\/b>\u00a0to produkt najwy\u017cszej jako\u015bci. Czyste, nieprzetworzone i w 100 % bezglutenowe. Surowce u\u017cyte do produkcji jak i samo\u00a0<b>colostrum<\/b>\u00a0nie zawiera organizm\u00f3w genetycznie modyfikowanych (bez GMO).\u00a0<b>Colostrum<\/b>\u00a0to doskona\u0142y wyb\u00f3r dla tych, kt\u00f3rzy poszukuj\u0105 naturalnego i skutecznego sposobu na wzmocnienie organizmu, tak aby m\u00f3c zdrowo funkcjonowa\u0107.<\/p>\n<\/div>\n<\/div>\n<\/div>\n<div class=\"mpof_ki myre_zn myre_8v_l m389_6m_l\">\n<div class=\"mp4t_16_s mryx_16_s mr3m_1 mli2_1 mh85_56 mh85_0_l\">\n<div class=\"mgn2_16 _0d3bd_am0a-\">\n<p>&nbsp;<\/p>\n<\/div>\n<\/div>\n<\/div>","protected":false},"featured_media":6206,"template":"","meta":{"ocean_post_layout":"","ocean_both_sidebars_style":"","ocean_both_sidebars_content_width":0,"ocean_both_sidebars_sidebars_width":0,"ocean_sidebar":"0","ocean_second_sidebar":"0","ocean_disable_margins":"enable","ocean_add_body_class":"","ocean_shortcode_before_top_bar":"","ocean_shortcode_after_top_bar":"","ocean_shortcode_before_header":"","ocean_shortcode_after_header":"","ocean_has_shortcode":"","ocean_shortcode_after_title":"","ocean_shortcode_before_footer_widgets":"","ocean_shortcode_after_footer_widgets":"","ocean_shortcode_before_footer_bottom":"","ocean_shortcode_after_footer_bottom":"","ocean_display_top_bar":"default","ocean_display_header":"default","ocean_header_style":"","ocean_center_header_left_menu":"0","ocean_custom_header_template":"0","ocean_custom_logo":0,"ocean_custom_retina_logo":0,"ocean_custom_logo_max_width":0,"ocean_custom_logo_tablet_max_width":0,"ocean_custom_logo_mobile_max_width":0,"ocean_custom_logo_max_height":0,"ocean_custom_logo_tablet_max_height":0,"ocean_custom_logo_mobile_max_height":0,"ocean_header_custom_menu":"0","ocean_menu_typo_font_family":"0","ocean_menu_typo_font_subset":"","ocean_menu_typo_font_size":0,"ocean_menu_typo_font_size_tablet":0,"ocean_menu_typo_font_size_mobile":0,"ocean_menu_typo_font_size_unit":"px","ocean_menu_typo_font_weight":"","ocean_menu_typo_font_weight_tablet":"","ocean_menu_typo_font_weight_mobile":"","ocean_menu_typo_transform":"","ocean_menu_typo_transform_tablet":"","ocean_menu_typo_transform_mobile":"","ocean_menu_typo_line_height":0,"ocean_menu_typo_line_height_tablet":0,"ocean_menu_typo_line_height_mobile":0,"ocean_menu_typo_line_height_unit":"","ocean_menu_typo_spacing":0,"ocean_menu_typo_spacing_tablet":0,"ocean_menu_typo_spacing_mobile":0,"ocean_menu_typo_spacing_unit":"","ocean_menu_link_color":"","ocean_menu_link_color_hover":"","ocean_menu_link_color_active":"","ocean_menu_link_background":"","ocean_menu_link_hover_background":"","ocean_menu_link_active_background":"","ocean_menu_social_links_bg":"","ocean_menu_social_hover_links_bg":"","ocean_menu_social_links_color":"","ocean_menu_social_hover_links_color":"","ocean_disable_title":"default","ocean_disable_heading":"default","ocean_post_title":"","ocean_post_subheading":"","ocean_post_title_style":"","ocean_post_title_background_color":"","ocean_post_title_background":0,"ocean_post_title_bg_image_position":"","ocean_post_title_bg_image_attachment":"","ocean_post_title_bg_image_repeat":"","ocean_post_title_bg_image_size":"","ocean_post_title_height":0,"ocean_post_title_bg_overlay":0.5,"ocean_post_title_bg_overlay_color":"","ocean_disable_breadcrumbs":"default","ocean_breadcrumbs_color":"","ocean_breadcrumbs_separator_color":"","ocean_breadcrumbs_links_color":"","ocean_breadcrumbs_links_hover_color":"","ocean_display_footer_widgets":"default","ocean_display_footer_bottom":"default","ocean_custom_footer_template":"0"},"product_brand":[],"product_cat":[62,23],"product_tag":[],"class_list":{"0":"post-6205","1":"product","2":"type-product","3":"status-publish","4":"has-post-thumbnail","6":"product_cat-odpornosc","7":"product_cat-zdrowe-przekaski","9":"entry","10":"has-media","12":"first","13":"outofstock","14":"shipping-taxable","15":"purchasable","16":"product-type-simple","17":"has-product-nav","18":"col","19":"span_1_of_3","20":"owp-content-left","21":"owp-thumbs-layout-horizontal","22":"owp-btn-normal","23":"owp-tabs-layout-horizontal","24":"has-no-thumbnails"},"_links":{"self":[{"href":"https:\/\/ecocorner.eu\/en\/wp-json\/wp\/v2\/product\/6205","targetHints":{"allow":["GET"]}}],"collection":[{"href":"https:\/\/ecocorner.eu\/en\/wp-json\/wp\/v2\/product"}],"about":[{"href":"https:\/\/ecocorner.eu\/en\/wp-json\/wp\/v2\/types\/product"}],"version-history":[{"count":1,"href":"https:\/\/ecocorner.eu\/en\/wp-json\/wp\/v2\/product\/6205\/revisions"}],"predecessor-version":[{"id":6207,"href":"https:\/\/ecocorner.eu\/en\/wp-json\/wp\/v2\/product\/6205\/revisions\/6207"}],"wp:featuredmedia":[{"embeddable":true,"href":"https:\/\/ecocorner.eu\/en\/wp-json\/wp\/v2\/media\/6206"}],"wp:attachment":[{"href":"https:\/\/ecocorner.eu\/en\/wp-json\/wp\/v2\/media?parent=6205"}],"wp:term":[{"taxonomy":"product_brand","embeddable":true,"href":"https:\/\/ecocorner.eu\/en\/wp-json\/wp\/v2\/product_brand?post=6205"},{"taxonomy":"product_cat","embeddable":true,"href":"https:\/\/ecocorner.eu\/en\/wp-json\/wp\/v2\/product_cat?post=6205"},{"taxonomy":"product_tag","embeddable":true,"href":"https:\/\/ecocorner.eu\/en\/wp-json\/wp\/v2\/product_tag?post=6205"}],"curies":[{"name":"wp","href":"https:\/\/api.w.org\/{rel}","templated":true}]}}