{"id":6220,"date":"2024-11-04T14:02:21","date_gmt":"2024-11-04T14:02:21","guid":{"rendered":"https:\/\/ecocorner.eu\/?post_type=product&#038;p=6220"},"modified":"2025-11-06T11:05:15","modified_gmt":"2025-11-06T11:05:15","slug":"biowen-witamina-d3k2-w-kapsulkach-90-kapsulek","status":"publish","type":"product","link":"https:\/\/ecocorner.eu\/en\/product\/biowen-witamina-d3k2-w-kapsulkach-90-kapsulek\/","title":{"rendered":"Biowen   Witamina D3+K2  w kapsu\u0142kach &#8211; 90 kapsu\u0142ek"},"content":{"rendered":"<h2><b>W\u0142a\u015bciwo\u015bci witaminy D3+K2<\/b><\/h2>\n<p>Witamina D3 odgrywa kluczow\u0105 rol\u0119 w utrzymaniu zdrowych ko\u015bci i z\u0119b\u00f3w, pomagaj\u0105c organizmowi skutecznie wch\u0142ania\u0107 wap\u0144 i fosfor. Jej odpowiedni poziom wspiera r\u00f3wnie\u017c prawid\u0142owe funkcjonowanie mi\u0119\u015bni, co wp\u0142ywa na og\u00f3ln\u0105 si\u0142\u0119 i sprawno\u015b\u0107 fizyczn\u0105. Witamina D3 wspomaga uk\u0142ad odporno\u015bciowy, zwi\u0119kszaj\u0105c jego zdolno\u015b\u0107 do ochrony przed infekcjami, a tak\u017ce reguluje procesy podzia\u0142\u00f3w kom\u00f3rkowych, co sprzyja regeneracji organizmu.<\/p>\n<p>Witamina K2 (w formie MK-7) dzia\u0142a synergicznie z D3, pomagaj\u0105c skierowa\u0107 wap\u0144 tam, gdzie jest potrzebny \u2013 do ko\u015bci i z\u0119b\u00f3w, co przyczynia si\u0119 do ich wzmocnienia. Jednocze\u015bnie K2 zapobiega odk\u0142adaniu si\u0119 wapnia w naczyniach krwiono\u015bnych, chroni\u0105c przed zwapnieniami, kt\u00f3re mog\u0105 prowadzi\u0107 do powa\u017cnych problem\u00f3w sercowo-naczyniowych.<\/p>\n<p><b>Korzy\u015bci dla zdrowia:<\/b><\/p>\n<ul>\n<li><b>Silniejsze ko\u015bci i z\u0119by<\/b>: po\u0142\u0105czenie D3 i K2 dzia\u0142a jak podw\u00f3jna tarcza, wzmacniaj\u0105c ko\u015bci i z\u0119by, dzi\u0119ki czemu s\u0105 one mniej podatne na urazy i z\u0142amania.<\/li>\n<li><b>Zdrowie serca<\/b>: K2 pomaga chroni\u0107 naczynia krwiono\u015bne przed zwapnieniami, wspieraj\u0105c prawid\u0142owe funkcjonowanie uk\u0142adu sercowo-naczyniowego.<\/li>\n<li><b>Lepsza przyswajalno\u015b\u0107 wapnia<\/b>: D3 zwi\u0119ksza wch\u0142anianie wapnia, co przek\u0142ada si\u0119 na lepsze zdrowie ko\u015bci, podczas gdy K2 dba o to, by wap\u0144 nie odk\u0142ada\u0142 si\u0119 w niepo\u017c\u0105danych miejscach.<\/li>\n<li><b>Wsparcie uk\u0142adu odporno\u015bciowego<\/b>: D3 pomaga utrzyma\u0107 optymalne funkcjonowanie uk\u0142adu odporno\u015bciowego, chroni\u0105c przed chorobami i infekcjami.<\/li>\n<\/ul>\n<p>Suplementacja witaminami D3 i K2 to kompleksowe rozwi\u0105zanie, kt\u00f3re wspiera zdrowie na wielu poziomach, zapewniaj\u0105c silne ko\u015bci, sprawny uk\u0142ad mi\u0119\u015bniowy oraz zdrowe serce.<\/p>\n<h2><b>Witamina D3+K2 Biowen \u2013 sk\u0142adniki<\/b><\/h2>\n<p>Sk\u0142adniki: Olej MCT, witamina K2 (menachinon-7) witamina D3 z lanoliny (cholekalcyferol), d-alfa-tokoferol(witamina E), otoczka kapsu\u0142ki: \u017celatyna wo\u0142owa.<\/p>\n<h2><b>Recommended daily intake<\/b><\/h2>\n<p>Spo\u017cywaj 1 kapsu\u0142k\u0119 dziennie wraz z posi\u0142kiem zawieraj\u0105cym t\u0142uszcze, aby wspom\u00f3c przyswajanie witamin. Ka\u017cda porcja dostarcza a\u017c 4000 IU witaminy D3, co zapewnia 2000% dziennego zapotrzebowania oraz 100 ug witaminy K2.<\/p>","protected":false},"excerpt":{"rendered":"<h2><b>Witamina D3+K2 w oleju MCT od Biowen \u2013 synergiczne wsparcie odporno\u015bci!<\/b><\/h2>\n<p>Witamina D3+K2 od Biowen to suplement diety, kt\u00f3ry \u0142\u0105czy si\u0142\u0119 dw\u00f3ch kluczowych witamin rozpuszczalnych w t\u0142uszczach. Dzi\u0119ki temu, \u017ce s\u0105 one rozpuszczone w oleju MCT, ich wch\u0142anianie jest jeszcze bardziej efektywne, co pozwala na pe\u0142ne wykorzystanie ich w\u0142a\u015bciwo\u015bci.<\/p>\n<p><b>Product Advantages:<\/b><\/p>\n<ul>\n<li aria-level=\"1\"><b>Vitamin D3<\/b> wspomaga zdrowie ko\u015bci, wspiera uk\u0142ad odporno\u015bciowy i pomaga w utrzymaniu prawid\u0142owego poziomu wapnia we krwi.<\/li>\n<li aria-level=\"1\"><b>Witamina K2 (MK-7)<\/b> dzia\u0142a synergicznie z witamin\u0105 D3, wspomagaj\u0105c transport wapnia do ko\u015bci i z\u0119b\u00f3w, jednocze\u015bnie zapobiegaj\u0105c jego odk\u0142adaniu si\u0119 w naczyniach krwiono\u015bnych.<\/li>\n<li aria-level=\"1\"><b>MCT Oil<\/b> jako no\u015bnik t\u0142uszczowy doskonale wspiera przyswajanie obu witamin, zapewniaj\u0105c ich wysok\u0105 biodost\u0119pno\u015b\u0107.<\/li>\n<li aria-level=\"1\"><b>Bezpieczne opakowanie<\/b> \u2013 kapsu\u0142ki znajduj\u0105 si\u0119 w szklanym s\u0142oiku ze stalow\u0105 nakr\u0119tk\u0105, co eliminuje kontakt z plastikiem, chroni\u0105c suplement przed zanieczyszczeniami.<\/li>\n<\/ul>\n<p><b>Wysoka zawarto\u015b\u0107 witamin D3 i K2<\/b><b><br \/>\n<\/b>Ka\u017cda kapsu\u0142ka dostarcza 4000 IU witaminy D3 oraz 100 ug witaminy K2 (MK-7) w formie dobrze przyswajalnej, co wspomaga zdrowie ko\u015bci i uk\u0142adu sercowo-naczyniowego.<\/p>\n<h3><b>Dlaczego warto suplementowa\u0107 witamin\u0119 D3+K2?<\/b><\/h3>\n<p>Witamina D3 w po\u0142\u0105czeniu z witamin\u0105 K2 zapewnia kompleksowe wsparcie dla zdrowia ko\u015bci i uk\u0142adu sercowo-naczyniowego. Witamina K2, znana z regulacji gospodarki wapniowej, zapobiega odk\u0142adaniu si\u0119 wapnia w naczyniach krwiono\u015bnych, co zmniejsza ryzyko zwapnie\u0144. Witamina D3 natomiast wspomaga przyswajanie wapnia, co wp\u0142ywa na silne i zdrowe ko\u015bci.<\/p>\n<p>Ten suplement charakteryzuje si\u0119 czystym sk\u0142adem, co oznacza, \u017ce nie znajdziesz w nim zb\u0119dnych dodatk\u00f3w, takich jak wype\u0142niacze czy sztuczne konserwanty. Kapsu\u0142ki nie zawieraj\u0105 karagenu, co czyni go jeszcze bezpieczniejszym dla zdrowia. Marka Biowen dba o transparentno\u015b\u0107 i wysok\u0105 jako\u015b\u0107 swoich produkt\u00f3w, zapewniaj\u0105c przyjazn\u0105 dla organizmu formu\u0142\u0119 bez kontrowersyjnych sk\u0142adnik\u00f3w.<\/p>","protected":false},"featured_media":6221,"template":"","meta":{"ocean_post_layout":"","ocean_both_sidebars_style":"","ocean_both_sidebars_content_width":0,"ocean_both_sidebars_sidebars_width":0,"ocean_sidebar":"0","ocean_second_sidebar":"0","ocean_disable_margins":"enable","ocean_add_body_class":"","ocean_shortcode_before_top_bar":"","ocean_shortcode_after_top_bar":"","ocean_shortcode_before_header":"","ocean_shortcode_after_header":"","ocean_has_shortcode":"","ocean_shortcode_after_title":"","ocean_shortcode_before_footer_widgets":"","ocean_shortcode_after_footer_widgets":"","ocean_shortcode_before_footer_bottom":"","ocean_shortcode_after_footer_bottom":"","ocean_display_top_bar":"default","ocean_display_header":"default","ocean_header_style":"","ocean_center_header_left_menu":"0","ocean_custom_header_template":"0","ocean_custom_logo":0,"ocean_custom_retina_logo":0,"ocean_custom_logo_max_width":0,"ocean_custom_logo_tablet_max_width":0,"ocean_custom_logo_mobile_max_width":0,"ocean_custom_logo_max_height":0,"ocean_custom_logo_tablet_max_height":0,"ocean_custom_logo_mobile_max_height":0,"ocean_header_custom_menu":"0","ocean_menu_typo_font_family":"0","ocean_menu_typo_font_subset":"","ocean_menu_typo_font_size":0,"ocean_menu_typo_font_size_tablet":0,"ocean_menu_typo_font_size_mobile":0,"ocean_menu_typo_font_size_unit":"px","ocean_menu_typo_font_weight":"","ocean_menu_typo_font_weight_tablet":"","ocean_menu_typo_font_weight_mobile":"","ocean_menu_typo_transform":"","ocean_menu_typo_transform_tablet":"","ocean_menu_typo_transform_mobile":"","ocean_menu_typo_line_height":0,"ocean_menu_typo_line_height_tablet":0,"ocean_menu_typo_line_height_mobile":0,"ocean_menu_typo_line_height_unit":"","ocean_menu_typo_spacing":0,"ocean_menu_typo_spacing_tablet":0,"ocean_menu_typo_spacing_mobile":0,"ocean_menu_typo_spacing_unit":"","ocean_menu_link_color":"","ocean_menu_link_color_hover":"","ocean_menu_link_color_active":"","ocean_menu_link_background":"","ocean_menu_link_hover_background":"","ocean_menu_link_active_background":"","ocean_menu_social_links_bg":"","ocean_menu_social_hover_links_bg":"","ocean_menu_social_links_color":"","ocean_menu_social_hover_links_color":"","ocean_disable_title":"default","ocean_disable_heading":"default","ocean_post_title":"","ocean_post_subheading":"","ocean_post_title_style":"","ocean_post_title_background_color":"","ocean_post_title_background":0,"ocean_post_title_bg_image_position":"","ocean_post_title_bg_image_attachment":"","ocean_post_title_bg_image_repeat":"","ocean_post_title_bg_image_size":"","ocean_post_title_height":0,"ocean_post_title_bg_overlay":0.5,"ocean_post_title_bg_overlay_color":"","ocean_disable_breadcrumbs":"default","ocean_breadcrumbs_color":"","ocean_breadcrumbs_separator_color":"","ocean_breadcrumbs_links_color":"","ocean_breadcrumbs_links_hover_color":"","ocean_display_footer_widgets":"default","ocean_display_footer_bottom":"default","ocean_custom_footer_template":"0"},"product_brand":[],"product_cat":[79,22],"product_tag":[],"class_list":{"0":"post-6220","1":"product","2":"type-product","3":"status-publish","4":"has-post-thumbnail","6":"product_cat-biowen","7":"product_cat-suplementy-i-witaminy","9":"entry","10":"has-media","12":"first","13":"outofstock","14":"shipping-taxable","15":"purchasable","16":"product-type-simple","17":"has-product-nav","18":"col","19":"span_1_of_3","20":"owp-content-left","21":"owp-thumbs-layout-horizontal","22":"owp-btn-normal","23":"owp-tabs-layout-horizontal","24":"has-no-thumbnails"},"_links":{"self":[{"href":"https:\/\/ecocorner.eu\/en\/wp-json\/wp\/v2\/product\/6220","targetHints":{"allow":["GET"]}}],"collection":[{"href":"https:\/\/ecocorner.eu\/en\/wp-json\/wp\/v2\/product"}],"about":[{"href":"https:\/\/ecocorner.eu\/en\/wp-json\/wp\/v2\/types\/product"}],"version-history":[{"count":2,"href":"https:\/\/ecocorner.eu\/en\/wp-json\/wp\/v2\/product\/6220\/revisions"}],"predecessor-version":[{"id":6223,"href":"https:\/\/ecocorner.eu\/en\/wp-json\/wp\/v2\/product\/6220\/revisions\/6223"}],"wp:featuredmedia":[{"embeddable":true,"href":"https:\/\/ecocorner.eu\/en\/wp-json\/wp\/v2\/media\/6221"}],"wp:attachment":[{"href":"https:\/\/ecocorner.eu\/en\/wp-json\/wp\/v2\/media?parent=6220"}],"wp:term":[{"taxonomy":"product_brand","embeddable":true,"href":"https:\/\/ecocorner.eu\/en\/wp-json\/wp\/v2\/product_brand?post=6220"},{"taxonomy":"product_cat","embeddable":true,"href":"https:\/\/ecocorner.eu\/en\/wp-json\/wp\/v2\/product_cat?post=6220"},{"taxonomy":"product_tag","embeddable":true,"href":"https:\/\/ecocorner.eu\/en\/wp-json\/wp\/v2\/product_tag?post=6220"}],"curies":[{"name":"wp","href":"https:\/\/api.w.org\/{rel}","templated":true}]}}