{"id":6224,"date":"2024-11-04T14:05:48","date_gmt":"2024-11-04T14:05:48","guid":{"rendered":"https:\/\/ecocorner.eu\/?post_type=product&#038;p=6224"},"modified":"2026-04-02T21:20:05","modified_gmt":"2026-04-02T21:20:05","slug":"proherbis-schisandra-cytryniec-chinski-suszone-owoce-100g","status":"publish","type":"product","link":"https:\/\/ecocorner.eu\/en\/product\/proherbis-schisandra-cytryniec-chinski-suszone-owoce-100g\/","title":{"rendered":"Proherbis   Schisandra &#8211; Cytryniec Chi\u0144ski  niesiarkowany &#8211; suszone owoce 100g"},"content":{"rendered":"<div class=\"col-xs-12 kontrolka-PoleProduktu\">\n<div class=\"tresc-pojemnik tresc-pojemnik-88\">\n<div id=\"kontrolka-88\" class=\"\">\n<div class=\"pole-opis-wartosc\">\n<p><strong>Ingredients<\/strong><br \/>\nsuszone owoce cytry\u0144ca chi\u0144skiego 100% &#8211; schisandra<\/p>\n<p><strong>application<\/strong><br \/>\n2 \u0142y\u017cki zala\u0107\u00a00,5l &#8211; 1l wody i gotowa\u0107\u00a0przez 10 min. Pi\u0107\u00a0jak herbat\u0119. Przygotowany napar spo\u017cy\u0107 w ci\u0105gu dnia.<\/p>\n<p><strong>keeping<\/strong><br \/>\nPrzechowywa\u0107 w suchym i ch\u0142odnym miejscu, niedost\u0119pnym dla dzieci. Chroni\u0107 przed \u015bwiat\u0142em.<\/p>\n<\/div>\n<\/div>\n<\/div>\n<\/div>","protected":false},"excerpt":{"rendered":"<div class=\"search_description__wrapper\">\n<p>Chi\u0144ska <strong>Schizandra<\/strong> dzi\u0119ki w\u0142a\u015bciwo\u015bciom detoksykuj\u0105cym wspiera prawid\u0142owe funkcjonowanie w\u0105troby, odci\u0105\u017ca j\u0105 i pomaga w regeneracji. Pomaga zwalcza\u0107 stany zapalne tego narz\u0105du. Prawid\u0142owa praca w\u0105troby odpowiada za dobre regulowanie poziom cholesterolu we krwi, co przek\u0142ada si\u0119 na wsparcie pracy uk\u0142adu sercowo-naczyniowego i profilaktyk\u0119 przeciwmia\u017cd\u017cycow\u0105.<\/p>\n<\/div>\n<div class=\"search_categoriesdescription_next cm expanded\">\n<p><strong>Cytryniec chi\u0144ski stymuluje\u00a0dzia\u0142anie uk\u0142adu nerwowego<\/strong>, pomaga pokonywa\u0107 zm\u0119czenie psychiczne i fizyczne, poprawia sprawno\u015b\u0107 umys\u0142ow\u0105, \u0142agodzi stany rozdra\u017cnienia i niepokoju. Dzi\u0119ki w\u0142a\u015bciwo\u015bciom adaptogennym zwi\u0119ksza odporno\u015b\u0107 organizmu na stres. Obecno\u015b\u0107 w sk\u0142adzie polisacharyd\u00f3w i witaminy C wspiera prac\u0119 uk\u0142adu immunologicznego. Zawarto\u015b\u0107 zwi\u0105zk\u00f3w o dzia\u0142aniu antyoksydacyjnym zapobiega powstawaniu wolnych rodnik\u00f3w i minimalizuje ryzyko wyst\u0105pienia chor\u00f3b nowotworowych. <em>Schizandra<\/em> pomaga w \u0142agodzeniu objaw\u00f3w zwi\u0105zanych z okresem menopauzalnym, wspiera libido i korzystnie wp\u0142ywa na potencj\u0119 u m\u0119\u017cczyzn.<\/p>\n<\/div>","protected":false},"featured_media":6225,"template":"","meta":{"ocean_post_layout":"","ocean_both_sidebars_style":"","ocean_both_sidebars_content_width":0,"ocean_both_sidebars_sidebars_width":0,"ocean_sidebar":"0","ocean_second_sidebar":"0","ocean_disable_margins":"enable","ocean_add_body_class":"","ocean_shortcode_before_top_bar":"","ocean_shortcode_after_top_bar":"","ocean_shortcode_before_header":"","ocean_shortcode_after_header":"","ocean_has_shortcode":"","ocean_shortcode_after_title":"","ocean_shortcode_before_footer_widgets":"","ocean_shortcode_after_footer_widgets":"","ocean_shortcode_before_footer_bottom":"","ocean_shortcode_after_footer_bottom":"","ocean_display_top_bar":"default","ocean_display_header":"default","ocean_header_style":"","ocean_center_header_left_menu":"0","ocean_custom_header_template":"0","ocean_custom_logo":0,"ocean_custom_retina_logo":0,"ocean_custom_logo_max_width":0,"ocean_custom_logo_tablet_max_width":0,"ocean_custom_logo_mobile_max_width":0,"ocean_custom_logo_max_height":0,"ocean_custom_logo_tablet_max_height":0,"ocean_custom_logo_mobile_max_height":0,"ocean_header_custom_menu":"0","ocean_menu_typo_font_family":"0","ocean_menu_typo_font_subset":"","ocean_menu_typo_font_size":0,"ocean_menu_typo_font_size_tablet":0,"ocean_menu_typo_font_size_mobile":0,"ocean_menu_typo_font_size_unit":"px","ocean_menu_typo_font_weight":"","ocean_menu_typo_font_weight_tablet":"","ocean_menu_typo_font_weight_mobile":"","ocean_menu_typo_transform":"","ocean_menu_typo_transform_tablet":"","ocean_menu_typo_transform_mobile":"","ocean_menu_typo_line_height":0,"ocean_menu_typo_line_height_tablet":0,"ocean_menu_typo_line_height_mobile":0,"ocean_menu_typo_line_height_unit":"","ocean_menu_typo_spacing":0,"ocean_menu_typo_spacing_tablet":0,"ocean_menu_typo_spacing_mobile":0,"ocean_menu_typo_spacing_unit":"","ocean_menu_link_color":"","ocean_menu_link_color_hover":"","ocean_menu_link_color_active":"","ocean_menu_link_background":"","ocean_menu_link_hover_background":"","ocean_menu_link_active_background":"","ocean_menu_social_links_bg":"","ocean_menu_social_hover_links_bg":"","ocean_menu_social_links_color":"","ocean_menu_social_hover_links_color":"","ocean_disable_title":"default","ocean_disable_heading":"default","ocean_post_title":"","ocean_post_subheading":"","ocean_post_title_style":"","ocean_post_title_background_color":"","ocean_post_title_background":0,"ocean_post_title_bg_image_position":"","ocean_post_title_bg_image_attachment":"","ocean_post_title_bg_image_repeat":"","ocean_post_title_bg_image_size":"","ocean_post_title_height":0,"ocean_post_title_bg_overlay":0.5,"ocean_post_title_bg_overlay_color":"","ocean_disable_breadcrumbs":"default","ocean_breadcrumbs_color":"","ocean_breadcrumbs_separator_color":"","ocean_breadcrumbs_links_color":"","ocean_breadcrumbs_links_hover_color":"","ocean_display_footer_widgets":"default","ocean_display_footer_bottom":"default","ocean_custom_footer_template":"0"},"product_brand":[],"product_cat":[56,62],"product_tag":[],"class_list":{"0":"post-6224","1":"product","2":"type-product","3":"status-publish","4":"has-post-thumbnail","6":"product_cat-herbaty-ziolowe","7":"product_cat-odpornosc","9":"entry","10":"has-media","12":"first","13":"instock","14":"shipping-taxable","15":"purchasable","16":"product-type-simple","17":"has-product-nav","18":"col","19":"span_1_of_3","20":"owp-content-left","21":"owp-thumbs-layout-horizontal","22":"owp-btn-normal","23":"owp-tabs-layout-horizontal","24":"has-no-thumbnails"},"_links":{"self":[{"href":"https:\/\/ecocorner.eu\/en\/wp-json\/wp\/v2\/product\/6224","targetHints":{"allow":["GET"]}}],"collection":[{"href":"https:\/\/ecocorner.eu\/en\/wp-json\/wp\/v2\/product"}],"about":[{"href":"https:\/\/ecocorner.eu\/en\/wp-json\/wp\/v2\/types\/product"}],"version-history":[{"count":2,"href":"https:\/\/ecocorner.eu\/en\/wp-json\/wp\/v2\/product\/6224\/revisions"}],"predecessor-version":[{"id":8692,"href":"https:\/\/ecocorner.eu\/en\/wp-json\/wp\/v2\/product\/6224\/revisions\/8692"}],"wp:featuredmedia":[{"embeddable":true,"href":"https:\/\/ecocorner.eu\/en\/wp-json\/wp\/v2\/media\/6225"}],"wp:attachment":[{"href":"https:\/\/ecocorner.eu\/en\/wp-json\/wp\/v2\/media?parent=6224"}],"wp:term":[{"taxonomy":"product_brand","embeddable":true,"href":"https:\/\/ecocorner.eu\/en\/wp-json\/wp\/v2\/product_brand?post=6224"},{"taxonomy":"product_cat","embeddable":true,"href":"https:\/\/ecocorner.eu\/en\/wp-json\/wp\/v2\/product_cat?post=6224"},{"taxonomy":"product_tag","embeddable":true,"href":"https:\/\/ecocorner.eu\/en\/wp-json\/wp\/v2\/product_tag?post=6224"}],"curies":[{"name":"wp","href":"https:\/\/api.w.org\/{rel}","templated":true}]}}