{"id":6227,"date":"2024-11-04T14:10:00","date_gmt":"2024-11-04T14:10:00","guid":{"rendered":"https:\/\/ecocorner.eu\/?post_type=product&#038;p=6227"},"modified":"2026-04-14T19:57:00","modified_gmt":"2026-04-14T19:57:00","slug":"biowen-olej-z-wiesiolka-wiesiolek-forte-90-kaps","status":"publish","type":"product","link":"https:\/\/ecocorner.eu\/en\/product\/biowen-olej-z-wiesiolka-wiesiolek-forte-90-kaps\/","title":{"rendered":"Biowen  Olej z  Wiesio\u0142ka \/  Wiesio\u0142ek Forte  90 kaps."},"content":{"rendered":"<h2><b>Wiesio\u0142ek Forte Biowen \u2013 w\u0142a\u015bciwo\u015bci sk\u0142adnik\u00f3w<\/b><\/h2>\n<p>Wiesio\u0142ek Forte Biowen w ka\u017cdej kapsu\u0142ce zawiera sk\u0142adniki, kt\u00f3re s\u0105 uznawane za korzystne dla organizmu. Sprawd\u017amy, jakie oficjalne w\u0142a\u015bciwo\u015bci posiadaj\u0105!<\/p>\n<h3>Wiesio\u0142ek \u2013 w\u0142a\u015bciwo\u015bci<\/h3>\n<p>W\u0142a\u015bciwo\u015bci wiesio\u0142ka s\u0105 cenione ju\u017c od wielu, wielu lat. Pozyskiwany z niego olej cieszy si\u0119 du\u017c\u0105 popularno\u015bci\u0105, a to ze wzgl\u0119du na to, jakie posiada w\u0142a\u015bciwo\u015bci:<\/p>\n<ul>\n<li>olej z wiesio\u0142ka dba o zdrowie hormonalne,<\/li>\n<li>olej z wiesio\u0142ka stoi na stra\u017cy zdrowia podczas menstruacji,<\/li>\n<li>wspiera zdrowy wygl\u0105d sk\u00f3ry,<\/li>\n<li>mo\u017ce korzystnie wp\u0142ywa\u0107 na tkank\u0119 \u0142\u0105czn\u0105,<\/li>\n<li>obni\u017ca poziom z\u0142ego cholesterolu we krwi.<\/li>\n<\/ul>\n<h3>Witamina E \u2013 w\u0142a\u015bciwo\u015bci<\/h3>\n<p>Naturalny kompleks witaminy E z palmy malezyjskiej EVnol\u2122 (mieszanina tokotrienolu i tokoferolu) to witamina E o pe\u0142nym spektrum. Dlaczego to takie wa\u017cne? Dzi\u0119ki temu jest wysoce bioaktywna (czyli dobrze si\u0119 wch\u0142ania). Witamina E to niezb\u0119dna witamina w organizmie. Bierze udzia\u0142 w procesach antyoksydacyjnych, chroni\u0105c bia\u0142ka, lipidy i DNA przed uszkodzeniami spowodowanymi utlenianiem si\u0119 i dzia\u0142alno\u015bci\u0105 wolnych rodnik\u00f3w.<\/p>\n<p class=\"font-weight-bold mb-1\">\n<h2><b>Wiesio\u0142ek Forte \u2013 sk\u0142adniki<\/b><\/h2>\n<p>Olej z wiesio\u0142ka dwuletniego, t\u0142oczony na zimno, zawieraj\u0105cy 85% kwasy linolowego (LA) oraz 10% kwasu gamma-linolenowego (GLA), d-alfa tokoferol (witamina E), naturalny kompleks witaminy E z palmy malezyjskiej EVnol\u2122 (mieszanina tokotrienolu i tokoferolu), substancja utrzymuj\u0105ca wilgo\u0107: glicerol, otoczka kapsu\u0142ki: tapioka, woda oczyszczona.<\/p>\n<h2><b>Wiesio\u0142ek Forte \u2013 zalecane dzienne spo\u017cycie<\/b><\/h2>\n<p>Najlepiej spo\u017cywa\u0107 1-2 kapsu\u0142ki na dzie\u0144, wraz z posi\u0142kiem, by wydoby\u0107 z tego suplementu diety wszystko co najlepsze i cieszy\u0107 si\u0119 korzy\u015bciami z jego spo\u017cywania. Pami\u0119taj, \u017ce suplementy nie zast\u0105pi\u0105 Ci odpowiednio zbilansowanej diety!<\/p>","protected":false},"excerpt":{"rendered":"<p>Wiesio\u0142ek Forte to t\u0142oczony na zimno olej z wiesio\u0142ka, zamkni\u0119ty w kapsu\u0142ce z tapioki \u2013 bez karagenu! Olej z wiesio\u0142ka dwuletniego wzbogacili\u015bmy witamin\u0105 E EVnol\u2122 z palmy malezyjskiej o pe\u0142nym spektrum, zawieraj\u0105cym tokotrienole i tokoferol. Tak bogaty sk\u0142ad mie\u015bci si\u0119 w wega\u0144skiej kapsu\u0142ce. Ca\u0142e opakowanie Wiesio\u0142ka Forte od Biowen to a\u017c 90 kapsu\u0142ek w szklanym, ciemnym s\u0142oiku.<\/p>\n<p>Olej z wiesio\u0142ka zawiera cenne kwasy t\u0142uszczowe: 85% kwasu linolowego oraz 10% kwasu gamma-linolenowego. Olej z wiesio\u0142ka jest cz\u0119sto stosowany przez kobiety w okresie menopauzy, ze wzgl\u0119du na swoje w\u0142a\u015bciwo\u015bci korzystnie wp\u0142ywaj\u0105ce na balans uk\u0142adu hormonalnego.\u00a0 Wiesio\u0142ek bierze te\u017c udzia\u0142 w regulacji czynno\u015bci metabolicznych, jako prekursor prostaglandyn, kt\u00f3re s\u0105 regulatorami zwi\u0105zanymi z wieloma funkcjami metabolicznymi organizmu. Dodatkowo wspiera tkank\u0119 \u0142\u0105czn\u0105, zdrowie sk\u00f3ry, wspiera balans mi\u0119dzy \u201cdobrym\u201d a \u201cz\u0142ym\u201d cholesterolem. W tradycyjnej medycynie ludowej by\u0142 stosowany jako \u015brodek przeciwzakrzepowy!<\/p>\n<h2><b>Wiesio\u0142ek \u2013 cenne nienasycone kwasy t\u0142uszczowe<\/b><\/h2>\n<p>Wiesio\u0142ek zawiera wielonienasycone kwasy t\u0142uszczowe, kt\u00f3re s\u0105 korzystne dla organizmu i niezb\u0119dne w ka\u017cdej odpowiednio zbilansowanej diecie. To w\u0142a\u015bnie one zmniejszaj\u0105 ryzyko wyst\u0105pienia choroby wie\u0144cowej, dzi\u0119ki swojemu wp\u0142ywowi na poziom cholesterolu we krwi. Wykazano, \u017ce zast\u0105pienie t\u0142uszcz\u00f3w nasyconych t\u0142uszczami nienasyconymi w diecie obni\u017ca poziom cholesterolu we krwi. Wysoki poziom cholesterolu jest czynnikiem ryzyka rozwoju choroby wie\u0144cowej serca. Choroba wie\u0144cowa serca jest zwi\u0105zana z niedostatecznym ukrwieniem mi\u0119\u015bnia sercowego z powodu zbyt w\u0105skiego \u015bwiat\u0142a t\u0119tnic. W efekcie serce jest r\u00f3wnie\u017c niedostatecznie dotlenione. Za jej wyst\u0119powanie odpowiada r\u00f3wnie\u017c dieta, zatem odpowiednia poda\u017c nienasyconych kwas\u00f3w t\u0142uszczowych jest niezb\u0119dna dla zachowania zdrowia uk\u0142adu kr\u0105\u017cenia.<\/p>\n<h2><b>Wiesio\u0142ek Forte \u2013 czysty sk\u0142ad!<\/b><\/h2>\n<p>Wiesio\u0142ek Forte od Biowen to suplement, kt\u00f3ry mo\u017ce poszczyci\u0107 si\u0119 czystym sk\u0142adem, bez zb\u0119dnych dodatk\u00f3w, takich jak barwniki, aromaty czy wype\u0142niacze lub stabilizatory! Marka Biowen jak zwykle zadba\u0142a o to, by produkt m\u00f3g\u0142 wpisa\u0107 si\u0119 w za\u0142o\u017cenia idei \u201cClean Label\u201d. Do tego nale\u017cy zwr\u00f3ci\u0107 uwag\u0119 na szklane opakowanie ze stalow\u0105 nakr\u0119tk\u0105. Nie jest plastikowe, wi\u0119c nie ma tutaj mowy o przedostaniu si\u0119 mikroplastiku do suplementu. Po spo\u017cyciu suplementu mo\u017cesz s\u0142oik wykorzysta\u0107 ponownie \u2013 np. do przechowywania!<\/p>","protected":false},"featured_media":6228,"template":"","meta":{"ocean_post_layout":"","ocean_both_sidebars_style":"","ocean_both_sidebars_content_width":0,"ocean_both_sidebars_sidebars_width":0,"ocean_sidebar":"0","ocean_second_sidebar":"0","ocean_disable_margins":"enable","ocean_add_body_class":"","ocean_shortcode_before_top_bar":"","ocean_shortcode_after_top_bar":"","ocean_shortcode_before_header":"","ocean_shortcode_after_header":"","ocean_has_shortcode":"","ocean_shortcode_after_title":"","ocean_shortcode_before_footer_widgets":"","ocean_shortcode_after_footer_widgets":"","ocean_shortcode_before_footer_bottom":"","ocean_shortcode_after_footer_bottom":"","ocean_display_top_bar":"default","ocean_display_header":"default","ocean_header_style":"","ocean_center_header_left_menu":"0","ocean_custom_header_template":"0","ocean_custom_logo":0,"ocean_custom_retina_logo":0,"ocean_custom_logo_max_width":0,"ocean_custom_logo_tablet_max_width":0,"ocean_custom_logo_mobile_max_width":0,"ocean_custom_logo_max_height":0,"ocean_custom_logo_tablet_max_height":0,"ocean_custom_logo_mobile_max_height":0,"ocean_header_custom_menu":"0","ocean_menu_typo_font_family":"0","ocean_menu_typo_font_subset":"","ocean_menu_typo_font_size":0,"ocean_menu_typo_font_size_tablet":0,"ocean_menu_typo_font_size_mobile":0,"ocean_menu_typo_font_size_unit":"px","ocean_menu_typo_font_weight":"","ocean_menu_typo_font_weight_tablet":"","ocean_menu_typo_font_weight_mobile":"","ocean_menu_typo_transform":"","ocean_menu_typo_transform_tablet":"","ocean_menu_typo_transform_mobile":"","ocean_menu_typo_line_height":0,"ocean_menu_typo_line_height_tablet":0,"ocean_menu_typo_line_height_mobile":0,"ocean_menu_typo_line_height_unit":"","ocean_menu_typo_spacing":0,"ocean_menu_typo_spacing_tablet":0,"ocean_menu_typo_spacing_mobile":0,"ocean_menu_typo_spacing_unit":"","ocean_menu_link_color":"","ocean_menu_link_color_hover":"","ocean_menu_link_color_active":"","ocean_menu_link_background":"","ocean_menu_link_hover_background":"","ocean_menu_link_active_background":"","ocean_menu_social_links_bg":"","ocean_menu_social_hover_links_bg":"","ocean_menu_social_links_color":"","ocean_menu_social_hover_links_color":"","ocean_disable_title":"default","ocean_disable_heading":"default","ocean_post_title":"","ocean_post_subheading":"","ocean_post_title_style":"","ocean_post_title_background_color":"","ocean_post_title_background":0,"ocean_post_title_bg_image_position":"","ocean_post_title_bg_image_attachment":"","ocean_post_title_bg_image_repeat":"","ocean_post_title_bg_image_size":"","ocean_post_title_height":0,"ocean_post_title_bg_overlay":0.5,"ocean_post_title_bg_overlay_color":"","ocean_disable_breadcrumbs":"default","ocean_breadcrumbs_color":"","ocean_breadcrumbs_separator_color":"","ocean_breadcrumbs_links_color":"","ocean_breadcrumbs_links_hover_color":"","ocean_display_footer_widgets":"default","ocean_display_footer_bottom":"default","ocean_custom_footer_template":"0"},"product_brand":[],"product_cat":[79,62,22],"product_tag":[],"class_list":{"0":"post-6227","1":"product","2":"type-product","3":"status-publish","4":"has-post-thumbnail","6":"product_cat-biowen","7":"product_cat-odpornosc","8":"product_cat-suplementy-i-witaminy","10":"entry","11":"has-media","13":"first","14":"instock","15":"shipping-taxable","16":"purchasable","17":"product-type-simple","18":"has-product-nav","19":"col","20":"span_1_of_3","21":"owp-content-left","22":"owp-thumbs-layout-horizontal","23":"owp-btn-normal","24":"owp-tabs-layout-horizontal","25":"has-no-thumbnails"},"_links":{"self":[{"href":"https:\/\/ecocorner.eu\/en\/wp-json\/wp\/v2\/product\/6227","targetHints":{"allow":["GET"]}}],"collection":[{"href":"https:\/\/ecocorner.eu\/en\/wp-json\/wp\/v2\/product"}],"about":[{"href":"https:\/\/ecocorner.eu\/en\/wp-json\/wp\/v2\/types\/product"}],"version-history":[{"count":1,"href":"https:\/\/ecocorner.eu\/en\/wp-json\/wp\/v2\/product\/6227\/revisions"}],"predecessor-version":[{"id":6229,"href":"https:\/\/ecocorner.eu\/en\/wp-json\/wp\/v2\/product\/6227\/revisions\/6229"}],"wp:featuredmedia":[{"embeddable":true,"href":"https:\/\/ecocorner.eu\/en\/wp-json\/wp\/v2\/media\/6228"}],"wp:attachment":[{"href":"https:\/\/ecocorner.eu\/en\/wp-json\/wp\/v2\/media?parent=6227"}],"wp:term":[{"taxonomy":"product_brand","embeddable":true,"href":"https:\/\/ecocorner.eu\/en\/wp-json\/wp\/v2\/product_brand?post=6227"},{"taxonomy":"product_cat","embeddable":true,"href":"https:\/\/ecocorner.eu\/en\/wp-json\/wp\/v2\/product_cat?post=6227"},{"taxonomy":"product_tag","embeddable":true,"href":"https:\/\/ecocorner.eu\/en\/wp-json\/wp\/v2\/product_tag?post=6227"}],"curies":[{"name":"wp","href":"https:\/\/api.w.org\/{rel}","templated":true}]}}