{"id":6271,"date":"2024-11-27T19:04:35","date_gmt":"2024-11-27T19:04:35","guid":{"rendered":"https:\/\/ecocorner.eu\/?post_type=product&#038;p=6271"},"modified":"2025-10-08T17:37:27","modified_gmt":"2025-10-08T17:37:27","slug":"prop-mad-krople-propolisowe-bez-etanolu-50ml","status":"publish","type":"product","link":"https:\/\/ecocorner.eu\/en\/product\/prop-mad-krople-propolisowe-bez-etanolu-50ml\/","title":{"rendered":"PROP-MAD   Krople propolisowe bez etanolu   50ml"},"content":{"rendered":"<p><strong>Ingredients<\/strong><br \/>\nPropolis, gliceryna ro\u015blinna, woda oczyszczona, zawarto\u015b\u0107 propolisu 10% (126mg\/ml).<\/p>\n<p><strong>METHOD OF APPLICATION<\/strong><br \/>\nZalecane dzienne spo\u017cycie: 20 kropli 2-3 razy na dob\u0119 rozpu\u015bci\u0107 w niewielkiej ilo\u015bci wody albo nanie\u015b\u0107 na \u0142y\u017ceczk\u0119 cukru lub miodu. Nale\u017cy przyjmowa\u0107 przed lub w trakcie posi\u0142ku.<\/p>\n<p><strong>note<\/strong><br \/>\nNie nale\u017cy przekracza\u0107 zalecanej dawki w ci\u0105gu dnia.\u00a0 Suplement diety nie mo\u017ce by\u0107 stosowany jako substytut zr\u00f3\u017cnicowanej diety. Preparatu nie nale\u017cy stosowa\u0107 u os\u00f3b uczulonych na produkty pszczele. Przed pierwszym spo\u017cyciem propolisu zaleca si\u0119 wykonanie testu uczuleniowego (na\u0142o\u017cy\u0107 2-3 krople produktu na nadgarstek) i obserwowanie reakcji organizmu. Je\u017celi po pierwszym u\u017cyciu zauwa\u017calne s\u0105 reakcje alergiczne, nale\u017cy przerwa\u0107 stosowanie produktu.<\/p>","protected":false},"excerpt":{"rendered":"<p>G\u0142\u00f3wnym sk\u0142adnikiem preparatu jest glikolowy ekstrakt propolisu.<\/p>\n<p>Propolis jest mieszanin\u0105 substancji \u017cywicznych, wysi\u0119kowych drzew i krzew\u00f3w, a tak\u017ce pszczelego wosku i wydzieliny gruczo\u0142\u00f3w pszczelich.<\/p>\n<p>Zawiera aktywne biologiczne substancje, takie jak kwasy i estry aromatyczne oraz zwi\u0105zki flawonoidowe.<\/p>\n<p>Propolis wspomaga funkcjonowanie uk\u0142adu immunologicznego. Wykazuje dzia\u0142anie przeciwbakteryjne, przeciwgrzybiczne, przeciwwirusowe i przeciwzapalne.<\/p>\n<p>Polecany jest szczeg\u00f3lnie w stanach obni\u017conej odporno\u015bci, nawracaj\u0105cych infekcji bakteryjnych, wirusowych i grzybicznych, jak r\u00f3wnie\u017c wspomagaj\u0105co w stanach zapalnych.<\/p>","protected":false},"featured_media":6272,"template":"","meta":{"ocean_post_layout":"","ocean_both_sidebars_style":"","ocean_both_sidebars_content_width":0,"ocean_both_sidebars_sidebars_width":0,"ocean_sidebar":"0","ocean_second_sidebar":"0","ocean_disable_margins":"enable","ocean_add_body_class":"","ocean_shortcode_before_top_bar":"","ocean_shortcode_after_top_bar":"","ocean_shortcode_before_header":"","ocean_shortcode_after_header":"","ocean_has_shortcode":"","ocean_shortcode_after_title":"","ocean_shortcode_before_footer_widgets":"","ocean_shortcode_after_footer_widgets":"","ocean_shortcode_before_footer_bottom":"","ocean_shortcode_after_footer_bottom":"","ocean_display_top_bar":"default","ocean_display_header":"default","ocean_header_style":"","ocean_center_header_left_menu":"0","ocean_custom_header_template":"0","ocean_custom_logo":0,"ocean_custom_retina_logo":0,"ocean_custom_logo_max_width":0,"ocean_custom_logo_tablet_max_width":0,"ocean_custom_logo_mobile_max_width":0,"ocean_custom_logo_max_height":0,"ocean_custom_logo_tablet_max_height":0,"ocean_custom_logo_mobile_max_height":0,"ocean_header_custom_menu":"0","ocean_menu_typo_font_family":"0","ocean_menu_typo_font_subset":"","ocean_menu_typo_font_size":0,"ocean_menu_typo_font_size_tablet":0,"ocean_menu_typo_font_size_mobile":0,"ocean_menu_typo_font_size_unit":"px","ocean_menu_typo_font_weight":"","ocean_menu_typo_font_weight_tablet":"","ocean_menu_typo_font_weight_mobile":"","ocean_menu_typo_transform":"","ocean_menu_typo_transform_tablet":"","ocean_menu_typo_transform_mobile":"","ocean_menu_typo_line_height":0,"ocean_menu_typo_line_height_tablet":0,"ocean_menu_typo_line_height_mobile":0,"ocean_menu_typo_line_height_unit":"","ocean_menu_typo_spacing":0,"ocean_menu_typo_spacing_tablet":0,"ocean_menu_typo_spacing_mobile":0,"ocean_menu_typo_spacing_unit":"","ocean_menu_link_color":"","ocean_menu_link_color_hover":"","ocean_menu_link_color_active":"","ocean_menu_link_background":"","ocean_menu_link_hover_background":"","ocean_menu_link_active_background":"","ocean_menu_social_links_bg":"","ocean_menu_social_hover_links_bg":"","ocean_menu_social_links_color":"","ocean_menu_social_hover_links_color":"","ocean_disable_title":"default","ocean_disable_heading":"default","ocean_post_title":"","ocean_post_subheading":"","ocean_post_title_style":"","ocean_post_title_background_color":"","ocean_post_title_background":0,"ocean_post_title_bg_image_position":"","ocean_post_title_bg_image_attachment":"","ocean_post_title_bg_image_repeat":"","ocean_post_title_bg_image_size":"","ocean_post_title_height":0,"ocean_post_title_bg_overlay":0.5,"ocean_post_title_bg_overlay_color":"","ocean_disable_breadcrumbs":"default","ocean_breadcrumbs_color":"","ocean_breadcrumbs_separator_color":"","ocean_breadcrumbs_links_color":"","ocean_breadcrumbs_links_hover_color":"","ocean_display_footer_widgets":"default","ocean_display_footer_bottom":"default","ocean_custom_footer_template":"0"},"product_brand":[],"product_cat":[62,21,20],"product_tag":[],"class_list":{"0":"post-6271","1":"product","2":"type-product","3":"status-publish","4":"has-post-thumbnail","6":"product_cat-odpornosc","7":"product_cat-zdrowie","8":"product_cat-dzieci","10":"entry","11":"has-media","13":"first","14":"instock","15":"shipping-taxable","16":"purchasable","17":"product-type-simple","18":"has-product-nav","19":"col","20":"span_1_of_3","21":"owp-content-left","22":"owp-thumbs-layout-horizontal","23":"owp-btn-normal","24":"owp-tabs-layout-horizontal","25":"has-no-thumbnails"},"_links":{"self":[{"href":"https:\/\/ecocorner.eu\/en\/wp-json\/wp\/v2\/product\/6271","targetHints":{"allow":["GET"]}}],"collection":[{"href":"https:\/\/ecocorner.eu\/en\/wp-json\/wp\/v2\/product"}],"about":[{"href":"https:\/\/ecocorner.eu\/en\/wp-json\/wp\/v2\/types\/product"}],"version-history":[{"count":1,"href":"https:\/\/ecocorner.eu\/en\/wp-json\/wp\/v2\/product\/6271\/revisions"}],"predecessor-version":[{"id":6273,"href":"https:\/\/ecocorner.eu\/en\/wp-json\/wp\/v2\/product\/6271\/revisions\/6273"}],"wp:featuredmedia":[{"embeddable":true,"href":"https:\/\/ecocorner.eu\/en\/wp-json\/wp\/v2\/media\/6272"}],"wp:attachment":[{"href":"https:\/\/ecocorner.eu\/en\/wp-json\/wp\/v2\/media?parent=6271"}],"wp:term":[{"taxonomy":"product_brand","embeddable":true,"href":"https:\/\/ecocorner.eu\/en\/wp-json\/wp\/v2\/product_brand?post=6271"},{"taxonomy":"product_cat","embeddable":true,"href":"https:\/\/ecocorner.eu\/en\/wp-json\/wp\/v2\/product_cat?post=6271"},{"taxonomy":"product_tag","embeddable":true,"href":"https:\/\/ecocorner.eu\/en\/wp-json\/wp\/v2\/product_tag?post=6271"}],"curies":[{"name":"wp","href":"https:\/\/api.w.org\/{rel}","templated":true}]}}