{"id":6305,"date":"2024-12-30T19:39:48","date_gmt":"2024-12-30T19:39:48","guid":{"rendered":"https:\/\/ecocorner.eu\/?post_type=product&#038;p=6305"},"modified":"2025-01-09T15:41:39","modified_gmt":"2025-01-09T15:41:39","slug":"herbalex-plastry-rozgrzewajace-z-kasztanem-samoprzylepne-15h","status":"publish","type":"product","link":"https:\/\/ecocorner.eu\/en\/product\/herbalex-plastry-rozgrzewajace-z-kasztanem-samoprzylepne-15h\/","title":{"rendered":"Herbalex Plastry rozgrzewaj\u0105ce z kasztanem samoprzylepne (15h)"},"content":{"rendered":"<div class=\"mpof_ki myre_zn myre_8v_l m389_6m_l\">\n<div class=\"mp4t_16_s mryx_16_s mr3m_1 mli2_1 mh85_56 mh85_0_l\">\n<div class=\"mgn2_16 _0d3bd_am0a-\">\n<p><b>Contraindications<\/b><\/p>\n<p>Plaster rozgrzewaj\u0105cy do u\u017cytku zewn\u0119trznego. Plaster nak\u0142ada\u0107 na oczyszczon\u0105 i such\u0105 sk\u00f3r\u0119. Po usuni\u0119ciu warstwy ochronnej na\u0142o\u017cy\u0107 na miejsce docelowe. Czas grzania wynosi maksymalnie 24 godziny. Do u\u017cytku jednorazowego.<\/p>\n<\/div>\n<\/div>\n<\/div>\n<div class=\"mpof_ki myre_zn myre_8v_l m389_6m_l\">\n<div class=\"mp4t_16_s mryx_16_s mr3m_1 mli2_1 mh85_56 mh85_0_l\">\n<div class=\"mgn2_16 _0d3bd_am0a-\">\n<ul>\n<li>produkt oznaczony znakiem CE wraz z numerem jednostki notyfikowanej<\/li>\n<li>produkt zawiera etykiet\u0119\/ instrukcj\u0119 w j\u0119zyku polskim<\/li>\n<li>produkt zawiera informacj\u0119 o deklaracji zgodno\u015bci UE<\/li>\n<li>na opakowaniu (etykiecie) produktu oraz w instrukcji u\u017cywania zawarte jest wyra\u017ane sformu\u0142owanie, \u017ce wyr\u00f3b medyczny s\u0142u\u017cy do samokontroli<\/li>\n<\/ul>\n<\/div>\n<\/div>\n<\/div>","protected":false},"excerpt":{"rendered":"<div class=\"mpof_ki myre_zn myre_8v_l m389_6m_l\">\n<div class=\"mp4t_16_s mryx_16_s mr3m_1 mli2_1 mh85_56 mh85_0_l\">\n<div class=\"mgn2_16 _0d3bd_am0a-\">\n<p><b>Wskazania i dzia\u0142anie<\/b><\/p>\n<ul>\n<li>Herbalex plastry rozgrzewaj\u0105ce samoprzylepne z kasztanem skutecznie rozgrzewa sk\u00f3r\u0119 w miejscu <b>dolegliwo\u015bci wok\u00f3\u0142 barku, mi\u0119\u015bni, plec\u00f3w i odcinka l\u0119d\u017awiowego.<\/b><\/li>\n<li>Herbalex plastry rozgrzewaj\u0105ce samoprzylepne z kasztanem przynosz\u0105 ulg\u0119 w skuteczny i naturalny spos\u00f3b poprzez zastosowanie suchego ciep\u0142a.<\/li>\n<li>Pozytywny wp\u0142yw suchego ciep\u0142a znany ju\u017c jest od dawna z powodu swojego zbawiennego dzia\u0142ania na dolegliwo\u015bci mi\u0119\u015bni, plec\u00f3w oraz kr\u0119gos\u0142upa.<\/li>\n<li>Plastry Herbalex zapewniaj\u0105 g\u0142\u0119bokie rozlu\u017anienie wskazanych partii plec\u00f3w, szyi i ramion. Stosuje si\u0119 bezpo\u015brednio na sk\u00f3r\u0119. Plastry rozgrzewaj\u0105ce samoprzylepne nale\u017cy aplikowa\u0107 bezpo\u015brednio na sk\u00f3r\u0119 w miejscu dolegliwo\u015bci. Po przyklejeniu plastra w odpowiednim miejscu ciep\u0142o pomaga w jego przekrwieniu i rozlu\u017anieniu, dzi\u0119ki czemu doznamy ulgi. Przyjemne ciep\u0142o i ulga przychodz\u0105 natychmiast. Plaster dzia\u0142a do 15 h.<\/li>\n<li>Plastry samoprzylepne z kasztanem maj\u0105 relaksuj\u0105cy <b>zapach kasztanu<\/b>, kt\u00f3ry pot\u0119guje odczucie rozlu\u017anienia i ulgi. Plaster rozgrzewaj\u0105cy samoprzylepny mo\u017ce by\u0107 u\u017cywany zar\u00f3wno w ci\u0105gu dnia i nocy.<\/li>\n<\/ul>\n<\/div>\n<\/div>\n<\/div>\n<div class=\"mpof_ki myre_zn myre_8v_l m389_6m_l\">\n<div class=\"mp4t_16_s mryx_16_s mr3m_1 mli2_1 mh85_56 mh85_0_l\">\n<div class=\"mgn2_16 _0d3bd_am0a-\"><\/div>\n<\/div>\n<\/div>","protected":false},"featured_media":6306,"template":"","meta":{"ocean_post_layout":"","ocean_both_sidebars_style":"","ocean_both_sidebars_content_width":0,"ocean_both_sidebars_sidebars_width":0,"ocean_sidebar":"0","ocean_second_sidebar":"0","ocean_disable_margins":"enable","ocean_add_body_class":"","ocean_shortcode_before_top_bar":"","ocean_shortcode_after_top_bar":"","ocean_shortcode_before_header":"","ocean_shortcode_after_header":"","ocean_has_shortcode":"","ocean_shortcode_after_title":"","ocean_shortcode_before_footer_widgets":"","ocean_shortcode_after_footer_widgets":"","ocean_shortcode_before_footer_bottom":"","ocean_shortcode_after_footer_bottom":"","ocean_display_top_bar":"default","ocean_display_header":"default","ocean_header_style":"","ocean_center_header_left_menu":"0","ocean_custom_header_template":"0","ocean_custom_logo":0,"ocean_custom_retina_logo":0,"ocean_custom_logo_max_width":0,"ocean_custom_logo_tablet_max_width":0,"ocean_custom_logo_mobile_max_width":0,"ocean_custom_logo_max_height":0,"ocean_custom_logo_tablet_max_height":0,"ocean_custom_logo_mobile_max_height":0,"ocean_header_custom_menu":"0","ocean_menu_typo_font_family":"0","ocean_menu_typo_font_subset":"","ocean_menu_typo_font_size":0,"ocean_menu_typo_font_size_tablet":0,"ocean_menu_typo_font_size_mobile":0,"ocean_menu_typo_font_size_unit":"px","ocean_menu_typo_font_weight":"","ocean_menu_typo_font_weight_tablet":"","ocean_menu_typo_font_weight_mobile":"","ocean_menu_typo_transform":"","ocean_menu_typo_transform_tablet":"","ocean_menu_typo_transform_mobile":"","ocean_menu_typo_line_height":0,"ocean_menu_typo_line_height_tablet":0,"ocean_menu_typo_line_height_mobile":0,"ocean_menu_typo_line_height_unit":"","ocean_menu_typo_spacing":0,"ocean_menu_typo_spacing_tablet":0,"ocean_menu_typo_spacing_mobile":0,"ocean_menu_typo_spacing_unit":"","ocean_menu_link_color":"","ocean_menu_link_color_hover":"","ocean_menu_link_color_active":"","ocean_menu_link_background":"","ocean_menu_link_hover_background":"","ocean_menu_link_active_background":"","ocean_menu_social_links_bg":"","ocean_menu_social_hover_links_bg":"","ocean_menu_social_links_color":"","ocean_menu_social_hover_links_color":"","ocean_disable_title":"default","ocean_disable_heading":"default","ocean_post_title":"","ocean_post_subheading":"","ocean_post_title_style":"","ocean_post_title_background_color":"","ocean_post_title_background":0,"ocean_post_title_bg_image_position":"","ocean_post_title_bg_image_attachment":"","ocean_post_title_bg_image_repeat":"","ocean_post_title_bg_image_size":"","ocean_post_title_height":0,"ocean_post_title_bg_overlay":0.5,"ocean_post_title_bg_overlay_color":"","ocean_disable_breadcrumbs":"default","ocean_breadcrumbs_color":"","ocean_breadcrumbs_separator_color":"","ocean_breadcrumbs_links_color":"","ocean_breadcrumbs_links_hover_color":"","ocean_display_footer_widgets":"default","ocean_display_footer_bottom":"default","ocean_custom_footer_template":"0"},"product_brand":[],"product_cat":[21],"product_tag":[],"class_list":{"0":"post-6305","1":"product","2":"type-product","3":"status-publish","4":"has-post-thumbnail","6":"product_cat-zdrowie","8":"entry","9":"has-media","11":"first","12":"instock","13":"shipping-taxable","14":"purchasable","15":"product-type-simple","16":"has-product-nav","17":"col","18":"span_1_of_3","19":"owp-content-left","20":"owp-thumbs-layout-horizontal","21":"owp-btn-normal","22":"owp-tabs-layout-horizontal","23":"has-no-thumbnails"},"_links":{"self":[{"href":"https:\/\/ecocorner.eu\/en\/wp-json\/wp\/v2\/product\/6305","targetHints":{"allow":["GET"]}}],"collection":[{"href":"https:\/\/ecocorner.eu\/en\/wp-json\/wp\/v2\/product"}],"about":[{"href":"https:\/\/ecocorner.eu\/en\/wp-json\/wp\/v2\/types\/product"}],"version-history":[{"count":1,"href":"https:\/\/ecocorner.eu\/en\/wp-json\/wp\/v2\/product\/6305\/revisions"}],"predecessor-version":[{"id":6307,"href":"https:\/\/ecocorner.eu\/en\/wp-json\/wp\/v2\/product\/6305\/revisions\/6307"}],"wp:featuredmedia":[{"embeddable":true,"href":"https:\/\/ecocorner.eu\/en\/wp-json\/wp\/v2\/media\/6306"}],"wp:attachment":[{"href":"https:\/\/ecocorner.eu\/en\/wp-json\/wp\/v2\/media?parent=6305"}],"wp:term":[{"taxonomy":"product_brand","embeddable":true,"href":"https:\/\/ecocorner.eu\/en\/wp-json\/wp\/v2\/product_brand?post=6305"},{"taxonomy":"product_cat","embeddable":true,"href":"https:\/\/ecocorner.eu\/en\/wp-json\/wp\/v2\/product_cat?post=6305"},{"taxonomy":"product_tag","embeddable":true,"href":"https:\/\/ecocorner.eu\/en\/wp-json\/wp\/v2\/product_tag?post=6305"}],"curies":[{"name":"wp","href":"https:\/\/api.w.org\/{rel}","templated":true}]}}