{"id":6309,"date":"2024-12-30T20:33:30","date_gmt":"2024-12-30T20:33:30","guid":{"rendered":"https:\/\/ecocorner.eu\/?post_type=product&#038;p=6309"},"modified":"2026-01-22T12:28:11","modified_gmt":"2026-01-22T12:28:11","slug":"pasieki-sadowskich-witamina-c-w-kroplach-dla-dzieci-i-mlodziezy-miodzis-30-ml","status":"publish","type":"product","link":"https:\/\/ecocorner.eu\/en\/product\/pasieki-sadowskich-witamina-c-w-kroplach-dla-dzieci-i-mlodziezy-miodzis-30-ml\/","title":{"rendered":"Pasieki Sadowskich   Witamina C w kroplach dla dzieci i m\u0142odzie\u017cy  Miodzi\u015b  30 ml"},"content":{"rendered":"<h2 id=\"tab4\">Jak podawa\u0107 Witamin\u0119 C od Miodzisia?<strong>\u00a0<\/strong><\/h2>\n<p>Nasz Miodzi\u015b poleca prosto z \u0142y\u017ceczki lub doda\u0107 zalecan\u0105 porcj\u0119 dzienn\u0105 do wody, soczku lub syropu z miodem.<\/p>\n<p>Zalecana porcja odporno\u015bci od Miodzisia:<\/p>\n<ul>\n<li>10 kropli witamin dziennie dla dzieci 4 &#8211; 9 lat<\/li>\n<li>20 kropli witamin dziennie dla dzieci i m\u0142odzie\u017cy 10 &#8211; 18 lat<\/li>\n<\/ul>\n<h2 id=\"tab5\">Information<\/h2>\n<p><strong>Net volume:<\/strong> 30 ml<\/p>\n<p><strong>Ingredients: <\/strong>substancja zag\u0119szczaj\u0105ca &#8211; glicerol, ekstrakt z owoc\u00f3w dzikiej r\u00f3\u017cy, (rosa canina), ekstrakt z owoc\u00f3w aceroli (malpighia glabra), witamina C (kwas L-askorbinowy), woda.<\/p>\n<p><strong>Keeping:<\/strong> Produkt nale\u017cy chroni\u0107 przed \u015bwiat\u0142em. Przechowywa\u0107 w szczelnie zamkni\u0119tym opakowaniu, w temperaturze pokojowej, w suchym miejscu. Ponadto suplementy nale\u017cy przechowywa\u0107 w miejscu niedost\u0119pnym dla dzieci.<\/p>\n<p><strong>Security measures: <\/strong>Nie nale\u017cy przekracza\u0107 zalecanej dziennej porcji. Nie stosowa\u0107 w przypadku alergii lub nadwra\u017cliwo\u015bci na kt\u00f3rykolwiek ze sk\u0142adnik\u00f3w preparatu. Nie stosowa\u0107 u os\u00f3b maj\u0105cych predyspozycje do tworzenia si\u0119 kamieni nerkowych lub choruj\u0105cych na kamic\u0119 nerkow\u0105. Produkt przeznaczony dla dzieci i m\u0142odzie\u017cy w wieku od 4 do 18 lat. Spo\u017cywania produktu nie zaleca si\u0119 kobietom w ci\u0105\u017cy i karmi\u0105cym piersi\u0105. Suplementy diety nie mog\u0105 by\u0107 stosowane jako substytut (zamiennik) zr\u00f3\u017cnicowanej diety.<\/p>\n<table class=\"tabela-odzywcza\" width=\"403\">\n<thead>\n<tr>\n<th class=\"col1\">SK\u0141ADNIK AKTYWNY<\/th>\n<th class=\"col2\">Zawarto\u015b\u0107 10 Kropli<\/th>\n<th class=\"col3\">Zawarto\u015b\u0107 20 Kropli<\/th>\n<\/tr>\n<tr>\n<td class=\"col1\">Ekstrakt z owoc\u00f3w dzikiej r\u00f3\u017cy (rosa canina)<\/td>\n<td class=\"col2\">100 mg<\/td>\n<td class=\"col3\">200 mg<\/td>\n<\/tr>\n<tr>\n<td class=\"col1\">Ekstrakt z owoc\u00f3w aceroli (malpighia glabra)<\/td>\n<td class=\"col2\">100 mg<\/td>\n<td class=\"col3\">200 mg<\/td>\n<\/tr>\n<tr>\n<td class=\"col1\">Vitamin C<\/td>\n<td class=\"col2\">40 mg (50% DRWS*)<\/td>\n<td class=\"col3\">80 mg (100% DRWS*)<\/td>\n<\/tr>\n<\/thead>\n<\/table>\n<p>*DRWS &#8211; dzienne referencyjne warto\u015bci spo\u017cycia witamin i sk\u0142adnik\u00f3w mineralnych<\/p>","protected":false},"excerpt":{"rendered":"<div class=\"boxhead pw-boxhead\">\n<h3 class=\"name\">Witamina C dla dzieci Miodzi\u015b<\/h3>\n<\/div>\n<div class=\"row fx-short_desc\">\n<ul>\n<li>witamina C dla dzieci w postaci kropelek<\/li>\n<li>wygodna forma podania<\/li>\n<li>z dodatkiem dzikiej r\u00f3\u017cy i \u00a0aceroli<\/li>\n<\/ul>\n<h2 id=\"tab2\">Features<\/h2>\n<p>Wygodna forma kropelek to nie jedyna zaleta tego suplementu z apteczki od Miodzisia, poznajcie inne w\u0142a\u015bciwo\u015bci:<\/p>\n<ul>\n<li>si\u0142a z natury w witaminie C (kwas L-askorbinowy)<\/li>\n<li>ekstrakt z owoc\u00f3w dzikiej r\u00f3\u017cy oraz z owoc\u00f3w aceroli dla zwi\u0119kszenia naturalnej mocy witaminy C i wzbogacenia receptury<\/li>\n<li>doskona\u0142e wsparcie uk\u0142adu odporno\u015bciowego<\/li>\n<li>suplement nie zawiera sztucznych aromat\u00f3w i barwnik\u00f3w<\/li>\n<li>\u0142atwy w stosowaniu<\/li>\n<\/ul>\n<h2 id=\"tab3\">Dlaczego Witamina C &#8211; krople dla dzieci s\u0105 tak wyj\u0105tkowe?<strong>\u00a0<\/strong><\/h2>\n<ul>\n<li>Witamina C &#8211; pomaga w prawid\u0142owym funkcjonowaniu uk\u0142adu odporno\u015bciowego, wspiera przyswajanie \u017celaza, a tak\u017ce, dzi\u0119ki wspieraniu produkcji kolagenu, dba o prawid\u0142owe funkcjonowanie ko\u015bci, mi\u0119\u015bni, dzi\u0105se\u0142 i z\u0119b\u00f3w.<\/li>\n<\/ul>\n<ul>\n<li><strong>Ekstrakt z owoc\u00f3w dzikiej r\u00f3\u017cy &#8211; jest bogatym \u017ar\u00f3d\u0142em witaminy C, a przy tym jest doskona\u0142ym wsparciem dla uk\u0142adu krwiono\u015bnego.\u00a0<\/strong><\/li>\n<\/ul>\n<ul>\n<li><strong>Ekstrakt z owoc\u00f3w aceroli <\/strong>&#8211; dzi\u0119ki wysokiej zawarto\u015bci witaminy C wspiera uk\u0142ad odporno\u015bciowy i chroni przed infekcjami oraz chorobami<strong>.\u00a0<\/strong><\/li>\n<\/ul>\n<p>Witamina C &#8211; krople od Miodzisia to suplement dla dzieci i m\u0142odzie\u017cy, kt\u00f3ry mo\u017cna podawa\u0107 ju\u017c od 4. roku \u017cycia. Jest \u015bwietnym uzupe\u0142nieniem codziennej diety, a ich \u0142atwe stosowanie z pewno\u015bci\u0105 u\u0142atwi podawanie naturalnych witamin, zw\u0142aszcza w okresie wzrostu i rozwoju ka\u017cdego dziecka.<\/p>\n<p>&nbsp;<\/p>\n<\/div>","protected":false},"featured_media":6315,"template":"","meta":{"ocean_post_layout":"","ocean_both_sidebars_style":"","ocean_both_sidebars_content_width":0,"ocean_both_sidebars_sidebars_width":0,"ocean_sidebar":"0","ocean_second_sidebar":"0","ocean_disable_margins":"enable","ocean_add_body_class":"","ocean_shortcode_before_top_bar":"","ocean_shortcode_after_top_bar":"","ocean_shortcode_before_header":"","ocean_shortcode_after_header":"","ocean_has_shortcode":"","ocean_shortcode_after_title":"","ocean_shortcode_before_footer_widgets":"","ocean_shortcode_after_footer_widgets":"","ocean_shortcode_before_footer_bottom":"","ocean_shortcode_after_footer_bottom":"","ocean_display_top_bar":"default","ocean_display_header":"default","ocean_header_style":"","ocean_center_header_left_menu":"0","ocean_custom_header_template":"0","ocean_custom_logo":0,"ocean_custom_retina_logo":0,"ocean_custom_logo_max_width":0,"ocean_custom_logo_tablet_max_width":0,"ocean_custom_logo_mobile_max_width":0,"ocean_custom_logo_max_height":0,"ocean_custom_logo_tablet_max_height":0,"ocean_custom_logo_mobile_max_height":0,"ocean_header_custom_menu":"0","ocean_menu_typo_font_family":"0","ocean_menu_typo_font_subset":"","ocean_menu_typo_font_size":0,"ocean_menu_typo_font_size_tablet":0,"ocean_menu_typo_font_size_mobile":0,"ocean_menu_typo_font_size_unit":"px","ocean_menu_typo_font_weight":"","ocean_menu_typo_font_weight_tablet":"","ocean_menu_typo_font_weight_mobile":"","ocean_menu_typo_transform":"","ocean_menu_typo_transform_tablet":"","ocean_menu_typo_transform_mobile":"","ocean_menu_typo_line_height":0,"ocean_menu_typo_line_height_tablet":0,"ocean_menu_typo_line_height_mobile":0,"ocean_menu_typo_line_height_unit":"","ocean_menu_typo_spacing":0,"ocean_menu_typo_spacing_tablet":0,"ocean_menu_typo_spacing_mobile":0,"ocean_menu_typo_spacing_unit":"","ocean_menu_link_color":"","ocean_menu_link_color_hover":"","ocean_menu_link_color_active":"","ocean_menu_link_background":"","ocean_menu_link_hover_background":"","ocean_menu_link_active_background":"","ocean_menu_social_links_bg":"","ocean_menu_social_hover_links_bg":"","ocean_menu_social_links_color":"","ocean_menu_social_hover_links_color":"","ocean_disable_title":"default","ocean_disable_heading":"default","ocean_post_title":"","ocean_post_subheading":"","ocean_post_title_style":"","ocean_post_title_background_color":"","ocean_post_title_background":0,"ocean_post_title_bg_image_position":"","ocean_post_title_bg_image_attachment":"","ocean_post_title_bg_image_repeat":"","ocean_post_title_bg_image_size":"","ocean_post_title_height":0,"ocean_post_title_bg_overlay":0.5,"ocean_post_title_bg_overlay_color":"","ocean_disable_breadcrumbs":"default","ocean_breadcrumbs_color":"","ocean_breadcrumbs_separator_color":"","ocean_breadcrumbs_links_color":"","ocean_breadcrumbs_links_hover_color":"","ocean_display_footer_widgets":"default","ocean_display_footer_bottom":"default","ocean_custom_footer_template":"0"},"product_brand":[],"product_cat":[91,62,22,20],"product_tag":[],"class_list":{"0":"post-6309","1":"product","2":"type-product","3":"status-publish","4":"has-post-thumbnail","6":"product_cat-manufaktura-pasieki-sadowskich","7":"product_cat-odpornosc","8":"product_cat-suplementy-i-witaminy","9":"product_cat-dzieci","11":"entry","12":"has-media","14":"first","15":"instock","16":"shipping-taxable","17":"purchasable","18":"product-type-simple","19":"has-product-nav","20":"col","21":"span_1_of_3","22":"owp-content-left","23":"owp-thumbs-layout-horizontal","24":"owp-btn-normal","25":"owp-tabs-layout-horizontal","26":"has-no-thumbnails"},"_links":{"self":[{"href":"https:\/\/ecocorner.eu\/en\/wp-json\/wp\/v2\/product\/6309","targetHints":{"allow":["GET"]}}],"collection":[{"href":"https:\/\/ecocorner.eu\/en\/wp-json\/wp\/v2\/product"}],"about":[{"href":"https:\/\/ecocorner.eu\/en\/wp-json\/wp\/v2\/types\/product"}],"version-history":[{"count":1,"href":"https:\/\/ecocorner.eu\/en\/wp-json\/wp\/v2\/product\/6309\/revisions"}],"predecessor-version":[{"id":6316,"href":"https:\/\/ecocorner.eu\/en\/wp-json\/wp\/v2\/product\/6309\/revisions\/6316"}],"wp:featuredmedia":[{"embeddable":true,"href":"https:\/\/ecocorner.eu\/en\/wp-json\/wp\/v2\/media\/6315"}],"wp:attachment":[{"href":"https:\/\/ecocorner.eu\/en\/wp-json\/wp\/v2\/media?parent=6309"}],"wp:term":[{"taxonomy":"product_brand","embeddable":true,"href":"https:\/\/ecocorner.eu\/en\/wp-json\/wp\/v2\/product_brand?post=6309"},{"taxonomy":"product_cat","embeddable":true,"href":"https:\/\/ecocorner.eu\/en\/wp-json\/wp\/v2\/product_cat?post=6309"},{"taxonomy":"product_tag","embeddable":true,"href":"https:\/\/ecocorner.eu\/en\/wp-json\/wp\/v2\/product_tag?post=6309"}],"curies":[{"name":"wp","href":"https:\/\/api.w.org\/{rel}","templated":true}]}}