{"id":6312,"date":"2024-12-30T20:28:42","date_gmt":"2024-12-30T20:28:42","guid":{"rendered":"https:\/\/ecocorner.eu\/?post_type=product&#038;p=6312"},"modified":"2025-05-21T22:18:55","modified_gmt":"2025-05-21T22:18:55","slug":"weleda-dezodorant-w-kulce-bez-aluminium-granat-24h-50-ml","status":"publish","type":"product","link":"https:\/\/ecocorner.eu\/en\/product\/weleda-dezodorant-w-kulce-bez-aluminium-granat-24h-50-ml\/","title":{"rendered":"Weleda  Dezodorant w kulce bez aluminium Granat  24H  50 ml"},"content":{"rendered":"<p><span class=\"wartosc\">Ingredients<br \/>\nWater, Alcohol*, Triethyl Citrate, Glycerin, Limonene*, Sodium Caproyl\/Lauroyl Lactylate, Punica Granatum Fruit Juice*, Glycyrrhiza Glabra(Licorice) root Extract*, Hamamelis Virginiana Water*, Acacia Senegal Gum, Xanthan Gum, Citric Acid, Phytic Acid, Fragrance (Parfum)*, Linalool*, Citronellol*, Benzyl Benzoate*, Benzyl Salicylate*, Geraniol*, Citral*, Eugenol*, Coumarin*, Farnesol*. (*z naturalnych olejk\u00f3w eterycznych, sk\u0142adniki organiczne)<\/p>\n<p>METHOD OF APPLICATION<br \/>\nDo codziennego stosowania na czyst\u0105 sk\u00f3r\u0119. <\/span><\/p>","protected":false},"excerpt":{"rendered":"<p><span class=\"wartosc\"><br \/>\nDezodorant w wygodnej formie roll on. Gwarantuje niezawodn\u0105 ochron\u0119 przed nieprzyjemnym zapachem. Nie zawiera soli glinu ani nie blokuje por\u00f3w. Pomaga sk\u00f3rze zachowa\u0107 naturalne funkcje reguluj\u0105ce. Zapewnia d\u0142ugotrwa\u0142e uczucie \u015bwie\u017co\u015bci. Kompozycja zapachowa to niezwykle zmys\u0142owe po\u0142\u0105czenie ekstrakt\u00f3w z\u00a0pomara\u0144czy, wanilii i davany. Produkt przebadany dermatologicznie.<br \/>\n<\/span><\/p>","protected":false},"featured_media":6313,"template":"","meta":{"ocean_post_layout":"","ocean_both_sidebars_style":"","ocean_both_sidebars_content_width":0,"ocean_both_sidebars_sidebars_width":0,"ocean_sidebar":"0","ocean_second_sidebar":"0","ocean_disable_margins":"enable","ocean_add_body_class":"","ocean_shortcode_before_top_bar":"","ocean_shortcode_after_top_bar":"","ocean_shortcode_before_header":"","ocean_shortcode_after_header":"","ocean_has_shortcode":"","ocean_shortcode_after_title":"","ocean_shortcode_before_footer_widgets":"","ocean_shortcode_after_footer_widgets":"","ocean_shortcode_before_footer_bottom":"","ocean_shortcode_after_footer_bottom":"","ocean_display_top_bar":"default","ocean_display_header":"default","ocean_header_style":"","ocean_center_header_left_menu":"0","ocean_custom_header_template":"0","ocean_custom_logo":0,"ocean_custom_retina_logo":0,"ocean_custom_logo_max_width":0,"ocean_custom_logo_tablet_max_width":0,"ocean_custom_logo_mobile_max_width":0,"ocean_custom_logo_max_height":0,"ocean_custom_logo_tablet_max_height":0,"ocean_custom_logo_mobile_max_height":0,"ocean_header_custom_menu":"0","ocean_menu_typo_font_family":"0","ocean_menu_typo_font_subset":"","ocean_menu_typo_font_size":0,"ocean_menu_typo_font_size_tablet":0,"ocean_menu_typo_font_size_mobile":0,"ocean_menu_typo_font_size_unit":"px","ocean_menu_typo_font_weight":"","ocean_menu_typo_font_weight_tablet":"","ocean_menu_typo_font_weight_mobile":"","ocean_menu_typo_transform":"","ocean_menu_typo_transform_tablet":"","ocean_menu_typo_transform_mobile":"","ocean_menu_typo_line_height":0,"ocean_menu_typo_line_height_tablet":0,"ocean_menu_typo_line_height_mobile":0,"ocean_menu_typo_line_height_unit":"","ocean_menu_typo_spacing":0,"ocean_menu_typo_spacing_tablet":0,"ocean_menu_typo_spacing_mobile":0,"ocean_menu_typo_spacing_unit":"","ocean_menu_link_color":"","ocean_menu_link_color_hover":"","ocean_menu_link_color_active":"","ocean_menu_link_background":"","ocean_menu_link_hover_background":"","ocean_menu_link_active_background":"","ocean_menu_social_links_bg":"","ocean_menu_social_hover_links_bg":"","ocean_menu_social_links_color":"","ocean_menu_social_hover_links_color":"","ocean_disable_title":"default","ocean_disable_heading":"default","ocean_post_title":"","ocean_post_subheading":"","ocean_post_title_style":"","ocean_post_title_background_color":"","ocean_post_title_background":0,"ocean_post_title_bg_image_position":"","ocean_post_title_bg_image_attachment":"","ocean_post_title_bg_image_repeat":"","ocean_post_title_bg_image_size":"","ocean_post_title_height":0,"ocean_post_title_bg_overlay":0.5,"ocean_post_title_bg_overlay_color":"","ocean_disable_breadcrumbs":"default","ocean_breadcrumbs_color":"","ocean_breadcrumbs_separator_color":"","ocean_breadcrumbs_links_color":"","ocean_breadcrumbs_links_hover_color":"","ocean_display_footer_widgets":"default","ocean_display_footer_bottom":"default","ocean_custom_footer_template":"0"},"product_brand":[],"product_cat":[39],"product_tag":[],"class_list":{"0":"post-6312","1":"product","2":"type-product","3":"status-publish","4":"has-post-thumbnail","6":"product_cat-naturalne-dezodoranty","8":"entry","9":"has-media","11":"first","12":"outofstock","13":"shipping-taxable","14":"purchasable","15":"product-type-simple","16":"has-product-nav","17":"col","18":"span_1_of_3","19":"owp-content-left","20":"owp-thumbs-layout-horizontal","21":"owp-btn-normal","22":"owp-tabs-layout-horizontal","23":"has-no-thumbnails"},"_links":{"self":[{"href":"https:\/\/ecocorner.eu\/en\/wp-json\/wp\/v2\/product\/6312","targetHints":{"allow":["GET"]}}],"collection":[{"href":"https:\/\/ecocorner.eu\/en\/wp-json\/wp\/v2\/product"}],"about":[{"href":"https:\/\/ecocorner.eu\/en\/wp-json\/wp\/v2\/types\/product"}],"version-history":[{"count":1,"href":"https:\/\/ecocorner.eu\/en\/wp-json\/wp\/v2\/product\/6312\/revisions"}],"predecessor-version":[{"id":6314,"href":"https:\/\/ecocorner.eu\/en\/wp-json\/wp\/v2\/product\/6312\/revisions\/6314"}],"wp:featuredmedia":[{"embeddable":true,"href":"https:\/\/ecocorner.eu\/en\/wp-json\/wp\/v2\/media\/6313"}],"wp:attachment":[{"href":"https:\/\/ecocorner.eu\/en\/wp-json\/wp\/v2\/media?parent=6312"}],"wp:term":[{"taxonomy":"product_brand","embeddable":true,"href":"https:\/\/ecocorner.eu\/en\/wp-json\/wp\/v2\/product_brand?post=6312"},{"taxonomy":"product_cat","embeddable":true,"href":"https:\/\/ecocorner.eu\/en\/wp-json\/wp\/v2\/product_cat?post=6312"},{"taxonomy":"product_tag","embeddable":true,"href":"https:\/\/ecocorner.eu\/en\/wp-json\/wp\/v2\/product_tag?post=6312"}],"curies":[{"name":"wp","href":"https:\/\/api.w.org\/{rel}","templated":true}]}}