{"id":6320,"date":"2024-12-30T21:02:37","date_gmt":"2024-12-30T21:02:37","guid":{"rendered":"https:\/\/ecocorner.eu\/?post_type=product&#038;p=6320"},"modified":"2025-11-01T19:38:21","modified_gmt":"2025-11-01T19:38:21","slug":"pasieki-sadowskich-miod-z-pylkiem-pszczelim-i-propolisem-430-g","status":"publish","type":"product","link":"https:\/\/ecocorner.eu\/en\/product\/pasieki-sadowskich-miod-z-pylkiem-pszczelim-i-propolisem-430-g\/","title":{"rendered":"Pasieki Sadowskich    Mi\u00f3d z py\u0142kiem pszczelim i propolisem   430 g"},"content":{"rendered":"<h2 id=\"tab3\">Prawdziwy mi\u00f3d z py\u0142kiem<\/h2>\n<p>Co zyska\u0142 <strong><a href=\"https:\/\/pasiekisadowskich.pl\/miod-wielokwiatowy\">mi\u00f3d wielokwiatowy<\/a><\/strong>, kiedy dodali\u015bmy do niego py\u0142ek? Pyszny smak i pszczel\u0105 moc! To <strong>dobry wyb\u00f3r dla sportowc\u00f3w<\/strong> &#8211; zawiera \u0142atwo przyswajalne cukry proste i dodaje energii. Mi\u00f3d z py\u0142kiem pszczelim jest prawdziwie naturaln\u0105 wariacj\u0105 aromatu i nektaru kwiatowego, czyli tego, co pszczo\u0142y zbieraj\u0105 i transportuj\u0105 za ka\u017cdym razem do swoich uli. Po\u0142\u0105czenie miodu i py\u0142ku, w odr\u00f3\u017cnieniu od jednokwiatowych pszczelich \u0142akoci, takich jak<strong><a href=\"https:\/\/pasiekisadowskich.pl\/miod-faceliowy\"> mi\u00f3d faceliowy<\/a><\/strong>\u00a0czy <strong><a href=\"https:\/\/pasiekisadowskich.pl\/miod-rzepakowy\">mi\u00f3d rzepakowy<\/a><\/strong>, <strong>tworzy najbogatsz\u0105 kwiatow\u0105 kompozycj\u0119 smaku, aromatu i dobroczynnych w\u0142a\u015bciwo\u015bci<\/strong>.<\/p>\n<h2 id=\"tab4\">Prawdziwy mi\u00f3d z propolisem<\/h2>\n<p>Bzzz&#8230; Wiecie, \u017ce propolis wykazuje silne dzia\u0142anie antybakteryjne i to w\u0142a\u015bnie dlatego jest substancj\u0105, kt\u00f3ra wzmacnia pszczele konstrukcje? Co wi\u0119cej, kit propolisowy s\u0142u\u017cy do uszczelniania ula &#8211; pszczo\u0142y powlekaj\u0105 nim od wewn\u0105trz \u015bcianki swoich domk\u00f3w, co zapewnia im ochron\u0119 przeciwbakteryjn\u0105. Do czego s\u0142u\u017cy nam? Z pewno\u015bci\u0105 znacie go z domowych receptur i tworzenia naturalnych nalewek ze spirytusem. A my, kit pszczeli dodajemy do miodu, by s\u0142odycz zyska\u0142a wi\u0119cej pszczelej mocy!<\/p>\n<h2 id=\"tab5\"><strong>Jak powstaje mi\u00f3d z py\u0142kiem i propolisem z naszej pasieki?\u00a0<\/strong><\/h2>\n<p>Prawdziwy mi\u00f3d wielokwiatowy nasze pszczo\u0142y wytwarzaj\u0105 ze zbior\u00f3w nektaru kwiat\u00f3w, kwitn\u0105cych w okolicach pasieki. Natomiast py\u0142ek pomaga uzupe\u0142ni\u0107 kwiatowe akcenty &#8211; do\u0142\u0105czamy go do nektarowej s\u0142odyczy i jeszcze&#8230; Zapragn\u0119li\u015bmy, by s\u0142oiki dobroci prosto z ula zawiera\u0142y <strong>maksymalnie du\u017c\u0105 porcj\u0119 dobroczynnych warto\u015bci!<\/strong> Tak przyszed\u0142 nam do g\u0142owy pomys\u0142, by do\u0142\u0105czy\u0107 odrobin\u0119 propolisu o bogatym sk\u0142adzie &#8211; \u017cywic drzewnych, wosku, olejk\u00f3w eterycznych i s\u0142odkich wydzielin. Tyyyle natury i w\u0142a\u015bciwo\u015bci!<\/p>\n<p>I oto &#8211; przedstawiamy mi\u00f3d z py\u0142kiem i propolisem. Kremowy, pachn\u0105cy i pe\u0142en naturalnych cudowno\u015bci zamkni\u0119tych w jednym s\u0142oiku. Odkryj razem z nami naturaln\u0105 moc kwiatowego nektaru, py\u0142k\u00f3w i enzym\u00f3w. Zam\u00f3w s\u0142oik pe\u0142en py\u0142ku i propolisu w miodzie i delektuj si\u0119 aromatyczn\u0105 s\u0142odycz\u0105, kt\u00f3ra odwdzi\u0119czy si\u0119 wspania\u0142ym samopoczuciem \ud83d\ude09<\/p>\n<h2 id=\"tab6\"><strong>Stosowanie miodu z py\u0142kiem i propolisem\u00a0<\/strong><\/h2>\n<p>Po\u0142\u0105czenie naturalnego miodu z py\u0142kiem i dodatkiem kitu pszczelego to doskona\u0142y wyb\u00f3r i wsparcie codziennej diety.<\/p>\n<ul>\n<li>mo\u017cna smarowa\u0107 nim m.in. pieczywo, ulubione bu\u0142eczki i croissanty<\/li>\n<li>sprawdzi si\u0119 jako dodatek w miksturkach mocy<\/li>\n<li>os\u0142odzi i doda w\u0142a\u015bciwo\u015bci przestudzonym zio\u0142owym naparom<\/li>\n<\/ul>\n<p>Nasz mi\u00f3d z py\u0142kiem i propolisem nale\u017cy, tak jak inne pszczele dobroci stosowa\u0107 <strong>do przestudzonych da\u0144, miksturek i napar\u00f3w<\/strong> &#8211; dzi\u0119ki temu zachowacie pe\u0142ni\u0119 naturalnych w\u0142a\u015bciwo\u015bci.<\/p>\n<p>Bzzz&#8230; Dzi\u0119ki swoim w\u0142a\u015bciwo\u015bciom i warto\u015bciom od\u017cywczym, regularne spo\u017cywanie pszczelich wspania\u0142o\u015bci z natury pozwoli zatroszczy\u0107 si\u0119 o dobre samopoczucie ka\u017cdego dnia!<\/p>\n<h2 id=\"tab7\">Przeciwwskazania do stosowania po\u0142\u0105czenia miodu z py\u0142kiem i kitem pszczelim<\/h2>\n<p>Mi\u00f3d z propolisem mo\u017cna spo\u017cywa\u0107 tak jak ka\u017cdy naturalny mi\u00f3d, jednak z zachowaniem ostro\u017cno\u015bci. Z uwagi na silne dzia\u0142anie tego superfood prosto z ula <strong>nie zalecamy go osobom uczulonym na produkty pszczele<\/strong>. Przed spo\u017cyciem upewnijcie si\u0119, \u017ce nie wyst\u0119puje uczulenie na \u017caden ze sk\u0142adnik\u00f3w, a je\u015bli nie macie pewno\u015bci &#8211; warto skonsultowa\u0107 to z lekarzem lub dietetykiem \ud83d\ude09 Mi\u00f3d z py\u0142kiem i propolisem zalecamy podawa\u0107 dzieciom od 3. roku \u017cycia.<\/p>\n<h2 id=\"tab8\"><strong>Information<\/strong><\/h2>\n<p><strong>Ingredients:<\/strong> 94% nektarowy mi\u00f3d wielokwiatowy, 5% py\u0142ek pszczeli, 1% propolis<\/p>\n<p>Produkt nale\u017cy przechowywa\u0107 w suchym, ch\u0142odnym i zacienionym miejscu.<\/p>\n<table class=\"tabela-odzywcza\" width=\"403\">\n<thead>\n<tr>\n<th class=\"col1\">WARTO\u015a\u0106 OD\u017bYWCZA<\/th>\n<th class=\"col2\">w 100 g<\/th>\n<th class=\"col3\">% RWS<sup>*<\/sup><\/th>\n<\/tr>\n<tr>\n<td class=\"col1\">Energy value<\/td>\n<td class=\"col2\">1410 kJ \/ 321\u00a0kcal<\/td>\n<td class=\"col3\">\u00a017%<\/td>\n<\/tr>\n<tr>\n<td class=\"col1\">Fat<\/td>\n<td class=\"col2\">0,6 g<\/td>\n<td class=\"col3\">\u00a00%<\/td>\n<\/tr>\n<tr>\n<td class=\"col1\">\u2014 w tym kwasy nasycone<\/td>\n<td class=\"col2\">0 g<\/td>\n<td class=\"col3\">\u00a00%<\/td>\n<\/tr>\n<tr>\n<td class=\"col1\">Carbohydrates<\/td>\n<td class=\"col2\">81 g<\/td>\n<td class=\"col3\">\u00a031 %<\/td>\n<\/tr>\n<tr>\n<td class=\"col1\">\u2014 w tym cukry<\/td>\n<td class=\"col2\">72 g<\/td>\n<td class=\"col3\">\u00a080 %<\/td>\n<\/tr>\n<tr>\n<td class=\"col1\">Squirrel<\/td>\n<td class=\"col2\">2,0 g<\/td>\n<td class=\"col3\">\u00a04 %<\/td>\n<\/tr>\n<tr>\n<td class=\"col1\">Salt<\/td>\n<td class=\"col2\">0 g<\/td>\n<td class=\"col3\">\u00a00%<\/td>\n<\/tr>\n<\/thead>\n<\/table>","protected":false},"excerpt":{"rendered":"<div class=\"pw-oprodukcie\">\n<div class=\"pw-oprodukcie-text\">\n<p>Mi\u00f3d z dodatkiem <strong><a href=\"https:\/\/pasiekisadowskich.pl\/pylek-pszczeli-suszony\">py\u0142ku pszczelego<\/a><\/strong>\u00a0i <strong><a href=\"https:\/\/pasiekisadowskich.pl\/propolis\">propolisu<\/a><\/strong>\u00a0to bogaty, naturalny produkt pszczeli. <strong>Posiada atuty miodu wielokwiatowego, py\u0142ku kwiatowego i propolisu, zwanego te\u017c kitem pszczelim. <\/strong>S\u0142oiczek zawieraj\u0105cy trio dobroci od naszych pszcz\u00f3\u0142 \u0142\u0105czy w sobie wszystko co najlepsze z ula i tak te\u017c pachnie i smakuje!<\/p>\n<\/div>\n<div class=\"pw-oprodukcie-image\"><\/div>\n<\/div>\n<div id=\"box_description\" class=\"box tab\">\n<div class=\"innerbox\">\n<div class=\"resetcss\">\n<p>&nbsp;<\/p>\n<h2 id=\"tab2\">W\u0142a\u015bciwo\u015bci miodu z py\u0142kiem i propolisem<\/h2>\n<p>Ten, kto zna nasz\u0105 pszczel\u0105 s\u0142odycz z natury i dobroci od skrzydlatych przyjaci\u00f3\u0142ek, ten nie b\u0119dzie zaskoczony supermocami, jakie kryje w sobie nasza kompozycja:<\/p>\n<ul>\n<li>94% miodu wielokwiatowego<\/li>\n<li>5% rozdrobnionego py\u0142ku pszczelego<\/li>\n<li>1% zmielonego propolisu<\/li>\n<li>smak miodu wielokwiatowego<\/li>\n<li>barwa miodu z dodatkiem propolisu mo\u017ce r\u00f3\u017cni\u0107 si\u0119 od jasno\u017c\u00f3\u0142tej po jasnobr\u0105zow\u0105<\/li>\n<li>wyj\u0105tkowe po\u0142\u0105czenie warto\u015bci od\u017cywczych<\/li>\n<li>zawiera \u0142atwo przyswajalne cukry proste oraz du\u017c\u0105 ilo\u015b\u0107 protein &#8211; idealny dla sportowc\u00f3w<\/li>\n<\/ul>\n<p>A kto zna pszczele dobroci i ich funkcje w ulu ten wie, \u017ce propolis pe\u0142ni niezwykle wa\u017cn\u0105 rol\u0119 w domkach naszych skrzydlatych przyjaci\u00f3\u0142ek. Ma dla nich dzia\u0142anie bakteriob\u00f3jcze, przeciwgrzybiczne, chroni przed dostaniem si\u0119 drobnoustroj\u00f3w i bakterii. Propolis w postaci fundamentalnego wsparcia pszczelich konstrukcji jest naturalnym \u015brodkiem grzybob\u00f3jczym, antyseptycznym, a nawet ma charakter przeciwwirusowy. Zatem \u015bmia\u0142o mo\u017cemy stwierdzi\u0107, \u017ce nasze skrzydlate robotnice doskonale wiedz\u0105 jak dba\u0107 o dezynfekcj\u0119 ula, swoje zdrowie i odporno\u015b\u0107 organizm\u00f3w ma\u0142ych pszcz\u00f3\u0142ek. Propolis dzia\u0142a w pszczelim \u015bwiecie jak przeciwzapalna ochronna kurtyna, kt\u00f3ra chroni przed dostaniem si\u0119 wirus\u00f3w i grzyb\u00f3w do pszczelich domk\u00f3w.<\/p>\n<\/div>\n<\/div>\n<\/div>","protected":false},"featured_media":6321,"template":"","meta":{"ocean_post_layout":"","ocean_both_sidebars_style":"","ocean_both_sidebars_content_width":0,"ocean_both_sidebars_sidebars_width":0,"ocean_sidebar":"0","ocean_second_sidebar":"0","ocean_disable_margins":"enable","ocean_add_body_class":"","ocean_shortcode_before_top_bar":"","ocean_shortcode_after_top_bar":"","ocean_shortcode_before_header":"","ocean_shortcode_after_header":"","ocean_has_shortcode":"","ocean_shortcode_after_title":"","ocean_shortcode_before_footer_widgets":"","ocean_shortcode_after_footer_widgets":"","ocean_shortcode_before_footer_bottom":"","ocean_shortcode_after_footer_bottom":"","ocean_display_top_bar":"default","ocean_display_header":"default","ocean_header_style":"","ocean_center_header_left_menu":"0","ocean_custom_header_template":"0","ocean_custom_logo":0,"ocean_custom_retina_logo":0,"ocean_custom_logo_max_width":0,"ocean_custom_logo_tablet_max_width":0,"ocean_custom_logo_mobile_max_width":0,"ocean_custom_logo_max_height":0,"ocean_custom_logo_tablet_max_height":0,"ocean_custom_logo_mobile_max_height":0,"ocean_header_custom_menu":"0","ocean_menu_typo_font_family":"0","ocean_menu_typo_font_subset":"","ocean_menu_typo_font_size":0,"ocean_menu_typo_font_size_tablet":0,"ocean_menu_typo_font_size_mobile":0,"ocean_menu_typo_font_size_unit":"px","ocean_menu_typo_font_weight":"","ocean_menu_typo_font_weight_tablet":"","ocean_menu_typo_font_weight_mobile":"","ocean_menu_typo_transform":"","ocean_menu_typo_transform_tablet":"","ocean_menu_typo_transform_mobile":"","ocean_menu_typo_line_height":0,"ocean_menu_typo_line_height_tablet":0,"ocean_menu_typo_line_height_mobile":0,"ocean_menu_typo_line_height_unit":"","ocean_menu_typo_spacing":0,"ocean_menu_typo_spacing_tablet":0,"ocean_menu_typo_spacing_mobile":0,"ocean_menu_typo_spacing_unit":"","ocean_menu_link_color":"","ocean_menu_link_color_hover":"","ocean_menu_link_color_active":"","ocean_menu_link_background":"","ocean_menu_link_hover_background":"","ocean_menu_link_active_background":"","ocean_menu_social_links_bg":"","ocean_menu_social_hover_links_bg":"","ocean_menu_social_links_color":"","ocean_menu_social_hover_links_color":"","ocean_disable_title":"default","ocean_disable_heading":"default","ocean_post_title":"","ocean_post_subheading":"","ocean_post_title_style":"","ocean_post_title_background_color":"","ocean_post_title_background":0,"ocean_post_title_bg_image_position":"","ocean_post_title_bg_image_attachment":"","ocean_post_title_bg_image_repeat":"","ocean_post_title_bg_image_size":"","ocean_post_title_height":0,"ocean_post_title_bg_overlay":0.5,"ocean_post_title_bg_overlay_color":"","ocean_disable_breadcrumbs":"default","ocean_breadcrumbs_color":"","ocean_breadcrumbs_separator_color":"","ocean_breadcrumbs_links_color":"","ocean_breadcrumbs_links_hover_color":"","ocean_display_footer_widgets":"default","ocean_display_footer_bottom":"default","ocean_custom_footer_template":"0"},"product_brand":[],"product_cat":[91,71],"product_tag":[],"class_list":{"0":"post-6320","1":"product","2":"type-product","3":"status-publish","4":"has-post-thumbnail","6":"product_cat-manufaktura-pasieki-sadowskich","7":"product_cat-miody-naturalne","9":"entry","10":"has-media","12":"first","13":"outofstock","14":"shipping-taxable","15":"purchasable","16":"product-type-simple","17":"has-product-nav","18":"col","19":"span_1_of_3","20":"owp-content-left","21":"owp-thumbs-layout-horizontal","22":"owp-btn-normal","23":"owp-tabs-layout-horizontal","24":"has-no-thumbnails"},"_links":{"self":[{"href":"https:\/\/ecocorner.eu\/en\/wp-json\/wp\/v2\/product\/6320","targetHints":{"allow":["GET"]}}],"collection":[{"href":"https:\/\/ecocorner.eu\/en\/wp-json\/wp\/v2\/product"}],"about":[{"href":"https:\/\/ecocorner.eu\/en\/wp-json\/wp\/v2\/types\/product"}],"version-history":[{"count":1,"href":"https:\/\/ecocorner.eu\/en\/wp-json\/wp\/v2\/product\/6320\/revisions"}],"predecessor-version":[{"id":6322,"href":"https:\/\/ecocorner.eu\/en\/wp-json\/wp\/v2\/product\/6320\/revisions\/6322"}],"wp:featuredmedia":[{"embeddable":true,"href":"https:\/\/ecocorner.eu\/en\/wp-json\/wp\/v2\/media\/6321"}],"wp:attachment":[{"href":"https:\/\/ecocorner.eu\/en\/wp-json\/wp\/v2\/media?parent=6320"}],"wp:term":[{"taxonomy":"product_brand","embeddable":true,"href":"https:\/\/ecocorner.eu\/en\/wp-json\/wp\/v2\/product_brand?post=6320"},{"taxonomy":"product_cat","embeddable":true,"href":"https:\/\/ecocorner.eu\/en\/wp-json\/wp\/v2\/product_cat?post=6320"},{"taxonomy":"product_tag","embeddable":true,"href":"https:\/\/ecocorner.eu\/en\/wp-json\/wp\/v2\/product_tag?post=6320"}],"curies":[{"name":"wp","href":"https:\/\/api.w.org\/{rel}","templated":true}]}}