{"id":6323,"date":"2024-12-30T21:04:59","date_gmt":"2024-12-30T21:04:59","guid":{"rendered":"https:\/\/ecocorner.eu\/?post_type=product&#038;p=6323"},"modified":"2025-11-01T19:36:42","modified_gmt":"2025-11-01T19:36:42","slug":"pasieki-sadowskich-miod-faceliowy-430-g","status":"publish","type":"product","link":"https:\/\/ecocorner.eu\/en\/product\/pasieki-sadowskich-miod-faceliowy-430-g\/","title":{"rendered":"Pasieki Sadowskich   Mi\u00f3d  faceliowy  430 g"},"content":{"rendered":"<h2 id=\"tab3\">Application<strong>\u00a0<\/strong><\/h2>\n<p>&nbsp;<\/p>\n<p>Mi\u00f3d faceliowy to wyj\u0105tkowy mi\u00f3d dla \u0142asuch\u00f3w i fan\u00f3w naturalnych s\u0142odko\u015bci &#8211; \u0142y\u017ceczk\u0105, prosto ze s\u0142oika jest rarytasem. Dodajcie go do przestudzonej herbaty lub naparu. Bzzz\u2026 przypominamy &#8211; \u017ceby zachowa\u0107 magiczne dzia\u0142anie \u015bwie\u017cego miodu faceliowego &#8211; nie podgrzewamy go i nie dodajemy do gor\u0105cego napoju lub posi\u0142ku, bo to naturalna dobro\u0107 prosto z polskiej Pasieki i w niskiej temperaturze nie straci swoich w\u0142a\u015bciwo\u015bci oraz tak mi\u00f3d jest lepiej przyswajalny! A sprawdzi si\u0119 jako <strong>znakomity dodatek w letniej jaglance, owsiance lub jako polewa do nale\u015bnik\u00f3w i placuszk\u00f3w<\/strong>. Naturalny smak i aromat ka\u017cdego dnia!<\/p>\n<p>To nie wszystko! Co powiecie na domowy rytua\u0142 pi\u0119kna i przyjemno\u015bci? Mi\u00f3d faceliowy znajdzie swoje zastosowanie r\u00f3wnie\u017c jako <strong>dodatek do domowej maseczki oraz peelingu<\/strong>. Kwiatowy zapach sprawia, \u017ce jest to zmys\u0142owa podr\u00f3\u017c do s\u0142onecznego lata.<\/p>\n<h2 id=\"tab4\">Czy mi\u00f3d faceliowy jest odpowiedni dla dzieci?<\/h2>\n<p>Je\u015bli zastanawiacie si\u0119 czy podawa\u0107 mi\u00f3d dzieciom to tu rozwiewamy w\u0105tpliwo\u015bci &#8211; \u015bmia\u0142o mo\u017cna go podawa\u0107 dzieciom <strong>powy\u017cej 1. roku \u017cycia.<\/strong> Jest idealny dla urozmaicenia posi\u0142k\u00f3w, deser\u00f3w i przek\u0105sek. Spr\u00f3bujcie, mi\u00f3d faceliowy dzia\u0142a nawet na najwi\u0119kszych niejadk\u00f3w. Wszystko dzi\u0119ki temu, \u017ce nasz mi\u00f3d z facelii ma <strong>wyj\u0105tkowo \u0142agodny smak<\/strong> i jest pyszny! Dzieci kochaj\u0105 smak miodu faceliowego, zatem to doskona\u0142y wyb\u00f3r na start przygody z miodami. A to ju\u017c prosta droga, by si\u0119gn\u0105\u0107 do pe\u0142nej gamy miod\u00f3w prosto z naszych Pasiek!<\/p>\n<p>&nbsp;<\/p>\n<h2 id=\"tab5\">Mi\u00f3d faceliowy &#8211; co to takiego?<\/h2>\n<p>To delikatny mi\u00f3d nektarowy (kwiatowy), pozyskiwany przez nasze pszczo\u0142y z niebiesko-fioletowych p\u00f3l facelii &#8211; w odr\u00f3\u017cnieniu od\u00a0miodu lipowego, kt\u00f3ry zawiera r\u00f3wnie\u017c spad\u017a. \u00a0Pyszne i cenne\u00a0 \u017ar\u00f3d\u0142o warto\u015bci od\u017cywczych. Okres kwitnienia i p\u00f3l wyr\u00f3\u017cniaj\u0105cych si\u0119 pi\u0119kn\u0105 barw\u0105 to dla naszych pszcz\u00f3\u0142 gor\u0105cy czas pracy i zbierania nektaru, by\u015bmy mogli w por\u0119 cieszy\u0107 si\u0119 naturaln\u0105 dobroci\u0105 i p\u0142yn\u0105c\u0105 z niej energi\u0105! To ten rodzaj miodu, o kt\u00f3rym pszczelarze m\u00f3wi\u0105 jak o polskim miodzie <strong><a href=\"https:\/\/pasiekisadowskich.pl\/pl\/c\/Miody-manuka\/103\">Manuka<\/a><\/strong>!<\/p>\n<p>&nbsp;<\/p>\n<h2 id=\"tab6\">Z czego jest mi\u00f3d faceliowy?<\/h2>\n<p>Mi\u00f3d faceliowy powstaje z pastewnej ro\u015bliny miododajnej. A z uwagi na czas kwitnienia i ilo\u015b\u0107 nektaru jakim nas obdarza facelia b\u0142\u0119kitna w naszym pszczelarskim towarzystwie jest nazywana kr\u00f3low\u0105 ro\u015blin miododajnych. Ma ona b\u0142\u0119kitno-fioletowe kwiaty, a przy tym unosz\u0105cy si\u0119 zio\u0142owy zapach, kt\u00f3ry zaprasza skrzydlate robotnice do odwiedzania p\u00f3l. Facelia jest ro\u015blin\u0105, kt\u00f3ra nie wymaga du\u017cych nak\u0142ad\u00f3w i ro\u015bnie cz\u0119sto jako poplon. Jej okres kwitnienia wynosi oko\u0142o 5 tygodni, natomiast okres zbioru mo\u017ce trwa\u0107 od maja do sierpnia. Uwielbiamy ten czas i widok pilnie pracuj\u0105cych skrzydlatych przyjaci\u00f3\u0142ek!<\/p>\n<h2 id=\"tab7\">Gdzie kupi\u0107 mi\u00f3d faceliowy? \/ Cena<strong>\u00a0<\/strong><\/h2>\n<ul>\n<li>Cena naszego miodu faceliowego stanowi sk\u0142adow\u0105 wielu czynnik\u00f3w, od procesu pozyskiwania miodu &#8211; po pakowanie z zachowaniem zasad zero waste.<\/li>\n<li>Mi\u00f3d pszczeli z naszej rodzinnej Pasieki to 100% pewno\u015bci zakupu z najlepszego &#8211; polskiego \u017ar\u00f3d\u0142a.<\/li>\n<li>Mi\u00f3d faceliowy jest w 100 % naturalny, ma przyjemny smak, odpowiedni\u0105 konsystencj\u0119, posiada w\u0142a\u015bciwo\u015bci oraz \u015bwie\u017co\u015b\u0107 z natury i jest jednym z najbardziej cenionych miod\u00f3w!<\/li>\n<li>Zawsze dbamy o blisko\u015b\u0107 i relacje z natur\u0105, a to kolejny atut w pracy naszych pszcz\u00f3\u0142.<\/li>\n<li>Szklane s\u0142oiki pe\u0142ne s\u0142odkiej dobroci z naszych Pasiek s\u0105 warte ka\u017cdej ceny &#8211; przekonajcie si\u0119 sami!<\/li>\n<\/ul>\n<h2 id=\"tab8\">Badania potwierdzaj\u0105<strong>\u00a0<\/strong><\/h2>\n<p>Mi\u00f3d faceliowy z naszych Pasiek to gwarancja natury i jako\u015bci, a potwierdzaj\u0105 to Badania Pa\u0144stwowego Instytutu Badawczego &#8211; Laboratorium Badania Jako\u015bci Produkt\u00f3w Pszczelich w Pu\u0142awach.<\/p>\n<ul>\n<li>nasz mi\u00f3d z facelii ma sk\u0142ad zgodny z wymaganiami Rozporz\u0105dzenia Ministra Rolnictwa i Rozwoju Wsi<\/li>\n<li>sk\u0142ad miodu faceliowego to 100% natury &#8211; nie zawiera dodatk\u00f3w lub zanieszczyszcze\u0144 i ma niepowtarzalny smak<\/li>\n<li>nasz mi\u00f3d z kwiat\u00f3w facelii b\u0142\u0119kitnej to naturalne bogactwo &#8211; ze wzgl\u0119du na wysok\u0105 zawarto\u015b\u0107 aktywnych enzym\u00f3w na poziomie 22,6 &#8211; zatem znacznie przewy\u017cszaj\u0105 minimaln\u0105 wymagan\u0105 norm\u0119 (powy\u017cej 8,0)<\/li>\n<li>wysoka Liczba Diastazowa \u015bwiadczy o intensywno\u015bci enzym\u00f3w, a to &#8211; o w\u0142a\u015bciwo\u015bciach prozdrowotnych miodu i warto\u015bciach od\u017cywczych<\/li>\n<li>bardzo niska zawarto\u015b\u0107 HMF (5,3 mg \/ kg przy normie do 40,0 mg \/ kg) oznacza, \u017ce nasze miody s\u0105 zawsze \u015bwie\u017ce, nieprzegrzewane, przechowywane w najlepszych warunkach i z nale\u017cyt\u0105 trosk\u0105<\/li>\n<li>w\u0142a\u015bciwa konsystencja i g\u0119sto\u015b\u0107 potwierdzone badaniami to znak, \u017ce nasz mi\u00f3d swoje w\u0142a\u015bciwo\u015bci zawdzi\u0119cza nektarowi facelii i ulega naturalnym procesom krystalizacji, bez sztucznej ingerencji<\/li>\n<\/ul>\n<p>Jeste\u015bmy pewni, \u017ce mi\u00f3d faceliowy od naszych pszcz\u00f3\u0142 to bogactwo warto\u015bci i s\u0142odycz prosto z natury!<\/p>\n<h2 id=\"tab9\">Information<\/h2>\n<table class=\"tabela-odzywcza\" width=\"403\">\n<thead>\n<tr>\n<th class=\"col1\">WARTO\u015a\u0106 OD\u017bYWCZA<\/th>\n<th class=\"col2\">w 100 g<\/th>\n<th class=\"col3\">% RWS<sup>*<\/sup><\/th>\n<\/tr>\n<tr>\n<td class=\"col1\">Energy value<\/td>\n<td class=\"col2\">1357 kJ \/ 319 kcal<\/td>\n<td class=\"col3\">\u00a016%<\/td>\n<\/tr>\n<tr>\n<td class=\"col1\">Fat<\/td>\n<td class=\"col2\">0 g<\/td>\n<td class=\"col3\">\u00a00 %<\/td>\n<\/tr>\n<tr>\n<td class=\"col1\">\u2014 w tym kwasy nasycone<\/td>\n<td class=\"col2\">0 g<\/td>\n<td class=\"col3\">\u00a00%<\/td>\n<\/tr>\n<tr>\n<td class=\"col1\">Carbohydrates<\/td>\n<td class=\"col2\">79,5 g<\/td>\n<td class=\"col3\">\u00a031 %<\/td>\n<\/tr>\n<tr>\n<td class=\"col1\">\u2014 w tym cukry<\/td>\n<td class=\"col2\">79,5 g<\/td>\n<td class=\"col3\">\u00a088 %<\/td>\n<\/tr>\n<tr>\n<td class=\"col1\">Squirrel<\/td>\n<td class=\"col2\">0,3 g<\/td>\n<td class=\"col3\">\u00a01 %<\/td>\n<\/tr>\n<tr>\n<td class=\"col1\">Salt<\/td>\n<td class=\"col2\">0 g<\/td>\n<td class=\"col3\">\u00a00%<\/td>\n<\/tr>\n<\/thead>\n<\/table>\n<p><strong>Ingredients: <\/strong>100% miodu nektarowy-faceliowy<\/p>","protected":false},"excerpt":{"rendered":"<div class=\"pw-oprodukcie\">\n<div class=\"pw-oprodukcie-text\">\n<p class=\"text-left\">Pola pe\u0142ne niebieskich kwiat\u00f3w facelii rozpoznamy z \u0142atwo\u015bci\u0105. A po czym pozna\u0107 mi\u00f3d faceliowy? Jest drobnoziarnistym <strong>miodem kwiatowym<\/strong> o jasno\u017c\u00f3\u0142tym kolorze i lekko zio\u0142owym aromacie. Smak miodu faceliowego \u0142\u0105czy <strong>s\u0142odycz i \u0142agodno\u015b\u0107<\/strong>. Facelia, zwana <strong>kr\u00f3low\u0105 miododajno\u015bci <\/strong>pobudza zmys\u0142y niebieskimi kwiatami, a tak\u017ce bajecznym zapachem. Nasze pszczo\u0142y przynosz\u0105 nektar z jej kwiat\u00f3w i zamieniaj\u0105 go w z\u0142oty, aksamitny mi\u00f3d. Facelia kwitnie kr\u00f3tko, ale intensywnie dzieli si\u0119 swoim bogactwem w\u0142a\u015bciwo\u015bci od\u017cywczych. Dzi\u0119ki temu mo\u017cemy delektowa\u0107 si\u0119 przyjemnie rozp\u0142ywaj\u0105cym si\u0119 miodem &#8211; bajkowa uczta prosto z natury!<\/p>\n<\/div>\n<div class=\"pw-oprodukcie-image\"><\/div>\n<\/div>\n<div id=\"box_description\" class=\"box tab\">\n<div class=\"innerbox\">\n<div class=\"resetcss\">\n<h2 id=\"tab2\">W\u0142a\u015bciwo\u015bci miodu faceliowego<\/h2>\n<p>&nbsp;<\/p>\n<p>Wiedzieli\u015bcie, \u017ce mi\u00f3d faceliowy zalicza si\u0119 do <strong>najcenniejszych miod\u00f3w w\u015br\u00f3d <a href=\"https:\/\/pasiekisadowskich.pl\/kategoria\/miody-tradycyjne\">miod\u00f3w tradycyjnych<\/a><\/strong>? Pszczo\u0142y uwielbiaj\u0105 prac\u0119 z faceli\u0105, a ta jest jedn\u0105 z najbardziej miododajnych ro\u015blin. Dzi\u0119ki temu, w okresie jej kwitnienia nasze pszczo\u0142y maj\u0105 nektar na wyci\u0105gni\u0119cie czu\u0142ek o ka\u017cdej porze dnia. Nast\u0119pnie dziel\u0105 si\u0119 z nami wspania\u0142o\u015bciami z natury o tylu w\u0142a\u015bciwo\u015bciach!<\/p>\n<ul>\n<li>mi\u00f3d faceliowy posiada jasn\u0105 barw\u0119 w kierunku kremowej, a czasami bia\u0142\u0105 &#8211; po krystalizacji<\/li>\n<li>czysty mi\u00f3d faceliowy,\u00a0w 100% naturalny<\/li>\n<li>s\u0142odki cho\u0107 lekko kwaskowaty w smaku<\/li>\n<li>bogactwo warto\u015bci od\u017cywczych<\/li>\n<li>pe\u0142en wymiar nektarowo\u015bci i aromat lata<\/li>\n<li>delikatny smak i aksamitna konsystencja z odrobin\u0105 faceliowego py\u0142ku<\/li>\n<li>brak glutenu oraz konserwant\u00f3w<\/li>\n<li>idealny dodatek do da\u0144 wytrawnych, deser\u00f3w, a tak\u017ce podjadania samodzielnie i z pieczywem<\/li>\n<\/ul>\n<p>Pami\u0119tajcie, \u017ce regularne spo\u017cywanie miodu to moc dobroczynnych w\u0142a\u015bciwo\u015bci, kt\u00f3re s\u0105 wtedy lepiej przyswajalne przez nasz organizm.<\/p>\n<\/div>\n<\/div>\n<\/div>","protected":false},"featured_media":6324,"template":"","meta":{"ocean_post_layout":"","ocean_both_sidebars_style":"","ocean_both_sidebars_content_width":0,"ocean_both_sidebars_sidebars_width":0,"ocean_sidebar":"0","ocean_second_sidebar":"0","ocean_disable_margins":"enable","ocean_add_body_class":"","ocean_shortcode_before_top_bar":"","ocean_shortcode_after_top_bar":"","ocean_shortcode_before_header":"","ocean_shortcode_after_header":"","ocean_has_shortcode":"","ocean_shortcode_after_title":"","ocean_shortcode_before_footer_widgets":"","ocean_shortcode_after_footer_widgets":"","ocean_shortcode_before_footer_bottom":"","ocean_shortcode_after_footer_bottom":"","ocean_display_top_bar":"default","ocean_display_header":"default","ocean_header_style":"","ocean_center_header_left_menu":"0","ocean_custom_header_template":"0","ocean_custom_logo":0,"ocean_custom_retina_logo":0,"ocean_custom_logo_max_width":0,"ocean_custom_logo_tablet_max_width":0,"ocean_custom_logo_mobile_max_width":0,"ocean_custom_logo_max_height":0,"ocean_custom_logo_tablet_max_height":0,"ocean_custom_logo_mobile_max_height":0,"ocean_header_custom_menu":"0","ocean_menu_typo_font_family":"0","ocean_menu_typo_font_subset":"","ocean_menu_typo_font_size":0,"ocean_menu_typo_font_size_tablet":0,"ocean_menu_typo_font_size_mobile":0,"ocean_menu_typo_font_size_unit":"px","ocean_menu_typo_font_weight":"","ocean_menu_typo_font_weight_tablet":"","ocean_menu_typo_font_weight_mobile":"","ocean_menu_typo_transform":"","ocean_menu_typo_transform_tablet":"","ocean_menu_typo_transform_mobile":"","ocean_menu_typo_line_height":0,"ocean_menu_typo_line_height_tablet":0,"ocean_menu_typo_line_height_mobile":0,"ocean_menu_typo_line_height_unit":"","ocean_menu_typo_spacing":0,"ocean_menu_typo_spacing_tablet":0,"ocean_menu_typo_spacing_mobile":0,"ocean_menu_typo_spacing_unit":"","ocean_menu_link_color":"","ocean_menu_link_color_hover":"","ocean_menu_link_color_active":"","ocean_menu_link_background":"","ocean_menu_link_hover_background":"","ocean_menu_link_active_background":"","ocean_menu_social_links_bg":"","ocean_menu_social_hover_links_bg":"","ocean_menu_social_links_color":"","ocean_menu_social_hover_links_color":"","ocean_disable_title":"default","ocean_disable_heading":"default","ocean_post_title":"","ocean_post_subheading":"","ocean_post_title_style":"","ocean_post_title_background_color":"","ocean_post_title_background":0,"ocean_post_title_bg_image_position":"","ocean_post_title_bg_image_attachment":"","ocean_post_title_bg_image_repeat":"","ocean_post_title_bg_image_size":"","ocean_post_title_height":0,"ocean_post_title_bg_overlay":0.5,"ocean_post_title_bg_overlay_color":"","ocean_disable_breadcrumbs":"default","ocean_breadcrumbs_color":"","ocean_breadcrumbs_separator_color":"","ocean_breadcrumbs_links_color":"","ocean_breadcrumbs_links_hover_color":"","ocean_display_footer_widgets":"default","ocean_display_footer_bottom":"default","ocean_custom_footer_template":"0"},"product_brand":[],"product_cat":[91,71],"product_tag":[],"class_list":{"0":"post-6323","1":"product","2":"type-product","3":"status-publish","4":"has-post-thumbnail","6":"product_cat-manufaktura-pasieki-sadowskich","7":"product_cat-miody-naturalne","9":"entry","10":"has-media","12":"first","13":"instock","14":"shipping-taxable","15":"purchasable","16":"product-type-simple","17":"has-product-nav","18":"col","19":"span_1_of_3","20":"owp-content-left","21":"owp-thumbs-layout-horizontal","22":"owp-btn-normal","23":"owp-tabs-layout-horizontal","24":"has-no-thumbnails"},"_links":{"self":[{"href":"https:\/\/ecocorner.eu\/en\/wp-json\/wp\/v2\/product\/6323","targetHints":{"allow":["GET"]}}],"collection":[{"href":"https:\/\/ecocorner.eu\/en\/wp-json\/wp\/v2\/product"}],"about":[{"href":"https:\/\/ecocorner.eu\/en\/wp-json\/wp\/v2\/types\/product"}],"version-history":[{"count":1,"href":"https:\/\/ecocorner.eu\/en\/wp-json\/wp\/v2\/product\/6323\/revisions"}],"predecessor-version":[{"id":6325,"href":"https:\/\/ecocorner.eu\/en\/wp-json\/wp\/v2\/product\/6323\/revisions\/6325"}],"wp:featuredmedia":[{"embeddable":true,"href":"https:\/\/ecocorner.eu\/en\/wp-json\/wp\/v2\/media\/6324"}],"wp:attachment":[{"href":"https:\/\/ecocorner.eu\/en\/wp-json\/wp\/v2\/media?parent=6323"}],"wp:term":[{"taxonomy":"product_brand","embeddable":true,"href":"https:\/\/ecocorner.eu\/en\/wp-json\/wp\/v2\/product_brand?post=6323"},{"taxonomy":"product_cat","embeddable":true,"href":"https:\/\/ecocorner.eu\/en\/wp-json\/wp\/v2\/product_cat?post=6323"},{"taxonomy":"product_tag","embeddable":true,"href":"https:\/\/ecocorner.eu\/en\/wp-json\/wp\/v2\/product_tag?post=6323"}],"curies":[{"name":"wp","href":"https:\/\/api.w.org\/{rel}","templated":true}]}}