{"id":6326,"date":"2024-12-30T21:13:13","date_gmt":"2024-12-30T21:13:13","guid":{"rendered":"https:\/\/ecocorner.eu\/?post_type=product&#038;p=6326"},"modified":"2025-11-01T19:36:32","modified_gmt":"2025-11-01T19:36:32","slug":"pasieki-sadowskich-miod-z-truskawka-430-g","status":"publish","type":"product","link":"https:\/\/ecocorner.eu\/en\/product\/pasieki-sadowskich-miod-z-truskawka-430-g\/","title":{"rendered":"Pasieki Sadowskich    Mi\u00f3d z truskawk\u0105  430 g"},"content":{"rendered":"<h2 id=\"tab3\">Informacje:<\/h2>\n<table class=\"tabela-odzywcza\" width=\"403\">\n<thead>\n<tr>\n<th class=\"col1\">WARTO\u015a\u0106 OD\u017bYWCZA<\/th>\n<th class=\"col2\">w 100 g<\/th>\n<th class=\"col3\">% RWS<sup>*<\/sup><\/th>\n<\/tr>\n<tr>\n<td class=\"col1\">Energy value<\/td>\n<td class=\"col2\">1410 kJ \/ 332 kcal<\/td>\n<td class=\"col3\">\u00a017%<\/td>\n<\/tr>\n<tr>\n<td class=\"col1\">Fat<\/td>\n<td class=\"col2\">0,3 g<\/td>\n<td class=\"col3\">\u00a00%<\/td>\n<\/tr>\n<tr>\n<td class=\"col1\">\u2014 w tym kwasy nasycone<\/td>\n<td class=\"col2\">0 g<\/td>\n<td class=\"col3\">\u00a00%<\/td>\n<\/tr>\n<tr>\n<td class=\"col1\">Carbohydrates<\/td>\n<td class=\"col2\">82 g<\/td>\n<td class=\"col3\">\u00a032 %<\/td>\n<\/tr>\n<tr>\n<td class=\"col1\">\u2014 w tym cukry<\/td>\n<td class=\"col2\">75 g<\/td>\n<td class=\"col3\">\u00a083 %<\/td>\n<\/tr>\n<tr>\n<td class=\"col1\">Squirrel<\/td>\n<td class=\"col2\">0,6 g<\/td>\n<td class=\"col3\">\u00a01,2%<\/td>\n<\/tr>\n<tr>\n<td class=\"col1\">Salt<\/td>\n<td class=\"col2\">0 g<\/td>\n<td class=\"col3\">\u00a00%<\/td>\n<\/tr>\n<\/thead>\n<\/table>\n<p>&nbsp;<\/p>\n<p><strong>Ingredients:<\/strong> mi\u00f3d wielokwiatowy nektarowy 97%, liofilizowana truskawka 3%<\/p>\n<p><strong>Gramatura<\/strong>: 430g <img decoding=\"async\" src=\"https:\/\/pasiekisadowskich.pl\/userdata\/public\/assets\/images\/baner_produktowa_983x331.png\" alt=\"\" width=\"983\" \/><\/p>","protected":false},"excerpt":{"rendered":"<div class=\"pw-oprodukcie\">\n<div class=\"pw-oprodukcie-text\">\n<p>Wyczekiwany, pachn\u0105cy wakacjami, pyszny! Kremowy mi\u00f3d z truskawk\u0105 to po\u0142\u0105czenie naturalnego miodu wielokwiatowego z naszej pasieki z 3% liofilizowanej truskawki. Doskona\u0142y wyb\u00f3r dla dzieci i doros\u0142ych.Wielki uk\u0142on w stron\u0119 tych naszych Klient\u00f3w, kt\u00f3rzy od wielu sezon\u00f3w pytali o to po\u0142\u0105czenie. Skusili\u015bmy si\u0119 na s\u0142odkie eksperymenty i oto jest! Mi\u00f3d z truskawk\u0105 &#8211; zdrowe s\u0142odycze o g\u0142\u0119bokim kolorze, intensywnym smaku i owocowej mocy. Ciesz si\u0119 smakiem truskawek ca\u0142y rok!<\/p>\n<\/div>\n<div class=\"pw-oprodukcie-image\"><\/div>\n<\/div>\n<div id=\"box_description\" class=\"box tab\">\n<div class=\"innerbox\">\n<div class=\"resetcss\">\n<h2 id=\"tab2\">W\u0142a\u015bciwo\u015bci miodu z truskawk\u0105:<\/h2>\n<ul>\n<li>wszystkie w\u0142a\u015bciwo\u015bci miodu wielokwiatowego po\u0142\u0105czone z warto\u015bciami owocu truskawki<\/li>\n<li>o owocowym smaku<\/li>\n<li>czerwono &#8211; r\u00f3\u017cowym kolorze<\/li>\n<\/ul>\n<p>Mi\u00f3d z truskawk\u0105 \u015bwietnie pasuje do kanapek, owsianek, koktajli i lod\u00f3w. My nie mo\u017cemy si\u0119 powstrzyma\u0107 i wyjadamy go \u0142y\u017ceczk\u0105 prosto ze s\u0142oika! Wybornie smakuje apetycznie rozp\u0142ywaj\u0105c si\u0119 na ciep\u0142ym to\u015bcie. Mniam!<\/p>\n<p>Dzi\u0119ki dodatkowi liofilizowanej truskawki stworzyli\u015bmy smaczny, pachn\u0105cy, a przy tym naturalny produkt. Dzi\u0119ki procesowi liofilizacji truskawka zachowa\u0142a swoje w\u0142a\u015bciwo\u015bci, a w miksie z miodem wielokwiatowym na pewno\u00a0b\u0119dzie pyszny!<\/p>\n<\/div>\n<\/div>\n<\/div>","protected":false},"featured_media":6327,"template":"","meta":{"ocean_post_layout":"","ocean_both_sidebars_style":"","ocean_both_sidebars_content_width":0,"ocean_both_sidebars_sidebars_width":0,"ocean_sidebar":"0","ocean_second_sidebar":"0","ocean_disable_margins":"enable","ocean_add_body_class":"","ocean_shortcode_before_top_bar":"","ocean_shortcode_after_top_bar":"","ocean_shortcode_before_header":"","ocean_shortcode_after_header":"","ocean_has_shortcode":"","ocean_shortcode_after_title":"","ocean_shortcode_before_footer_widgets":"","ocean_shortcode_after_footer_widgets":"","ocean_shortcode_before_footer_bottom":"","ocean_shortcode_after_footer_bottom":"","ocean_display_top_bar":"default","ocean_display_header":"default","ocean_header_style":"","ocean_center_header_left_menu":"0","ocean_custom_header_template":"0","ocean_custom_logo":0,"ocean_custom_retina_logo":0,"ocean_custom_logo_max_width":0,"ocean_custom_logo_tablet_max_width":0,"ocean_custom_logo_mobile_max_width":0,"ocean_custom_logo_max_height":0,"ocean_custom_logo_tablet_max_height":0,"ocean_custom_logo_mobile_max_height":0,"ocean_header_custom_menu":"0","ocean_menu_typo_font_family":"0","ocean_menu_typo_font_subset":"","ocean_menu_typo_font_size":0,"ocean_menu_typo_font_size_tablet":0,"ocean_menu_typo_font_size_mobile":0,"ocean_menu_typo_font_size_unit":"px","ocean_menu_typo_font_weight":"","ocean_menu_typo_font_weight_tablet":"","ocean_menu_typo_font_weight_mobile":"","ocean_menu_typo_transform":"","ocean_menu_typo_transform_tablet":"","ocean_menu_typo_transform_mobile":"","ocean_menu_typo_line_height":0,"ocean_menu_typo_line_height_tablet":0,"ocean_menu_typo_line_height_mobile":0,"ocean_menu_typo_line_height_unit":"","ocean_menu_typo_spacing":0,"ocean_menu_typo_spacing_tablet":0,"ocean_menu_typo_spacing_mobile":0,"ocean_menu_typo_spacing_unit":"","ocean_menu_link_color":"","ocean_menu_link_color_hover":"","ocean_menu_link_color_active":"","ocean_menu_link_background":"","ocean_menu_link_hover_background":"","ocean_menu_link_active_background":"","ocean_menu_social_links_bg":"","ocean_menu_social_hover_links_bg":"","ocean_menu_social_links_color":"","ocean_menu_social_hover_links_color":"","ocean_disable_title":"default","ocean_disable_heading":"default","ocean_post_title":"","ocean_post_subheading":"","ocean_post_title_style":"","ocean_post_title_background_color":"","ocean_post_title_background":0,"ocean_post_title_bg_image_position":"","ocean_post_title_bg_image_attachment":"","ocean_post_title_bg_image_repeat":"","ocean_post_title_bg_image_size":"","ocean_post_title_height":0,"ocean_post_title_bg_overlay":0.5,"ocean_post_title_bg_overlay_color":"","ocean_disable_breadcrumbs":"default","ocean_breadcrumbs_color":"","ocean_breadcrumbs_separator_color":"","ocean_breadcrumbs_links_color":"","ocean_breadcrumbs_links_hover_color":"","ocean_display_footer_widgets":"default","ocean_display_footer_bottom":"default","ocean_custom_footer_template":"0"},"product_brand":[],"product_cat":[91,71],"product_tag":[],"class_list":{"0":"post-6326","1":"product","2":"type-product","3":"status-publish","4":"has-post-thumbnail","6":"product_cat-manufaktura-pasieki-sadowskich","7":"product_cat-miody-naturalne","9":"entry","10":"has-media","12":"first","13":"outofstock","14":"shipping-taxable","15":"purchasable","16":"product-type-simple","17":"has-product-nav","18":"col","19":"span_1_of_3","20":"owp-content-left","21":"owp-thumbs-layout-horizontal","22":"owp-btn-normal","23":"owp-tabs-layout-horizontal"},"_links":{"self":[{"href":"https:\/\/ecocorner.eu\/en\/wp-json\/wp\/v2\/product\/6326","targetHints":{"allow":["GET"]}}],"collection":[{"href":"https:\/\/ecocorner.eu\/en\/wp-json\/wp\/v2\/product"}],"about":[{"href":"https:\/\/ecocorner.eu\/en\/wp-json\/wp\/v2\/types\/product"}],"version-history":[{"count":1,"href":"https:\/\/ecocorner.eu\/en\/wp-json\/wp\/v2\/product\/6326\/revisions"}],"predecessor-version":[{"id":6329,"href":"https:\/\/ecocorner.eu\/en\/wp-json\/wp\/v2\/product\/6326\/revisions\/6329"}],"wp:featuredmedia":[{"embeddable":true,"href":"https:\/\/ecocorner.eu\/en\/wp-json\/wp\/v2\/media\/6327"}],"wp:attachment":[{"href":"https:\/\/ecocorner.eu\/en\/wp-json\/wp\/v2\/media?parent=6326"}],"wp:term":[{"taxonomy":"product_brand","embeddable":true,"href":"https:\/\/ecocorner.eu\/en\/wp-json\/wp\/v2\/product_brand?post=6326"},{"taxonomy":"product_cat","embeddable":true,"href":"https:\/\/ecocorner.eu\/en\/wp-json\/wp\/v2\/product_cat?post=6326"},{"taxonomy":"product_tag","embeddable":true,"href":"https:\/\/ecocorner.eu\/en\/wp-json\/wp\/v2\/product_tag?post=6326"}],"curies":[{"name":"wp","href":"https:\/\/api.w.org\/{rel}","templated":true}]}}