{"id":6336,"date":"2024-12-30T21:19:06","date_gmt":"2024-12-30T21:19:06","guid":{"rendered":"https:\/\/ecocorner.eu\/?post_type=product&#038;p=6336"},"modified":"2025-11-01T19:35:49","modified_gmt":"2025-11-01T19:35:49","slug":"pasieki-sadowskich-miod-gryczany-430-g","status":"publish","type":"product","link":"https:\/\/ecocorner.eu\/en\/product\/pasieki-sadowskich-miod-gryczany-430-g\/","title":{"rendered":"Pasieki Sadowskich   Mi\u00f3d gryczany  430 g"},"content":{"rendered":"<h2 id=\"tab3\">Mi\u00f3d gryczany &#8211; komu polecamy?<\/h2>\n<p>Mi\u00f3d gryczany ma wyj\u0105tkowy, niepowtarzalny smak i moc w\u0142a\u015bciwo\u015bci od\u017cywczych. Przez wielu jest nazywany polskim <a href=\"https:\/\/pasiekisadowskich.pl\/pl\/c\/Miody-manuka\/103\"><strong>miodem manuk<\/strong><strong>a<\/strong><\/a>, a to ze wzgl\u0119du na moc dobroczynnych w\u0142a\u015bciwo\u015bci, jakie posiada. Mi\u00f3d gryczany z naszych Pasiek to cenne dobro od naszych pszcz\u00f3\u0142! Kochaj\u0105 go dziadkowie i rodzice. Ka\u017cdy kto prowadzi aktywny tryb \u017cycia lub te\u017c osoby znajduj\u0105ce si\u0119 w grupie fan\u00f3w naturalnych w\u0142a\u015bciwo\u015bci powinny si\u0119gn\u0105\u0107 po miodow\u0105 moc. Miodu gryczanego prosto od naszych pszcz\u00f3\u0142 nie mo\u017ce go zabrakn\u0105\u0107 te\u017c w Twojej domowej spi\u017carni. Bzzz\u2026szczeg\u00f3lnie polecamy osobom starszym \ud83d\ude42<\/p>\n<h2 id=\"tab4\">Zastosowanie\u00a0miodu gryczanego<\/h2>\n<p>Naturalny mi\u00f3d gryczany wyr\u00f3\u017cnia moc w\u0142a\u015bciwo\u015bci, a dzi\u0119ki temu naturalna s\u0142odycz sprawdzi si\u0119 w wielu wydaniach. Podpowiadamy jak skomponowa\u0107 ten lekko piek\u0105cy mi\u00f3d o intensywnym smaku i zapachu. W naszych Pasiekach do spo\u017cywania miodu gryczanego zach\u0119ca si\u0119 mi\u0119dzy innymi tymi sposobami:<\/p>\n<ul>\n<li>Warto doda\u0107 rutyn\u0119 do swojego dnia i pi\u0107 rano rozpuszczon\u0105 \u0142y\u017ceczk\u0119 tego miodu w szklance letniej wody<\/li>\n<li>jako dodatek do letniej\u00a0<strong><a href=\"https:\/\/pasiekisadowskich.pl\/kategoria\/kawa-specialty\">kawy<\/a><\/strong> &#8211; nada zbo\u017cow\u0105 nut\u0119<\/li>\n<li>jako polew\u0119 do gofr\u00f3w lub pancakes<\/li>\n<li>jako aromatyczny sk\u0142adnik ciasteczek<\/li>\n<li>jako sk\u0142adnik dip\u00f3w, sos\u00f3w<\/li>\n<li>a dla mi\u0142o\u015bnik\u00f3w &#8211; z samym pieczywem lub prosto ze s\u0142oika!<\/li>\n<li>dodatkowo mi\u00f3d gryczany mo\u017cna stosowa\u0107 we w\u0142asnych shotach mocy<\/li>\n<li>stosowany, jako maseczka na w\u0142osy oczyszcza sk\u00f3r\u0119 g\u0142owy<\/li>\n<\/ul>\n<h4><\/h4>\n<h2 id=\"tab5\">Smak miodu gryczanego &#8211; z czym podawa\u0107?<\/h2>\n<p>Mi\u00f3d gryczany to przede wszystkim <strong>\u0142atwo rozpoznawalny w\u015br\u00f3d miod\u00f3w <\/strong>smak. S\u0142odycz, kt\u00f3ra przeplata si\u0119 z nut\u0105 pikanterii. Dla wielu jest wyzwaniem w kulinarnych zmaganiach, ale my odkryli\u015bmy, \u017ce doskonale sprawdzi si\u0119 jako <strong>sk\u0142adnik dressing\u00f3w <\/strong>do sa\u0142atek i jako dodatek <strong>do aromatycznych wypiek\u00f3w<\/strong>. Jego zastosowanie wprowadzi w zdumienie i podkr\u0119ci ka\u017cde danie! Mi\u00f3d gryczany uwa\u017cany jest za prawdziwy game changer w diecie!<\/p>\n<h4><\/h4>\n<h2 id=\"tab6\">Prawdziwy mi\u00f3d gryczany &#8211; co to takiego?<\/h2>\n<p>Bia\u0142o-r\u00f3\u017cowe, doskonale pachn\u0105ce kwiaty gryki \u015bwietnie przykuwaj\u0105 uwag\u0119 naszych pszcz\u00f3\u0142. Czerpi\u0105 one nektar z kwiatowych p\u00f3l od lipca do sierpnia i dziel\u0105 si\u0119 z nami bogactwem z natury w postaci p\u0142ynnego miodu gryczanego. Zbieramy go szybciutko do s\u0142oik\u00f3w, by cieszy\u0107 si\u0119 naturaln\u0105, intensywn\u0105 moc\u0105. Tak\u0105 wsp\u00f3\u0142prac\u0119 z natur\u0105 to my lubimy!<\/p>\n<p>Co si\u0119 dzieje z miodem gryczanym w s\u0142oiku? W powolnym procesie krystalizacji wytwarza si\u0119 warstwa grubokrystaliczna, kt\u00f3ra osiada na dnie s\u0142oika. G\u00f3rna warstwa pozostaje p\u0142ynna. Jest to naturalne zjawisko dla tego rodzaju miodu nektarowego.<\/p>\n<h2 id=\"tab7\">Czy mi\u00f3d gryczany jest odpowiedni dla dzieci?<\/h2>\n<p>Mi\u00f3d gryczany dla dzieci mo\u017cna stosowa\u0107 <strong>od 1. roku \u017cycia<\/strong>. Jest specyficznym smako\u0142ykiem, kt\u00f3ry zapewnia bogactwo warto\u015bci od\u017cywczych. Samodzielnie, z bu\u0142eczk\u0105, w koktajlu mocy lub jako dodatek do ulubionego \u015bniadania &#8211; delektujcie si\u0119 energi\u0105 z natury!<\/p>\n<h2 id=\"tab8\">Gdzie mo\u017cna kupi\u0107 mi\u00f3d gryczany? \/ Cena<\/h2>\n<ul>\n<li>Polski mi\u00f3d prosto z Pasieki to 100% pewno\u015bci zakupu <strong>z najlepszego &#8211; polskiego \u017ar\u00f3d\u0142a<\/strong><\/li>\n<li>Cena stanowi sk\u0142adow\u0105 wielu czynnik\u00f3w, od procesu pozyskiwania miodu &#8211; po pakowanie <strong>z zachowaniem zasad zero waste<\/strong>.<\/li>\n<li>Nasz mi\u00f3d gryczany posiada <strong>w 100% naturalny<\/strong> sk\u0142ad i smak uzale\u017cniony od nektaru z kwiat\u00f3w gryki.<\/li>\n<li>Nasz kolejny atut to dba\u0142o\u015b\u0107 o w\u0142a\u015bciwe relacje z natur\u0105.<\/li>\n<li>Szklane s\u0142oiki pe\u0142ne dobroci prosto z naszych Pasiek to <strong>najwy\u017csza jako\u015b\u0107<\/strong> warta ka\u017cdej ceny &#8211; przekonajcie si\u0119 sami!<\/li>\n<\/ul>\n<h2 id=\"tab9\"><strong>Badania potwierdzaj\u0105<\/strong><\/h2>\n<p>Mi\u00f3d gryczany z naszych Pasiek to pewno\u015b\u0107 bogactwa natury i jako\u015bci, a potwierdzaj\u0105 to Badania Pa\u0144stwowego Instytutu Badawczego &#8211; Laboratorium Badania Jako\u015bci Produkt\u00f3w Pszczelich w Pu\u0142awach.<\/p>\n<ul>\n<li>nasz mi\u00f3d z gryki ma sk\u0142ad <strong>zgodny z wymaganiami Rozporz\u0105dzenia Ministra Rolnictwa i Rozwoju Wsi\u00a0<\/strong><\/li>\n<li>100% natury zamkni\u0119te w s\u0142oikach miodu gryczanego &#8211; nie zawiera dodatk\u00f3w lub zanieczyszcze\u0144 i ma wyj\u0105tkowy, a nawet specyficzny smak<\/li>\n<li>nasz mi\u00f3d z kwiat\u00f3w gryki to naturalny skarb &#8211; ze wzgl\u0119du na wysok\u0105 zawarto\u015b\u0107 aktywnych enzym\u00f3w na poziomie 16,9 &#8211; zatem znacznie przewy\u017csza minimaln\u0105 wymagan\u0105 norm\u0119 (powy\u017cej 8,0)<\/li>\n<li>wysoka Liczba Diastazowa \u015bwiadczy o intensywno\u015bci enzym\u00f3w, a to &#8211; o w\u0142a\u015bciwo\u015bciach prozdrowotnych miodu i warto\u015bciach od\u017cywczych<\/li>\n<li>niska zawarto\u015b\u0107 HMF (26,8 mg \/ kg przy normie do 40 mg \/ kg) oznacza, \u017ce nasz mi\u00f3d gryczany zawiera to co najlepsze, bo jest <strong>zawsze \u015bwie\u017cy, nieprzegrzewany i przechowywany w najlepszych warunkach<\/strong> i z najwy\u017csz\u0105 dba\u0142o\u015bci\u0105<\/li>\n<li>mi\u00f3d gryczany <strong>wykazuje wysok\u0105 aktywno\u015b\u0107 antyoksydacyjn\u0105,<\/strong> a dzi\u0119ki temu wspomaga uk\u0142ad odporno\u015bciowy i wspomaga dobre samopoczucie<\/li>\n<li>odpowiednia konsystencja i g\u0119sto\u015b\u0107 miodu z naszych uli, potwierdzona badaniami to znak, \u017ce pszczela s\u0142odycz swoje w\u0142a\u015bciwo\u015bci zawdzi\u0119cza kwiatom gryki i ulega naturalnym procesom krystalizacji, <strong>bez sztucznej ingerencji\u00a0<\/strong><\/li>\n<\/ul>\n<h4>Information<\/h4>\n<p>Sk\u0142adniki: 100% miodu nektarowo\u00a0&#8211; gryczany<\/p>\n<table class=\"tabela-odzywcza\" width=\"403\">\n<thead>\n<tr>\n<th class=\"col1\">WARTO\u015a\u0106 OD\u017bYWCZA<\/th>\n<th class=\"col2\">w 100 g<\/th>\n<th class=\"col3\">% RWS<sup>*<\/sup><\/th>\n<\/tr>\n<tr>\n<td class=\"col1\">Energy value<\/td>\n<td class=\"col2\">1357 kJ \/ 319 kcal<\/td>\n<td class=\"col3\">\u00a016%<\/td>\n<\/tr>\n<tr>\n<td class=\"col1\">Fat<\/td>\n<td class=\"col2\">0 g<\/td>\n<td class=\"col3\">\u00a00 %<\/td>\n<\/tr>\n<tr>\n<td class=\"col1\">\u2014 w tym kwasy nasycone<\/td>\n<td class=\"col2\">0 g<\/td>\n<td class=\"col3\">\u00a00%<\/td>\n<\/tr>\n<tr>\n<td class=\"col1\">Carbohydrates<\/td>\n<td class=\"col2\">79,5 g<\/td>\n<td class=\"col3\">\u00a031 %<\/td>\n<\/tr>\n<tr>\n<td class=\"col1\">\u2014 w tym cukry<\/td>\n<td class=\"col2\">79,5 g<\/td>\n<td class=\"col3\">\u00a088 %<\/td>\n<\/tr>\n<tr>\n<td class=\"col1\">Squirrel<\/td>\n<td class=\"col2\">0,3 g<\/td>\n<td class=\"col3\">\u00a01 %<\/td>\n<\/tr>\n<tr>\n<td class=\"col1\">Salt<\/td>\n<td class=\"col2\">0 g<\/td>\n<td class=\"col3\">\u00a00%<\/td>\n<\/tr>\n<\/thead>\n<\/table>\n<figure><\/figure>\n<p><img decoding=\"async\" src=\"https:\/\/pasiekisadowskich.pl\/userdata\/public\/assets\/images\/baner%20z%20info%20o%20tarczy%202.png\" alt=\"\" width=\"1966\" \/><\/p>","protected":false},"excerpt":{"rendered":"<div class=\"pw-oprodukcie\">\n<div class=\"pw-oprodukcie-text\">\n<p>Lekko piek\u0105cy, s\u0142odki smak i mocno zio\u0142owy aromat? To mi\u00f3d gryczany. Jest charakterystycznym <strong>miodem ziarnistym<\/strong>. Nasze pszczo\u0142y pozyskuj\u0105 nektar z kwiat\u00f3w gryki i zamieniaj\u0105 go w niezwyk\u0142e dobro <strong>o intensywnym smaku i aromacie<\/strong>. Mi\u00f3d gryczany przyjmuje odcienie br\u0105zu &#8211; wszystko w zale\u017cno\u015bci od kwiat\u00f3w wyst\u0119puj\u0105cych w pobli\u017cu p\u00f3l gryki i naszych pasiek. Z tym miodem nie ma nudy &#8211; zaczerpnijcie razem z nami prawdziwie pszczelej mocy z miodu gryczanego!<\/p>\n<\/div>\n<div class=\"pw-oprodukcie-image\"><\/div>\n<\/div>\n<div id=\"box_description\" class=\"box tab\">\n<div class=\"innerbox\">\n<div class=\"resetcss\">\n<h2 id=\"tab2\">W\u0142a\u015bciwo\u015bci miodu gryczanego:<\/h2>\n<p>Poznajcie nasz gryczany smako\u0142yk prosto od skrzydlatych przyjaci\u00f3\u0142ek!<\/p>\n<ul>\n<li>bez glutenu<\/li>\n<li>br\u0105zowy kolor (mo\u017ce wyst\u0119powa\u0107 w r\u00f3\u017cnych odcieniach, cho\u0107 jest jednym z najciemniejszych miod\u00f3w). Mo\u017ce mie\u0107 barw\u0119 ciemnobrunatn\u0105 do prawie czarnej.<\/li>\n<li>smak miodu gryczanego jest s\u0142odki i lekko piek\u0105cy, mo\u017ce r\u00f3\u017cni\u0107 si\u0119 intensywno\u015bci\u0105, w zale\u017cno\u015bci od ilo\u015bci gryki w danym rejonie pasieki<\/li>\n<li>intensywnie zio\u0142owy aromat<\/li>\n<li>s\u0142odko-piek\u0105cy, wyra\u017any smak<\/li>\n<li>wchodzi w powolny proces krystalizacji<\/li>\n<li>mi\u00f3d gryczany ma w\u0142a\u015bciwo\u015bci antyoksydacyjne<\/li>\n<li>100% miodu z natury<\/li>\n<\/ul>\n<p>W\u015br\u00f3d <strong><a href=\"https:\/\/pasiekisadowskich.pl\/kategoria\/miody-tradycyjne\">miod\u00f3w tradycyjnych<\/a><\/strong><strong>,<\/strong> gryczany mi\u00f3d wyr\u00f3\u017cnia si\u0119 wieloma cennymi w\u0142a\u015bciwo\u015bciami. Z \u0142atwo\u015bci\u0105 rozpoznacie go, bo ma charakterystyczny smak i zapach. Glukoza i fruktoza, czyli cukry proste zawarte w miodzie gryczanym sprawiaj\u0105, \u017ce nasz mi\u00f3d <strong>krystalizuje si\u0119 wolno<\/strong> &#8211; wytwarzaj\u0105 si\u0119 dwie warstwy: dolna grubokrystaliczna i g\u00f3rna &#8211; p\u0142ynna. Bez obaw &#8211; nie wp\u0142ywa to na jako\u015b\u0107 i dobroczynne dzia\u0142ani\u00a0<a href=\"https:\/\/pasiekisadowskich.pl\/kategoria\/miody\"><strong>miodu z naszych Pasiek<\/strong><\/a>. \u015amia\u0142o delektujcie si\u0119 ka\u017cdym poziomem krystalizacji.<\/p>\n<\/div>\n<\/div>\n<\/div>","protected":false},"featured_media":6337,"template":"","meta":{"ocean_post_layout":"","ocean_both_sidebars_style":"","ocean_both_sidebars_content_width":0,"ocean_both_sidebars_sidebars_width":0,"ocean_sidebar":"0","ocean_second_sidebar":"0","ocean_disable_margins":"enable","ocean_add_body_class":"","ocean_shortcode_before_top_bar":"","ocean_shortcode_after_top_bar":"","ocean_shortcode_before_header":"","ocean_shortcode_after_header":"","ocean_has_shortcode":"","ocean_shortcode_after_title":"","ocean_shortcode_before_footer_widgets":"","ocean_shortcode_after_footer_widgets":"","ocean_shortcode_before_footer_bottom":"","ocean_shortcode_after_footer_bottom":"","ocean_display_top_bar":"default","ocean_display_header":"default","ocean_header_style":"","ocean_center_header_left_menu":"0","ocean_custom_header_template":"0","ocean_custom_logo":0,"ocean_custom_retina_logo":0,"ocean_custom_logo_max_width":0,"ocean_custom_logo_tablet_max_width":0,"ocean_custom_logo_mobile_max_width":0,"ocean_custom_logo_max_height":0,"ocean_custom_logo_tablet_max_height":0,"ocean_custom_logo_mobile_max_height":0,"ocean_header_custom_menu":"0","ocean_menu_typo_font_family":"0","ocean_menu_typo_font_subset":"","ocean_menu_typo_font_size":0,"ocean_menu_typo_font_size_tablet":0,"ocean_menu_typo_font_size_mobile":0,"ocean_menu_typo_font_size_unit":"px","ocean_menu_typo_font_weight":"","ocean_menu_typo_font_weight_tablet":"","ocean_menu_typo_font_weight_mobile":"","ocean_menu_typo_transform":"","ocean_menu_typo_transform_tablet":"","ocean_menu_typo_transform_mobile":"","ocean_menu_typo_line_height":0,"ocean_menu_typo_line_height_tablet":0,"ocean_menu_typo_line_height_mobile":0,"ocean_menu_typo_line_height_unit":"","ocean_menu_typo_spacing":0,"ocean_menu_typo_spacing_tablet":0,"ocean_menu_typo_spacing_mobile":0,"ocean_menu_typo_spacing_unit":"","ocean_menu_link_color":"","ocean_menu_link_color_hover":"","ocean_menu_link_color_active":"","ocean_menu_link_background":"","ocean_menu_link_hover_background":"","ocean_menu_link_active_background":"","ocean_menu_social_links_bg":"","ocean_menu_social_hover_links_bg":"","ocean_menu_social_links_color":"","ocean_menu_social_hover_links_color":"","ocean_disable_title":"default","ocean_disable_heading":"default","ocean_post_title":"","ocean_post_subheading":"","ocean_post_title_style":"","ocean_post_title_background_color":"","ocean_post_title_background":0,"ocean_post_title_bg_image_position":"","ocean_post_title_bg_image_attachment":"","ocean_post_title_bg_image_repeat":"","ocean_post_title_bg_image_size":"","ocean_post_title_height":0,"ocean_post_title_bg_overlay":0.5,"ocean_post_title_bg_overlay_color":"","ocean_disable_breadcrumbs":"default","ocean_breadcrumbs_color":"","ocean_breadcrumbs_separator_color":"","ocean_breadcrumbs_links_color":"","ocean_breadcrumbs_links_hover_color":"","ocean_display_footer_widgets":"default","ocean_display_footer_bottom":"default","ocean_custom_footer_template":"0"},"product_brand":[],"product_cat":[91,71],"product_tag":[],"class_list":{"0":"post-6336","1":"product","2":"type-product","3":"status-publish","4":"has-post-thumbnail","6":"product_cat-manufaktura-pasieki-sadowskich","7":"product_cat-miody-naturalne","9":"entry","10":"has-media","12":"first","13":"instock","14":"shipping-taxable","15":"purchasable","16":"product-type-simple","17":"has-product-nav","18":"col","19":"span_1_of_3","20":"owp-content-left","21":"owp-thumbs-layout-horizontal","22":"owp-btn-normal","23":"owp-tabs-layout-horizontal","24":"has-no-thumbnails"},"_links":{"self":[{"href":"https:\/\/ecocorner.eu\/en\/wp-json\/wp\/v2\/product\/6336","targetHints":{"allow":["GET"]}}],"collection":[{"href":"https:\/\/ecocorner.eu\/en\/wp-json\/wp\/v2\/product"}],"about":[{"href":"https:\/\/ecocorner.eu\/en\/wp-json\/wp\/v2\/types\/product"}],"version-history":[{"count":1,"href":"https:\/\/ecocorner.eu\/en\/wp-json\/wp\/v2\/product\/6336\/revisions"}],"predecessor-version":[{"id":6338,"href":"https:\/\/ecocorner.eu\/en\/wp-json\/wp\/v2\/product\/6336\/revisions\/6338"}],"wp:featuredmedia":[{"embeddable":true,"href":"https:\/\/ecocorner.eu\/en\/wp-json\/wp\/v2\/media\/6337"}],"wp:attachment":[{"href":"https:\/\/ecocorner.eu\/en\/wp-json\/wp\/v2\/media?parent=6336"}],"wp:term":[{"taxonomy":"product_brand","embeddable":true,"href":"https:\/\/ecocorner.eu\/en\/wp-json\/wp\/v2\/product_brand?post=6336"},{"taxonomy":"product_cat","embeddable":true,"href":"https:\/\/ecocorner.eu\/en\/wp-json\/wp\/v2\/product_cat?post=6336"},{"taxonomy":"product_tag","embeddable":true,"href":"https:\/\/ecocorner.eu\/en\/wp-json\/wp\/v2\/product_tag?post=6336"}],"curies":[{"name":"wp","href":"https:\/\/api.w.org\/{rel}","templated":true}]}}