{"id":6400,"date":"2025-01-08T13:28:11","date_gmt":"2025-01-08T13:28:11","guid":{"rendered":"https:\/\/ecocorner.eu\/?post_type=product&#038;p=6400"},"modified":"2026-04-10T20:16:11","modified_gmt":"2026-04-10T20:16:11","slug":"best-lab-bestwhey-bialko-serwatkowe-30-porcji","status":"publish","type":"product","link":"https:\/\/ecocorner.eu\/en\/product\/best-lab-bestwhey-bialko-serwatkowe-30-porcji\/","title":{"rendered":"Best Lab  BestWhey   Bia\u0142ko serwatkowe   30 porcji"},"content":{"rendered":"<div class=\"row mt-3 all-justify-center\">\n<div class=\"cel sm-4 md-5 lg-12\">\n<h2>For whom:<\/h2>\n<p class=\"textjustify\">BestWhey jest dedykowany wszystkim, kt\u00f3rzy chc\u0105 wspiera\u0107 swoje mi\u0119\u015bnie i ko\u015bci, a szczeg\u00f3lnie:<\/p>\n<ul>\n<li>dla os\u00f3b aktywnych fizycznie, kt\u00f3re chc\u0105 poprawi\u0107 swoje wyniki treningowe,<\/li>\n<li>dla os\u00f3b powy\u017cej 55. roku \u017cycia, kt\u00f3re pragn\u0105 zachowa\u0107 si\u0142\u0119 i sprawno\u015b\u0107 fizyczn\u0105,<\/li>\n<li>dla dzieci i m\u0142odzie\u017cy, wspieraj\u0105c prawid\u0142owy rozw\u00f3j ko\u015bci i mi\u0119\u015bni.<\/li>\n<\/ul>\n<\/div>\n<\/div>\n<div class=\"row mt-3\">\n<div class=\"cel all-full\">\n<h2>Poznaj sk\u0142adniki aktywne suplementu BestWhey:<\/h2>\n<\/div>\n<div class=\"cel all-full\">\n<div class=\"row mt-1 mb-2\">\n<div class=\"cel sm-4 md-2 lg-4\"><\/div>\n<div class=\"cel sm-4 md-4 lg-8\">\n<h3>Bia\u0142ko serwatkowe z dodatkiem bromelainy<\/h3>\n<p>Bia\u0142ko serwatkowe to jeden z najbardziej warto\u015bciowych i popularnych rodzaj\u00f3w bia\u0142ka, kt\u00f3ry dostarcza niezb\u0119dnych aminokwas\u00f3w potrzebnych do wzrostu i regeneracji mi\u0119\u015bni. Jego szybka wch\u0142anialno\u015b\u0107 sprawia, \u017ce jest idealnym rozwi\u0105zaniem po intensywnym treningu, wspomagaj\u0105c budow\u0119 masy mi\u0119\u015bniowej oraz regeneracj\u0119 tkanek. Bromelaina, naturalny enzym pochodz\u0105cy z ananasa, dodana do bia\u0142ka serwatkowego wspomaga trawienie bia\u0142ek, co poprawia przyswajanie sk\u0142adnik\u00f3w od\u017cywczych i wspiera procesy regeneracyjne organizmu po wysi\u0142ku.<\/p>\n<\/div>\n<\/div>\n<div class=\"row mt-1 mb-2\">\n<div class=\"cel sm-4 md-4 lg-8\">\n<h3>Monohydrat kreatyny<\/h3>\n<p>Monohydrat kreatyny to najpopularniejsza i najlepiej przebadana forma kreatyny, kt\u00f3ra wspiera rozw\u00f3j si\u0142y i wytrzyma\u0142o\u015bci mi\u0119\u015bniowej. Kreatyna magazynuje energi\u0119 w mi\u0119\u015bniach, co jest kluczowe podczas intensywnych, kr\u00f3tkotrwa\u0142ych \u0107wicze\u0144 fizycznych. Regularna suplementacja kreatyn\u0105 mo\u017ce prowadzi\u0107 do zwi\u0119kszenia masy mi\u0119\u015bniowej, lepszej wydolno\u015bci i wi\u0119kszych osi\u0105g\u00f3w sportowych, zw\u0142aszcza w sportach si\u0142owych i wytrzyma\u0142o\u015bciowych. Dodatkowo, kreatyna wspiera regeneracj\u0119 mi\u0119\u015bni po treningu, co przek\u0142ada si\u0119 na szybszy powr\u00f3t do formy.<\/p>\n<\/div>\n<\/div>\n<div class=\"row mt-1 mb-2\">\n<div class=\"cel sm-4 md-4 lg-8\">\n<h3>L-glutamina<\/h3>\n<p>Glutamina to jeden z najwa\u017cniejszych aminokwas\u00f3w, kt\u00f3ry odgrywa kluczow\u0105 rol\u0119 w procesach regeneracyjnych mi\u0119\u015bni. Pomaga zapobiega\u0107 utracie mi\u0119\u015bni podczas intensywnych trening\u00f3w i wspiera odporno\u015b\u0107 organizmu, co jest szczeg\u00f3lnie wa\u017cne w okresach wzmo\u017conego wysi\u0142ku fizycznego. L-glutamina, b\u0119d\u0105ca jedn\u0105 z najczystszych form glutaminy, wspomaga procesy naprawcze mi\u0119\u015bni, a tak\u017ce poprawia funkcjonowanie uk\u0142adu pokarmowego, co mo\u017ce przyczyni\u0107 si\u0119 do lepszej przyswajalno\u015bci sk\u0142adnik\u00f3w od\u017cywczych. Dzi\u0119ki regularnemu stosowaniu glutaminy, mo\u017cesz zmniejszy\u0107 ryzyko katabolizmu mi\u0119\u015bniowego oraz przyspieszy\u0107 regeneracj\u0119 po treningu.<\/p>\n<\/div>\n<\/div>\n<div class=\"row mt-1 mb-2\">\n<div class=\"cel sm-4 md-2 lg-4\">\u00a0Tauryna<\/div>\n<div class=\"cel sm-4 md-4 lg-8\">\n<p>Tauryna to aminokwas pe\u0142ni\u0105cy wiele istotnych funkcji w organizmie, a jedn\u0105 z najwa\u017cniejszych jest wspomaganie wydolno\u015bci fizycznej. Wp\u0142ywa na prawid\u0142owe funkcjonowanie mi\u0119\u015bni, poprawia ich wytrzyma\u0142o\u015b\u0107 i wspiera regeneracj\u0119 po wysi\u0142ku. Tauryna dzia\u0142a r\u00f3wnie\u017c jako przeciwutleniacz, co pomaga w ochronie kom\u00f3rek przed stresem oksydacyjnym, a tak\u017ce wspiera nawodnienie kom\u00f3rek mi\u0119\u015bniowych, co mo\u017ce poprawi\u0107 efektywno\u015b\u0107 treningow\u0105. Jest to sk\u0142adnik szczeg\u00f3lnie cenny dla os\u00f3b prowadz\u0105cych aktywny tryb \u017cycia, pomagaj\u0105cy im w utrzymaniu wysokiego poziomu energii i efektywno\u015bci podczas \u0107wicze\u0144.<\/p>\n<\/div>\n<\/div>\n<div class=\"row mt-1 mb-2\">\n<div class=\"cel sm-12\">\n<h3>Podsumowanie sk\u0142adnik\u00f3w BestWhey:<\/h3>\n<p>Wysokiej jako\u015bci bia\u0142ko serwatkowe wspierane przez bromelain\u0119, kt\u00f3ra poprawia trawienie i przyswajalno\u015b\u0107 bia\u0142ek, w po\u0142\u0105czeniu z monohydratem kreatyny, L-glutamin\u0105 oraz tauryn\u0105 tworzy kompleksow\u0105 formu\u0142\u0119 wspieraj\u0105c\u0105 rozw\u00f3j mi\u0119\u015bni, wydolno\u015b\u0107 fizyczn\u0105 i regeneracj\u0119. BestWhey to idealne rozwi\u0105zanie dla os\u00f3b, kt\u00f3re pragn\u0105 poprawi\u0107 swoje wyniki sportowe i zadba\u0107 o zdrowie mi\u0119\u015bni.<\/p>\n<p>&nbsp;<\/p>\n<\/div>\n<div id=\"user_dawkowanie\" class=\"tabcontent\">\n<p><strong>Recommended consumption:<\/strong> wymiesza\u0107 30 g proszku (3 p\u0142askie miarki) w 200 ml wody.<\/p>\n<p><strong>Keeping:<\/strong> w temperaturze pokojowej, w suchym miejscu, w spos\u00f3b niedost\u0119pny dla ma\u0142ych dzieci. Chroni\u0107 od wilgoci i \u015bwiat\u0142a. Produkt nale\u017cy spo\u017cy\u0107 w ci\u0105gu 60 dni od otwarcia opakowania.<\/p>\n<p><strong>Security measures:<\/strong> nie nale\u017cy przekracza\u0107 zalecanej porcji do spo\u017cycia w ci\u0105gu dnia. Zr\u00f3wnowa\u017cony spos\u00f3b \u017cywienia i prawid\u0142owy tryb \u017cycia jest wa\u017cny dla funkcjonowania organizmu cz\u0142owieka. Suplement diety nie mo\u017ce by\u0107 stosowany jako substytut (zamiennik) zr\u00f3\u017cnicowanej diety. Nie stosowa\u0107 w przypadku nadwra\u017cliwo\u015bci na kt\u00f3rykolwiek ze sk\u0142adnik\u00f3w. Kobiety w ci\u0105\u017cy oraz matki karmi\u0105ce przed zastosowaniem produktu powinny skonsultowa\u0107 si\u0119 z lekarzem. <strong> Zawiera alergeny: produkty pochodzenia mlecznego (laktoza)<\/strong>.<\/p>\n<div id=\"box_description\" class=\"box tab\">\n<div class=\"resetcss\">\n<div id=\"user_sklad\" class=\"tabcontent\">\n<table>\n<tbody>\n<tr>\n<td>Warto\u015bci od\u017cywcze:<\/td>\n<td>Zawarto\u015b\u0107 w 100 g:<\/td>\n<td>Zawarto\u015b\u0107 w zalecanej dziennej porcji (30 g):<\/td>\n<\/tr>\n<tr>\n<td>Energy value<\/td>\n<td>1236 kJ \/ 291 kcal<\/td>\n<td>371 kJ \/ 87 kcal<\/td>\n<\/tr>\n<tr>\n<td>Bia\u0142ko (w suchej masie)<\/td>\n<td>70 g<\/td>\n<td>21 g<\/td>\n<\/tr>\n<tr>\n<td>W\u0119glowodany, w tym:<br \/>\nCukry<\/td>\n<td>4,1 g<br \/>\n2,9 g<\/td>\n<td>1,2 g<br \/>\n0,9 g<\/td>\n<\/tr>\n<tr>\n<td>T\u0142uszcze, w tym:<br \/>\nNasycone kwasy t\u0142uszczowe<\/td>\n<td>0,8 g<br \/>\n0.2 g<\/td>\n<td>0.2 g<\/td>\n<\/tr>\n<tr>\n<td>Salt<\/td>\n<td>0,3 g<\/td>\n<td>0,1 g<\/td>\n<\/tr>\n<\/tbody>\n<\/table>\n<table>\n<tbody>\n<tr>\n<td>Active Ingredients:<\/td>\n<td>Zawarto\u015b\u0107 w 100 g:<\/td>\n<td>Zawarto\u015b\u0107 w zalecanej dziennej porcji (30 g):<\/td>\n<\/tr>\n<tr>\n<td>Monohydrat kreatyny, w tym:<br \/>\nKreatyna<\/td>\n<td>7,58 g<br \/>\n6,67 g<\/td>\n<td>2,28 g<br \/>\n2 g<\/td>\n<\/tr>\n<tr>\n<td>L-Glutamina<\/td>\n<td>6,67 g<\/td>\n<td>2 g<\/td>\n<\/tr>\n<tr>\n<td>Tauryna<\/td>\n<td>3,33 g<\/td>\n<td>1 g<\/td>\n<\/tr>\n<tr>\n<td>Bromelaina z ananasa<\/td>\n<td>1,25 g<\/td>\n<td>0,5 g<\/td>\n<\/tr>\n<\/tbody>\n<\/table>\n<table>\n<colgroup>\n<col \/>\n<col \/>\n<col \/> <\/colgroup>\n<tbody>\n<tr>\n<td colspan=\"3\">Profil aminokwasowy<\/td>\n<\/tr>\n<tr>\n<td>Aminokwas:<\/td>\n<td>100 g produktu :<\/td>\n<td>1 porcja 30 g:<\/td>\n<\/tr>\n<tr>\n<td>Kwas L-asparginowy<\/td>\n<td>7,7 g<\/td>\n<td>2,3 g<\/td>\n<\/tr>\n<tr>\n<td>Kwas L-glutaminowy<\/td>\n<td>12,7 g<\/td>\n<td>3,8 g<\/td>\n<\/tr>\n<tr>\n<td>L-Seryna<\/td>\n<td>3,4 g<\/td>\n<td>1 g<\/td>\n<\/tr>\n<tr>\n<td>L-Glicyna<\/td>\n<td>1,1 g<\/td>\n<td>0,33 g<\/td>\n<\/tr>\n<tr>\n<td>L-Histydyna<\/td>\n<td>1,2 g<\/td>\n<td>0.36 g<\/td>\n<\/tr>\n<tr>\n<td>L-Arginina<\/td>\n<td>1,5 g<\/td>\n<td>0,45 g<\/td>\n<\/tr>\n<tr>\n<td>L-Treonina *<\/td>\n<td>5,1 g<\/td>\n<td>1,53 g<\/td>\n<\/tr>\n<tr>\n<td>L-Alanina<\/td>\n<td>3,4 g<\/td>\n<td>1 g<\/td>\n<\/tr>\n<tr>\n<td>L-Prolina<\/td>\n<td>4,5 g<\/td>\n<td>1,35 g<\/td>\n<\/tr>\n<tr>\n<td>L-Tyrozyna<\/td>\n<td>2,1 g<\/td>\n<td>0,63 g<\/td>\n<\/tr>\n<tr>\n<td>L-Walina **<\/td>\n<td>4 g<\/td>\n<td>1,2 g<\/td>\n<\/tr>\n<tr>\n<td>L-Metionina *<\/td>\n<td>1,5 g<\/td>\n<td>0,45 g<\/td>\n<\/tr>\n<tr>\n<td>L-Cysteina<\/td>\n<td>1.8 g<\/td>\n<td>0,54 g<\/td>\n<\/tr>\n<tr>\n<td>L-Izoleucyna **<\/td>\n<td>4,2 g<\/td>\n<td>1,26 g<\/td>\n<\/tr>\n<tr>\n<td>L-Leucyna **<\/td>\n<td>7,6 g<\/td>\n<td>2,28 g<\/td>\n<\/tr>\n<tr>\n<td>L-Fenyloalanina *<\/td>\n<td>2.2 g<\/td>\n<td>0,66 g<\/td>\n<\/tr>\n<tr>\n<td>L-Lizyna *<\/td>\n<td>6,4 g<\/td>\n<td>1,92 g<\/td>\n<\/tr>\n<tr>\n<td>L-Tryptofan *<\/td>\n<td>2,4 g<\/td>\n<td>0,72 g<\/td>\n<\/tr>\n<\/tbody>\n<\/table>\n<div dir=\"ltr\">* Referencyjna Warto\u015b\u0107 Spo\u017cycia nie wyst\u0119puje.<\/div>\n<div dir=\"ltr\">\n<p><em><strong>Zawarto\u015b\u0107 opakowania: <\/strong>900 g<\/em><\/p>\n<\/div>\n<p><em><strong>Ingredients:<\/strong>\u00a0Izolat bia\u0142ek serwatkowych 90%, Monohydrat kreatyny, L-Glutamina, Tauryna, Bromelaina z ananasa (Ex &#8211; ananas comosus L.), naturalne aromaty, Glikozydy stewiolowe ze stewii.<\/em><\/p>\n<\/div>\n<\/div>\n<\/div>\n<p>Informacje o producencie:<br \/>\nProducentem i dystrybutorem BestWhey jest BEST LAB SP. Z O.O. ul. Grzybowska 87, 00-844 Warszawa, NIP: 5272991208, KRS: 0000956521<\/p>\n<\/div>\n<\/div>\n<\/div>\n<\/div>","protected":false},"excerpt":{"rendered":"<div class=\"row all-align-center bg-lightgray\">\n<div class=\"cel-contained sm-4 sm-last md-3 lg-6 bg-lightgray\">\n<div>\n<h2>BestWhey to suplement diety stworzony z my\u015bl\u0105 o wsparciu zdrowia mi\u0119\u015bni i ko\u015bci na ka\u017cdym etapie \u017cycia.<\/h2>\n<p>Zawiera wysok\u0105 dawk\u0119 bia\u0142ka serwatkowego, kt\u00f3re wspomaga wzrost i utrzymanie masy mi\u0119\u015bniowej, oraz kreatyn\u0119, kt\u00f3ra zwi\u0119ksza wydolno\u015b\u0107 fizyczn\u0105 i wspiera rozw\u00f3j si\u0142y mi\u0119\u015bniowej, szczeg\u00f3lnie u os\u00f3b powy\u017cej 55. roku \u017cycia. Regularne stosowanie bia\u0142ka i kreatyny to idealny spos\u00f3b na popraw\u0119 wynik\u00f3w sportowych i utrzymanie zdrowia ko\u015bci i mi\u0119\u015bni.<\/p>\n<ul>\n<li>Przyczynia si\u0119 do wzrostu masy mi\u0119\u015bniowej (bia\u0142ko)<\/li>\n<li>Pomaga w utrzymaniu masy mi\u0119\u015bniowej (bia\u0142ko)<\/li>\n<li>Potrzebne dla prawid\u0142owego wzrostu i rozwoju ko\u015bci u dzieci (bia\u0142ko)<\/li>\n<li>Pomaga w utrzymaniu zdrowych ko\u015bci (bia\u0142ko)<\/li>\n<li>Codzienne przyjmowanie mo\u017ce zwi\u0119kszy\u0107 wp\u0142yw treningu oporowego na si\u0142\u0119 mi\u0119\u015bniow\u0105 u doros\u0142ych powy\u017cej 55. roku \u017cycia (kreatyna)<\/li>\n<li>Zwi\u0119ksza wydolno\u015b\u0107 fizyczn\u0105 w przypadku kr\u00f3tkich, bardzo intensywnych \u0107wicze\u0144 (kreatyna)<\/li>\n<\/ul>\n<\/div>\n<\/div>\n<div class=\"cel-contained sm-4 sm-first md-3 lg-6\"><\/div>\n<\/div>\n<div class=\"row bg-lightgray mt-3 all-justify-center\">\n<div class=\"cel sm-4 md-5 lg-10 pt-5 pb-5 pl-3 pr-3\">\n<h2 class=\"textjustify\">BestWhey to idealny suplement dla aktywnych os\u00f3b, dzieci i m\u0142odzie\u017cy w fazie wzrostu oraz doros\u0142ych, kt\u00f3rzy chc\u0105 zadba\u0107 o swoj\u0105 sprawno\u015b\u0107 fizyczn\u0105 i zdrowie ko\u015bci.<\/h2>\n<\/div>\n<\/div>","protected":false},"featured_media":6401,"template":"","meta":{"ocean_post_layout":"","ocean_both_sidebars_style":"","ocean_both_sidebars_content_width":0,"ocean_both_sidebars_sidebars_width":0,"ocean_sidebar":"0","ocean_second_sidebar":"0","ocean_disable_margins":"enable","ocean_add_body_class":"","ocean_shortcode_before_top_bar":"","ocean_shortcode_after_top_bar":"","ocean_shortcode_before_header":"","ocean_shortcode_after_header":"","ocean_has_shortcode":"","ocean_shortcode_after_title":"","ocean_shortcode_before_footer_widgets":"","ocean_shortcode_after_footer_widgets":"","ocean_shortcode_before_footer_bottom":"","ocean_shortcode_after_footer_bottom":"","ocean_display_top_bar":"default","ocean_display_header":"default","ocean_header_style":"","ocean_center_header_left_menu":"0","ocean_custom_header_template":"0","ocean_custom_logo":0,"ocean_custom_retina_logo":0,"ocean_custom_logo_max_width":0,"ocean_custom_logo_tablet_max_width":0,"ocean_custom_logo_mobile_max_width":0,"ocean_custom_logo_max_height":0,"ocean_custom_logo_tablet_max_height":0,"ocean_custom_logo_mobile_max_height":0,"ocean_header_custom_menu":"0","ocean_menu_typo_font_family":"0","ocean_menu_typo_font_subset":"","ocean_menu_typo_font_size":0,"ocean_menu_typo_font_size_tablet":0,"ocean_menu_typo_font_size_mobile":0,"ocean_menu_typo_font_size_unit":"px","ocean_menu_typo_font_weight":"","ocean_menu_typo_font_weight_tablet":"","ocean_menu_typo_font_weight_mobile":"","ocean_menu_typo_transform":"","ocean_menu_typo_transform_tablet":"","ocean_menu_typo_transform_mobile":"","ocean_menu_typo_line_height":0,"ocean_menu_typo_line_height_tablet":0,"ocean_menu_typo_line_height_mobile":0,"ocean_menu_typo_line_height_unit":"","ocean_menu_typo_spacing":0,"ocean_menu_typo_spacing_tablet":0,"ocean_menu_typo_spacing_mobile":0,"ocean_menu_typo_spacing_unit":"","ocean_menu_link_color":"","ocean_menu_link_color_hover":"","ocean_menu_link_color_active":"","ocean_menu_link_background":"","ocean_menu_link_hover_background":"","ocean_menu_link_active_background":"","ocean_menu_social_links_bg":"","ocean_menu_social_hover_links_bg":"","ocean_menu_social_links_color":"","ocean_menu_social_hover_links_color":"","ocean_disable_title":"default","ocean_disable_heading":"default","ocean_post_title":"","ocean_post_subheading":"","ocean_post_title_style":"","ocean_post_title_background_color":"","ocean_post_title_background":0,"ocean_post_title_bg_image_position":"","ocean_post_title_bg_image_attachment":"","ocean_post_title_bg_image_repeat":"","ocean_post_title_bg_image_size":"","ocean_post_title_height":0,"ocean_post_title_bg_overlay":0.5,"ocean_post_title_bg_overlay_color":"","ocean_disable_breadcrumbs":"default","ocean_breadcrumbs_color":"","ocean_breadcrumbs_separator_color":"","ocean_breadcrumbs_links_color":"","ocean_breadcrumbs_links_hover_color":"","ocean_display_footer_widgets":"default","ocean_display_footer_bottom":"default","ocean_custom_footer_template":"0"},"product_brand":[],"product_cat":[80,22,20],"product_tag":[],"class_list":{"0":"post-6400","1":"product","2":"type-product","3":"status-publish","4":"has-post-thumbnail","6":"product_cat-best-lab","7":"product_cat-suplementy-i-witaminy","8":"product_cat-dzieci","10":"entry","11":"has-media","13":"first","14":"instock","15":"shipping-taxable","16":"purchasable","17":"product-type-simple","18":"has-product-nav","19":"col","20":"span_1_of_3","21":"owp-content-left","22":"owp-thumbs-layout-horizontal","23":"owp-btn-normal","24":"owp-tabs-layout-horizontal","25":"has-no-thumbnails"},"_links":{"self":[{"href":"https:\/\/ecocorner.eu\/en\/wp-json\/wp\/v2\/product\/6400","targetHints":{"allow":["GET"]}}],"collection":[{"href":"https:\/\/ecocorner.eu\/en\/wp-json\/wp\/v2\/product"}],"about":[{"href":"https:\/\/ecocorner.eu\/en\/wp-json\/wp\/v2\/types\/product"}],"version-history":[{"count":1,"href":"https:\/\/ecocorner.eu\/en\/wp-json\/wp\/v2\/product\/6400\/revisions"}],"predecessor-version":[{"id":6402,"href":"https:\/\/ecocorner.eu\/en\/wp-json\/wp\/v2\/product\/6400\/revisions\/6402"}],"wp:featuredmedia":[{"embeddable":true,"href":"https:\/\/ecocorner.eu\/en\/wp-json\/wp\/v2\/media\/6401"}],"wp:attachment":[{"href":"https:\/\/ecocorner.eu\/en\/wp-json\/wp\/v2\/media?parent=6400"}],"wp:term":[{"taxonomy":"product_brand","embeddable":true,"href":"https:\/\/ecocorner.eu\/en\/wp-json\/wp\/v2\/product_brand?post=6400"},{"taxonomy":"product_cat","embeddable":true,"href":"https:\/\/ecocorner.eu\/en\/wp-json\/wp\/v2\/product_cat?post=6400"},{"taxonomy":"product_tag","embeddable":true,"href":"https:\/\/ecocorner.eu\/en\/wp-json\/wp\/v2\/product_tag?post=6400"}],"curies":[{"name":"wp","href":"https:\/\/api.w.org\/{rel}","templated":true}]}}