{"id":6413,"date":"2025-01-09T14:20:01","date_gmt":"2025-01-09T14:20:01","guid":{"rendered":"https:\/\/ecocorner.eu\/?post_type=product&#038;p=6413"},"modified":"2026-01-16T14:53:04","modified_gmt":"2026-01-16T14:53:04","slug":"skoczylas-multiwitamina-junior-dla-dzieci-60-g-proszek","status":"publish","type":"product","link":"https:\/\/ecocorner.eu\/en\/product\/skoczylas-multiwitamina-junior-dla-dzieci-60-g-proszek\/","title":{"rendered":"Skoczylas   Multiwitamina  junior dla dzieci   60 g  proszek"},"content":{"rendered":"<p>PERFECTION:<br \/>\n&#8211; starannie wyselekcjonowane \u017ar\u00f3d\u0142o surowca<br \/>\n&#8211; bez substancji konserwuj\u0105cych<br \/>\n&#8211; czarne opakowanie chroni zawarto\u015b\u0107 przed niepo\u017c\u0105danym dzia\u0142aniem promieni UV<br \/>\n&#8211; prosto od producenta z Polski<\/p>\n<p>Ingredients:<br \/>\nb\u0142onnik akacjowy, liofilizat ananasa 30%, magnez (sole magnezowe kwasu cytrynowego), witamina C (kwas L-askorbinowy), aromat, substancja przeciwzbrylaj\u0105ca (dwutlenek krzemu), substancja s\u0142odz\u0105ca (glikozydy stewiolowe ze stewii), ekstrakt z pestek winogron <em>(Vitis vinifera)<\/em>, regulator kwasowo\u015bci (kwas cytrynowy), niacyna (amid kwasu nikotynowego), selen (selenian (VI) sodu), kwas pantotenowy (D-pantotenian wapnia), biotyna (D-biotyna), ryboflawina, witamina B6 (chlorowodorek pirydoksyny), witamina B1 (monoazotan tiaminy), kwas foliowy (kwas pteroilomonoglutaminowy), witamina B12 (metylokobalamina).<\/p>\n<table border=\"1\">\n<tbody>\n<tr>\n<td><strong>Ingredients<\/strong><\/td>\n<td><strong>Zawarto\u015b\u0107 w zalecanej dziennej porcji (%RWS)*\u00a0w 2 g<\/strong><\/td>\n<td><strong>Zawarto\u015b\u0107 w zalecanej dziennej porcji (%RWS)*\u00a0w 4 g<\/strong><\/td>\n<\/tr>\n<tr>\n<td><strong>Ekstrakt z pestek winogron, w tym:<\/strong><br \/>\npolifenole<\/td>\n<td><strong>12 mg<\/strong><br \/>\n15,3 mg<\/td>\n<td><strong>36 mg<\/strong><br \/>\n30,6 mg<\/td>\n<\/tr>\n<tr>\n<td>Magnesium<\/td>\n<td>60 mg (16%)<\/td>\n<td>120 mg (16%)<\/td>\n<\/tr>\n<tr>\n<td>Vitamin C<\/td>\n<td>60 mg (75%)<\/td>\n<td>120 mg(150%)<\/td>\n<\/tr>\n<tr>\n<td>Niacin<\/td>\n<td>2 mg (12,5%)<\/td>\n<td>4 mg (25%)<\/td>\n<\/tr>\n<tr>\n<td>Selenium<\/td>\n<td>15 \u00b5g (27%)<\/td>\n<td>30\u00a0\u00b5g (54%)<\/td>\n<\/tr>\n<tr>\n<td>Pantothenic acid<\/td>\n<td>1,5 mg (25%)<\/td>\n<td>3 mg (50%)<\/td>\n<\/tr>\n<tr>\n<td>Biotin<\/td>\n<td>10\u00a0\u00b5g\u00a0(20%)<\/td>\n<td>20\u00a0\u00b5g (40%)<\/td>\n<\/tr>\n<tr>\n<td>Ryboflawina<\/td>\n<td>0,3 mg (21%)<\/td>\n<td>0,6 mg (42%)<\/td>\n<\/tr>\n<tr>\n<td>Vitamin B6<\/td>\n<td>0,3 mg (21%)<\/td>\n<td>0,6 mg (21%)<\/td>\n<\/tr>\n<tr>\n<td>Thiamine<\/td>\n<td>0,3 mg (27%)<\/td>\n<td>0,6 mg (54%)<\/td>\n<\/tr>\n<tr>\n<td>Folic Acid<\/td>\n<td>200 \u00b5g (100%)<\/td>\n<td>400 \u00b5g (200%)<\/td>\n<\/tr>\n<tr>\n<td>Vitamin B12<\/td>\n<td>0,6 \u00b5g (24%)<\/td>\n<td>1,2 \u00b5g (48%)<\/td>\n<\/tr>\n<\/tbody>\n<\/table>\n<p>* % RWS (reference consumption value)<\/p>\n<p>RECOMMENDED CONSUMPTION:<br \/>\nDzieci od 3 roku \u017cycia &#8211; 2 g (jedna wi\u0119ksza p\u0142aska miarka do\u0142\u0105czona do opakowania) oraz doro\u015bli &#8211; 4 g (dwie wi\u0119ksze p\u0142askie miarki do\u0142\u0105czone do opakowania): proszek rozpu\u015bci\u0107 w 100 ml wody i wypi\u0107 od razu po przygotowaniu. Nie nale\u017cy przekracza\u0107 zalecanej porcji do spo\u017cycia w ci\u0105gu dnia.<\/p>\n<p>STORAGE METHOD:<br \/>\nPrzechowywa\u0107 w suchym, nienas\u0142onecznionym miejscu w temperaturze do 25 st. C, w spos\u00f3b niedost\u0119pny dla ma\u0142ych dzieci. Po otwarciu spo\u017cy\u0107 w ci\u0105gu 30 dni.<\/p>\n<p>IMPORTANT NOTES:<br \/>\nSuplement diety nie mo\u017ce by\u0107 stosowany jako substytut zr\u00f3\u017cnicowanej diety. Prowadzenie zdrowego trybu \u017cycia i stosowanie zr\u00f3wnowa\u017conej diety s\u0105 niezb\u0119dne dla zachowania dobrego stanu zdrowia.\u00a0Nie stosowa\u0107 w przypadku uczulenia na kt\u00f3rykolwiek ze sk\u0142adnik\u00f3w preparatu.<\/p>\n<p>quantity:<br \/>\n60 g &#8211; wystarcza na 30 dni.<\/p>","protected":false},"excerpt":{"rendered":"<p><strong>MULTIWITAMINA junior marki Skoczylas\u00a0<\/strong><\/p>\n<p>purpose<br \/>\nDla dzieci od 3 roku \u017cycia oraz doros\u0142ych. Uzupe\u0142nia diet\u0119 w witaminy, minera\u0142y oraz polifenole z pestek winogron. Pestki winogron to bogate \u017ar\u00f3d\u0142o polifenoli. Posiadaj\u0105 w\u0142a\u015bciwo\u015bci antyoksydacyjne &#8211; chroni\u0105 kom\u00f3rki przed utlenianiem.<\/p>\n<p>Vitamin B3 (Niacin):<br \/>\n- helps maintain normal energy metabolism,<br \/>\n- helps in the proper functioning of the nervous system,<br \/>\n- helps maintain proper psychological functions,<br \/>\n- helps maintain the normal condition of the mucous membranes,<br \/>\n- helps keep your skin healthy,<br \/>\n- helps reduce feelings of tiredness and tiredness.<\/p>\n<p>Selenium:<br \/>\n- promotes the normal course of spermatogenesis,<br \/>\n- helps to keep your hair healthy,<br \/>\n- helps to keep your nails healthy,<br \/>\n- helps in the proper functioning of the immune system,<br \/>\n- helps in the proper functioning of the thyroid gland,<br \/>\n- helps protect cells from oxidative stress.<\/p>\n<p>Pantothenic acid:<br \/>\n- helps maintain normal energy metabolism,<br \/>\n- promotes proper synthesis and metabolism of steroid hormones, vitamin D and certain neurotransmitters,<br \/>\n- helps reduce feelings of tiredness and tiredness,<br \/>\n- helps maintain mental performance at the right level.<\/p>\n<p>Vitamin B2 (Riboflavin):<br \/>\n- helps maintain normal energy metabolism,<br \/>\n- helps in the proper functioning of the nervous system,<br \/>\n- helps maintain the normal condition of the mucous membranes,<br \/>\n- helps maintain the normal condition of red blood cells,<br \/>\n- helps keep your skin healthy,<br \/>\n- helps maintain proper vision,<br \/>\n- helps maintain normal iron metabolism,<br \/>\n- helps protect cells from oxidative stress,<br \/>\n- helps reduce feelings of tiredness and tiredness.<\/p>\n<p>Vitamin B6:<br \/>\n- helps maintain normal homocysteine metabolism,<br \/>\n- helps in the proper synthesis of cysteine,<br \/>\n- helps in the proper production of red blood cells,<br \/>\n- helps maintain normal energy metabolism,<br \/>\n- helps in the proper functioning of the nervous system,<br \/>\n- helps maintain normal protein and glycogen metabolism,<br \/>\n- helps maintain proper psychological functions,<br \/>\n- helps in the proper functioning of the immune system,<br \/>\n- helps reduce feelings of tiredness and tiredness,<br \/>\n- promotes the regulation of hormonal activity.<\/p>\n<p>Vitamin B1 (Thiamine):<br \/>\n- helps in the proper functioning of the heart,<br \/>\n- helps in the proper functioning of the nervous system,<br \/>\n- helps maintain proper psychological functions.<\/p>\n<p>Folate (Folic acid):<br \/>\n- promote the growth of maternal tissues during pregnancy,<br \/>\n- helps in the proper synthesis of amino acids,<br \/>\n- help in proper blood production,<br \/>\n- helps maintain normal homocysteine metabolism,<br \/>\n- help maintain proper psychological functions,<br \/>\n- helps in the proper functioning of the immune system,<br \/>\n- help reduce feelings of tiredness and tiredness,<br \/>\n- they are involved in the process of cell division.<\/p>\n<p>Witamina B12 (metylokobalamina):<br \/>\n- helps maintain normal energy metabolism,<br \/>\n- helps in the proper functioning of the nervous system,<br \/>\n- helps maintain normal homocysteine metabolism,<br \/>\n- helps maintain proper psychological functions,<br \/>\n- helps in the proper production of red blood cells,<br \/>\n- helps in the proper functioning of the immune system,<br \/>\n- helps reduce feelings of tiredness and tiredness,<br \/>\n- plays a role in the process of cell division.<\/p>\n<p>Biotin:<br \/>\n- helps maintain normal macronutrient metabolism,<br \/>\n- helps to keep your hair healthy,<br \/>\n- helps maintain the normal condition of the mucous membranes,<br \/>\n&#8211; pomaga zachowa\u0107 zdrow\u0105 \u00a0sk\u00f3r\u0119.<\/p>\n<p>Vitamin C:<br \/>\n&#8211; pomaga w prawid\u0142owej produkcji kolagenu,<br \/>\n&#8211; zwi\u0119ksza przyswajanie \u017celaza niehemowego,<br \/>\n- helps in the proper functioning of the nervous system,<br \/>\n- helps in the proper functioning of the immune system,<br \/>\n- helps maintain normal energy metabolism,<br \/>\n- helps maintain proper psychological functions,<br \/>\n&#8211; pomaga w utrzymaniu prawid\u0142owego funkcjonowania uk\u0142adu odporno\u015bciowego w trakcie i po wysi\u0142ku fizycznym,<br \/>\n- helps in restoring the reduced form of vitamin E,<br \/>\n&#8211; przyczynia si\u0119 do ochrony sk\u0142adnik\u00f3w kom\u00f3rkowych przed uszkodzeniem oksydacyjnym.<\/p>\n<p>Magnesium:<br \/>\n&#8211; pomaga w utrzymaniu r\u00f3wnowagi elektrolitowej,<br \/>\n- helps maintain normal energy metabolism,<br \/>\n- helps in the proper functioning of the nervous system,<br \/>\n- helps in proper muscle function,<br \/>\n- helps in proper protein synthesis,<br \/>\n- helps maintain proper psychological functions,<br \/>\n- helps maintain healthy bones,<br \/>\n- helps maintain healthy teeth,<br \/>\n- plays a role in the process of cell division,<\/p>\n<p>Vitamin B6:<br \/>\n- helps maintain normal homocysteine metabolism,<br \/>\n- helps in the proper synthesis of cysteine,<br \/>\n- helps in the proper production of red blood cells,<br \/>\n- helps maintain normal energy metabolism,<br \/>\n- helps in the proper functioning of the nervous system,<br \/>\n- helps maintain normal protein and glycogen metabolism,<br \/>\n- helps maintain proper psychological functions,<br \/>\n- helps in the proper functioning of the immune system,<br \/>\n- helps reduce feelings of tiredness and tiredness,<br \/>\n- promotes the regulation of hormonal activity.<\/p>","protected":false},"featured_media":6416,"template":"","meta":{"ocean_post_layout":"","ocean_both_sidebars_style":"","ocean_both_sidebars_content_width":0,"ocean_both_sidebars_sidebars_width":0,"ocean_sidebar":"0","ocean_second_sidebar":"0","ocean_disable_margins":"enable","ocean_add_body_class":"","ocean_shortcode_before_top_bar":"","ocean_shortcode_after_top_bar":"","ocean_shortcode_before_header":"","ocean_shortcode_after_header":"","ocean_has_shortcode":"","ocean_shortcode_after_title":"","ocean_shortcode_before_footer_widgets":"","ocean_shortcode_after_footer_widgets":"","ocean_shortcode_before_footer_bottom":"","ocean_shortcode_after_footer_bottom":"","ocean_display_top_bar":"default","ocean_display_header":"default","ocean_header_style":"","ocean_center_header_left_menu":"0","ocean_custom_header_template":"0","ocean_custom_logo":0,"ocean_custom_retina_logo":0,"ocean_custom_logo_max_width":0,"ocean_custom_logo_tablet_max_width":0,"ocean_custom_logo_mobile_max_width":0,"ocean_custom_logo_max_height":0,"ocean_custom_logo_tablet_max_height":0,"ocean_custom_logo_mobile_max_height":0,"ocean_header_custom_menu":"0","ocean_menu_typo_font_family":"0","ocean_menu_typo_font_subset":"","ocean_menu_typo_font_size":0,"ocean_menu_typo_font_size_tablet":0,"ocean_menu_typo_font_size_mobile":0,"ocean_menu_typo_font_size_unit":"px","ocean_menu_typo_font_weight":"","ocean_menu_typo_font_weight_tablet":"","ocean_menu_typo_font_weight_mobile":"","ocean_menu_typo_transform":"","ocean_menu_typo_transform_tablet":"","ocean_menu_typo_transform_mobile":"","ocean_menu_typo_line_height":0,"ocean_menu_typo_line_height_tablet":0,"ocean_menu_typo_line_height_mobile":0,"ocean_menu_typo_line_height_unit":"","ocean_menu_typo_spacing":0,"ocean_menu_typo_spacing_tablet":0,"ocean_menu_typo_spacing_mobile":0,"ocean_menu_typo_spacing_unit":"","ocean_menu_link_color":"","ocean_menu_link_color_hover":"","ocean_menu_link_color_active":"","ocean_menu_link_background":"","ocean_menu_link_hover_background":"","ocean_menu_link_active_background":"","ocean_menu_social_links_bg":"","ocean_menu_social_hover_links_bg":"","ocean_menu_social_links_color":"","ocean_menu_social_hover_links_color":"","ocean_disable_title":"default","ocean_disable_heading":"default","ocean_post_title":"","ocean_post_subheading":"","ocean_post_title_style":"","ocean_post_title_background_color":"","ocean_post_title_background":0,"ocean_post_title_bg_image_position":"","ocean_post_title_bg_image_attachment":"","ocean_post_title_bg_image_repeat":"","ocean_post_title_bg_image_size":"","ocean_post_title_height":0,"ocean_post_title_bg_overlay":0.5,"ocean_post_title_bg_overlay_color":"","ocean_disable_breadcrumbs":"default","ocean_breadcrumbs_color":"","ocean_breadcrumbs_separator_color":"","ocean_breadcrumbs_links_color":"","ocean_breadcrumbs_links_hover_color":"","ocean_display_footer_widgets":"default","ocean_display_footer_bottom":"default","ocean_custom_footer_template":"0"},"product_brand":[],"product_cat":[72,22,20],"product_tag":[],"class_list":{"0":"post-6413","1":"product","2":"type-product","3":"status-publish","4":"has-post-thumbnail","6":"product_cat-skoczylas","7":"product_cat-suplementy-i-witaminy","8":"product_cat-dzieci","10":"entry","11":"has-media","13":"first","14":"outofstock","15":"shipping-taxable","16":"purchasable","17":"product-type-simple","18":"has-product-nav","19":"col","20":"span_1_of_3","21":"owp-content-left","22":"owp-thumbs-layout-horizontal","23":"owp-btn-normal","24":"owp-tabs-layout-horizontal"},"_links":{"self":[{"href":"https:\/\/ecocorner.eu\/en\/wp-json\/wp\/v2\/product\/6413","targetHints":{"allow":["GET"]}}],"collection":[{"href":"https:\/\/ecocorner.eu\/en\/wp-json\/wp\/v2\/product"}],"about":[{"href":"https:\/\/ecocorner.eu\/en\/wp-json\/wp\/v2\/types\/product"}],"version-history":[{"count":1,"href":"https:\/\/ecocorner.eu\/en\/wp-json\/wp\/v2\/product\/6413\/revisions"}],"predecessor-version":[{"id":6417,"href":"https:\/\/ecocorner.eu\/en\/wp-json\/wp\/v2\/product\/6413\/revisions\/6417"}],"wp:featuredmedia":[{"embeddable":true,"href":"https:\/\/ecocorner.eu\/en\/wp-json\/wp\/v2\/media\/6416"}],"wp:attachment":[{"href":"https:\/\/ecocorner.eu\/en\/wp-json\/wp\/v2\/media?parent=6413"}],"wp:term":[{"taxonomy":"product_brand","embeddable":true,"href":"https:\/\/ecocorner.eu\/en\/wp-json\/wp\/v2\/product_brand?post=6413"},{"taxonomy":"product_cat","embeddable":true,"href":"https:\/\/ecocorner.eu\/en\/wp-json\/wp\/v2\/product_cat?post=6413"},{"taxonomy":"product_tag","embeddable":true,"href":"https:\/\/ecocorner.eu\/en\/wp-json\/wp\/v2\/product_tag?post=6413"}],"curies":[{"name":"wp","href":"https:\/\/api.w.org\/{rel}","templated":true}]}}