{"id":6424,"date":"2025-01-09T14:27:22","date_gmt":"2025-01-09T14:27:22","guid":{"rendered":"https:\/\/ecocorner.eu\/?post_type=product&#038;p=6424"},"modified":"2025-08-28T11:00:48","modified_gmt":"2025-08-28T11:00:48","slug":"skoczylas-dezodorant-w-kremie-mango-bez-soli-aluminium-60-ml","status":"publish","type":"product","link":"https:\/\/ecocorner.eu\/en\/product\/skoczylas-dezodorant-w-kremie-mango-bez-soli-aluminium-60-ml\/","title":{"rendered":"Skoczylas   Dezodorant w kremie   Mango (bez soli aluminium) &#8211; 60 ml"},"content":{"rendered":"<p>A natural product. Do not heat it. Keep away from light source and heat at room temperature. Max. 25\u00b0. Apply to the skin with a spatula or clean hand. Close it after use.<\/p>\n<p>Method of application:<br \/>\napply a small amount to the clean skin of the armpits, leave it on for a few minutes. Do not apply to irritated, reddened epidermis.<\/p>\n<p>Ingredients:<br \/>\ncocos nucifera oil, zea mays (corn) starch, sodium bicarbonate, hydrogenated soy vegetable oil, butyrospermum parkii butter, vitis vinifera seed oil, persea gratissima (avocado) oil, kaolin clay, mangifera indica (mango) seed butter, tocopheryl acetate, aroma, eugenol*, hexyl cinnamal*, limonene*.<br \/>\n* aromatic composition component<\/p>\n<p>Weight: 60 ml<\/p>","protected":false},"excerpt":{"rendered":"<p><strong>Dezodorant w kremie mango marki SKOCZYLAS<\/strong><\/p>\n<p>Od\u015bwie\u017caj\u0105cy i zabezpieczaj\u0105cy przed potem dezodorant w kremie. Dzi\u0119ki mas\u0142u mango, mas\u0142u Shea i olejkowi awokado \u0142agodzi podra\u017cnienia i wspiera regeneracj\u0119 delikatnej sk\u00f3ry. \u0141atwo rozprowadza si\u0119 pod pachami, chroni przed przykrym zapachem i wyg\u0142adza nask\u00f3rek.<\/p>","protected":false},"featured_media":6426,"template":"","meta":{"ocean_post_layout":"","ocean_both_sidebars_style":"","ocean_both_sidebars_content_width":0,"ocean_both_sidebars_sidebars_width":0,"ocean_sidebar":"0","ocean_second_sidebar":"0","ocean_disable_margins":"enable","ocean_add_body_class":"","ocean_shortcode_before_top_bar":"","ocean_shortcode_after_top_bar":"","ocean_shortcode_before_header":"","ocean_shortcode_after_header":"","ocean_has_shortcode":"","ocean_shortcode_after_title":"","ocean_shortcode_before_footer_widgets":"","ocean_shortcode_after_footer_widgets":"","ocean_shortcode_before_footer_bottom":"","ocean_shortcode_after_footer_bottom":"","ocean_display_top_bar":"default","ocean_display_header":"default","ocean_header_style":"","ocean_center_header_left_menu":"0","ocean_custom_header_template":"0","ocean_custom_logo":0,"ocean_custom_retina_logo":0,"ocean_custom_logo_max_width":0,"ocean_custom_logo_tablet_max_width":0,"ocean_custom_logo_mobile_max_width":0,"ocean_custom_logo_max_height":0,"ocean_custom_logo_tablet_max_height":0,"ocean_custom_logo_mobile_max_height":0,"ocean_header_custom_menu":"0","ocean_menu_typo_font_family":"0","ocean_menu_typo_font_subset":"","ocean_menu_typo_font_size":0,"ocean_menu_typo_font_size_tablet":0,"ocean_menu_typo_font_size_mobile":0,"ocean_menu_typo_font_size_unit":"px","ocean_menu_typo_font_weight":"","ocean_menu_typo_font_weight_tablet":"","ocean_menu_typo_font_weight_mobile":"","ocean_menu_typo_transform":"","ocean_menu_typo_transform_tablet":"","ocean_menu_typo_transform_mobile":"","ocean_menu_typo_line_height":0,"ocean_menu_typo_line_height_tablet":0,"ocean_menu_typo_line_height_mobile":0,"ocean_menu_typo_line_height_unit":"","ocean_menu_typo_spacing":0,"ocean_menu_typo_spacing_tablet":0,"ocean_menu_typo_spacing_mobile":0,"ocean_menu_typo_spacing_unit":"","ocean_menu_link_color":"","ocean_menu_link_color_hover":"","ocean_menu_link_color_active":"","ocean_menu_link_background":"","ocean_menu_link_hover_background":"","ocean_menu_link_active_background":"","ocean_menu_social_links_bg":"","ocean_menu_social_hover_links_bg":"","ocean_menu_social_links_color":"","ocean_menu_social_hover_links_color":"","ocean_disable_title":"default","ocean_disable_heading":"default","ocean_post_title":"","ocean_post_subheading":"","ocean_post_title_style":"","ocean_post_title_background_color":"","ocean_post_title_background":0,"ocean_post_title_bg_image_position":"","ocean_post_title_bg_image_attachment":"","ocean_post_title_bg_image_repeat":"","ocean_post_title_bg_image_size":"","ocean_post_title_height":0,"ocean_post_title_bg_overlay":0.5,"ocean_post_title_bg_overlay_color":"","ocean_disable_breadcrumbs":"default","ocean_breadcrumbs_color":"","ocean_breadcrumbs_separator_color":"","ocean_breadcrumbs_links_color":"","ocean_breadcrumbs_links_hover_color":"","ocean_display_footer_widgets":"default","ocean_display_footer_bottom":"default","ocean_custom_footer_template":"0"},"product_brand":[],"product_cat":[39,72],"product_tag":[],"class_list":{"0":"post-6424","1":"product","2":"type-product","3":"status-publish","4":"has-post-thumbnail","6":"product_cat-naturalne-dezodoranty","7":"product_cat-skoczylas","9":"entry","10":"has-media","12":"first","13":"instock","14":"shipping-taxable","15":"purchasable","16":"product-type-simple","17":"has-product-nav","18":"col","19":"span_1_of_3","20":"owp-content-left","21":"owp-thumbs-layout-horizontal","22":"owp-btn-normal","23":"owp-tabs-layout-horizontal"},"_links":{"self":[{"href":"https:\/\/ecocorner.eu\/en\/wp-json\/wp\/v2\/product\/6424","targetHints":{"allow":["GET"]}}],"collection":[{"href":"https:\/\/ecocorner.eu\/en\/wp-json\/wp\/v2\/product"}],"about":[{"href":"https:\/\/ecocorner.eu\/en\/wp-json\/wp\/v2\/types\/product"}],"version-history":[{"count":1,"href":"https:\/\/ecocorner.eu\/en\/wp-json\/wp\/v2\/product\/6424\/revisions"}],"predecessor-version":[{"id":6427,"href":"https:\/\/ecocorner.eu\/en\/wp-json\/wp\/v2\/product\/6424\/revisions\/6427"}],"wp:featuredmedia":[{"embeddable":true,"href":"https:\/\/ecocorner.eu\/en\/wp-json\/wp\/v2\/media\/6426"}],"wp:attachment":[{"href":"https:\/\/ecocorner.eu\/en\/wp-json\/wp\/v2\/media?parent=6424"}],"wp:term":[{"taxonomy":"product_brand","embeddable":true,"href":"https:\/\/ecocorner.eu\/en\/wp-json\/wp\/v2\/product_brand?post=6424"},{"taxonomy":"product_cat","embeddable":true,"href":"https:\/\/ecocorner.eu\/en\/wp-json\/wp\/v2\/product_cat?post=6424"},{"taxonomy":"product_tag","embeddable":true,"href":"https:\/\/ecocorner.eu\/en\/wp-json\/wp\/v2\/product_tag?post=6424"}],"curies":[{"name":"wp","href":"https:\/\/api.w.org\/{rel}","templated":true}]}}