{"id":6453,"date":"2025-01-28T20:42:41","date_gmt":"2025-01-28T20:42:41","guid":{"rendered":"https:\/\/ecocorner.eu\/?post_type=product&#038;p=6453"},"modified":"2025-12-02T13:21:36","modified_gmt":"2025-12-02T13:21:36","slug":"eko-to-tu-immunik-odpornosc-dla-dzieci-i-doroslych-100-ml","status":"publish","type":"product","link":"https:\/\/ecocorner.eu\/en\/product\/eko-to-tu-immunik-odpornosc-dla-dzieci-i-doroslych-100-ml\/","title":{"rendered":"EKO TO TU  Immunik  Odporno\u015b\u0107   dla dzieci i doros\u0142ych  100 ml"},"content":{"rendered":"<div id=\"description\" class=\"tab-pane fade in active js-product-tab-active\" role=\"tabpanel\">\n<div class=\"product-description\">\n<div id=\"description\" class=\"tab-pane fade in active js-product-tab-active\">\n<div class=\"product-description\">\n<p>Ingredients:<\/p>\n<p>Owoc czarnego bzu (Sambucus nigra L. fructus)<\/p>\n<p>Ziele je\u017c\u00f3wki purpurowej (Echinacea purpurea L. herba) wirusowymi.<\/p>\n<p>Korze\u0144 traganka b\u0142oniastego (Astragalus membranaceus radix)<\/p>\n<p>Ziele lebiodki pospolitej (Origanum vulgare herba)<\/p>\n<p>Owoc dzikiej r\u00f3\u017cy (Rosa canina fructus)<\/p>\n<p>Kwiat lipy drobnolistnej (Tilia cordata flos)<\/p>\n<p>P\u0119dy sosny zwyczajnej (Pinus sylvestris L. folium)<\/p>\n<p>Owoc rokitnika zwyczajnego (Hippophae rhamnoides L. fructus)<\/p>\n<p>&nbsp;<\/p>\n<p>Ziele czystka krete\u0144skiego (Cistus creticus herba)<\/p>\n<p>&nbsp;<\/p>\n<p>PORCJA DZIENNA: 4,5ml (90 kropli) \u2028zawiera wodno-glicerolowy wyci\u0105g z: \u2028Owoc czarnego bzu \u2013 90 mg, Ziele je\u017c\u00f3wki purpurowej \u2013 90 mg,\u2028Korze\u0144 traganka b\u0142oniastego \u2013 67,5 mg,\u2028Ziele lebiodki pospolitej\u00a0 \u2013 67,5 mg,\u2028Owoc dzikiej r\u00f3\u017cy \u2013 45 mg, Kwiat lipy drobnolistnej \u2013 22,5 mg,\u2028P\u0119dy sosny zwyczajnej \u2013 22,5 mg,\u2028Owoc rokitnika zwyczajnego \u2013 22,5 mg,\u2028Ziele czystka krete\u0144skiego \u2013 22,5 mg.<\/p>\n<p>&nbsp;<\/p>\n<p>*RWS \u2013 Referencyjna Warto\u015b\u0107 Spo\u017cycia.<\/p>\n<p>&nbsp;<\/p>\n<p>**RWS \u2013 Nie ustalone.<\/p>\n<p>&nbsp;<\/p>\n<p>Net weight:<\/p>\n<p>100 ml<\/p>\n<p>&nbsp;<\/p>\n<p>Recommended daily intake:<\/p>\n<p>Doro\u015bli: stosowa\u0107 doustnie 2 x dziennie po 45 kropli (2\u00d72,25ml) 30 min przed posi\u0142kiem popijaj\u0105c wod\u0105.<\/p>\n<p>Contraindications:<\/p>\n<p>Do not use in case of hypersensitivity to any of the components of the drug.<\/p>\n<p>&nbsp;<\/p>\n<p>Keeping:<\/p>\n<p>Przechowywa\u0107 w temperaturze pokojowej. Przechowywa\u0107 w spos\u00f3b niedost\u0119pny dla ma\u0142ych dzieci.<\/p>\n<p>&nbsp;<\/p>\n<p>Manufacturer:<\/p>\n<p>EkoToTu sp. z o.o.<\/p>\n<p>ul. Modrzewiowa 1, 38-100 Strzy\u017c\u00f3w<\/p>\n<p>&nbsp;<\/p>\n<p>Important information:<\/p>\n<p>A food supplement cannot be used as a substitute for a varied diet. Do not exceed the recommended daily intake. A balanced diet and a healthy lifestyle are important for the functioning of the human body. Keep out of reach of small children. Do not use the drug in case of hypersensitivity to any component of the drug.<\/p>\n<\/div>\n<\/div>\n<\/div>\n<\/div>","protected":false},"excerpt":{"rendered":"<p>Immunik to suplement diety w postaci p\u0142ynu, zawieraj\u0105cy wyci\u0105gi z 9 zi\u00f3\u0142. Produkt przeznaczony dla os\u00f3b doros\u0142ych i dzieci od 3 roku \u017cycia .<\/p>","protected":false},"featured_media":6454,"template":"","meta":{"ocean_post_layout":"","ocean_both_sidebars_style":"","ocean_both_sidebars_content_width":0,"ocean_both_sidebars_sidebars_width":0,"ocean_sidebar":"0","ocean_second_sidebar":"0","ocean_disable_margins":"enable","ocean_add_body_class":"","ocean_shortcode_before_top_bar":"","ocean_shortcode_after_top_bar":"","ocean_shortcode_before_header":"","ocean_shortcode_after_header":"","ocean_has_shortcode":"","ocean_shortcode_after_title":"","ocean_shortcode_before_footer_widgets":"","ocean_shortcode_after_footer_widgets":"","ocean_shortcode_before_footer_bottom":"","ocean_shortcode_after_footer_bottom":"","ocean_display_top_bar":"default","ocean_display_header":"default","ocean_header_style":"","ocean_center_header_left_menu":"0","ocean_custom_header_template":"0","ocean_custom_logo":0,"ocean_custom_retina_logo":0,"ocean_custom_logo_max_width":0,"ocean_custom_logo_tablet_max_width":0,"ocean_custom_logo_mobile_max_width":0,"ocean_custom_logo_max_height":0,"ocean_custom_logo_tablet_max_height":0,"ocean_custom_logo_mobile_max_height":0,"ocean_header_custom_menu":"0","ocean_menu_typo_font_family":"0","ocean_menu_typo_font_subset":"","ocean_menu_typo_font_size":0,"ocean_menu_typo_font_size_tablet":0,"ocean_menu_typo_font_size_mobile":0,"ocean_menu_typo_font_size_unit":"px","ocean_menu_typo_font_weight":"","ocean_menu_typo_font_weight_tablet":"","ocean_menu_typo_font_weight_mobile":"","ocean_menu_typo_transform":"","ocean_menu_typo_transform_tablet":"","ocean_menu_typo_transform_mobile":"","ocean_menu_typo_line_height":0,"ocean_menu_typo_line_height_tablet":0,"ocean_menu_typo_line_height_mobile":0,"ocean_menu_typo_line_height_unit":"","ocean_menu_typo_spacing":0,"ocean_menu_typo_spacing_tablet":0,"ocean_menu_typo_spacing_mobile":0,"ocean_menu_typo_spacing_unit":"","ocean_menu_link_color":"","ocean_menu_link_color_hover":"","ocean_menu_link_color_active":"","ocean_menu_link_background":"","ocean_menu_link_hover_background":"","ocean_menu_link_active_background":"","ocean_menu_social_links_bg":"","ocean_menu_social_hover_links_bg":"","ocean_menu_social_links_color":"","ocean_menu_social_hover_links_color":"","ocean_disable_title":"default","ocean_disable_heading":"default","ocean_post_title":"","ocean_post_subheading":"","ocean_post_title_style":"","ocean_post_title_background_color":"","ocean_post_title_background":0,"ocean_post_title_bg_image_position":"","ocean_post_title_bg_image_attachment":"","ocean_post_title_bg_image_repeat":"","ocean_post_title_bg_image_size":"","ocean_post_title_height":0,"ocean_post_title_bg_overlay":0.5,"ocean_post_title_bg_overlay_color":"","ocean_disable_breadcrumbs":"default","ocean_breadcrumbs_color":"","ocean_breadcrumbs_separator_color":"","ocean_breadcrumbs_links_color":"","ocean_breadcrumbs_links_hover_color":"","ocean_display_footer_widgets":"default","ocean_display_footer_bottom":"default","ocean_custom_footer_template":"0"},"product_brand":[],"product_cat":[22,20],"product_tag":[],"class_list":{"0":"post-6453","1":"product","2":"type-product","3":"status-publish","4":"has-post-thumbnail","6":"product_cat-suplementy-i-witaminy","7":"product_cat-dzieci","9":"entry","10":"has-media","12":"first","13":"outofstock","14":"shipping-taxable","15":"purchasable","16":"product-type-simple","17":"has-product-nav","18":"col","19":"span_1_of_3","20":"owp-content-left","21":"owp-thumbs-layout-horizontal","22":"owp-btn-normal","23":"owp-tabs-layout-horizontal","24":"has-no-thumbnails"},"_links":{"self":[{"href":"https:\/\/ecocorner.eu\/en\/wp-json\/wp\/v2\/product\/6453","targetHints":{"allow":["GET"]}}],"collection":[{"href":"https:\/\/ecocorner.eu\/en\/wp-json\/wp\/v2\/product"}],"about":[{"href":"https:\/\/ecocorner.eu\/en\/wp-json\/wp\/v2\/types\/product"}],"version-history":[{"count":3,"href":"https:\/\/ecocorner.eu\/en\/wp-json\/wp\/v2\/product\/6453\/revisions"}],"predecessor-version":[{"id":8127,"href":"https:\/\/ecocorner.eu\/en\/wp-json\/wp\/v2\/product\/6453\/revisions\/8127"}],"wp:featuredmedia":[{"embeddable":true,"href":"https:\/\/ecocorner.eu\/en\/wp-json\/wp\/v2\/media\/6454"}],"wp:attachment":[{"href":"https:\/\/ecocorner.eu\/en\/wp-json\/wp\/v2\/media?parent=6453"}],"wp:term":[{"taxonomy":"product_brand","embeddable":true,"href":"https:\/\/ecocorner.eu\/en\/wp-json\/wp\/v2\/product_brand?post=6453"},{"taxonomy":"product_cat","embeddable":true,"href":"https:\/\/ecocorner.eu\/en\/wp-json\/wp\/v2\/product_cat?post=6453"},{"taxonomy":"product_tag","embeddable":true,"href":"https:\/\/ecocorner.eu\/en\/wp-json\/wp\/v2\/product_tag?post=6453"}],"curies":[{"name":"wp","href":"https:\/\/api.w.org\/{rel}","templated":true}]}}