{"id":6459,"date":"2025-01-28T21:07:20","date_gmt":"2025-01-28T21:07:20","guid":{"rendered":"https:\/\/ecocorner.eu\/?post_type=product&#038;p=6459"},"modified":"2026-03-09T11:02:24","modified_gmt":"2026-03-09T11:02:24","slug":"best-lab-thyrobest-kompleks-witamin-i-mineralow-dla-wsparcia-tarczycy-150-kaps","status":"publish","type":"product","link":"https:\/\/ecocorner.eu\/en\/product\/best-lab-thyrobest-kompleks-witamin-i-mineralow-dla-wsparcia-tarczycy-150-kaps\/","title":{"rendered":"Best Lab  ThyroBest    Kompleks  witamin i minera\u0142\u00f3w  dla  wsparcia  tarczycy  150 kaps"},"content":{"rendered":"<div class=\"row mt-3\">\n<div class=\"cel all-full\">\n<h2>Poznaj sk\u0142adniki aktywne suplementu ThyroBest:<\/h2>\n<\/div>\n<div class=\"cel all-full\">\n<div class=\"row mt-1 mb-2\">\n<div class=\"cel sm-4 md-2 lg-4\"><\/div>\n<div class=\"cel sm-4 md-4 lg-8\">\n<h3>Vitamin E<\/h3>\n<p>Witamina E stanowi grup\u0119 zwi\u0105zk\u00f3w, kt\u00f3re okre\u015bla si\u0119, jako tokoferole. Jest rozpuszczalna w t\u0142uszczach. Magazynowana w organizmie, g\u0142\u00f3wnie w tkance t\u0142uszczowej oraz w nadnerczach. Witamina E to przeciwutleniacz, kt\u00f3ry decyduje o ochronie przed uszkodzeniem kom\u00f3rek, jak i stresem oksydacyjnym.<\/p>\n<\/div>\n<\/div>\n<div class=\"row mt-1 mb-2\">\n<div class=\"cel sm-4 md-2 lg-4\"><\/div>\n<div class=\"cel sm-4 md-4 lg-8\">\n<h3>Inozytol (witamina B8)<\/h3>\n<p>Inozytol niegdy\u015b uwa\u017cany by\u0142 za jedn\u0105 z witamin grupy B (witamina B8). Obecnie jednak traktowany jest jako zwi\u0105zek witaminopodobny, gdy\u017c odkryto, \u017ce organizm ludzki posiada zdolno\u015b\u0107 do jego samodzielnego syntetyzowania. Synteza ta odbywa si\u0119 przede wszystkim w w\u0105trobie i m\u00f3zgu. W przebiegu niekt\u00f3rych schorze\u0144 samodzielna produkcja inozytolu przez organizm mo\u017ce by\u0107 niewystarczaj\u0105ca. W\u00f3wczas dostarczanie go do organizmu wraz z diet\u0105 i\/lub suplementami diety mo\u017ce korzystnie wp\u0142ywa\u0107 na jego funkcjonowanie. Inozytol stanowi sk\u0142adnik b\u0142on kom\u00f3rkowych, p\u0142yn\u00f3w ustrojowych, glikolipid\u00f3w i glikoproteid\u00f3w.<\/p>\n<\/div>\n<\/div>\n<div class=\"row mt-1 mb-2\">\n<div class=\"cel sm-4 md-2 lg-4\"><\/div>\n<div class=\"cel sm-4 md-4 lg-8\">\n<h3>Vitamin D3<\/h3>\n<p>Witamina D3 (cholekalcyferol) po raz pierwszy zosta\u0142a wyizolowana z oleju z w\u0105troby dorsza w 1922 roku przez ameryka\u0144skiego uczonego Elmera McColluma, jednak dopiero w latach trzydziestych XX wieku, na Uniwersytecie niemieckim pod kierownictwem profesora Adolfa Windaus\u2019a ustalono jej struktur\u0119 chemiczn\u0105. Wp\u0142ywa na wiele proces\u00f3w, do kt\u00f3rych zaliczamy regulacj\u0119 gospodarki wapniowo-fosforanowej, a tak\u017ce wp\u0142yw na odporno\u015b\u0107.<\/p>\n<\/div>\n<\/div>\n<div class=\"row mt-1 mb-2\">\n<div class=\"cel sm-4 md-2 lg-4\"><\/div>\n<div class=\"cel sm-4 md-4 lg-8\">\n<h3>Witamina K2 MK7<\/h3>\n<p>Witamina K zosta\u0142a odkryta w 1930 r. przez Henrika Dama, kt\u00f3ry prowadzi\u0142 badania nad krzepliwo\u015bci\u0105 krwi. Jakie w\u0142a\u015bciwo\u015bci ma witamina K? Ten zwi\u0105zek chemiczny cz\u0119sto jest okre\u015blany jako \u201ewitamina koagulacji\u201d. Wynika to z faktu, i\u017c witamina K wspomaga proces koagulacji krwi \u2013 wspieraj\u0105c dzia\u0142anie czynnik\u00f3w krwi, takich jak protrombina.<\/p>\n<\/div>\n<\/div>\n<div class=\"row mt-1 mb-2\">\n<div class=\"cel sm-4 md-2 lg-4\"><\/div>\n<div class=\"cel sm-4 md-4 lg-8\">\n<h3>N-acetylo L-cysteina<\/h3>\n<p>N-acetylocysteina to acetylowana pochodna aminokwasu siarkowego &#8211; L-cysteiny. Po spo\u017cyciu NAC ulega wch\u0142oni\u0119ciu w przewodzie pokarmowym, a nast\u0119pnie w w\u0105trobie przekszta\u0142ca si\u0119 w L-cystein\u0119, a ta z kolei razem z glicyn\u0105 i L-kwasem glutaminowym mo\u017ce s\u0142u\u017cy\u0107 do produkcji glutationu \u2013 organicznego zwi\u0105zku chemicznego o silnych w\u0142a\u015bciwo\u015bciach przeciwutleniaj\u0105cych.<\/p>\n<\/div>\n<\/div>\n<div class=\"row mt-1 mb-2\">\n<div class=\"cel sm-4 md-2 lg-4\"><\/div>\n<div class=\"cel sm-4 md-4 lg-8\">\n<h3>Zinc<\/h3>\n<p>Jest kofaktorem prawie 300 enzym\u00f3w i jeszcze wi\u0119kszej liczby bia\u0142ek, np. karboksylazy pirogronianowej, dysmutazy ponadtlenkowej, dehydrogenazy alkoholowej, aromatazy, rozk\u0142adu homocysteiny, syntezy insuliny czy hemu \u2013 st\u0105d jest niezb\u0119dny do prawid\u0142owego metabolizmu bia\u0142ek i materia\u0142u genetycznego, wzrostu, podzia\u0142u i funkcjonowania kom\u00f3rek, dostarczania energii i innych.<\/p>\n<\/div>\n<\/div>\n<div class=\"row mt-1 mb-2\">\n<div class=\"cel sm-4 md-2 lg-4\"><\/div>\n<div class=\"cel sm-4 md-4 lg-8\">\n<h3>Selenium<\/h3>\n<p>Selen nale\u017cy do pierwiastk\u00f3w \u015bladowych. Odgrywa ogromn\u0105 rol\u0119 w prawid\u0142owym funkcjonowaniu ca\u0142ego organizmu. Dostarczanie selenu do organizmu na odpowiednim poziomie jest bardzo wa\u017cne, gdy\u017c jego niedobory mog\u0105 prowadzi\u0107 do problem\u00f3w autoimmunologicznych, uk\u0142adu sercowo-naczyniowego oraz nowotworowych.<\/p>\n<\/div>\n<\/div>\n<div class=\"row mt-1 mb-2\">\n<div class=\"cel sm-4 md-2 lg-4\"><\/div>\n<div class=\"cel sm-4 md-4 lg-8\">\n<h3>Iodine<\/h3>\n<p>Jod w organizmie cz\u0142owieka znajduje si\u0119 przede wszystkim w tarczycy. Jest niezb\u0119dny do wytwarzania hormon\u00f3w tarczycy: tyroksyny i trijodotyroniny. Hormony te wp\u0142ywaj\u0105 m.in. na prawid\u0142owy rozw\u00f3j oraz funkcjonowanie m\u00f3zgu, uk\u0142adu nerwowego i uk\u0142adu kostnego. Bior\u0105 udzia\u0142 w przemianach wielu sk\u0142adnik\u00f3w, np. bia\u0142ek, t\u0142uszczu, w\u0119glowodan\u00f3w i witamin. Reguluj\u0105 procesy wzrostu i dojrzewania kom\u00f3rek. Odpowiadaj\u0105 za utrzymanie prawid\u0142owej temperatury cia\u0142a.<\/p>\n<\/div>\n<\/div>\n<div class=\"row mt-1 mb-2\">\n<div class=\"cel sm-4 md-2 lg-4\"><\/div>\n<div class=\"cel sm-4 md-4 lg-8\">\n<h3>L-tyrozyna<\/h3>\n<p>Jest aminokwasem, kt\u00f3ry mo\u017ce pom\u00f3c poprawi\u0107 nastr\u00f3j, zmniejszy\u0107 uczucie zm\u0119czenia i pom\u00f3c kontrolowa\u0107 apetyt, co jest g\u0142\u00f3wnym czynnikiem sprzyjaj\u0105cym odchudzaniu.<\/p>\n<\/div>\n<\/div>\n<div class=\"row mt-1 mb-2\">\n<div class=\"cel sm-4 md-2 lg-4\"><\/div>\n<div class=\"cel sm-4 md-4 lg-8\">\n<h3>Tauryna<\/h3>\n<p>Tauryna jest aminokwasem, kt\u00f3ry naturalnie wyst\u0119puje w tkankach zwierz\u0119cych. Jej chemiczna nazwa to kwas 2-aminoetylosulfonowy. Ze wzgl\u0119du na swoj\u0105 budow\u0119 chemiczn\u0105 tauryna nie ma zdolno\u015bci do tworzenia wi\u0105za\u0144 peptydowych. Z tego powodu nie jest budulcem bia\u0142ek \u2013 jest aminokwasem niebia\u0142kowym. Wyst\u0119puje g\u0142\u00f3wnie w mi\u0119\u015bniach szkieletowych, sercu, m\u00f3zgu oraz siatk\u00f3wce.<\/p>\n<\/div>\n<\/div>\n<div class=\"row mt-1 mb-2\">\n<div class=\"cel sm-4 md-2 lg-4\"><\/div>\n<div class=\"cel sm-4 md-4 lg-8\">\n<h3>Glicyna<\/h3>\n<p>Glicyna to aminokwas endogenny, syntetyzowany w organizmie. Odpowiada za sprawne funkcjonowanie uk\u0142adu nerwowego, wspomaga prac\u0119 w\u0105troby, wchodzi w sk\u0142ad kolagenu, pe\u0142ni\u0105c funkcj\u0119 budulcow\u0105.<\/p>\n<p>&nbsp;<\/p>\n<\/div>\n<\/div>\n<div class=\"row mt-1 mb-2\">\n<div class=\"cel sm-4 md-2 lg-4\">\u00a0Lactoferrin<\/div>\n<div class=\"cel sm-4 md-4 lg-8\">\n<p>Laktoferyna jest bia\u0142kiem, kt\u00f3remu przypisuje si\u0119 dzia\u0142anie przeciwbakteryjne, przeciwwirusowe, przeciwgrzybiczne, immunoreguluj\u0105ce i przeciwzapalne. Ponadto laktoferyna chelatuje jony \u017celaza, dzi\u0119ki czemu pe\u0142ni tak\u017ce funkcj\u0119 regulatora wch\u0142aniania \u017celaza, szczeg\u00f3lnie u noworodk\u00f3w i ma\u0142ych dzieci.<\/p>\n<\/div>\n<\/div>\n<div class=\"row mt-1 mb-2\">\n<div class=\"cel sm-4 md-2 lg-4\"><\/div>\n<div class=\"cel sm-4 md-4 lg-8\">\n<h3>Ekstrakt z pokrzywy indyjskiej<\/h3>\n<p>Zawiera forskolin\u0119, kt\u00f3ra pomaga zmniejszy\u0107 apetyt i blokuje procesy przemiany t\u0142uszczu do t\u0142uszczu trzewnego.<\/p>\n<\/div>\n<\/div>\n<div class=\"row mt-1 mb-2\">\n<div class=\"cel sm-4 md-2 lg-4\"><\/div>\n<div class=\"cel sm-4 md-4 lg-8\">\n<h3>Ekstrakt z kwiat\u00f3w pere\u0142kowca japo\u0144skiego<\/h3>\n<p>Kwercetyna nale\u017cy do grupy bioaktywnych zwi\u0105zk\u00f3w ro\u015blinnych o dzia\u0142aniu antyoksydacyjnym, zwanych flawonoidami. Jest to naturalny barwnik ro\u015blinny wyst\u0119puj\u0105cy w wielu owocach i warzywach, znajduje si\u0119 np. w li\u015bciach zielonej herbaty, cebuli, broku\u0142ach, jab\u0142kach, jagodach, winogronach. Kwercetyna posiada cenne w\u0142a\u015bciwo\u015bci przeciwzapalne i przeciwnowotworowe, wp\u0142ywa r\u00f3wnie\u017c korzystnie na uk\u0142ad sercowo-naczyniowy oraz na metabolizm.<\/p>\n<\/div>\n<\/div>\n<div class=\"row mt-1 mb-2\">\n<div class=\"cel sm-4 md-2 lg-4\"><\/div>\n<div class=\"cel sm-4 md-4 lg-8\">\n<h3>Ekstrakt z li\u015bci pokrzywy zwyczajnej<\/h3>\n<p>Pokrzywa zwyczajna wspiera uk\u0142ad immunologiczny oraz wspomaga funkcje wydzielnicze nerek. Pomaga zachowa\u0107 elastyczne stawy, mi\u0119\u015bnie i \u015bci\u0119gna, a tak\u017ce wspiera witalno\u015b\u0107 organizmu.<\/p>\n<\/div>\n<div id=\"user_dawkowanie\" class=\"tabcontent\">\n<p><strong>ThyroBest 1<\/strong> to suplement diety ukierunkowany na wsparcie tarczycy w godzinach porannych.<br \/>\nZalecane spo\u017cycie: 2 kapsu\u0142ki dziennie do \u015bniadania. Popi\u0107 du\u017c\u0105 ilo\u015bci\u0105 wody. Produkt przeznaczony dla zdrowych os\u00f3b powy\u017cej 75 roku \u017cycia.<br \/>\n\u015arodki ostro\u017cno\u015bci: nie nale\u017cy przekracza\u0107 zalecanej porcji do spo\u017cycia w ci\u0105gu dnia. Zr\u00f3wnowa\u017cony spos\u00f3b \u017cywienia i prawid\u0142owy tryb \u017cycia jest wa\u017cny dla funkcjonowania organizmu cz\u0142owieka. Suplement diety nie mo\u017ce by\u0107 stosowany jako substytut (zamiennik) zr\u00f3\u017cnicowanej diety. Nie stosowa\u0107 w przypadku nadwra\u017cliwo\u015bci na kt\u00f3rykolwiek ze sk\u0142adnik\u00f3w. Kobiety w ci\u0105\u017cy oraz matki karmi\u0105ce przed zastosowaniem produktu powinny skonsultowa\u0107 si\u0119 z lekarzem. Przed zastosowaniem wskazane jest wykonanie badania 25-(OH)D we krwi oraz konsultacja wyniku badania z lekarzem lub farmaceut\u0105. Produkt nie powinien by\u0107 spo\u017cywany przez osoby przyjmuj\u0105ce \u015brodki przeciwzakrzepowe zawieraj\u0105ce antagonist\u00f3w witaminy K (np. warfaryna, acenokumarol).<\/p>\n<p><strong>ThyroBest 2<\/strong> to suplement diety ukierunkowany na wsparcie tarczycy w ci\u0105gu dnia.<br \/>\nZalecane spo\u017cycie: 1 kapsu\u0142ka dziennie do obiadu. Popi\u0107 du\u017c\u0105 ilo\u015bci\u0105 wody.<br \/>\n\u015arodki ostro\u017cno\u015bci: nie nale\u017cy przekracza\u0107 zalecanej porcji do spo\u017cycia w ci\u0105gu dnia. Zr\u00f3wnowa\u017cony spos\u00f3b \u017cywienia i prawid\u0142owy tryb \u017cycia jest wa\u017cny dla funkcjonowania organizmu cz\u0142owieka. Suplement diety nie mo\u017ce by\u0107 stosowany jako substytut (zamiennik) zr\u00f3\u017cnicowanej diety. Nie stosowa\u0107 w przypadku nadwra\u017cliwo\u015bci na kt\u00f3rykolwiek ze sk\u0142adnik\u00f3w. Suplement diety przeznaczony dla kobiet w ci\u0105\u017cy oraz matek karmi\u0105cych.<\/p>\n<p><strong>ThyroBest 3<\/strong> to suplement diety ukierunkowany na wsparcie tarczycy w godzinach wieczornych.<br \/>\nZalecane spo\u017cycie: 2 kapsu\u0142ki dziennie do kolacji. Popi\u0107 du\u017c\u0105 ilo\u015bci\u0105 wody.<br \/>\n\u015arodki ostro\u017cno\u015bci: nie nale\u017cy przekracza\u0107 zalecanej porcji do spo\u017cycia w ci\u0105gu dnia. Zr\u00f3wnowa\u017cony spos\u00f3b \u017cywienia i prawid\u0142owy tryb \u017cycia jest wa\u017cny dla funkcjonowania organizmu cz\u0142owieka. Suplement diety nie mo\u017ce by\u0107 stosowany jako substytut (zamiennik) zr\u00f3\u017cnicowanej diety. Nie stosowa\u0107 w przypadku nadwra\u017cliwo\u015bci na kt\u00f3rykolwiek ze sk\u0142adnik\u00f3w. Kobiety w ci\u0105\u017cy oraz matki karmi\u0105ce przed zastosowaniem produktu powinny skonsultowa\u0107 si\u0119 z lekarzem. <strong>Zawiera alergeny: mleko lub produkty mleczne<\/strong>. Nie stosowa\u0107 w przypadku alergii.<\/p>\n<p><strong>Keeping:<\/strong> w temperaturze pokojowej, w suchym miejscu, w spos\u00f3b niedost\u0119pny dla ma\u0142ych dzieci. Chroni\u0107 od wilgoci i \u015bwiat\u0142a.<\/p>\n<\/div>\n<table>\n<tbody>\n<tr>\n<td>Sk\u0142adniki Thyrobest 1:<\/td>\n<td>Zawarto\u015b\u0107 w zalecanej dziennej porcji (2 kapsu\u0142ki):<\/td>\n<\/tr>\n<tr>\n<td>L &#8211; Tyrozyna<\/td>\n<td>500 mg<\/td>\n<\/tr>\n<tr>\n<td>Ekstrakt z korzenia pokrzywy indyjskiej, w tym:<br \/>\nForskolina<\/td>\n<td>250 mg<br \/>\n50 mg<\/td>\n<\/tr>\n<tr>\n<td>Tauryna<\/td>\n<td>150 mg<\/td>\n<\/tr>\n<tr>\n<td>Vitamin D3<\/td>\n<td>4000 IU (1000%)*<\/td>\n<\/tr>\n<tr>\n<td>Witamina K2 MK7<\/td>\n<td>100 \u00b5g (133,3%)*<\/td>\n<\/tr>\n<\/tbody>\n<\/table>\n<p>* Referencyjna Warto\u015b\u0107 Spo\u017cycia<\/p>\n<table>\n<tbody>\n<tr>\n<td>Sk\u0142adniki Thyrobest 2:<\/td>\n<td>Zawarto\u015b\u0107 w zalecanej dziennej porcji (1 kapsu\u0142ka):<\/td>\n<\/tr>\n<tr>\n<td>Inositol<\/td>\n<td>250 mg<\/td>\n<\/tr>\n<tr>\n<td>N-acetylo-L-cysteina<\/td>\n<td>150 mg<\/td>\n<\/tr>\n<tr>\n<td>Vitamin E<\/td>\n<td>5 mg (41,67%)*<\/td>\n<\/tr>\n<tr>\n<td>Selenium<\/td>\n<td>50 \u00b5g (90,91%)*<\/td>\n<\/tr>\n<tr>\n<td>Iodine<\/td>\n<td>200 \u00b5g (133,33%)*<\/td>\n<\/tr>\n<\/tbody>\n<\/table>\n<p>* Referencyjna Warto\u015b\u0107 Spo\u017cycia<\/p>\n<table>\n<tbody>\n<tr>\n<td>Sk\u0142adniki Thyrobest 3:<\/td>\n<td>Zawarto\u015b\u0107 w zalecanej dziennej porcji (2 kapsu\u0142ki):<\/td>\n<\/tr>\n<tr>\n<td>Glicyna<\/td>\n<td>500 mg<\/td>\n<\/tr>\n<tr>\n<td>Ekstrakt z kwiat\u00f3w pere\u0142kowca japo\u0144skiego, w tym:<br \/>\nQuercetin<\/td>\n<td>232 mg<br \/>\n200 mg<\/td>\n<\/tr>\n<tr>\n<td>Ekstrakt z li\u015bci pokrzywy zwyczajnej, w tym:<br \/>\nKrzemionka<\/td>\n<td>200 mg<br \/>\n4 mg<\/td>\n<\/tr>\n<tr>\n<td>Laktoferyna bez laktozy<\/td>\n<td>100 mg<\/td>\n<\/tr>\n<tr>\n<td>Zinc<\/td>\n<td>10 mg (100%)*<\/td>\n<\/tr>\n<\/tbody>\n<\/table>\n<p>* Referencyjna Warto\u015b\u0107 Spo\u017cycia<\/p>\n<div dir=\"ltr\">\n<p><em><strong>Zawarto\u015b\u0107 opakowania: <\/strong>ThyroBest 1 &#8211; 60 kapsu\u0142ek, ThyroBest 2 &#8211; 30 kapsu\u0142ek, ThyroBest 3 &#8211; 60 kapsu\u0142ek.<\/em><\/p>\n<\/div>\n<p><em><strong>Sk\u0142adniki ThyroBest 1:<\/strong>\u00a0L-Tyrozyna, Ekstrakt z korzenia pokrzywy indyjskiej standaryzowany na 20% forskolin, otoczka kapsu\u0142ki: hydroksypropylometyloceluloza, Tauryna, Ekstrakt z li\u015bci bambusa standaryzowany na 70% krzemionki, Cholekalcyferol (Witamina D3), Menachinon MK7 (Witamina K2 MK7).<\/em><\/p>\n<p><em><strong>Sk\u0142adniki ThyroBest 2:<\/strong>\u00a0Inozytol, N-acetylo-L-cysteina, otoczka kapsu\u0142ki: hydroksypropylometyloceluloza, m\u0105ka ry\u017cowa, Mieszanina tokoferoli (Witamina E), L-leucyna, L-Selenometionina, Jodek potasu.<\/em><\/p>\n<p><em><strong>Sk\u0142adniki ThyroBest 3:<\/strong>\u00a0Glicyna, b\u0142onnik akacjowy, otoczka kapsu\u0142ki: hydroksypropylometyloceluloza, Ekstrakt z kwiat\u00f3w pere\u0142kowca japo\u0144skiego standaryzowany na 95% kwercetyny, Ekstrakt z li\u015bci pokrzywy zwyczajnej standaryzowany na 2% krzemionki, Laktoferyna, Glukonian cynku.<\/em><\/p>\n<\/div>\n<\/div>\n<\/div>","protected":false},"excerpt":{"rendered":"<div class=\"row all-align-center bg-lightgray\">\n<div class=\"cel-contained sm-4 sm-last md-3 lg-6 bg-lightgray\">\n<div>\n<h2>ThyroBest to suplement diety, kt\u00f3rego sk\u0142adniki dedykowane s\u0105 wsparciu codziennej aktywno\u015bci tarczycy, z uj\u0119ciem pory dnia oraz potrzeb zwi\u0105zanych ze wspomaganiem higieny \u017cycia.<\/h2>\n<p>Zawiera optymaln\u0105 dla ich potrzeb dawk\u0119 substancji aktywnych w formie witamin i sk\u0142adnik\u00f3w ro\u015blinnych, aby wspom\u00f3c sprawno\u015b\u0107 i funkcje tarczycy.<\/p>\n<ul>\n<li>Pomaga w prawid\u0142owym funkcjonowaniu uk\u0142adu odporno\u015bciowego (cynk)<\/li>\n<li>Wspiera prawid\u0142owe funkcjonowanie tarczycy (selen)<\/li>\n<li>Pomaga w ochronie kom\u00f3rek przed stresem oksydacyjnym (witamina E)<\/li>\n<li>Pomaga w prawid\u0142owej produkcji hormon\u00f3w tarczycy i w prawid\u0142owym funkcjonowaniu tarczycy (jod)<\/li>\n<li>Przyczynia si\u0119 do utrzymania prawid\u0142owego metabolizmu energetycznego (jod)<\/li>\n<\/ul>\n<\/div>\n<\/div>\n<div class=\"cel-contained sm-4 sm-first md-3 lg-6\"><\/div>\n<\/div>\n<div class=\"row bg-lightgray mt-3 all-justify-center\">\n<div class=\"cel sm-4 md-5 lg-10 pt-5 pb-5 pl-3 pr-3\">\n<h3 class=\"textjustify\">ThyroBest to suplement diety, kt\u00f3ry celuje we wsparcie funkcjonowania tarczycy, poprzez dostarczenie sk\u0142adnik\u00f3w mikrood\u017cywczych oraz ekstrakt\u00f3w ro\u015blinnych.<\/h3>\n<h3 class=\"textjustify\">ThyroBest to preparat zawieraj\u0105cy unikalne po\u0142\u0105czenie substancji aktywnych biologicznie. Po\u0142\u0105czenie naturalnych, certyfikowanych ekstrakt\u00f3w o wysokich wska\u017anikach standaryzacji to gwarancja skuteczno\u015bci.<\/h3>\n<\/div>\n<\/div>\n<div class=\"row mt-3 all-justify-center\">\n<div class=\"cel sm-4 md-5 lg-12\">\n<h3>For whom:<\/h3>\n<p class=\"textjustify\">ThyroBest to suplement diety stworzony z my\u015bl\u0105 o osobach borykaj\u0105cych si\u0119 z problemami w funkcjonowaniu tarczycy, potrzebuj\u0105cych wsparcia swojej diety w witaminy, sk\u0142adniki mineralne i ekstrakty ro\u015blinne, kt\u00f3ra stanowi\u0105 podstaw\u0119 we wsparciu funkcjonowania tego organu.<\/p>\n<\/div>\n<\/div>","protected":false},"featured_media":6460,"template":"","meta":{"ocean_post_layout":"","ocean_both_sidebars_style":"","ocean_both_sidebars_content_width":0,"ocean_both_sidebars_sidebars_width":0,"ocean_sidebar":"0","ocean_second_sidebar":"0","ocean_disable_margins":"enable","ocean_add_body_class":"","ocean_shortcode_before_top_bar":"","ocean_shortcode_after_top_bar":"","ocean_shortcode_before_header":"","ocean_shortcode_after_header":"","ocean_has_shortcode":"","ocean_shortcode_after_title":"","ocean_shortcode_before_footer_widgets":"","ocean_shortcode_after_footer_widgets":"","ocean_shortcode_before_footer_bottom":"","ocean_shortcode_after_footer_bottom":"","ocean_display_top_bar":"default","ocean_display_header":"default","ocean_header_style":"","ocean_center_header_left_menu":"0","ocean_custom_header_template":"0","ocean_custom_logo":0,"ocean_custom_retina_logo":0,"ocean_custom_logo_max_width":0,"ocean_custom_logo_tablet_max_width":0,"ocean_custom_logo_mobile_max_width":0,"ocean_custom_logo_max_height":0,"ocean_custom_logo_tablet_max_height":0,"ocean_custom_logo_mobile_max_height":0,"ocean_header_custom_menu":"0","ocean_menu_typo_font_family":"0","ocean_menu_typo_font_subset":"","ocean_menu_typo_font_size":0,"ocean_menu_typo_font_size_tablet":0,"ocean_menu_typo_font_size_mobile":0,"ocean_menu_typo_font_size_unit":"px","ocean_menu_typo_font_weight":"","ocean_menu_typo_font_weight_tablet":"","ocean_menu_typo_font_weight_mobile":"","ocean_menu_typo_transform":"","ocean_menu_typo_transform_tablet":"","ocean_menu_typo_transform_mobile":"","ocean_menu_typo_line_height":0,"ocean_menu_typo_line_height_tablet":0,"ocean_menu_typo_line_height_mobile":0,"ocean_menu_typo_line_height_unit":"","ocean_menu_typo_spacing":0,"ocean_menu_typo_spacing_tablet":0,"ocean_menu_typo_spacing_mobile":0,"ocean_menu_typo_spacing_unit":"","ocean_menu_link_color":"","ocean_menu_link_color_hover":"","ocean_menu_link_color_active":"","ocean_menu_link_background":"","ocean_menu_link_hover_background":"","ocean_menu_link_active_background":"","ocean_menu_social_links_bg":"","ocean_menu_social_hover_links_bg":"","ocean_menu_social_links_color":"","ocean_menu_social_hover_links_color":"","ocean_disable_title":"default","ocean_disable_heading":"default","ocean_post_title":"","ocean_post_subheading":"","ocean_post_title_style":"","ocean_post_title_background_color":"","ocean_post_title_background":0,"ocean_post_title_bg_image_position":"","ocean_post_title_bg_image_attachment":"","ocean_post_title_bg_image_repeat":"","ocean_post_title_bg_image_size":"","ocean_post_title_height":0,"ocean_post_title_bg_overlay":0.5,"ocean_post_title_bg_overlay_color":"","ocean_disable_breadcrumbs":"default","ocean_breadcrumbs_color":"","ocean_breadcrumbs_separator_color":"","ocean_breadcrumbs_links_color":"","ocean_breadcrumbs_links_hover_color":"","ocean_display_footer_widgets":"default","ocean_display_footer_bottom":"default","ocean_custom_footer_template":"0"},"product_brand":[],"product_cat":[80,22],"product_tag":[],"class_list":{"0":"post-6459","1":"product","2":"type-product","3":"status-publish","4":"has-post-thumbnail","6":"product_cat-best-lab","7":"product_cat-suplementy-i-witaminy","9":"entry","10":"has-media","12":"first","13":"instock","14":"shipping-taxable","15":"purchasable","16":"product-type-simple","17":"has-product-nav","18":"col","19":"span_1_of_3","20":"owp-content-left","21":"owp-thumbs-layout-horizontal","22":"owp-btn-normal","23":"owp-tabs-layout-horizontal","24":"has-no-thumbnails"},"_links":{"self":[{"href":"https:\/\/ecocorner.eu\/en\/wp-json\/wp\/v2\/product\/6459","targetHints":{"allow":["GET"]}}],"collection":[{"href":"https:\/\/ecocorner.eu\/en\/wp-json\/wp\/v2\/product"}],"about":[{"href":"https:\/\/ecocorner.eu\/en\/wp-json\/wp\/v2\/types\/product"}],"version-history":[{"count":1,"href":"https:\/\/ecocorner.eu\/en\/wp-json\/wp\/v2\/product\/6459\/revisions"}],"predecessor-version":[{"id":6461,"href":"https:\/\/ecocorner.eu\/en\/wp-json\/wp\/v2\/product\/6459\/revisions\/6461"}],"wp:featuredmedia":[{"embeddable":true,"href":"https:\/\/ecocorner.eu\/en\/wp-json\/wp\/v2\/media\/6460"}],"wp:attachment":[{"href":"https:\/\/ecocorner.eu\/en\/wp-json\/wp\/v2\/media?parent=6459"}],"wp:term":[{"taxonomy":"product_brand","embeddable":true,"href":"https:\/\/ecocorner.eu\/en\/wp-json\/wp\/v2\/product_brand?post=6459"},{"taxonomy":"product_cat","embeddable":true,"href":"https:\/\/ecocorner.eu\/en\/wp-json\/wp\/v2\/product_cat?post=6459"},{"taxonomy":"product_tag","embeddable":true,"href":"https:\/\/ecocorner.eu\/en\/wp-json\/wp\/v2\/product_tag?post=6459"}],"curies":[{"name":"wp","href":"https:\/\/api.w.org\/{rel}","templated":true}]}}