{"id":6466,"date":"2025-01-28T21:22:27","date_gmt":"2025-01-28T21:22:27","guid":{"rendered":"https:\/\/ecocorner.eu\/?post_type=product&#038;p=6466"},"modified":"2025-11-01T18:31:43","modified_gmt":"2025-11-01T18:31:43","slug":"puromedica-glicyna-na-sen-i-nie-tylko-proszek-60-g","status":"publish","type":"product","link":"https:\/\/ecocorner.eu\/en\/product\/puromedica-glicyna-na-sen-i-nie-tylko-proszek-60-g\/","title":{"rendered":"Puromedica   Glicyna na sen i nie tylko   proszek  60 g"},"content":{"rendered":"<p><strong>METHOD OF APPLICATION<\/strong><br \/>\nZalecana dzienne spo\u017cycie: 1 miarka dziennie zawiera 1000mg l-glicyny.<\/p>\n<p>Spo\u017cywa\u0107 po jedzeniu przed snem. Rozpu\u015bci\u0107 w szklance wody i wypi\u0107 bezpo\u015brednio po przygotowaniu. Miarka znajduj\u0119 si\u0119 wewn\u0105trz opakowania.<\/p>\n<p><strong>Ingredients<\/strong><br \/>\nL-glicyna 100%<\/p>\n<p><strong>note<\/strong><br \/>\nDo not exceed the recommended daily intake. Dietary supplements should not be used as a substitute for a varied diet.<\/p>\n<p><strong>keeping<\/strong><br \/>\nPrzechowywa\u0107 w szczelnie zamkni\u0119tym opakowaniu w ch\u0142odnym i ciemnym miejscu w spos\u00f3b niedost\u0119pny dla ma\u0142ych dzieci.<\/p>","protected":false},"excerpt":{"rendered":"<p>GLICYNA NA SEN 60 porcji &#8211; 60g &#8211; suplement diety<\/p>\n<p>Produkt zawiera 100% glicyn\u0119 w postaci proszku z do\u0142\u0105czon\u0105 miark\u0105.<\/p>\n<p>Glicyna jest aminokwasem, kt\u00f3ry jest cz\u0119\u015bci\u0105 wielu bia\u0142ek (w tym kolagenu) i zwi\u0105zk\u00f3w biologicznie czynnych.<\/p>\n<p class=\"ods-c-paragraph\"><strong>Glicyna<\/strong> wspomaga organizm w leczeniu i \u0142agodzeniu wielu schorze\u0144. Mo\u017cna j\u0105 stosowa\u0107 na:<\/p>\n<ul class=\"ods-c-unordered-list\">\n<li class=\"ods-c-text-bullet ods-c-text-bullet--normal\"><span class=\"ods-c-text-bullet__text\"><a href=\"http:\/\/www.medonet.pl\/zdrowie\/zdrowie-dla-kazdego,gdy-choruje-watroba--cierpia-nerki,artykul,1700536.html\" data-allow-layer=\"\">niewydolno\u015b\u0107 nerek <\/a>i <a href=\"http:\/\/www.medonet.pl\/zdrowie,niewydolnosc-serca--najnowsza-epidemia-rozwinietego-swiata,artykul,1725578.html\" data-allow-layer=\"\">serca<\/a>,<\/span><\/li>\n<li class=\"ods-c-text-bullet ods-c-text-bullet--normal\"><span class=\"ods-c-text-bullet__text\">zaburzenia neurobehawioralne,<\/span><\/li>\n<li class=\"ods-c-text-bullet ods-c-text-bullet--normal\"><span class=\"ods-c-text-bullet__text\">zapalenie staw\u00f3w,<\/span><\/li>\n<li class=\"ods-c-text-bullet ods-c-text-bullet--normal\"><span class=\"ods-c-text-bullet__text\"><a href=\"http:\/\/www.medonet.pl\/magazyny\/wszystko-o-cukrzycy,cukrzyca---przyczyny--objawy-i-leczenie-cukrzycy-typu-1-i-2,artykul,1580080.html\" data-allow-layer=\"\">cukrzyc\u0119<\/a>,<\/span><\/li>\n<li class=\"ods-c-text-bullet ods-c-text-bullet--normal\"><span class=\"ods-c-text-bullet__text\">zesp\u00f3\u0142 nieszczelnego jelita,<\/span><\/li>\n<li class=\"ods-c-text-bullet ods-c-text-bullet--normal\"><span class=\"ods-c-text-bullet__text\"><a href=\"http:\/\/www.medonet.pl\/zdrowie\/zdrowie-dla-kazdego,wrzody-zoladka-i-dwunastnicy---objawy--dieta--leczenie,artykul,1644929.html\" data-allow-layer=\"\">wrzody \u017co\u0142\u0105dka<\/a>,<\/span><\/li>\n<li class=\"ods-c-text-bullet ods-c-text-bullet--normal\"><span class=\"ods-c-text-bullet__text\">uczucie ci\u0105g\u0142ego zm\u0119czenia,<\/span><\/li>\n<li class=\"ods-c-text-bullet ods-c-text-bullet--normal\"><span class=\"ods-c-text-bullet__text\">zaburzenia snu.<\/span><\/li>\n<\/ul>\n<p class=\"ods-c-paragraph\"><strong>Glicyna<\/strong> dodatkowo dzia\u0142a wspomagaj\u0105co w absorpcji <a id=\"b20354da-1db4-4fd6-813e-43253db82487\" href=\"http:\/\/www.medonet.pl\/zdrowie,wapno---wlasciwosci--zapotrzebowanie--zrodla-w-diecie,artykul,1726872.html\" data-allow-layer=\"\">wapnia<\/a>, zmniejsza wydzielanie kwasu \u017co\u0142\u0105dkowego, bierze udzia\u0142 w syntezie <a id=\"aeef6e83-d11c-40d1-9e2a-0f0f74b7c3c7\" href=\"http:\/\/www.medonet.pl\/zdrowie\/zdrowie-dla-kazdego,erytrocyty--czerwone-krwinki----norma--budowa--funkcja--choroby,artykul,1722159.html\" data-allow-layer=\"\">erytrocyt\u00f3w <\/a>i hemoglobiny, poprawia funkcjonowanie uk\u0142adu nerwowego.<\/p>\n<p>Produkt nie zawiera: cukru, substancji konserwuj\u0105cych, glutenu, laktozy, soi oraz GMO. Produkt odpowiedni dla wegan.<\/p>","protected":false},"featured_media":6467,"template":"","meta":{"ocean_post_layout":"","ocean_both_sidebars_style":"","ocean_both_sidebars_content_width":0,"ocean_both_sidebars_sidebars_width":0,"ocean_sidebar":"0","ocean_second_sidebar":"0","ocean_disable_margins":"enable","ocean_add_body_class":"","ocean_shortcode_before_top_bar":"","ocean_shortcode_after_top_bar":"","ocean_shortcode_before_header":"","ocean_shortcode_after_header":"","ocean_has_shortcode":"","ocean_shortcode_after_title":"","ocean_shortcode_before_footer_widgets":"","ocean_shortcode_after_footer_widgets":"","ocean_shortcode_before_footer_bottom":"","ocean_shortcode_after_footer_bottom":"","ocean_display_top_bar":"default","ocean_display_header":"default","ocean_header_style":"","ocean_center_header_left_menu":"0","ocean_custom_header_template":"0","ocean_custom_logo":0,"ocean_custom_retina_logo":0,"ocean_custom_logo_max_width":0,"ocean_custom_logo_tablet_max_width":0,"ocean_custom_logo_mobile_max_width":0,"ocean_custom_logo_max_height":0,"ocean_custom_logo_tablet_max_height":0,"ocean_custom_logo_mobile_max_height":0,"ocean_header_custom_menu":"0","ocean_menu_typo_font_family":"0","ocean_menu_typo_font_subset":"","ocean_menu_typo_font_size":0,"ocean_menu_typo_font_size_tablet":0,"ocean_menu_typo_font_size_mobile":0,"ocean_menu_typo_font_size_unit":"px","ocean_menu_typo_font_weight":"","ocean_menu_typo_font_weight_tablet":"","ocean_menu_typo_font_weight_mobile":"","ocean_menu_typo_transform":"","ocean_menu_typo_transform_tablet":"","ocean_menu_typo_transform_mobile":"","ocean_menu_typo_line_height":0,"ocean_menu_typo_line_height_tablet":0,"ocean_menu_typo_line_height_mobile":0,"ocean_menu_typo_line_height_unit":"","ocean_menu_typo_spacing":0,"ocean_menu_typo_spacing_tablet":0,"ocean_menu_typo_spacing_mobile":0,"ocean_menu_typo_spacing_unit":"","ocean_menu_link_color":"","ocean_menu_link_color_hover":"","ocean_menu_link_color_active":"","ocean_menu_link_background":"","ocean_menu_link_hover_background":"","ocean_menu_link_active_background":"","ocean_menu_social_links_bg":"","ocean_menu_social_hover_links_bg":"","ocean_menu_social_links_color":"","ocean_menu_social_hover_links_color":"","ocean_disable_title":"default","ocean_disable_heading":"default","ocean_post_title":"","ocean_post_subheading":"","ocean_post_title_style":"","ocean_post_title_background_color":"","ocean_post_title_background":0,"ocean_post_title_bg_image_position":"","ocean_post_title_bg_image_attachment":"","ocean_post_title_bg_image_repeat":"","ocean_post_title_bg_image_size":"","ocean_post_title_height":0,"ocean_post_title_bg_overlay":0.5,"ocean_post_title_bg_overlay_color":"","ocean_disable_breadcrumbs":"default","ocean_breadcrumbs_color":"","ocean_breadcrumbs_separator_color":"","ocean_breadcrumbs_links_color":"","ocean_breadcrumbs_links_hover_color":"","ocean_display_footer_widgets":"default","ocean_display_footer_bottom":"default","ocean_custom_footer_template":"0"},"product_brand":[],"product_cat":[22],"product_tag":[],"class_list":{"0":"post-6466","1":"product","2":"type-product","3":"status-publish","4":"has-post-thumbnail","6":"product_cat-suplementy-i-witaminy","8":"entry","9":"has-media","11":"first","12":"instock","13":"shipping-taxable","14":"purchasable","15":"product-type-simple","16":"has-product-nav","17":"col","18":"span_1_of_3","19":"owp-content-left","20":"owp-thumbs-layout-horizontal","21":"owp-btn-normal","22":"owp-tabs-layout-horizontal","23":"has-no-thumbnails"},"_links":{"self":[{"href":"https:\/\/ecocorner.eu\/en\/wp-json\/wp\/v2\/product\/6466","targetHints":{"allow":["GET"]}}],"collection":[{"href":"https:\/\/ecocorner.eu\/en\/wp-json\/wp\/v2\/product"}],"about":[{"href":"https:\/\/ecocorner.eu\/en\/wp-json\/wp\/v2\/types\/product"}],"version-history":[{"count":1,"href":"https:\/\/ecocorner.eu\/en\/wp-json\/wp\/v2\/product\/6466\/revisions"}],"predecessor-version":[{"id":6468,"href":"https:\/\/ecocorner.eu\/en\/wp-json\/wp\/v2\/product\/6466\/revisions\/6468"}],"wp:featuredmedia":[{"embeddable":true,"href":"https:\/\/ecocorner.eu\/en\/wp-json\/wp\/v2\/media\/6467"}],"wp:attachment":[{"href":"https:\/\/ecocorner.eu\/en\/wp-json\/wp\/v2\/media?parent=6466"}],"wp:term":[{"taxonomy":"product_brand","embeddable":true,"href":"https:\/\/ecocorner.eu\/en\/wp-json\/wp\/v2\/product_brand?post=6466"},{"taxonomy":"product_cat","embeddable":true,"href":"https:\/\/ecocorner.eu\/en\/wp-json\/wp\/v2\/product_cat?post=6466"},{"taxonomy":"product_tag","embeddable":true,"href":"https:\/\/ecocorner.eu\/en\/wp-json\/wp\/v2\/product_tag?post=6466"}],"curies":[{"name":"wp","href":"https:\/\/api.w.org\/{rel}","templated":true}]}}