{"id":6475,"date":"2025-01-28T21:40:24","date_gmt":"2025-01-28T21:40:24","guid":{"rendered":"https:\/\/ecocorner.eu\/?post_type=product&#038;p=6475"},"modified":"2025-03-04T12:02:40","modified_gmt":"2025-03-04T12:02:40","slug":"royal-brand-ekstrakt-z-grzybow-reishi-50ml","status":"publish","type":"product","link":"https:\/\/ecocorner.eu\/en\/product\/royal-brand-ekstrakt-z-grzybow-reishi-50ml\/","title":{"rendered":"Royal Brand   Ekstrakt z grzyb\u00f3w  Reishi  50ml"},"content":{"rendered":"<div class=\"col-xs-12 kontrolka-PoleProduktu\">\n<div class=\"tresc-pojemnik tresc-pojemnik-88\">\n<div id=\"kontrolka-88\" class=\"\">\n<div class=\"pole-opis-wartosc\">\n<p>&nbsp;<\/p>\n<p><strong>METHOD OF APPLICATION<\/strong><br \/>\nDwa razy dziennie po 12 kropli.<\/p>\n<p><strong>note<\/strong><br \/>\nSuplementy diety nie mog\u0105 by\u0107 stosowane jako substytut (zamiennik) zr\u00f3\u017cnicowanej diety. Zr\u00f3\u017cnicowany spos\u00f3b \u017cywienia oraz zdrowy tryb \u017cycia s\u0105 podstaw\u0105 prawid\u0142owego funkcjonowania organizmu. Nie zaleca si\u0119 stosowa\u0107 przez kobiety w ci\u0105\u017cy, kobiety karmi\u0105ce, dzieci poni\u017cej 18. roku zycia, osoby z chorob\u0105 alkoholow\u0105 przy uczuleniu na kt\u00f3rykolwiek sk\u0142adnik. Wytr\u0105canie si\u0119 osadu na dnie butelki jest naturalnym zjawiskiem i \u015bwiadczy o wyskiej jako\u015bci produktu.<\/p>\n<p><strong>keeping<\/strong><br \/>\nPrzechowywa\u0107 w ch\u0142odnym i zacienionym miejscu, w spos\u00f3b niedost\u0119pny dla ma\u0142ych dzieci.<\/p>\n<\/div>\n<\/div>\n<\/div>\n<\/div>","protected":false},"excerpt":{"rendered":"<p>Ekstrakt z grzyb\u00f3w Reishi (Ganoderma lucidum) (ekstrahent 90% alkoholu bio).<\/p>","protected":false},"featured_media":6476,"template":"","meta":{"ocean_post_layout":"","ocean_both_sidebars_style":"","ocean_both_sidebars_content_width":0,"ocean_both_sidebars_sidebars_width":0,"ocean_sidebar":"0","ocean_second_sidebar":"0","ocean_disable_margins":"enable","ocean_add_body_class":"","ocean_shortcode_before_top_bar":"","ocean_shortcode_after_top_bar":"","ocean_shortcode_before_header":"","ocean_shortcode_after_header":"","ocean_has_shortcode":"","ocean_shortcode_after_title":"","ocean_shortcode_before_footer_widgets":"","ocean_shortcode_after_footer_widgets":"","ocean_shortcode_before_footer_bottom":"","ocean_shortcode_after_footer_bottom":"","ocean_display_top_bar":"default","ocean_display_header":"default","ocean_header_style":"","ocean_center_header_left_menu":"0","ocean_custom_header_template":"0","ocean_custom_logo":0,"ocean_custom_retina_logo":0,"ocean_custom_logo_max_width":0,"ocean_custom_logo_tablet_max_width":0,"ocean_custom_logo_mobile_max_width":0,"ocean_custom_logo_max_height":0,"ocean_custom_logo_tablet_max_height":0,"ocean_custom_logo_mobile_max_height":0,"ocean_header_custom_menu":"0","ocean_menu_typo_font_family":"0","ocean_menu_typo_font_subset":"","ocean_menu_typo_font_size":0,"ocean_menu_typo_font_size_tablet":0,"ocean_menu_typo_font_size_mobile":0,"ocean_menu_typo_font_size_unit":"px","ocean_menu_typo_font_weight":"","ocean_menu_typo_font_weight_tablet":"","ocean_menu_typo_font_weight_mobile":"","ocean_menu_typo_transform":"","ocean_menu_typo_transform_tablet":"","ocean_menu_typo_transform_mobile":"","ocean_menu_typo_line_height":0,"ocean_menu_typo_line_height_tablet":0,"ocean_menu_typo_line_height_mobile":0,"ocean_menu_typo_line_height_unit":"","ocean_menu_typo_spacing":0,"ocean_menu_typo_spacing_tablet":0,"ocean_menu_typo_spacing_mobile":0,"ocean_menu_typo_spacing_unit":"","ocean_menu_link_color":"","ocean_menu_link_color_hover":"","ocean_menu_link_color_active":"","ocean_menu_link_background":"","ocean_menu_link_hover_background":"","ocean_menu_link_active_background":"","ocean_menu_social_links_bg":"","ocean_menu_social_hover_links_bg":"","ocean_menu_social_links_color":"","ocean_menu_social_hover_links_color":"","ocean_disable_title":"default","ocean_disable_heading":"default","ocean_post_title":"","ocean_post_subheading":"","ocean_post_title_style":"","ocean_post_title_background_color":"","ocean_post_title_background":0,"ocean_post_title_bg_image_position":"","ocean_post_title_bg_image_attachment":"","ocean_post_title_bg_image_repeat":"","ocean_post_title_bg_image_size":"","ocean_post_title_height":0,"ocean_post_title_bg_overlay":0.5,"ocean_post_title_bg_overlay_color":"","ocean_disable_breadcrumbs":"default","ocean_breadcrumbs_color":"","ocean_breadcrumbs_separator_color":"","ocean_breadcrumbs_links_color":"","ocean_breadcrumbs_links_hover_color":"","ocean_display_footer_widgets":"default","ocean_display_footer_bottom":"default","ocean_custom_footer_template":"0"},"product_brand":[],"product_cat":[22],"product_tag":[],"class_list":{"0":"post-6475","1":"product","2":"type-product","3":"status-publish","4":"has-post-thumbnail","6":"product_cat-suplementy-i-witaminy","8":"entry","9":"has-media","11":"first","12":"instock","13":"shipping-taxable","14":"purchasable","15":"product-type-simple","16":"has-product-nav","17":"col","18":"span_1_of_3","19":"owp-content-left","20":"owp-thumbs-layout-horizontal","21":"owp-btn-normal","22":"owp-tabs-layout-horizontal","23":"has-no-thumbnails"},"_links":{"self":[{"href":"https:\/\/ecocorner.eu\/en\/wp-json\/wp\/v2\/product\/6475","targetHints":{"allow":["GET"]}}],"collection":[{"href":"https:\/\/ecocorner.eu\/en\/wp-json\/wp\/v2\/product"}],"about":[{"href":"https:\/\/ecocorner.eu\/en\/wp-json\/wp\/v2\/types\/product"}],"version-history":[{"count":1,"href":"https:\/\/ecocorner.eu\/en\/wp-json\/wp\/v2\/product\/6475\/revisions"}],"predecessor-version":[{"id":6477,"href":"https:\/\/ecocorner.eu\/en\/wp-json\/wp\/v2\/product\/6475\/revisions\/6477"}],"wp:featuredmedia":[{"embeddable":true,"href":"https:\/\/ecocorner.eu\/en\/wp-json\/wp\/v2\/media\/6476"}],"wp:attachment":[{"href":"https:\/\/ecocorner.eu\/en\/wp-json\/wp\/v2\/media?parent=6475"}],"wp:term":[{"taxonomy":"product_brand","embeddable":true,"href":"https:\/\/ecocorner.eu\/en\/wp-json\/wp\/v2\/product_brand?post=6475"},{"taxonomy":"product_cat","embeddable":true,"href":"https:\/\/ecocorner.eu\/en\/wp-json\/wp\/v2\/product_cat?post=6475"},{"taxonomy":"product_tag","embeddable":true,"href":"https:\/\/ecocorner.eu\/en\/wp-json\/wp\/v2\/product_tag?post=6475"}],"curies":[{"name":"wp","href":"https:\/\/api.w.org\/{rel}","templated":true}]}}