{"id":6478,"date":"2025-01-28T22:05:38","date_gmt":"2025-01-28T22:05:38","guid":{"rendered":"https:\/\/ecocorner.eu\/?post_type=product&#038;p=6478"},"modified":"2025-05-08T17:07:33","modified_gmt":"2025-05-08T17:07:33","slug":"genactiv-colostrum-z-bananem-saszetki-500mg-30-sasz-bioaktywny-liofilizat-2h","status":"publish","type":"product","link":"https:\/\/ecocorner.eu\/en\/product\/genactiv-colostrum-z-bananem-saszetki-500mg-30-sasz-bioaktywny-liofilizat-2h\/","title":{"rendered":"GENACTIV  Colostrum z bananem saszetki 500mg, 30 sasz. &#8211; bioaktywny liofilizat 2h"},"content":{"rendered":"<p><strong>Ingredients<\/strong><br \/>\nliofilizowane colostrum bovinum, susz bananowy<\/p>\n<p>Jedna saszetka zawiera:<br \/>\n&#8211; liofilizat colostrum bovinum \u2013 500 mg<br \/>\n&#8211; liofilizat naturalnego banana \u2013 500 mg<\/p>\n<p><strong>METHOD OF APPLICATION<\/strong><br \/>\n1-2 saszetki\u00a0dziennie na czczo przed posi\u0142kiem lub inaczej po konsultacji z lekarzem. Maksymalna porcja dzienna to\u00a03\u00a0saszetki. Zawarto\u015b\u0107 zaszetki zmiesza\u0107 z niewielk\u0105 ilo\u015bci\u0105 p\u0142ynu lub jogurtu, zawisin\u0119 spo\u017cy\u0107. Proszek mo\u017cna przyj\u0105\u0107 z saszetki bezpo\u015brednio do ust.<\/p>\n<p>Uwaga! Bioaktywne zwi\u0105zki bia\u0142kowe ulegaj\u0105 denaturacji w wysokiej temperaturze, dlatego nie nale\u017cy wsypywa\u0107 proszku do gor\u0105cych p\u0142yn\u00f3w.<\/p>\n<p><strong>note<\/strong><br \/>\nNie nale\u017cy przekracza\u0107 zalecanej dziennej porcji do spo\u017cycia. Zachowa\u0107 ostro\u017cno\u015b\u0107 w przypadku nadwra\u017cliwo\u015bci na jakikolwiek sk\u0142adnik preparatu. Zalecany jest zr\u00f3wnowa\u017cony spos\u00f3b \u017cywienia i zdrowy tryb \u017cycia. Suplement diety nie mo\u017ce by\u0107 stosowany jako substytut zr\u00f3\u017cnicowanej diety.<\/p>\n<p><strong>keeping<\/strong><br \/>\nThe drug should be stored in a cool and dry place. Keep out of reach of small children. Do not use the drug after its expiration date.<\/p>","protected":false},"excerpt":{"rendered":"<p>Colostrum z bananem saszetki to produkt sprzedawany wcze\u015bniej pod nazw\u0105 COLOSTRIGEN.<\/p>\n<p>Produkt jest laureatem plebiscytu WYB\u00d3R ROKU 2015 Magazynu LNE w kategorii SUPLEMENT. Colostrigen saszetki \u2013 liofilizowane colostrum pozyskane z pierwszej godziny po ocieleniu. Dzi\u0119ki specjalnej procedurze pozyskiwania surowca oraz dzi\u0119ki zaawansowanej technologii procesu liofilizacji osi\u0105gni\u0119to produkt przetworzony, o jako\u015bci odpowiadaj\u0105cej produktowi \u015bwie\u017cemu, z ca\u0142ym bogactwem sk\u0142adnik\u00f3w i zachowuj\u0105cy pe\u0142n\u0105 bioaktywno\u015b\u0107.<\/p>\n<p>Suplement diety Colostrum z bananem saszetki to warto\u015bciowe uzupe\u0142nienie diety dla os\u00f3b, kt\u00f3re chc\u0105 zachowa\u0107 zdrowie swojego organizmu. Obecne w saszetkach colostrum bovinum zawiera mi\u0119dzy innymi: czynniki odporno\u015bciowe (immunoglobuliny), witaminy i minera\u0142y, czynniki wzrostu, lizozym i laktoferyn\u0119.<\/p>\n<p>The components of colostrum bovinum, especially lactoferrin and proline-rich peptides (PRP), contribute to the maintenance of normal functioning of the body by::<\/p>\n<h4>\u00a0\u00a0\u00a0\u00a0 &#8211; laktoferyna wspomaga wch\u0142anianie \u017celaza<br \/>\n- promoting the development and maintenance of natural defense mechanisms,<br \/>\n- support resilience to stress,<br \/>\n- beneficial effect on maintaining vitality and cognitive functions,<br \/>\n- supports regeneration of the intestinal mucosa,<br \/>\n-wspomaganie prawid\u0142owej piel\u0119gnacji sk\u00f3ry<\/h4>\n<p>Dla dzieci i doros\u0142ych<\/p>","protected":false},"featured_media":6479,"template":"","meta":{"ocean_post_layout":"","ocean_both_sidebars_style":"","ocean_both_sidebars_content_width":0,"ocean_both_sidebars_sidebars_width":0,"ocean_sidebar":"0","ocean_second_sidebar":"0","ocean_disable_margins":"enable","ocean_add_body_class":"","ocean_shortcode_before_top_bar":"","ocean_shortcode_after_top_bar":"","ocean_shortcode_before_header":"","ocean_shortcode_after_header":"","ocean_has_shortcode":"","ocean_shortcode_after_title":"","ocean_shortcode_before_footer_widgets":"","ocean_shortcode_after_footer_widgets":"","ocean_shortcode_before_footer_bottom":"","ocean_shortcode_after_footer_bottom":"","ocean_display_top_bar":"default","ocean_display_header":"default","ocean_header_style":"","ocean_center_header_left_menu":"0","ocean_custom_header_template":"0","ocean_custom_logo":0,"ocean_custom_retina_logo":0,"ocean_custom_logo_max_width":0,"ocean_custom_logo_tablet_max_width":0,"ocean_custom_logo_mobile_max_width":0,"ocean_custom_logo_max_height":0,"ocean_custom_logo_tablet_max_height":0,"ocean_custom_logo_mobile_max_height":0,"ocean_header_custom_menu":"0","ocean_menu_typo_font_family":"0","ocean_menu_typo_font_subset":"","ocean_menu_typo_font_size":0,"ocean_menu_typo_font_size_tablet":0,"ocean_menu_typo_font_size_mobile":0,"ocean_menu_typo_font_size_unit":"px","ocean_menu_typo_font_weight":"","ocean_menu_typo_font_weight_tablet":"","ocean_menu_typo_font_weight_mobile":"","ocean_menu_typo_transform":"","ocean_menu_typo_transform_tablet":"","ocean_menu_typo_transform_mobile":"","ocean_menu_typo_line_height":0,"ocean_menu_typo_line_height_tablet":0,"ocean_menu_typo_line_height_mobile":0,"ocean_menu_typo_line_height_unit":"","ocean_menu_typo_spacing":0,"ocean_menu_typo_spacing_tablet":0,"ocean_menu_typo_spacing_mobile":0,"ocean_menu_typo_spacing_unit":"","ocean_menu_link_color":"","ocean_menu_link_color_hover":"","ocean_menu_link_color_active":"","ocean_menu_link_background":"","ocean_menu_link_hover_background":"","ocean_menu_link_active_background":"","ocean_menu_social_links_bg":"","ocean_menu_social_hover_links_bg":"","ocean_menu_social_links_color":"","ocean_menu_social_hover_links_color":"","ocean_disable_title":"default","ocean_disable_heading":"default","ocean_post_title":"","ocean_post_subheading":"","ocean_post_title_style":"","ocean_post_title_background_color":"","ocean_post_title_background":0,"ocean_post_title_bg_image_position":"","ocean_post_title_bg_image_attachment":"","ocean_post_title_bg_image_repeat":"","ocean_post_title_bg_image_size":"","ocean_post_title_height":0,"ocean_post_title_bg_overlay":0.5,"ocean_post_title_bg_overlay_color":"","ocean_disable_breadcrumbs":"default","ocean_breadcrumbs_color":"","ocean_breadcrumbs_separator_color":"","ocean_breadcrumbs_links_color":"","ocean_breadcrumbs_links_hover_color":"","ocean_display_footer_widgets":"default","ocean_display_footer_bottom":"default","ocean_custom_footer_template":"0"},"product_brand":[],"product_cat":[22,20],"product_tag":[],"class_list":{"0":"post-6478","1":"product","2":"type-product","3":"status-publish","4":"has-post-thumbnail","6":"product_cat-suplementy-i-witaminy","7":"product_cat-dzieci","9":"entry","10":"has-media","12":"first","13":"outofstock","14":"shipping-taxable","15":"purchasable","16":"product-type-simple","17":"has-product-nav","18":"col","19":"span_1_of_3","20":"owp-content-left","21":"owp-thumbs-layout-horizontal","22":"owp-btn-normal","23":"owp-tabs-layout-horizontal","24":"has-no-thumbnails"},"_links":{"self":[{"href":"https:\/\/ecocorner.eu\/en\/wp-json\/wp\/v2\/product\/6478","targetHints":{"allow":["GET"]}}],"collection":[{"href":"https:\/\/ecocorner.eu\/en\/wp-json\/wp\/v2\/product"}],"about":[{"href":"https:\/\/ecocorner.eu\/en\/wp-json\/wp\/v2\/types\/product"}],"version-history":[{"count":1,"href":"https:\/\/ecocorner.eu\/en\/wp-json\/wp\/v2\/product\/6478\/revisions"}],"predecessor-version":[{"id":6480,"href":"https:\/\/ecocorner.eu\/en\/wp-json\/wp\/v2\/product\/6478\/revisions\/6480"}],"wp:featuredmedia":[{"embeddable":true,"href":"https:\/\/ecocorner.eu\/en\/wp-json\/wp\/v2\/media\/6479"}],"wp:attachment":[{"href":"https:\/\/ecocorner.eu\/en\/wp-json\/wp\/v2\/media?parent=6478"}],"wp:term":[{"taxonomy":"product_brand","embeddable":true,"href":"https:\/\/ecocorner.eu\/en\/wp-json\/wp\/v2\/product_brand?post=6478"},{"taxonomy":"product_cat","embeddable":true,"href":"https:\/\/ecocorner.eu\/en\/wp-json\/wp\/v2\/product_cat?post=6478"},{"taxonomy":"product_tag","embeddable":true,"href":"https:\/\/ecocorner.eu\/en\/wp-json\/wp\/v2\/product_tag?post=6478"}],"curies":[{"name":"wp","href":"https:\/\/api.w.org\/{rel}","templated":true}]}}