{"id":6544,"date":"2025-02-22T13:32:00","date_gmt":"2025-02-22T13:32:00","guid":{"rendered":"https:\/\/ecocorner.eu\/?post_type=product&#038;p=6544"},"modified":"2025-12-12T21:33:26","modified_gmt":"2025-12-12T21:33:26","slug":"polska-roza-shot-na-odpornosc-kurkuma-imbir-250ml","status":"publish","type":"product","link":"https:\/\/ecocorner.eu\/en\/product\/polska-roza-shot-na-odpornosc-kurkuma-imbir-250ml\/","title":{"rendered":"POLSKA R\u00d3\u017bA   Shot na odporno\u015b\u0107 kurkuma + imbir  250ml"},"content":{"rendered":"<p><strong>Ingredients<\/strong><br \/>\nSok NFC z owoc\u00f3w r\u00f3\u017cy 40%, soki ro\u015blinne 40% (sok NFC z \u0142\u0105czy imbiru 40%, sok NFC z k\u0142\u0105czy kurkumy 40%, sok NFC z cytryny), woda.<\/p>\n<p><u>\u015arednia warto\u015b\u0107 od\u017cywcza w 100 ml soku:<\/u><br \/>\nWarto\u015b\u0107 energetyczna (energia) &#8211;\u00a0100 kJ\/ 24 kcal<br \/>\nT\u0142uszcz &#8211;\u00a00 g<br \/>\nw tym kwasy t\u0142uszczowe nasycone\u00a0&#8211;\u00a00 g<br \/>\nCarbohydrates<br \/>\nw tym: cukry &#8211;\u00a03,3 g<br \/>\nBia\u0142ko &#8211;\u00a00 g<br \/>\nS\u00f3l &#8211;\u00a00 g<br \/>\nWitamina C &#8211;\u00a0120 mg<\/p>\n<p><strong>keeping<\/strong><br \/>\nPo otwarciu przechowywa\u0107 w lod\u00f3wce, spo\u017cy\u0107 w ci\u0105gu 5 dni.<\/p>","protected":false},"excerpt":{"rendered":"<p>Shot na odporno\u015b\u0107 &#8211; mieszanka sok\u00f3w owocowych i ro\u015blinnych.<\/p>\n<p>Sok NFC to sok BEZPO\u015aREDNIO t\u0142oczony, nie z koncentratu. Nie znajdziesz w nim sztucznych dodatk\u00f3w, takich jak konserwanty i barwniki. Osad jest zjawiskiem naturalnym &#8211; to w nim jest bogactwo substancji od\u017cywczych. Wyr\u00f3\u017cnia si\u0119 prostym sk\u0142adem i ma przyjemny, orze\u017awiaj\u0105cy smak! Koniecznie wstrz\u0105\u015bnij przed piciem! Jedna butelka zawiera 5 porcji po 50ml. Bogactwo witamin zamkni\u0119te w jednej butelce.<\/p>\n<p>&nbsp;<\/p>","protected":false},"featured_media":6545,"template":"","meta":{"ocean_post_layout":"","ocean_both_sidebars_style":"","ocean_both_sidebars_content_width":0,"ocean_both_sidebars_sidebars_width":0,"ocean_sidebar":"0","ocean_second_sidebar":"0","ocean_disable_margins":"enable","ocean_add_body_class":"","ocean_shortcode_before_top_bar":"","ocean_shortcode_after_top_bar":"","ocean_shortcode_before_header":"","ocean_shortcode_after_header":"","ocean_has_shortcode":"","ocean_shortcode_after_title":"","ocean_shortcode_before_footer_widgets":"","ocean_shortcode_after_footer_widgets":"","ocean_shortcode_before_footer_bottom":"","ocean_shortcode_after_footer_bottom":"","ocean_display_top_bar":"default","ocean_display_header":"default","ocean_header_style":"","ocean_center_header_left_menu":"0","ocean_custom_header_template":"0","ocean_custom_logo":0,"ocean_custom_retina_logo":0,"ocean_custom_logo_max_width":0,"ocean_custom_logo_tablet_max_width":0,"ocean_custom_logo_mobile_max_width":0,"ocean_custom_logo_max_height":0,"ocean_custom_logo_tablet_max_height":0,"ocean_custom_logo_mobile_max_height":0,"ocean_header_custom_menu":"0","ocean_menu_typo_font_family":"0","ocean_menu_typo_font_subset":"","ocean_menu_typo_font_size":0,"ocean_menu_typo_font_size_tablet":0,"ocean_menu_typo_font_size_mobile":0,"ocean_menu_typo_font_size_unit":"px","ocean_menu_typo_font_weight":"","ocean_menu_typo_font_weight_tablet":"","ocean_menu_typo_font_weight_mobile":"","ocean_menu_typo_transform":"","ocean_menu_typo_transform_tablet":"","ocean_menu_typo_transform_mobile":"","ocean_menu_typo_line_height":0,"ocean_menu_typo_line_height_tablet":0,"ocean_menu_typo_line_height_mobile":0,"ocean_menu_typo_line_height_unit":"","ocean_menu_typo_spacing":0,"ocean_menu_typo_spacing_tablet":0,"ocean_menu_typo_spacing_mobile":0,"ocean_menu_typo_spacing_unit":"","ocean_menu_link_color":"","ocean_menu_link_color_hover":"","ocean_menu_link_color_active":"","ocean_menu_link_background":"","ocean_menu_link_hover_background":"","ocean_menu_link_active_background":"","ocean_menu_social_links_bg":"","ocean_menu_social_hover_links_bg":"","ocean_menu_social_links_color":"","ocean_menu_social_hover_links_color":"","ocean_disable_title":"default","ocean_disable_heading":"default","ocean_post_title":"","ocean_post_subheading":"","ocean_post_title_style":"","ocean_post_title_background_color":"","ocean_post_title_background":0,"ocean_post_title_bg_image_position":"","ocean_post_title_bg_image_attachment":"","ocean_post_title_bg_image_repeat":"","ocean_post_title_bg_image_size":"","ocean_post_title_height":0,"ocean_post_title_bg_overlay":0.5,"ocean_post_title_bg_overlay_color":"","ocean_disable_breadcrumbs":"default","ocean_breadcrumbs_color":"","ocean_breadcrumbs_separator_color":"","ocean_breadcrumbs_links_color":"","ocean_breadcrumbs_links_hover_color":"","ocean_display_footer_widgets":"default","ocean_display_footer_bottom":"default","ocean_custom_footer_template":"0"},"product_brand":[],"product_cat":[62,85,23],"product_tag":[],"class_list":{"0":"post-6544","1":"product","2":"type-product","3":"status-publish","4":"has-post-thumbnail","6":"product_cat-odpornosc","7":"product_cat-soki-naturalne","8":"product_cat-zdrowe-przekaski","10":"entry","11":"has-media","13":"first","14":"outofstock","15":"shipping-taxable","16":"purchasable","17":"product-type-simple","18":"has-product-nav","19":"col","20":"span_1_of_3","21":"owp-content-left","22":"owp-thumbs-layout-horizontal","23":"owp-btn-normal","24":"owp-tabs-layout-horizontal","25":"has-no-thumbnails"},"_links":{"self":[{"href":"https:\/\/ecocorner.eu\/en\/wp-json\/wp\/v2\/product\/6544","targetHints":{"allow":["GET"]}}],"collection":[{"href":"https:\/\/ecocorner.eu\/en\/wp-json\/wp\/v2\/product"}],"about":[{"href":"https:\/\/ecocorner.eu\/en\/wp-json\/wp\/v2\/types\/product"}],"version-history":[{"count":1,"href":"https:\/\/ecocorner.eu\/en\/wp-json\/wp\/v2\/product\/6544\/revisions"}],"predecessor-version":[{"id":6546,"href":"https:\/\/ecocorner.eu\/en\/wp-json\/wp\/v2\/product\/6544\/revisions\/6546"}],"wp:featuredmedia":[{"embeddable":true,"href":"https:\/\/ecocorner.eu\/en\/wp-json\/wp\/v2\/media\/6545"}],"wp:attachment":[{"href":"https:\/\/ecocorner.eu\/en\/wp-json\/wp\/v2\/media?parent=6544"}],"wp:term":[{"taxonomy":"product_brand","embeddable":true,"href":"https:\/\/ecocorner.eu\/en\/wp-json\/wp\/v2\/product_brand?post=6544"},{"taxonomy":"product_cat","embeddable":true,"href":"https:\/\/ecocorner.eu\/en\/wp-json\/wp\/v2\/product_cat?post=6544"},{"taxonomy":"product_tag","embeddable":true,"href":"https:\/\/ecocorner.eu\/en\/wp-json\/wp\/v2\/product_tag?post=6544"}],"curies":[{"name":"wp","href":"https:\/\/api.w.org\/{rel}","templated":true}]}}