{"id":6551,"date":"2025-02-22T13:38:55","date_gmt":"2025-02-22T13:38:55","guid":{"rendered":"https:\/\/ecocorner.eu\/?post_type=product&#038;p=6551"},"modified":"2025-05-07T09:36:22","modified_gmt":"2025-05-07T09:36:22","slug":"cbd-effect-witamina-d3k2mk7-olej-mct-krople-30ml","status":"publish","type":"product","link":"https:\/\/ecocorner.eu\/en\/product\/cbd-effect-witamina-d3k2mk7-olej-mct-krople-30ml\/","title":{"rendered":"CBD Effect   Witamina D3K2MK7  Olej MCT Krople  30ml"},"content":{"rendered":"<p>D3 zwana witamin\u0105 s\u0142o\u0144ca to najwa\u017cniejsza witamina niezb\u0119dna do prawid\u0142owego funkcjonowania organizmu. Syntetyzowana wy\u0142\u0105cznie przez sk\u00f3r\u0119, rzadko spotykana w po\u017cywieniu powinna by\u0107 dostarczana organizmowi\u00a0 przez ca\u0142y rok.<\/p>\n<p>Odpowiada za metabolizm ko\u015bci, funkcjonowanie uk\u0142adu mi\u0119\u015bniowego oraz\u00a0 nerwowego, prawid\u0142owy sen, samopoczucie, reguluje stany zapalne, niezb\u0119dna przy chorobach sk\u00f3ry jak \u0142uszczyca. Pe\u0142ni funkcj\u0119 immunomodulatora.<\/p>\n<p>K2MK7 pe\u0142ni funkcj\u0119 <strong>przekierowywania wapnia do ko\u015bci<\/strong> tym samym utrzymuj\u0105c ich prawid\u0142ow\u0105 struktur\u0119, dzi\u0119ki czemu zapobiega tworzeniu si\u0119 kamieni nerkowych.<\/p>\n<p>Dlatego tak wa\u017cne jest przyjmowanie D3 zawsze z K2MK7.<\/p>\n<p>D3K2MK7 na bazie \u0142atwo przyswajalnego oleju z kokosa MCT to produkt kompaktowy, kt\u00f3ry <strong>mo\u017cna przyjmowa\u0107 bez posi\u0142ku<\/strong>.<\/p>\n<p><strong>Butelka<\/strong>: 30 ml<\/p>\n<p>Polish product<\/p>","protected":false},"excerpt":{"rendered":"<div class=\"elementor-element elementor-element-4a29e39c elementor-widget elementor-widget-woocommerce-product-title elementor-page-title elementor-widget-heading\" data-id=\"4a29e39c\" data-element_type=\"widget\" data-widget_type=\"woocommerce-product-title.default\">\n<div class=\"elementor-widget-container\">\n<h3 class=\"product_title entry-title elementor-heading-title elementor-size-default\">Witamina D3K2MK7 Olej MCT Krople 30ml<\/h3>\n<\/div>\n<\/div>\n<div class=\"elementor-element elementor-element-72a9ab98 elementor-widget elementor-widget-woocommerce-product-short-description\" data-id=\"72a9ab98\" data-element_type=\"widget\" data-widget_type=\"woocommerce-product-short-description.default\">\n<div class=\"elementor-widget-container\">\n<div class=\"woocommerce-product-details__short-description\">\n<ul>\n<li>100% naturalna witamina D3 z lanoliny plus K2MK7<\/li>\n<li>rozpuszczona w oleju MCT z kokosa, wch\u0142anianie bez dodatkowych t\u0142uszcz\u00f3w<\/li>\n<li>wysokie st\u0119\u017cenie D3 10.000 IU 200 IU K2 MK7 w jednej porcji (10 kropli)<\/li>\n<li>prosty sk\u0142ad bez dodatk\u00f3w<\/li>\n<li>butelka 30 ml \u2013 850 kropli<\/li>\n<\/ul>\n<\/div>\n<\/div>\n<\/div>","protected":false},"featured_media":6552,"template":"","meta":{"ocean_post_layout":"","ocean_both_sidebars_style":"","ocean_both_sidebars_content_width":0,"ocean_both_sidebars_sidebars_width":0,"ocean_sidebar":"0","ocean_second_sidebar":"0","ocean_disable_margins":"enable","ocean_add_body_class":"","ocean_shortcode_before_top_bar":"","ocean_shortcode_after_top_bar":"","ocean_shortcode_before_header":"","ocean_shortcode_after_header":"","ocean_has_shortcode":"","ocean_shortcode_after_title":"","ocean_shortcode_before_footer_widgets":"","ocean_shortcode_after_footer_widgets":"","ocean_shortcode_before_footer_bottom":"","ocean_shortcode_after_footer_bottom":"","ocean_display_top_bar":"default","ocean_display_header":"default","ocean_header_style":"","ocean_center_header_left_menu":"0","ocean_custom_header_template":"0","ocean_custom_logo":0,"ocean_custom_retina_logo":0,"ocean_custom_logo_max_width":0,"ocean_custom_logo_tablet_max_width":0,"ocean_custom_logo_mobile_max_width":0,"ocean_custom_logo_max_height":0,"ocean_custom_logo_tablet_max_height":0,"ocean_custom_logo_mobile_max_height":0,"ocean_header_custom_menu":"0","ocean_menu_typo_font_family":"0","ocean_menu_typo_font_subset":"","ocean_menu_typo_font_size":0,"ocean_menu_typo_font_size_tablet":0,"ocean_menu_typo_font_size_mobile":0,"ocean_menu_typo_font_size_unit":"px","ocean_menu_typo_font_weight":"","ocean_menu_typo_font_weight_tablet":"","ocean_menu_typo_font_weight_mobile":"","ocean_menu_typo_transform":"","ocean_menu_typo_transform_tablet":"","ocean_menu_typo_transform_mobile":"","ocean_menu_typo_line_height":0,"ocean_menu_typo_line_height_tablet":0,"ocean_menu_typo_line_height_mobile":0,"ocean_menu_typo_line_height_unit":"","ocean_menu_typo_spacing":0,"ocean_menu_typo_spacing_tablet":0,"ocean_menu_typo_spacing_mobile":0,"ocean_menu_typo_spacing_unit":"","ocean_menu_link_color":"","ocean_menu_link_color_hover":"","ocean_menu_link_color_active":"","ocean_menu_link_background":"","ocean_menu_link_hover_background":"","ocean_menu_link_active_background":"","ocean_menu_social_links_bg":"","ocean_menu_social_hover_links_bg":"","ocean_menu_social_links_color":"","ocean_menu_social_hover_links_color":"","ocean_disable_title":"default","ocean_disable_heading":"default","ocean_post_title":"","ocean_post_subheading":"","ocean_post_title_style":"","ocean_post_title_background_color":"","ocean_post_title_background":0,"ocean_post_title_bg_image_position":"","ocean_post_title_bg_image_attachment":"","ocean_post_title_bg_image_repeat":"","ocean_post_title_bg_image_size":"","ocean_post_title_height":0,"ocean_post_title_bg_overlay":0.5,"ocean_post_title_bg_overlay_color":"","ocean_disable_breadcrumbs":"default","ocean_breadcrumbs_color":"","ocean_breadcrumbs_separator_color":"","ocean_breadcrumbs_links_color":"","ocean_breadcrumbs_links_hover_color":"","ocean_display_footer_widgets":"default","ocean_display_footer_bottom":"default","ocean_custom_footer_template":"0"},"product_brand":[],"product_cat":[62,22],"product_tag":[],"class_list":{"0":"post-6551","1":"product","2":"type-product","3":"status-publish","4":"has-post-thumbnail","6":"product_cat-odpornosc","7":"product_cat-suplementy-i-witaminy","9":"entry","10":"has-media","12":"first","13":"outofstock","14":"shipping-taxable","15":"purchasable","16":"product-type-simple","17":"has-product-nav","18":"col","19":"span_1_of_3","20":"owp-content-left","21":"owp-thumbs-layout-horizontal","22":"owp-btn-normal","23":"owp-tabs-layout-horizontal","24":"has-no-thumbnails"},"_links":{"self":[{"href":"https:\/\/ecocorner.eu\/en\/wp-json\/wp\/v2\/product\/6551","targetHints":{"allow":["GET"]}}],"collection":[{"href":"https:\/\/ecocorner.eu\/en\/wp-json\/wp\/v2\/product"}],"about":[{"href":"https:\/\/ecocorner.eu\/en\/wp-json\/wp\/v2\/types\/product"}],"version-history":[{"count":1,"href":"https:\/\/ecocorner.eu\/en\/wp-json\/wp\/v2\/product\/6551\/revisions"}],"predecessor-version":[{"id":6553,"href":"https:\/\/ecocorner.eu\/en\/wp-json\/wp\/v2\/product\/6551\/revisions\/6553"}],"wp:featuredmedia":[{"embeddable":true,"href":"https:\/\/ecocorner.eu\/en\/wp-json\/wp\/v2\/media\/6552"}],"wp:attachment":[{"href":"https:\/\/ecocorner.eu\/en\/wp-json\/wp\/v2\/media?parent=6551"}],"wp:term":[{"taxonomy":"product_brand","embeddable":true,"href":"https:\/\/ecocorner.eu\/en\/wp-json\/wp\/v2\/product_brand?post=6551"},{"taxonomy":"product_cat","embeddable":true,"href":"https:\/\/ecocorner.eu\/en\/wp-json\/wp\/v2\/product_cat?post=6551"},{"taxonomy":"product_tag","embeddable":true,"href":"https:\/\/ecocorner.eu\/en\/wp-json\/wp\/v2\/product_tag?post=6551"}],"curies":[{"name":"wp","href":"https:\/\/api.w.org\/{rel}","templated":true}]}}