{"id":6563,"date":"2025-02-23T16:57:10","date_gmt":"2025-02-23T16:57:10","guid":{"rendered":"https:\/\/ecocorner.eu\/?post_type=product&#038;p=6563"},"modified":"2026-04-10T21:35:49","modified_gmt":"2026-04-10T21:35:49","slug":"only-bio-mydlo-do-rak-sakura-kwiat-wisni-400-ml","status":"publish","type":"product","link":"https:\/\/ecocorner.eu\/en\/product\/only-bio-mydlo-do-rak-sakura-kwiat-wisni-400-ml\/","title":{"rendered":"Only Bio  Myd\u0142o do r\u0105k  Sakura  kwiat wi\u015bni 400 ml"},"content":{"rendered":"<p><strong>When should I apply it?<\/strong><\/p>\n<p>Szczeg\u00f3lnie, gdy Twoja sk\u00f3ra jest podra\u017cniona i szorstka.<\/p>\n<p>&nbsp;<\/p>\n<p><strong>How does it work?<\/strong><\/p>\n<p>Zawarty w formule ekstrakt z kwiat\u00f3w wi\u015bni poprawia nawil\u017cenie i j\u0119drno\u015b\u0107, pozostawiaj\u0105c sk\u00f3r\u0119 mi\u0119kk\u0105 i g\u0142adk\u0105 w dotyku.<\/p>\n<p>&nbsp;<\/p>\n<p><strong>What does it smell like?<\/strong><\/p>\n<p>Wibruj\u0105cy zapach kwiat\u00f3w wi\u015bni Sakura wprowadzi Ci\u0119 w znakomity nastr\u00f3j i pobudzi zmys\u0142y!<\/p>\n<p>&nbsp;<\/p>\n<p>DERMATOLOGICALLY TESTED<\/p>\n<p>&nbsp;<\/p>\n<p><strong>Przygotowanie i stosowanie<\/strong><\/p>\n<p>Niewielk\u0105 ilo\u015b\u0107 myd\u0142a nanie\u015b na wilgotne d\u0142onie, rozmasuj a\u017c do uzyskania piany, a nast\u0119pnie dok\u0142adnie sp\u0142ucz wod\u0105.<\/p>\n<p>&nbsp;<\/p>\n<p><strong>Ingredients:<\/strong> Aqua, Sodium Coco-Sulfate, Coco-Glucoside, Cocamidopropyl Betaine, Parfum, Glycerin, Ceteareth-60 Myristyl Glycol, Prunus Serrulata Flower Extract, Glyceryl Oleate, Phenoxyethanol, Potassium Sorbate, Sodium Benzoate, Citric Acid, Sodium Citrate, Benzyl Benzoate, Benzyl Salicylate, Coumarin, Hexamethylindanopyran, Linalool, Tetramethyl Acetyloctahydronaphthalenes, Vanillin.<\/p>","protected":false},"excerpt":{"rendered":"<p>Myd\u0142o do r\u0105k Sakura to nasz spos\u00f3b na delikatne mycie i ochron\u0119 d\u0142oni przed nadmiernym przesuszeniem.<\/p>\n<p>Produkt polecany jest szczeg\u00f3lnie, gdy Twoja sk\u00f3ra jest sucha i szorstka. Stosowanie naszego myd\u0142a sprawi, \u017ce b\u0119dzie ona mi\u0119kka i aksamitnie g\u0142adka!<\/p>\n<p>Nasze myd\u0142a s\u0105 wega\u0144skie i \u0142agodne dla sk\u00f3ry.<\/p>\n<p>&#8211; wega\u0144skie formu\u0142y<\/p>\n<p>&#8211; delikatne substancje myj\u0105ce niewysuszaj\u0105ce sk\u00f3ry<\/p>\n<p>&nbsp;<\/p>\n<p>&nbsp;<\/p>","protected":false},"featured_media":6564,"template":"","meta":{"ocean_post_layout":"","ocean_both_sidebars_style":"","ocean_both_sidebars_content_width":0,"ocean_both_sidebars_sidebars_width":0,"ocean_sidebar":"0","ocean_second_sidebar":"0","ocean_disable_margins":"enable","ocean_add_body_class":"","ocean_shortcode_before_top_bar":"","ocean_shortcode_after_top_bar":"","ocean_shortcode_before_header":"","ocean_shortcode_after_header":"","ocean_has_shortcode":"","ocean_shortcode_after_title":"","ocean_shortcode_before_footer_widgets":"","ocean_shortcode_after_footer_widgets":"","ocean_shortcode_before_footer_bottom":"","ocean_shortcode_after_footer_bottom":"","ocean_display_top_bar":"default","ocean_display_header":"default","ocean_header_style":"","ocean_center_header_left_menu":"0","ocean_custom_header_template":"0","ocean_custom_logo":0,"ocean_custom_retina_logo":0,"ocean_custom_logo_max_width":0,"ocean_custom_logo_tablet_max_width":0,"ocean_custom_logo_mobile_max_width":0,"ocean_custom_logo_max_height":0,"ocean_custom_logo_tablet_max_height":0,"ocean_custom_logo_mobile_max_height":0,"ocean_header_custom_menu":"0","ocean_menu_typo_font_family":"0","ocean_menu_typo_font_subset":"","ocean_menu_typo_font_size":0,"ocean_menu_typo_font_size_tablet":0,"ocean_menu_typo_font_size_mobile":0,"ocean_menu_typo_font_size_unit":"px","ocean_menu_typo_font_weight":"","ocean_menu_typo_font_weight_tablet":"","ocean_menu_typo_font_weight_mobile":"","ocean_menu_typo_transform":"","ocean_menu_typo_transform_tablet":"","ocean_menu_typo_transform_mobile":"","ocean_menu_typo_line_height":0,"ocean_menu_typo_line_height_tablet":0,"ocean_menu_typo_line_height_mobile":0,"ocean_menu_typo_line_height_unit":"","ocean_menu_typo_spacing":0,"ocean_menu_typo_spacing_tablet":0,"ocean_menu_typo_spacing_mobile":0,"ocean_menu_typo_spacing_unit":"","ocean_menu_link_color":"","ocean_menu_link_color_hover":"","ocean_menu_link_color_active":"","ocean_menu_link_background":"","ocean_menu_link_hover_background":"","ocean_menu_link_active_background":"","ocean_menu_social_links_bg":"","ocean_menu_social_hover_links_bg":"","ocean_menu_social_links_color":"","ocean_menu_social_hover_links_color":"","ocean_disable_title":"default","ocean_disable_heading":"default","ocean_post_title":"","ocean_post_subheading":"","ocean_post_title_style":"","ocean_post_title_background_color":"","ocean_post_title_background":0,"ocean_post_title_bg_image_position":"","ocean_post_title_bg_image_attachment":"","ocean_post_title_bg_image_repeat":"","ocean_post_title_bg_image_size":"","ocean_post_title_height":0,"ocean_post_title_bg_overlay":0.5,"ocean_post_title_bg_overlay_color":"","ocean_disable_breadcrumbs":"default","ocean_breadcrumbs_color":"","ocean_breadcrumbs_separator_color":"","ocean_breadcrumbs_links_color":"","ocean_breadcrumbs_links_hover_color":"","ocean_display_footer_widgets":"default","ocean_display_footer_bottom":"default","ocean_custom_footer_template":"0"},"product_brand":[],"product_cat":[18],"product_tag":[],"class_list":{"0":"post-6563","1":"product","2":"type-product","3":"status-publish","4":"has-post-thumbnail","6":"product_cat-kapiel","8":"entry","9":"has-media","11":"first","12":"instock","13":"shipping-taxable","14":"purchasable","15":"product-type-simple","16":"has-product-nav","17":"col","18":"span_1_of_3","19":"owp-content-left","20":"owp-thumbs-layout-horizontal","21":"owp-btn-normal","22":"owp-tabs-layout-horizontal","23":"has-no-thumbnails"},"_links":{"self":[{"href":"https:\/\/ecocorner.eu\/en\/wp-json\/wp\/v2\/product\/6563","targetHints":{"allow":["GET"]}}],"collection":[{"href":"https:\/\/ecocorner.eu\/en\/wp-json\/wp\/v2\/product"}],"about":[{"href":"https:\/\/ecocorner.eu\/en\/wp-json\/wp\/v2\/types\/product"}],"version-history":[{"count":1,"href":"https:\/\/ecocorner.eu\/en\/wp-json\/wp\/v2\/product\/6563\/revisions"}],"predecessor-version":[{"id":6565,"href":"https:\/\/ecocorner.eu\/en\/wp-json\/wp\/v2\/product\/6563\/revisions\/6565"}],"wp:featuredmedia":[{"embeddable":true,"href":"https:\/\/ecocorner.eu\/en\/wp-json\/wp\/v2\/media\/6564"}],"wp:attachment":[{"href":"https:\/\/ecocorner.eu\/en\/wp-json\/wp\/v2\/media?parent=6563"}],"wp:term":[{"taxonomy":"product_brand","embeddable":true,"href":"https:\/\/ecocorner.eu\/en\/wp-json\/wp\/v2\/product_brand?post=6563"},{"taxonomy":"product_cat","embeddable":true,"href":"https:\/\/ecocorner.eu\/en\/wp-json\/wp\/v2\/product_cat?post=6563"},{"taxonomy":"product_tag","embeddable":true,"href":"https:\/\/ecocorner.eu\/en\/wp-json\/wp\/v2\/product_tag?post=6563"}],"curies":[{"name":"wp","href":"https:\/\/api.w.org\/{rel}","templated":true}]}}