{"id":6569,"date":"2025-02-23T17:15:10","date_gmt":"2025-02-23T17:15:10","guid":{"rendered":"https:\/\/ecocorner.eu\/?post_type=product&#038;p=6569"},"modified":"2026-02-26T15:02:35","modified_gmt":"2026-02-26T15:02:35","slug":"only-bio-stylizator-proteinowy-do-stylizacji-wlosow-kreconych-200ml","status":"publish","type":"product","link":"https:\/\/ecocorner.eu\/en\/product\/only-bio-stylizator-proteinowy-do-stylizacji-wlosow-kreconych-200ml\/","title":{"rendered":"Only Bio   Stylizator proteinowy do stylizacji w\u0142os\u00f3w kr\u0119conych   200ml"},"content":{"rendered":"<div class=\"hair-balance-kalendarz-row hair-balance-kalendarz-row2\">\n<div class=\"hair-balance-calendar-content\">\n<div class=\"hair-balance-kalendarz-header-content\">\n<div class=\"hair-balance-kalendarz-header-text\"><\/div>\n<\/div>\n<\/div>\n<\/div>\n<div class=\"hair-balance-main hair-balance-main-2\">\n<div class=\"hair-balance-componets\">\n<div class=\"hair-balance-componets-row\">\n<div class=\"componets-row-sbox\">\n<div class=\"row-sbox-content\">\n<div class=\"sbox-content-text\">\n<p>&nbsp;<\/p>\n<\/div>\n<\/div>\n<div class=\"hair-balance-ingredient\"><span class=\"hair-balance-span\">Method of application:<\/span><br \/>\nWgnie\u0107 niewielk\u0105 ilo\u015b\u0107 stylizatora w mokre pasma. Po dok\u0142adnym rozprowadzeniu produktu wysusz w\u0142osy, u\u017cywaj\u0105c do tego suszarki z dyfuzorem.<\/p>\n<p><span class=\"hair-balance-span\">Composition:<\/span><br \/>\nAqua, Panthenol, Cellulose Gum, Sucrose, Hydrolyzed Linseed Seed, Hydrolysed Oats, Hydrolyzed Wheat Protein, Xanthan Gum, Polyglyceryl-4 Laurate\/Sebacate, Polyglyceryl-6 Caprylate\/Caprate, Potassium Sorbate, Sodium Benzoate, Benzyl Alcohol, Benzoic Acid, Dehydroacetic Acid, Tocopherol, Parfum, Hexyl Cinnanal, Limonene, Linalool.<\/p>\n<\/div>\n<\/div>\n<\/div>\n<\/div>\n<h2>Hair Care Products<br \/>\nskrojona na miar\u0119.<\/h2>\n<p>Ka\u017cde w\u0142osy s\u0105 inne i wyj\u0105tkowe w swoim rodzaju.<br \/>\nW dbaniu o nie Hair in Balance kieruje si\u0119 kilkoma \u017celaznymi zasadami.<\/p>\n<div class=\"hair-balance-kalendarz-assets\">\n<div class=\"hair-balance-kalendarz-assets-box\">\n<div class=\"hair-balance-kalendarz-assets-fbox\"><\/div>\n<div class=\"hair-balance-kalendarz-assets-sbox\">\n<h3>\u0141agodne oczyszczanie sk\u00f3ry g\u0142owy.<\/h3>\n<p>In Hair in Balance, we do not use SLS, SLES, or Cocamidopropyl Betaine. Our shampoos are extremely gentle and have extremely low irritant potential. They do not dry out the hair, and the scalp is thoroughly cleaned after them.<\/p>\n<\/div>\n<\/div>\n<div class=\"hair-balance-kalendarz-assets-box\">\n<div class=\"hair-balance-kalendarz-assets-fbox\"><\/div>\n<div class=\"hair-balance-kalendarz-assets-sbox\">\n<h3>Delikatne utrwalenie lok\u00f3w i fal<\/h3>\n<p>Stylizator proteinowy od Onlybio doskonale sprawdza si\u0119 w przypadku w\u0142os\u00f3w z tendencj\u0105 do kr\u0119cenia, kt\u00f3re potrzebuj\u0105 podbicia oraz \u015bredniego utrwalenia zdefiniowanego skr\u0119tu. Dodaje falom i lokom spr\u0119\u017cysto\u015bci, dzi\u0119ki czemu przez d\u0142u\u017cszy czas prezentuj\u0105 si\u0119 rewelacyjnie.<\/p>\n<p>Hydrolizowane proteiny pochodzenia ro\u015blinnego: lnu, owsa i pszenicy, wnikaj\u0105 w struktur\u0119 w\u0142os\u00f3w, dog\u0142\u0119bnie je od\u017cywiaj\u0105c oraz nadaj\u0105c im po\u017c\u0105danej obj\u0119to\u015bci. Stylizator nie zawiera silikon\u00f3w, dlatego nie musisz obawia\u0107 si\u0119, \u017ce pasma stan\u0105 si\u0119 sklejone lub widocznie obci\u0105\u017cone. Po zastosowaniu fryzura b\u0119dzie lekka i pe\u0142na \u017cycia. Zacznij z nami \u015bwiadom\u0105 piel\u0119gnacj\u0119!<\/p>\n<\/div>\n<div class=\"yellow-block green-block\"><\/div>\n<\/div>\n<div class=\"hair-balance-kalendarz-assets-box\">\n<div class=\"hair-balance-kalendarz-assets-fbox\"><\/div>\n<div class=\"hair-balance-kalendarz-assets-sbox\">\n<h3>Jak dzia\u0142a metoda plopping?<\/h3>\n<p>Dzia\u0142anie produktu wzmocnisz dzi\u0119ki ploppingowi. Metoda ta polega na zawini\u0119ciu w\u0142os\u00f3w w bawe\u0142nian\u0105 koszulk\u0119 w taki spos\u00f3b, aby jeszcze bardziej skr\u0119ci\u0107 kosmyki. Najwa\u017cniejsze jest odpowiednie ich u\u0142o\u017cenie. Wcze\u015bniej umyj w\u0142osy metod\u0105 OMO oraz wgnie\u0107 kolejno \u2013 aktywator skr\u0119tu oraz proteinowy stylizator z serii Hair in Balance<\/p>\n<\/div>\n<\/div>\n<\/div>\n<div class=\"hair-balance-main-video\">\n<h2 class=\"hair-balance-main-title\">Pssst!<\/h2>\n<p class=\"hair-balance-main-paragraph\">Nie zapomnij o peelingowaniu sk\u00f3ry g\u0142owy, zabezpieczaniu ko\u0144c\u00f3wek i<br \/>\nwcierkowaniu! W naszej ofercie znajdziesz produkty uzupe\u0142niaj\u0105ce Twoj\u0105<br \/>\ncodzienn\u0105 piel\u0119gnacj\u0119 w\u0142os\u00f3w.<\/p>\n<\/div>\n<\/div>","protected":false},"excerpt":{"rendered":"<div class=\"hair-balance-kalendarz-row hair-balance-kalendarz-row2\">\n<div class=\"hair-balance-calendar-content\">\n<div class=\"hair-balance-kalendarz-header-content\">\n<div class=\"hair-balance-kalendarz-header-text\">Stylizator Proteinowy\u00a0\u00a0\u00a0 do stylizacji w\u0142os\u00f3w kr\u0119conych<\/div>\n<div class=\"hair-balance-kalendarz-header-component hair-balance-kalendarz-header-component1\"><\/div>\n<\/div>\n<\/div>\n<\/div>\n<div class=\"hair-balance-main hair-balance-main-2\">\n<div class=\"hair-balance-kalendarz-product\">\n<h2>Stylizacja fal i lok\u00f3w<\/h2>\n<p>naturalna, wega\u0144ska formu\u0142a z proteinami lnu, owsa i pszenicy<\/p>\n<\/div>\n<div class=\"hair-balance-componets\">\n<div class=\"hair-balance-componets-row\">\n<div class=\"componets-row-fbox\"><span class=\"hair-balance-span\">Pojemno\u015b\u0107: 200ml<\/span><\/div>\n<div><\/div>\n<div class=\"componets-row-sbox\">\n<p>Product Advantages:<\/p>\n<div class=\"row-sbox-content\">\n<div class=\"sbox-content-icon\">What does it smell like?<\/div>\n<div class=\"sbox-content-text\">\n<p>Malin\u0105 i r\u00f3\u017cowym pieprzem \u2013 to intryguj\u0105ce po\u0142\u0105czenie najpierw Ci\u0119 zaskoczy, a nast\u0119pnie wprowadzi w \u015bwietny nastr\u00f3j!<\/p>\n<\/div>\n<\/div>\n<div class=\"row-sbox-content\">\n<div class=\"sbox-content-icon\">When should I apply it?<\/div>\n<div class=\"sbox-content-text\">\n<p>Gdy zechcesz, aby skr\u0119t w\u0142os\u00f3w by\u0142 mocniej zdefiniowany i utrwalony. Stosuj r\u00f3wnie\u017c, je\u017celi mierzysz si\u0119 z problemem puszenia.<\/p>\n<\/div>\n<\/div>\n<div class=\"row-sbox-content\">\n<div class=\"sbox-content-icon\"><\/div>\n<div class=\"sbox-content-text\">\n<h4>What is the effect?<\/h4>\n<p>W\u0142osy delikatnie utrwalone, spr\u0119\u017cyste i pe\u0142ne obj\u0119tno\u015bci.<\/p>\n<\/div>\n<\/div>\n<\/div>\n<\/div>\n<\/div>\n<\/div>","protected":false},"featured_media":6570,"template":"","meta":{"ocean_post_layout":"","ocean_both_sidebars_style":"","ocean_both_sidebars_content_width":0,"ocean_both_sidebars_sidebars_width":0,"ocean_sidebar":"0","ocean_second_sidebar":"0","ocean_disable_margins":"enable","ocean_add_body_class":"","ocean_shortcode_before_top_bar":"","ocean_shortcode_after_top_bar":"","ocean_shortcode_before_header":"","ocean_shortcode_after_header":"","ocean_has_shortcode":"","ocean_shortcode_after_title":"","ocean_shortcode_before_footer_widgets":"","ocean_shortcode_after_footer_widgets":"","ocean_shortcode_before_footer_bottom":"","ocean_shortcode_after_footer_bottom":"","ocean_display_top_bar":"default","ocean_display_header":"default","ocean_header_style":"","ocean_center_header_left_menu":"0","ocean_custom_header_template":"0","ocean_custom_logo":0,"ocean_custom_retina_logo":0,"ocean_custom_logo_max_width":0,"ocean_custom_logo_tablet_max_width":0,"ocean_custom_logo_mobile_max_width":0,"ocean_custom_logo_max_height":0,"ocean_custom_logo_tablet_max_height":0,"ocean_custom_logo_mobile_max_height":0,"ocean_header_custom_menu":"0","ocean_menu_typo_font_family":"0","ocean_menu_typo_font_subset":"","ocean_menu_typo_font_size":0,"ocean_menu_typo_font_size_tablet":0,"ocean_menu_typo_font_size_mobile":0,"ocean_menu_typo_font_size_unit":"px","ocean_menu_typo_font_weight":"","ocean_menu_typo_font_weight_tablet":"","ocean_menu_typo_font_weight_mobile":"","ocean_menu_typo_transform":"","ocean_menu_typo_transform_tablet":"","ocean_menu_typo_transform_mobile":"","ocean_menu_typo_line_height":0,"ocean_menu_typo_line_height_tablet":0,"ocean_menu_typo_line_height_mobile":0,"ocean_menu_typo_line_height_unit":"","ocean_menu_typo_spacing":0,"ocean_menu_typo_spacing_tablet":0,"ocean_menu_typo_spacing_mobile":0,"ocean_menu_typo_spacing_unit":"","ocean_menu_link_color":"","ocean_menu_link_color_hover":"","ocean_menu_link_color_active":"","ocean_menu_link_background":"","ocean_menu_link_hover_background":"","ocean_menu_link_active_background":"","ocean_menu_social_links_bg":"","ocean_menu_social_hover_links_bg":"","ocean_menu_social_links_color":"","ocean_menu_social_hover_links_color":"","ocean_disable_title":"default","ocean_disable_heading":"default","ocean_post_title":"","ocean_post_subheading":"","ocean_post_title_style":"","ocean_post_title_background_color":"","ocean_post_title_background":0,"ocean_post_title_bg_image_position":"","ocean_post_title_bg_image_attachment":"","ocean_post_title_bg_image_repeat":"","ocean_post_title_bg_image_size":"","ocean_post_title_height":0,"ocean_post_title_bg_overlay":0.5,"ocean_post_title_bg_overlay_color":"","ocean_disable_breadcrumbs":"default","ocean_breadcrumbs_color":"","ocean_breadcrumbs_separator_color":"","ocean_breadcrumbs_links_color":"","ocean_breadcrumbs_links_hover_color":"","ocean_display_footer_widgets":"default","ocean_display_footer_bottom":"default","ocean_custom_footer_template":"0"},"product_brand":[],"product_cat":[64,36,19],"product_tag":[],"class_list":{"0":"post-6569","1":"product","2":"type-product","3":"status-publish","4":"has-post-thumbnail","6":"product_cat-oferta-tygodnia","7":"product_cat-promocje-wyprzedaze","8":"product_cat-wlosy","10":"entry","11":"has-media","13":"first","14":"instock","15":"sale","16":"shipping-taxable","17":"purchasable","18":"product-type-simple","19":"has-product-nav","20":"col","21":"span_1_of_3","22":"owp-content-left","23":"owp-thumbs-layout-horizontal","24":"owp-btn-normal","25":"owp-tabs-layout-horizontal","26":"has-no-thumbnails"},"_links":{"self":[{"href":"https:\/\/ecocorner.eu\/en\/wp-json\/wp\/v2\/product\/6569","targetHints":{"allow":["GET"]}}],"collection":[{"href":"https:\/\/ecocorner.eu\/en\/wp-json\/wp\/v2\/product"}],"about":[{"href":"https:\/\/ecocorner.eu\/en\/wp-json\/wp\/v2\/types\/product"}],"version-history":[{"count":1,"href":"https:\/\/ecocorner.eu\/en\/wp-json\/wp\/v2\/product\/6569\/revisions"}],"predecessor-version":[{"id":6571,"href":"https:\/\/ecocorner.eu\/en\/wp-json\/wp\/v2\/product\/6569\/revisions\/6571"}],"wp:featuredmedia":[{"embeddable":true,"href":"https:\/\/ecocorner.eu\/en\/wp-json\/wp\/v2\/media\/6570"}],"wp:attachment":[{"href":"https:\/\/ecocorner.eu\/en\/wp-json\/wp\/v2\/media?parent=6569"}],"wp:term":[{"taxonomy":"product_brand","embeddable":true,"href":"https:\/\/ecocorner.eu\/en\/wp-json\/wp\/v2\/product_brand?post=6569"},{"taxonomy":"product_cat","embeddable":true,"href":"https:\/\/ecocorner.eu\/en\/wp-json\/wp\/v2\/product_cat?post=6569"},{"taxonomy":"product_tag","embeddable":true,"href":"https:\/\/ecocorner.eu\/en\/wp-json\/wp\/v2\/product_tag?post=6569"}],"curies":[{"name":"wp","href":"https:\/\/api.w.org\/{rel}","templated":true}]}}