{"id":6582,"date":"2025-02-23T17:30:38","date_gmt":"2025-02-23T17:30:38","guid":{"rendered":"https:\/\/ecocorner.eu\/?post_type=product&#038;p=6582"},"modified":"2026-02-26T15:03:07","modified_gmt":"2026-02-26T15:03:07","slug":"onlybio-ritualia-delight-rozswietlajacy-olejek-do-ciala-z-drobinkami-150-ml","status":"publish","type":"product","link":"https:\/\/ecocorner.eu\/en\/product\/onlybio-ritualia-delight-rozswietlajacy-olejek-do-ciala-z-drobinkami-150-ml\/","title":{"rendered":"ONLYBIO   Ritualia DELIGHT Roz\u015bwietlaj\u0105cy olejek do cia\u0142a z drobinkami  150 ml"},"content":{"rendered":"<div class=\"ritualia-label\">\n<div class=\"ritualia-label-text\">\n<h2>Ingredients:<\/h2>\n<p><span class=\"ritualia-label-article\">Prunus Amygdalus Dulcis (Sweet Almond) Oil, Bertholletia Excelsa (Brazil) Nut Oil, Macadamia Ternifolia Seed Oil, Prunus Persica (Peach) Kernel Oil, Persea Gratissima (Avocado) Oil, Adansonia Digitata (Baobab) Seed Oil, Silica, Parfum, Ficus Carica Seed Oil, Rubus Chamaemorus Fruit Extract, Tocopherol, Helianthus Annuus (Sunflower) Seed Oil, Tin Oxide, Calcium Aluminum Borosilicate, Mica, CI 77891, CI 77491.<\/span><\/p>\n<h2>Method of application:<\/h2>\n<p><span class=\"ritualia-label-article\"> Na\u0142\u00f3\u017c olejek na sk\u00f3r\u0119 i wmasuj go, wykonuj\u0105c okr\u0119\u017cne ruchy. Produkt \u0142atwo si\u0119 rozprowadza, a szklane opakowanie z pompk\u0105 u\u0142atwia dozowanie. <\/span><\/p>\n<h2>Pojemno\u015b\u0107:\u00a0\u00a0 150ml<\/h2>\n<\/div>\n<\/div>","protected":false},"excerpt":{"rendered":"<div class=\"ritualia-artboard\"><span class=\"ritualia-artboard-header\"> Roz\u015bwietlaj\u0105cy olejek\u00a0 do cia\u0142a <\/span> <span class=\"ritualia-artboard-description\"> <span class=\"ritualia-artboard-description-ftext\">98%<\/span> <span class=\"ritualia-artboard-description-stext\">natural origin\u00a0<\/span> <\/span><\/div>\n<div><\/div>\n<div>\n<div class=\"ritualia-main-container-first-right\">\n<div class=\"ritualia-main-container-first-right-text\">\n<h2 class=\"ritualia-main-container-title\">Cudowny blask<\/h2>\n<p><span class=\"ritualia-main-container-article\"> Sprawiaj sobie ma\u0142e przyjemno\u015bci, rozpieszczaj si\u0119, b\u0142yszcz! Pozw\u00f3l, aby Twoje cia\u0142o rozpromieni\u0142y miliony z\u0142otych drobinek, zawartych w Roz\u015bwietlaj\u0105cym olejku do cia\u0142a Ritualia by OnlyBio. Produkt dodaje sk\u00f3rze wyrafinowanego, cudownego blasku oraz uwodzi zapachem. To dawka luksusu, na kt\u00f3r\u0105 mo\u017cesz sobie pozwoli\u0107 ka\u017cdego dnia. <\/span><\/div>\n<\/div>\n<\/div>\n<div><\/div>\n<div>\n<div class=\"ritualia-main-container-second-left\">\n<div class=\"ritualia-main-container-second-left-text\">\n<h2 class=\"ritualia-main-container-title\">Nowoczesny i wega\u0144ski<\/h2>\n<p><span class=\"ritualia-main-container-article\"> Roz\u015bwietlaj\u0105cy olejek do cia\u0142a OnlyBio jest nowoczesn\u0105 i wega\u0144sk\u0105 formu\u0142\u0105, opracowan\u0105 na bazie sk\u0142adnik\u00f3w pochodzenia naturalnego (98%). Zawarli\u015bmy w niej mieszank\u0119 olejk\u00f3w, m.in. ze s\u0142odkich migda\u0142\u00f3w, orzech\u00f3w brazylijskich i makadamia, awokado oraz baobabu, kt\u00f3ra od\u017cywia cia\u0142o oraz zapobiega utracie wody. Z my\u015bl\u0105 o kompleksowej piel\u0119gnacji wzbogacili\u015bmy receptur\u0119 o witamin\u0119 E, czyli silny antyoksydant, a tak\u017ce ekstrakt z maliny nordyckiej, maj\u0105cy w\u0142a\u015bciwo\u015bci regeneracyjne. Dzi\u0119ki tej kompozycji sk\u00f3ra wygl\u0105da zdrowo i pi\u0119knie. <\/span><\/div>\n<\/div>\n<\/div>","protected":false},"featured_media":6583,"template":"","meta":{"ocean_post_layout":"","ocean_both_sidebars_style":"","ocean_both_sidebars_content_width":0,"ocean_both_sidebars_sidebars_width":0,"ocean_sidebar":"0","ocean_second_sidebar":"0","ocean_disable_margins":"enable","ocean_add_body_class":"","ocean_shortcode_before_top_bar":"","ocean_shortcode_after_top_bar":"","ocean_shortcode_before_header":"","ocean_shortcode_after_header":"","ocean_has_shortcode":"","ocean_shortcode_after_title":"","ocean_shortcode_before_footer_widgets":"","ocean_shortcode_after_footer_widgets":"","ocean_shortcode_before_footer_bottom":"","ocean_shortcode_after_footer_bottom":"","ocean_display_top_bar":"default","ocean_display_header":"default","ocean_header_style":"","ocean_center_header_left_menu":"0","ocean_custom_header_template":"0","ocean_custom_logo":0,"ocean_custom_retina_logo":0,"ocean_custom_logo_max_width":0,"ocean_custom_logo_tablet_max_width":0,"ocean_custom_logo_mobile_max_width":0,"ocean_custom_logo_max_height":0,"ocean_custom_logo_tablet_max_height":0,"ocean_custom_logo_mobile_max_height":0,"ocean_header_custom_menu":"0","ocean_menu_typo_font_family":"0","ocean_menu_typo_font_subset":"","ocean_menu_typo_font_size":0,"ocean_menu_typo_font_size_tablet":0,"ocean_menu_typo_font_size_mobile":0,"ocean_menu_typo_font_size_unit":"px","ocean_menu_typo_font_weight":"","ocean_menu_typo_font_weight_tablet":"","ocean_menu_typo_font_weight_mobile":"","ocean_menu_typo_transform":"","ocean_menu_typo_transform_tablet":"","ocean_menu_typo_transform_mobile":"","ocean_menu_typo_line_height":0,"ocean_menu_typo_line_height_tablet":0,"ocean_menu_typo_line_height_mobile":0,"ocean_menu_typo_line_height_unit":"","ocean_menu_typo_spacing":0,"ocean_menu_typo_spacing_tablet":0,"ocean_menu_typo_spacing_mobile":0,"ocean_menu_typo_spacing_unit":"","ocean_menu_link_color":"","ocean_menu_link_color_hover":"","ocean_menu_link_color_active":"","ocean_menu_link_background":"","ocean_menu_link_hover_background":"","ocean_menu_link_active_background":"","ocean_menu_social_links_bg":"","ocean_menu_social_hover_links_bg":"","ocean_menu_social_links_color":"","ocean_menu_social_hover_links_color":"","ocean_disable_title":"default","ocean_disable_heading":"default","ocean_post_title":"","ocean_post_subheading":"","ocean_post_title_style":"","ocean_post_title_background_color":"","ocean_post_title_background":0,"ocean_post_title_bg_image_position":"","ocean_post_title_bg_image_attachment":"","ocean_post_title_bg_image_repeat":"","ocean_post_title_bg_image_size":"","ocean_post_title_height":0,"ocean_post_title_bg_overlay":0.5,"ocean_post_title_bg_overlay_color":"","ocean_disable_breadcrumbs":"default","ocean_breadcrumbs_color":"","ocean_breadcrumbs_separator_color":"","ocean_breadcrumbs_links_color":"","ocean_breadcrumbs_links_hover_color":"","ocean_display_footer_widgets":"default","ocean_display_footer_bottom":"default","ocean_custom_footer_template":"0"},"product_brand":[],"product_cat":[53,64,36],"product_tag":[],"class_list":{"0":"post-6582","1":"product","2":"type-product","3":"status-publish","4":"has-post-thumbnail","6":"product_cat-balsamy-musy-olejki-do-ciala","7":"product_cat-oferta-tygodnia","8":"product_cat-promocje-wyprzedaze","10":"entry","11":"has-media","13":"first","14":"instock","15":"sale","16":"shipping-taxable","17":"purchasable","18":"product-type-simple","19":"has-product-nav","20":"col","21":"span_1_of_3","22":"owp-content-left","23":"owp-thumbs-layout-horizontal","24":"owp-btn-normal","25":"owp-tabs-layout-horizontal","26":"has-no-thumbnails"},"_links":{"self":[{"href":"https:\/\/ecocorner.eu\/en\/wp-json\/wp\/v2\/product\/6582","targetHints":{"allow":["GET"]}}],"collection":[{"href":"https:\/\/ecocorner.eu\/en\/wp-json\/wp\/v2\/product"}],"about":[{"href":"https:\/\/ecocorner.eu\/en\/wp-json\/wp\/v2\/types\/product"}],"version-history":[{"count":1,"href":"https:\/\/ecocorner.eu\/en\/wp-json\/wp\/v2\/product\/6582\/revisions"}],"predecessor-version":[{"id":6584,"href":"https:\/\/ecocorner.eu\/en\/wp-json\/wp\/v2\/product\/6582\/revisions\/6584"}],"wp:featuredmedia":[{"embeddable":true,"href":"https:\/\/ecocorner.eu\/en\/wp-json\/wp\/v2\/media\/6583"}],"wp:attachment":[{"href":"https:\/\/ecocorner.eu\/en\/wp-json\/wp\/v2\/media?parent=6582"}],"wp:term":[{"taxonomy":"product_brand","embeddable":true,"href":"https:\/\/ecocorner.eu\/en\/wp-json\/wp\/v2\/product_brand?post=6582"},{"taxonomy":"product_cat","embeddable":true,"href":"https:\/\/ecocorner.eu\/en\/wp-json\/wp\/v2\/product_cat?post=6582"},{"taxonomy":"product_tag","embeddable":true,"href":"https:\/\/ecocorner.eu\/en\/wp-json\/wp\/v2\/product_tag?post=6582"}],"curies":[{"name":"wp","href":"https:\/\/api.w.org\/{rel}","templated":true}]}}