{"id":6591,"date":"2025-02-23T17:37:11","date_gmt":"2025-02-23T17:37:11","guid":{"rendered":"https:\/\/ecocorner.eu\/?post_type=product&#038;p=6591"},"modified":"2025-02-23T17:43:09","modified_gmt":"2025-02-23T17:43:09","slug":"only-eco-plyn-do-mycia-kuchni-500-ml","status":"publish","type":"product","link":"https:\/\/ecocorner.eu\/en\/product\/only-eco-plyn-do-mycia-kuchni-500-ml\/","title":{"rendered":"ONLY ECO   P\u0142yn do mycia kuchni 500 ml"},"content":{"rendered":"<div class=\"eco-spray-kuch-opis-zaleta\">\n<div class=\"eco-spray-kuch-opis-zalety-prawo-tekst\">\n<h2>Composition:<\/h2>\n<p><strong>Bez:<\/strong> SLS, SLES, NTA, EDTA, paraben\u00f3w, PEG-\u00f3w, substancji petrochemicznych, barwnik\u00f3w, syntetycznych kompozycji zapachowych, enzym\u00f3w, fosforan\u00f3w, siarczan\u00f3w, formaldehydu, chloru, boran\u00f3w, wybielaczy optycznych i chemicznych.<\/p>\n<p>Mniej ni\u017c 5% niejonowe \u015brodki powierzchniowo-czynne na bazie wielocukr\u00f3w, mniej ni\u017c 5% anionowe \u015brodki powierzchniowoczynne na bazie oleju kokosowego i rzepaku; hydroksymetylogli-cynian sodu; naturalny olejek eteryczny ze s\u0142odkiej pomara\u0144czy (zawiera: Limonene). Zawiera tak\u017ce: wod\u0119 zdemineralizowan\u0105, alkohol otrzymywany przez fermentacj\u0119 skrobi ro\u015blinnej, gliceryn\u0119, rozpuszczalnik, kwas cytrynowy, denaturant.<br \/>\n<b>CHRONI\u0106 PRZED DZIE\u0106MI<\/b><\/p>\n<\/div>\n<\/div>\n<div class=\"eco-spray-kuch-opis-zaleta\">\n<div class=\"eco-spray-kuch-opis-zalety-prawo-tekst\">\n<h2>Method of application:<\/h2>\n<p>Spryska\u0107 czyszczon\u0105 powierzchni\u0119, a nast\u0119pnie przetrze\u0107 wilgotn\u0105 szmatk\u0105. Przed u\u017cyciem nale\u017cy wykona\u0107 test na niewidocznej cz\u0119\u015bci powierzchni.<\/p>\n<\/div>\n<\/div>\n<div class=\"eco-spray-kuch-opis-zalety-bottom\">\n<h2>Container:<b>500ml<\/b><\/h2>\n<\/div>","protected":false},"excerpt":{"rendered":"<div class=\"eco-spray-kuch-opis-nazwa\">\n<div class=\"eco-spray-kuch-opis-nazwa-center\">\n<h2>Only Eco<\/h2>\n<p>Spray do mycia\u00a0\u00a0 <b>Kuchni<\/b><\/p>\n<\/div>\n<\/div>\n<div class=\"eco-spray-kuch-opis-zalety\">\n<div class=\"eco-spray-kuch-opis-zalety-lewo\">\n<p>Product Advantages:<\/p>\n<\/div>\n<div class=\"eco-spray-kuch-opis-zalety-prawo\">\n<div class=\"eco-spray-kuch-opis-zaleta\">\n<ul class=\"eco-spray-kuch-opis-zalety-lista\">\n<li>99% natural ingredients<\/li>\n<li>bezpieczny dla \u015brodowiska naturalnego<\/li>\n<li>biodegradowalny<\/li>\n<li>dok\u0142adnie czy\u015bci i piel\u0119gnuje<\/li>\n<li>skutecznie usuwa t\u0142uszcz i przypalenia<\/li>\n<li>zabezpiecza przed zabrudzeniami<\/li>\n<\/ul>\n<\/div>\n<div class=\"eco-spray-kuch-opis-zaleta\">\n<div class=\"eco-spray-kuch-opis-zalety-prawo-tekst\">\n<div class=\"eco-spray-kuch-all-opis\">\n<div class=\"eco-spray-kuch-opis-pielegnacja-all\">\n<div class=\"eco-spray-kuch-opis-pielegnacja-all-lewo-tekst\">\n<h2>Idealna receptura<\/h2>\n<p>Skuteczny p\u0142yn do czyszczenia wszystkich powierzchni i wyposa\u017cenia kuchni, takich jak: blaty, kuchenki gazowe i elektryczne, lod\u00f3wki, meble, okapy, piekarniki, kafelki, zlewozmywaki i kosze na \u015bmieci. Idealny do czyszczenia sto\u0142\u00f3w i dzieci\u0119cych fotelik\u00f3w do karmienia.<\/p>\n<\/div>\n<\/div>\n<div class=\"eco-spray-kuch-opis-pielegnacja-all\">\n<div class=\"eco-spray-kuch-opis-pielegnacja-all-prawo-tekst\">\n<h2>Nasz sekret &#8211; surfaktyna<\/h2>\n<p><b>Surfaktyna<\/b> to prze\u0142omowy sk\u0142adnik czyszcz\u0105cy stworzony w laboratoriach OnlyEco, kt\u00f3ry powstaje dzi\u0119ki technologii biorafinacji rzepaku przy u\u017cyciu specjalnych mikroorganizm\u00f3w. Liczne badania laboratoryjne potwierdzaj\u0105, \u017ce jest 100x bardziej delikatna i 4x silniejsza ni\u017c powszechnie stosowane surowce czyszcz\u0105ce. Natychmiast usuwa wszelkie zanieczyszczenia organiczne i mineralne. Wykazuje dzia\u0142anie antybakteryjne. Jest \u0142agodna dla czyszczonych powierzchni, piel\u0119gnuje je i zabezpiecza.<\/p>\n<p><b> Olejek ze s\u0142odkiej pomara\u0144czy <\/b> skutecznie usuwa t\u0142uszcz i codzienne zabrudzenia, w tym tak\u017ce zaschni\u0119te i trudne do wyczyszczenia plamy oraz przypalenia np. w piekarniku i na kuchence.<\/p>\n<p><b>Glycerin<\/b> nadaje po\u0142ysk meblom, sprz\u0119tom kuchennym i elementom ze stali nierdzewnej i chromowanej. Piel\u0119gnuje powierzchnie i zapobiega osadzaniu si\u0119 brudu i t\u0142uszczu, nie pozostawiaj\u0105c smug i zaciek\u00f3w.<\/p>\n<\/div>\n<\/div>\n<\/div>\n<\/div>\n<\/div>\n<div class=\"eco-spray-kuch-opis-zalety-bottom\">\n<h2><\/h2>\n<\/div>\n<\/div>\n<\/div>","protected":false},"featured_media":6592,"template":"","meta":{"ocean_post_layout":"","ocean_both_sidebars_style":"","ocean_both_sidebars_content_width":0,"ocean_both_sidebars_sidebars_width":0,"ocean_sidebar":"0","ocean_second_sidebar":"0","ocean_disable_margins":"enable","ocean_add_body_class":"","ocean_shortcode_before_top_bar":"","ocean_shortcode_after_top_bar":"","ocean_shortcode_before_header":"","ocean_shortcode_after_header":"","ocean_has_shortcode":"","ocean_shortcode_after_title":"","ocean_shortcode_before_footer_widgets":"","ocean_shortcode_after_footer_widgets":"","ocean_shortcode_before_footer_bottom":"","ocean_shortcode_after_footer_bottom":"","ocean_display_top_bar":"default","ocean_display_header":"default","ocean_header_style":"","ocean_center_header_left_menu":"0","ocean_custom_header_template":"0","ocean_custom_logo":0,"ocean_custom_retina_logo":0,"ocean_custom_logo_max_width":0,"ocean_custom_logo_tablet_max_width":0,"ocean_custom_logo_mobile_max_width":0,"ocean_custom_logo_max_height":0,"ocean_custom_logo_tablet_max_height":0,"ocean_custom_logo_mobile_max_height":0,"ocean_header_custom_menu":"0","ocean_menu_typo_font_family":"0","ocean_menu_typo_font_subset":"","ocean_menu_typo_font_size":0,"ocean_menu_typo_font_size_tablet":0,"ocean_menu_typo_font_size_mobile":0,"ocean_menu_typo_font_size_unit":"px","ocean_menu_typo_font_weight":"","ocean_menu_typo_font_weight_tablet":"","ocean_menu_typo_font_weight_mobile":"","ocean_menu_typo_transform":"","ocean_menu_typo_transform_tablet":"","ocean_menu_typo_transform_mobile":"","ocean_menu_typo_line_height":0,"ocean_menu_typo_line_height_tablet":0,"ocean_menu_typo_line_height_mobile":0,"ocean_menu_typo_line_height_unit":"","ocean_menu_typo_spacing":0,"ocean_menu_typo_spacing_tablet":0,"ocean_menu_typo_spacing_mobile":0,"ocean_menu_typo_spacing_unit":"","ocean_menu_link_color":"","ocean_menu_link_color_hover":"","ocean_menu_link_color_active":"","ocean_menu_link_background":"","ocean_menu_link_hover_background":"","ocean_menu_link_active_background":"","ocean_menu_social_links_bg":"","ocean_menu_social_hover_links_bg":"","ocean_menu_social_links_color":"","ocean_menu_social_hover_links_color":"","ocean_disable_title":"default","ocean_disable_heading":"default","ocean_post_title":"","ocean_post_subheading":"","ocean_post_title_style":"","ocean_post_title_background_color":"","ocean_post_title_background":0,"ocean_post_title_bg_image_position":"","ocean_post_title_bg_image_attachment":"","ocean_post_title_bg_image_repeat":"","ocean_post_title_bg_image_size":"","ocean_post_title_height":0,"ocean_post_title_bg_overlay":0.5,"ocean_post_title_bg_overlay_color":"","ocean_disable_breadcrumbs":"default","ocean_breadcrumbs_color":"","ocean_breadcrumbs_separator_color":"","ocean_breadcrumbs_links_color":"","ocean_breadcrumbs_links_hover_color":"","ocean_display_footer_widgets":"default","ocean_display_footer_bottom":"default","ocean_custom_footer_template":"0"},"product_brand":[],"product_cat":[74],"product_tag":[],"class_list":{"0":"post-6591","1":"product","2":"type-product","3":"status-publish","4":"has-post-thumbnail","6":"product_cat-naturalne-srodki-czystosci","8":"entry","9":"has-media","11":"first","12":"instock","13":"shipping-taxable","14":"purchasable","15":"product-type-simple","16":"has-product-nav","17":"col","18":"span_1_of_3","19":"owp-content-left","20":"owp-thumbs-layout-horizontal","21":"owp-btn-normal","22":"owp-tabs-layout-horizontal","23":"has-no-thumbnails"},"_links":{"self":[{"href":"https:\/\/ecocorner.eu\/en\/wp-json\/wp\/v2\/product\/6591","targetHints":{"allow":["GET"]}}],"collection":[{"href":"https:\/\/ecocorner.eu\/en\/wp-json\/wp\/v2\/product"}],"about":[{"href":"https:\/\/ecocorner.eu\/en\/wp-json\/wp\/v2\/types\/product"}],"version-history":[{"count":2,"href":"https:\/\/ecocorner.eu\/en\/wp-json\/wp\/v2\/product\/6591\/revisions"}],"predecessor-version":[{"id":6594,"href":"https:\/\/ecocorner.eu\/en\/wp-json\/wp\/v2\/product\/6591\/revisions\/6594"}],"wp:featuredmedia":[{"embeddable":true,"href":"https:\/\/ecocorner.eu\/en\/wp-json\/wp\/v2\/media\/6592"}],"wp:attachment":[{"href":"https:\/\/ecocorner.eu\/en\/wp-json\/wp\/v2\/media?parent=6591"}],"wp:term":[{"taxonomy":"product_brand","embeddable":true,"href":"https:\/\/ecocorner.eu\/en\/wp-json\/wp\/v2\/product_brand?post=6591"},{"taxonomy":"product_cat","embeddable":true,"href":"https:\/\/ecocorner.eu\/en\/wp-json\/wp\/v2\/product_cat?post=6591"},{"taxonomy":"product_tag","embeddable":true,"href":"https:\/\/ecocorner.eu\/en\/wp-json\/wp\/v2\/product_tag?post=6591"}],"curies":[{"name":"wp","href":"https:\/\/api.w.org\/{rel}","templated":true}]}}