{"id":6598,"date":"2025-02-26T10:22:51","date_gmt":"2025-02-26T10:22:51","guid":{"rendered":"https:\/\/ecocorner.eu\/?post_type=product&#038;p=6598"},"modified":"2026-01-15T21:27:11","modified_gmt":"2026-01-15T21:27:11","slug":"biolit-florenta-plus-plyn-200-ml","status":"publish","type":"product","link":"https:\/\/ecocorner.eu\/en\/product\/biolit-florenta-plus-plyn-200-ml\/","title":{"rendered":"Biolit  Florenta Plus   P\u0142yn  200 ml"},"content":{"rendered":"<div id=\"tab-sklad_tab\" class=\"woocommerce-Tabs-panel woocommerce-Tabs-panel--sklad_tab panel entry-content wc-tab\" role=\"tabpanel\" aria-labelledby=\"tab-title-sklad_tab\">\n<p><strong>Ingredients\/sk\u0142adniki:<\/strong> niskozat\u0119\u017cony wyci\u0105g p\u0142ynny z jod\u0142y bia\u0142ej (<em>Abies pectinata<\/em>) DER 6,2:1; (zawarto\u015b\u0107 suchej masy 0,2%), wyci\u0105g bogaty w taksyfolin\u0119 (nazywan\u0105 r\u00f3wnie\u017c (+)trans-(2R,3R)-dihydro-kwercetyn\u0105).<\/p>\n<p><strong>Zawarto\u015b\u0107 sk\u0142adnik\u00f3w wykazuj\u0105cych efekt fizjologiczny w zalecanej dziennej porcji produktu (osoby doros\u0142e: 3 miarki \u2013 15 ml):<\/strong><\/p>\n<ul>\n<li>ekstrakt wodny z jod\u0142y bia\u0142ej<\/li>\n<li>wyci\u0105g bogaty w taksyfolin\u0119: 28,5 mg<\/li>\n<li>\u017celazo: 4 mg \u2013 28,6% RWS (RWS- referencyjna warto\u015b\u0107 spo\u017cycia)<\/li>\n<\/ul>\n<p><strong>Zawarto\u015b\u0107 sk\u0142adnik\u00f3w wykazuj\u0105cych efekt fizjologiczny w zalecanej dziennej porcji produktu (<\/strong><b>dzieci w wieku 6-18 lat: 2 miarki \u2013 10 ml<\/b><strong>):<\/strong><\/p>\n<ul>\n<li>ekstrakt wodny z jod\u0142y bia\u0142ej<\/li>\n<li>wyci\u0105g bogaty w taksyfolin\u0119: 19 mg<\/li>\n<li>\u017celazo: 2,67 mg \u2013 19% RWS (RWS- referencyjna warto\u015b\u0107 spo\u017cycia)&nbsp;\n<ul>\n<li id=\"tab-title-sposob_tab\" class=\"sposob_tab_tab accordion-item\" role=\"tab\" aria-controls=\"tab-sposob_tab\">\n<h3 class=\"header\">Method of application<\/h3>\n<div id=\"tab-sposob_tab\" class=\"woocommerce-Tabs-panel woocommerce-Tabs-panel--sposob_tab panel entry-content wc-tab\" role=\"tabpanel\" aria-labelledby=\"tab-title-sposob_tab\">\n<p><strong>Zalecane spo\u017cycie (osoby doros\u0142e)<\/strong>: Jedn\u0105 miark\u0119 produktu (5 ml) rozpu\u015bci\u0107 w 100 ml ciep\u0142ej wody i wypi\u0107 bezpo\u015brednio po przyrz\u0105dzeniu. Spo\u017cywa\u0107 trzy razy dziennie po jednej miarce do posi\u0142ku. Nie nale\u017cy przekracza\u0107 zalecanej dziennej porcji.<\/p>\n<p><strong>Zalecane spo\u017cycie (dzieci w wieku 6-18 lat)<\/strong>: Jedn\u0105 miark\u0119 produktu (5 ml) rozpu\u015bci\u0107 w 100 ml ciep\u0142ej wody i wypi\u0107 bezpo\u015brednio po przyrz\u0105dzeniu. Spo\u017cywa\u0107 dwa razy dziennie po jednej miarce do posi\u0142ku. Nie nale\u017cy przekracza\u0107 zalecanej dziennej porcji.<\/p>\n<p>Produkt przeznaczony dla doros\u0142ych. Spo\u017cywanie produktu jest niewskazane w okresie ci\u0105\u017cy i karmienia piersi\u0105. Suplement diety nie mo\u017ce by\u0107 stosowany jako substytut (zamiennik) zr\u00f3\u017cnicowanej diety. Przechowywa\u0107 w spos\u00f3b niedost\u0119pny dla ma\u0142ych dzieci w suchym miejscu, w temperaturze pokojowej. Chroni\u0107 przed dost\u0119pem \u015bwiat\u0142a. Osoby ze stwierdzon\u0105 nadwra\u017cliwo\u015bci\u0105 na sk\u0142adniki produktu, nie powinny go spo\u017cywa\u0107.<\/p>\n<\/div>\n<div class=\"inner-product container\">\n<div class=\"woocommerce-accordions wc-accordions-wrapper\">\n<ul class=\"accordions wc-accordions\" role=\"tablist\">\n<li id=\"tab-title-ciekawostki_tab\" class=\"ciekawostki_tab_tab accordion-item\" role=\"tab\" aria-controls=\"tab-ciekawostki_tab\">\n<h3 class=\"header\">Ciekawostki<\/h3>\n<div id=\"tab-ciekawostki_tab\" class=\"woocommerce-Tabs-panel woocommerce-Tabs-panel--ciekawostki_tab panel entry-content wc-tab\" role=\"tabpanel\" aria-labelledby=\"tab-title-ciekawostki_tab\">\n<p>Sk\u0142adniki botaniczne produktu pochodz\u0105 z\u00a0czystych obszar\u00f3w A\u0142taju.<\/p>\n<\/div>\n<\/li>\n<\/ul>\n<\/div>\n<\/div>\n<div class=\"after-content\"><\/div>\n<\/li>\n<\/ul>\n<\/li>\n<\/ul>\n<\/div>","protected":false},"excerpt":{"rendered":"<p><strong>Jod\u0142a bia\u0142a na odporno\u015b\u0107. Tak\u017ce dla dzieci od 6 roku \u017cycia.\u00a0<\/strong><\/p>\n<p><strong>Florenta Plus (w p\u0142ynie) zawiera:<\/strong> ekstrakt wodny p\u0142ynny z igie\u0142 i p\u0105k\u00f3w jod\u0142y bia\u0142ej (<em>Abies pectinata<\/em>) oraz wyci\u0105g bogaty w taksyfolin\u0119 z drewna modrzewia dahurskiego (<em>Larix gmelinii<\/em>).<\/p>\n<p>Wyci\u0105gi z jod\u0142y bia\u0142ej s\u0105 tradycyjnie stosowane w Europie, Europie Wschodniej i Azji.<\/p>\n<p><strong>Jod\u0142a <\/strong>wp\u0142ywa na zachowanie zdrowych ko\u015bci i z\u0119b\u00f3w, poprzez mineralizacj\u0119 i zachowanie prawid\u0142owej g\u0119sto\u015bci tkanki kostnej. Przyczynia si\u0119 do zachowania odporno\u015bci organizmu; ostro\u015bci widzenia i zdrowych wydolnych p\u0142uc.<\/p>\n<p><strong>Yandex. Iron<\/strong> zawarte produkcie wspomaga prawid\u0142owe funkcjonowanie uk\u0142adu odporno\u015bciowego, przyczynia si\u0119 do zmniejszenia uczucia zm\u0119czenia i znu\u017cenia.<\/p>\n<p><strong>Yandex. Iron <\/strong>zawarte w produkcie jest sk\u0142adnikiem mineralnym kt\u00f3ry wyst\u0119puje naturalnie w ekstrakcie z jod\u0142y bia\u0142ej.<\/p>\n<p>&nbsp;<\/p>\n<h3 class=\"header\">For whom?<\/h3>\n<div id=\"tab-dla_kogo_tab\" class=\"woocommerce-Tabs-panel woocommerce-Tabs-panel--dla_kogo_tab panel entry-content wc-tab\" role=\"tabpanel\" aria-labelledby=\"tab-title-dla_kogo_tab\">\n<p><strong>Florenta Plus (w p\u0142ynie)<\/strong> there is <a class=\"link-blog\" href=\"https:\/\/biolit.pl\/sklep\/kategoria\/suplementy\/\">suplementem diety<\/a>, kt\u00f3ry mo\u017cna stosowa\u0107 zar\u00f3wno u doros\u0142ych, jak i u dzieci od 6 roku \u017cycia.<\/p>\n<p>&nbsp;<\/p>\n<p>Dla os\u00f3b, kt\u00f3re poszukuj\u0105 wsparcia odporno\u015bci organizmu<\/p>\n<p>Dla os\u00f3b szukaj\u0105cych suplementu diety wspomagaj\u0105cego zachowanie zdrowych ko\u015bci i z\u0119b\u00f3w.<\/p>\n<p>Dla os\u00f3b, kt\u00f3re poszukuj\u0105 naturalnego \u017ar\u00f3d\u0142a \u017celaza.<\/p>\n<p>Dla os\u00f3b chc\u0105cych utrzyma\u0107 dobra kondycj\u0119 g\u00f3rnych dr\u00f3g oddechowych.<\/p>\n<p>Dla os\u00f3b aktywnych.<\/p>\n<p>Dla os\u00f3b poszukuj\u0105cych produktu wspomagaj\u0105cego koncentracj\u0119.<\/p>\n<\/div>","protected":false},"featured_media":6599,"template":"","meta":{"ocean_post_layout":"","ocean_both_sidebars_style":"","ocean_both_sidebars_content_width":0,"ocean_both_sidebars_sidebars_width":0,"ocean_sidebar":"0","ocean_second_sidebar":"0","ocean_disable_margins":"enable","ocean_add_body_class":"","ocean_shortcode_before_top_bar":"","ocean_shortcode_after_top_bar":"","ocean_shortcode_before_header":"","ocean_shortcode_after_header":"","ocean_has_shortcode":"","ocean_shortcode_after_title":"","ocean_shortcode_before_footer_widgets":"","ocean_shortcode_after_footer_widgets":"","ocean_shortcode_before_footer_bottom":"","ocean_shortcode_after_footer_bottom":"","ocean_display_top_bar":"default","ocean_display_header":"default","ocean_header_style":"","ocean_center_header_left_menu":"0","ocean_custom_header_template":"0","ocean_custom_logo":0,"ocean_custom_retina_logo":0,"ocean_custom_logo_max_width":0,"ocean_custom_logo_tablet_max_width":0,"ocean_custom_logo_mobile_max_width":0,"ocean_custom_logo_max_height":0,"ocean_custom_logo_tablet_max_height":0,"ocean_custom_logo_mobile_max_height":0,"ocean_header_custom_menu":"0","ocean_menu_typo_font_family":"0","ocean_menu_typo_font_subset":"","ocean_menu_typo_font_size":0,"ocean_menu_typo_font_size_tablet":0,"ocean_menu_typo_font_size_mobile":0,"ocean_menu_typo_font_size_unit":"px","ocean_menu_typo_font_weight":"","ocean_menu_typo_font_weight_tablet":"","ocean_menu_typo_font_weight_mobile":"","ocean_menu_typo_transform":"","ocean_menu_typo_transform_tablet":"","ocean_menu_typo_transform_mobile":"","ocean_menu_typo_line_height":0,"ocean_menu_typo_line_height_tablet":0,"ocean_menu_typo_line_height_mobile":0,"ocean_menu_typo_line_height_unit":"","ocean_menu_typo_spacing":0,"ocean_menu_typo_spacing_tablet":0,"ocean_menu_typo_spacing_mobile":0,"ocean_menu_typo_spacing_unit":"","ocean_menu_link_color":"","ocean_menu_link_color_hover":"","ocean_menu_link_color_active":"","ocean_menu_link_background":"","ocean_menu_link_hover_background":"","ocean_menu_link_active_background":"","ocean_menu_social_links_bg":"","ocean_menu_social_hover_links_bg":"","ocean_menu_social_links_color":"","ocean_menu_social_hover_links_color":"","ocean_disable_title":"default","ocean_disable_heading":"default","ocean_post_title":"","ocean_post_subheading":"","ocean_post_title_style":"","ocean_post_title_background_color":"","ocean_post_title_background":0,"ocean_post_title_bg_image_position":"","ocean_post_title_bg_image_attachment":"","ocean_post_title_bg_image_repeat":"","ocean_post_title_bg_image_size":"","ocean_post_title_height":0,"ocean_post_title_bg_overlay":0.5,"ocean_post_title_bg_overlay_color":"","ocean_disable_breadcrumbs":"default","ocean_breadcrumbs_color":"","ocean_breadcrumbs_separator_color":"","ocean_breadcrumbs_links_color":"","ocean_breadcrumbs_links_hover_color":"","ocean_display_footer_widgets":"default","ocean_display_footer_bottom":"default","ocean_custom_footer_template":"0"},"product_brand":[],"product_cat":[62,21,20],"product_tag":[],"class_list":{"0":"post-6598","1":"product","2":"type-product","3":"status-publish","4":"has-post-thumbnail","6":"product_cat-odpornosc","7":"product_cat-zdrowie","8":"product_cat-dzieci","10":"entry","11":"has-media","13":"first","14":"instock","15":"shipping-taxable","16":"purchasable","17":"product-type-simple","18":"has-product-nav","19":"col","20":"span_1_of_3","21":"owp-content-left","22":"owp-thumbs-layout-horizontal","23":"owp-btn-normal","24":"owp-tabs-layout-horizontal","25":"has-no-thumbnails"},"_links":{"self":[{"href":"https:\/\/ecocorner.eu\/en\/wp-json\/wp\/v2\/product\/6598","targetHints":{"allow":["GET"]}}],"collection":[{"href":"https:\/\/ecocorner.eu\/en\/wp-json\/wp\/v2\/product"}],"about":[{"href":"https:\/\/ecocorner.eu\/en\/wp-json\/wp\/v2\/types\/product"}],"version-history":[{"count":1,"href":"https:\/\/ecocorner.eu\/en\/wp-json\/wp\/v2\/product\/6598\/revisions"}],"predecessor-version":[{"id":6600,"href":"https:\/\/ecocorner.eu\/en\/wp-json\/wp\/v2\/product\/6598\/revisions\/6600"}],"wp:featuredmedia":[{"embeddable":true,"href":"https:\/\/ecocorner.eu\/en\/wp-json\/wp\/v2\/media\/6599"}],"wp:attachment":[{"href":"https:\/\/ecocorner.eu\/en\/wp-json\/wp\/v2\/media?parent=6598"}],"wp:term":[{"taxonomy":"product_brand","embeddable":true,"href":"https:\/\/ecocorner.eu\/en\/wp-json\/wp\/v2\/product_brand?post=6598"},{"taxonomy":"product_cat","embeddable":true,"href":"https:\/\/ecocorner.eu\/en\/wp-json\/wp\/v2\/product_cat?post=6598"},{"taxonomy":"product_tag","embeddable":true,"href":"https:\/\/ecocorner.eu\/en\/wp-json\/wp\/v2\/product_tag?post=6598"}],"curies":[{"name":"wp","href":"https:\/\/api.w.org\/{rel}","templated":true}]}}