{"id":6617,"date":"2025-03-04T11:23:28","date_gmt":"2025-03-04T11:23:28","guid":{"rendered":"https:\/\/ecocorner.eu\/?post_type=product&#038;p=6617"},"modified":"2026-02-10T21:23:19","modified_gmt":"2026-02-10T21:23:19","slug":"colostrum-polska-colostrum-junior-80-szt","status":"publish","type":"product","link":"https:\/\/ecocorner.eu\/en\/product\/colostrum-polska-colostrum-junior-80-szt\/","title":{"rendered":"Colostrum  Polska   Colostrum  JUNIOR   80 szt."},"content":{"rendered":"<p><strong>Colostrum JUNIOR sk\u0142ad:<\/strong><\/p>\n<pre><\/pre>\n<p><b>Colostrum Bovinum <\/b>\u2013 165 mg<\/p>\n<p><b>Kwas askorbinowy (Wit. C)<\/b> \u2013 20 mg<\/p>\n<p><b>Glukonian cynku (Cynk)<\/b> \u2013 2,5 mg cynku<\/p>\n<p><b>Bakterie probiotyczne<\/b> \u2013 2,125 x 10^7<\/p>\n<p>Method of application :<\/p>\n<div id=\"extra-3\" class=\"tab-pane fade in js-product-tab-active active\" role=\"tabpanel\" aria-expanded=\"true\">\n<p>Dzieci powy\u017cej 3 roku \u017cycia &#8211; ssa\u0107 powoli do dw\u00f3ch cukierk\u00f3w dziennie (2,5g).<\/p>\n<p>Nie nale\u017cy przekracza\u0107 zalecanej porcji dziennego spo\u017cycia.<\/p>\n<p>Nadmierne spo\u017cycie mo\u017ce spowodowa\u0107 efekt przeczyszcaj\u0105cy.<\/p>\n<\/div>","protected":false},"excerpt":{"rendered":"<p>Colostrum Junior pomaga zwi\u0119kszy\u0107 odporno\u015b\u0107 dziecka, szczeg\u00f3lnie wa\u017cne, gdy Twoja pociecha chodzi do przedszkola i szko\u0142y. Pomaga te\u017c wzmocni\u0107 ko\u015bci i z\u0119by, przyspiesza regeneracj\u0119 organizmu i poprawia flor\u0119 bakteryjn\u0105 jelit.<\/p>\n<section class=\"elementor-element elementor-element-zsduxgf elementor-section-boxed elementor-section-height-default elementor-section-height-default elementor-section-content-middle elementor-section elementor-top-section\" data-id=\"zsduxgf\" data-element_type=\"section\">\n<div class=\"elementor-container elementor-column-gap-default\">\n<div class=\"elementor-row\">\n<div class=\"elementor-element elementor-element-amzqvcb elementor-column elementor-col-50 elementor-top-column\" data-id=\"amzqvcb\" data-element_type=\"column\">\n<div class=\"elementor-column-wrap elementor-element-populated\">\n<div class=\"elementor-widget-wrap\">\n<div class=\"elementor-element elementor-element-ceigwok elementor-widget elementor-widget-text-editor\" data-id=\"ceigwok\" data-element_type=\"text-editor.default\">\n<div class=\"elementor-widget-container\">\n<div class=\"elementor-text-editor elementor-clearfix\">\n<h3>Colostrum dla Dzieci Junior +PROBIOTYK, Witamina C Cynk &#8211; 80 tabletek<\/h3>\n<p><strong>Colostrum Junior<\/strong> to niezwyk\u0142y suplement diety dla dzieci, kt\u00f3ry pomaga zwi\u0119kszy\u0107 odporno\u015b\u0107 i poprawi\u0107 zdrowie jelit.<\/p>\n<p>Zawiera 165 mg czystej siary bydl\u0119cej, probiotyk, witamin\u0119 C i cynk.<\/p>\n<p>Pastylki w kszta\u0142cie misia o przyjemnym smaku truskawkowym s\u0105 ch\u0119tnie wybierane przez rodzic\u00f3w dla swoich pociech w wieku szkolnym i przedszkolnym.<\/p>\n<pre><\/pre>\n<h3>Naturalny spos\u00f3b na odporno\u015b\u0107 Twojego dziecka<\/h3>\n<p><strong>Colostrum Junior<\/strong> to nowoczesna formu\u0142a,<strong> kt\u00f3ra zawiera minimum 40% IgG w bia\u0142ku<\/strong>. Jest bezpieczny i bogaty w drogocenne sk\u0142adniki aktywne, kt\u00f3re skutecznie dzia\u0142aj\u0105.<\/p>\n<p>Formu\u0142a zosta\u0142a dodatkowo wzbogacona o witamin\u0119 C oraz cynk. Jedna pastylka zawiera a\u017c 165 mg czystego colostrum bovinum.<\/p>\n<div class=\"mp4t_16_s mryx_16_s mr3m_1 mli2_1 mh85_56 mh85_0_l\">\n<pre class=\"mgn2_16 _0d3bd_am0a-\"><\/pre>\n<\/div>\n<p><strong>Po\u017cegnaj os\u0142abienie i problemy z odporno\u015bci\u0105!<\/strong><\/p>\n<\/div>\n<\/div>\n<\/div>\n<\/div>\n<\/div>\n<\/div>\n<\/div>\n<\/div>\n<\/section>\n<section class=\"elementor-element elementor-element-fdkbioq elementor-section-boxed elementor-section-height-default elementor-section-height-default elementor-section-content-middle elementor-section elementor-top-section\" data-id=\"fdkbioq\" data-element_type=\"section\">\n<div class=\"elementor-container elementor-column-gap-default\">\n<div class=\"elementor-row\">\n<div class=\"elementor-element elementor-element-solnxjo elementor-column elementor-col-50 elementor-top-column\" data-id=\"solnxjo\" data-element_type=\"column\">\n<div class=\"elementor-column-wrap elementor-element-populated\">\n<div class=\"elementor-widget-wrap\">\n<div class=\"elementor-element elementor-element-yjbiono elementor-widget elementor-widget-text-editor\" data-id=\"yjbiono\" data-element_type=\"text-editor.default\">\n<div class=\"elementor-widget-container\">\n<div class=\"elementor-text-editor elementor-clearfix\">\n<p>&nbsp;<\/p>\n<\/div>\n<\/div>\n<\/div>\n<\/div>\n<\/div>\n<\/div>\n<div class=\"elementor-element elementor-element-cezhnmd elementor-column elementor-col-50 elementor-top-column\" data-id=\"cezhnmd\" data-element_type=\"column\">\n<div class=\"elementor-column-wrap elementor-element-populated\">\n<div class=\"elementor-widget-wrap\">\n<div class=\"elementor-element elementor-element-qewkhxh elementor-widget elementor-widget-text-editor\" data-id=\"qewkhxh\" data-element_type=\"text-editor.default\">\n<div class=\"elementor-widget-container\">\n<div class=\"elementor-text-editor elementor-clearfix\">\n<div class=\"mp4t_16_s mryx_16_s mr3m_1 mli2_1 mh85_56 mh85_0_l\">\n<div class=\"mgn2_16 _0d3bd_am0a-\">\n<pre><\/pre>\n<h3>Zalety:<\/h3>\n<p>\u2705 Wzmacnia odporno\u015b\u0107 dziecka.<\/p>\n<p>\u2705 Pomaga wzmocni\u0107 ko\u015bci i z\u0119by.<\/p>\n<p>\u2705 Przyspiesza regeneracj\u0119 organizmu.<\/p>\n<p>\u2705 Poprawia flor\u0119 bakteryjn\u0105 jelit.<\/p>\n<p>\u2705 Mo\u017ce pom\u00f3c unikn\u0105\u0107 stosowania lek\u00f3w lub antybiotyk\u00f3w.<\/p>\n<\/div>\n<\/div>\n<\/div>\n<\/div>\n<\/div>\n<\/div>\n<\/div>\n<\/div>\n<\/div>\n<\/div>\n<\/section>","protected":false},"featured_media":6618,"template":"","meta":{"ocean_post_layout":"","ocean_both_sidebars_style":"","ocean_both_sidebars_content_width":0,"ocean_both_sidebars_sidebars_width":0,"ocean_sidebar":"0","ocean_second_sidebar":"0","ocean_disable_margins":"enable","ocean_add_body_class":"","ocean_shortcode_before_top_bar":"","ocean_shortcode_after_top_bar":"","ocean_shortcode_before_header":"","ocean_shortcode_after_header":"","ocean_has_shortcode":"","ocean_shortcode_after_title":"","ocean_shortcode_before_footer_widgets":"","ocean_shortcode_after_footer_widgets":"","ocean_shortcode_before_footer_bottom":"","ocean_shortcode_after_footer_bottom":"","ocean_display_top_bar":"default","ocean_display_header":"default","ocean_header_style":"","ocean_center_header_left_menu":"0","ocean_custom_header_template":"0","ocean_custom_logo":0,"ocean_custom_retina_logo":0,"ocean_custom_logo_max_width":0,"ocean_custom_logo_tablet_max_width":0,"ocean_custom_logo_mobile_max_width":0,"ocean_custom_logo_max_height":0,"ocean_custom_logo_tablet_max_height":0,"ocean_custom_logo_mobile_max_height":0,"ocean_header_custom_menu":"0","ocean_menu_typo_font_family":"0","ocean_menu_typo_font_subset":"","ocean_menu_typo_font_size":0,"ocean_menu_typo_font_size_tablet":0,"ocean_menu_typo_font_size_mobile":0,"ocean_menu_typo_font_size_unit":"px","ocean_menu_typo_font_weight":"","ocean_menu_typo_font_weight_tablet":"","ocean_menu_typo_font_weight_mobile":"","ocean_menu_typo_transform":"","ocean_menu_typo_transform_tablet":"","ocean_menu_typo_transform_mobile":"","ocean_menu_typo_line_height":0,"ocean_menu_typo_line_height_tablet":0,"ocean_menu_typo_line_height_mobile":0,"ocean_menu_typo_line_height_unit":"","ocean_menu_typo_spacing":0,"ocean_menu_typo_spacing_tablet":0,"ocean_menu_typo_spacing_mobile":0,"ocean_menu_typo_spacing_unit":"","ocean_menu_link_color":"","ocean_menu_link_color_hover":"","ocean_menu_link_color_active":"","ocean_menu_link_background":"","ocean_menu_link_hover_background":"","ocean_menu_link_active_background":"","ocean_menu_social_links_bg":"","ocean_menu_social_hover_links_bg":"","ocean_menu_social_links_color":"","ocean_menu_social_hover_links_color":"","ocean_disable_title":"default","ocean_disable_heading":"default","ocean_post_title":"","ocean_post_subheading":"","ocean_post_title_style":"","ocean_post_title_background_color":"","ocean_post_title_background":0,"ocean_post_title_bg_image_position":"","ocean_post_title_bg_image_attachment":"","ocean_post_title_bg_image_repeat":"","ocean_post_title_bg_image_size":"","ocean_post_title_height":0,"ocean_post_title_bg_overlay":0.5,"ocean_post_title_bg_overlay_color":"","ocean_disable_breadcrumbs":"default","ocean_breadcrumbs_color":"","ocean_breadcrumbs_separator_color":"","ocean_breadcrumbs_links_color":"","ocean_breadcrumbs_links_hover_color":"","ocean_display_footer_widgets":"default","ocean_display_footer_bottom":"default","ocean_custom_footer_template":"0"},"product_brand":[],"product_cat":[62,20],"product_tag":[],"class_list":{"0":"post-6617","1":"product","2":"type-product","3":"status-publish","4":"has-post-thumbnail","6":"product_cat-odpornosc","7":"product_cat-dzieci","9":"entry","10":"has-media","12":"first","13":"instock","14":"shipping-taxable","15":"purchasable","16":"product-type-simple","17":"has-product-nav","18":"col","19":"span_1_of_3","20":"owp-content-left","21":"owp-thumbs-layout-horizontal","22":"owp-btn-normal","23":"owp-tabs-layout-horizontal","24":"has-no-thumbnails"},"_links":{"self":[{"href":"https:\/\/ecocorner.eu\/en\/wp-json\/wp\/v2\/product\/6617","targetHints":{"allow":["GET"]}}],"collection":[{"href":"https:\/\/ecocorner.eu\/en\/wp-json\/wp\/v2\/product"}],"about":[{"href":"https:\/\/ecocorner.eu\/en\/wp-json\/wp\/v2\/types\/product"}],"version-history":[{"count":1,"href":"https:\/\/ecocorner.eu\/en\/wp-json\/wp\/v2\/product\/6617\/revisions"}],"predecessor-version":[{"id":6619,"href":"https:\/\/ecocorner.eu\/en\/wp-json\/wp\/v2\/product\/6617\/revisions\/6619"}],"wp:featuredmedia":[{"embeddable":true,"href":"https:\/\/ecocorner.eu\/en\/wp-json\/wp\/v2\/media\/6618"}],"wp:attachment":[{"href":"https:\/\/ecocorner.eu\/en\/wp-json\/wp\/v2\/media?parent=6617"}],"wp:term":[{"taxonomy":"product_brand","embeddable":true,"href":"https:\/\/ecocorner.eu\/en\/wp-json\/wp\/v2\/product_brand?post=6617"},{"taxonomy":"product_cat","embeddable":true,"href":"https:\/\/ecocorner.eu\/en\/wp-json\/wp\/v2\/product_cat?post=6617"},{"taxonomy":"product_tag","embeddable":true,"href":"https:\/\/ecocorner.eu\/en\/wp-json\/wp\/v2\/product_tag?post=6617"}],"curies":[{"name":"wp","href":"https:\/\/api.w.org\/{rel}","templated":true}]}}