{"id":6623,"date":"2025-03-04T11:35:45","date_gmt":"2025-03-04T11:35:45","guid":{"rendered":"https:\/\/ecocorner.eu\/?post_type=product&#038;p=6623"},"modified":"2026-02-05T19:48:43","modified_gmt":"2026-02-05T19:48:43","slug":"colostrum-polska-colostrum-max-60-szt","status":"publish","type":"product","link":"https:\/\/ecocorner.eu\/en\/product\/colostrum-polska-colostrum-max-60-szt\/","title":{"rendered":"Colostrum  Polska   Colostrum MAX  60 szt."},"content":{"rendered":"<p><strong>Colostrum MAX sk\u0142ad:<\/strong><\/p>\n<p><strong>Colostrum bovinum<\/strong> (mleko).<\/p>\n<p><strong>Sk\u0142adniki kapsu\u0142ki:<\/strong> hydroksypropylometyloceluloza(E464)<\/p>\n<p>&nbsp;<\/p>\n<p><strong>Contraindications:<\/strong><\/p>\n<p>Nie stosowa\u0107 produktu w przypadku nadwra\u017cliwo\u015bci na jakikolwiek sk\u0142adniku preparatu \u2013 w szczeg\u00f3lno\u015bci na bia\u0142ko mleka.<\/p>\n<p>Nie nale\u017cy przekracza\u0107 rekomendowanej dziennej porcji do spo\u017cycia.<\/p>\n<p>Zalecany jest zr\u00f3wnowa\u017cony spos\u00f3b \u017cywienia oraz zdrowy tryb \u017cycia \u2013 to podstawa prawid\u0142owego funkcjonowania organizmu (!).<\/p>\n<p>A dietary supplement cannot be used as a substitute for a varied diet.<\/p>\n<p>&nbsp;<\/p>\n<h4>Method of application :<\/h4>\n<div id=\"extra-3\" class=\"tab-pane fade in js-product-tab-active active\" role=\"tabpanel\" aria-expanded=\"true\">\n<p>Przyjmowa\u0107 profilaktycznie 2 kapsu\u0142ki dziennie (1,278g).<\/p>\n<p>Nie nale\u017cy przekracza\u0107 zalecanej porcji dziennego spo\u017cycia.<\/p>\n<\/div>\n<p>&nbsp;<\/p>\n<p><strong>Keeping:<\/strong><\/p>\n<p>Przechowywa\u0107 w spos\u00f3b niedost\u0119pny dla ma\u0142ych dzieci , w suchym i ciemnym miejscu, w temperaturze poni\u017cej 25\u00b0C.<\/p>","protected":false},"excerpt":{"rendered":"<section class=\"elementor-element elementor-element-hwvfcsy elementor-section-boxed elementor-section-height-default elementor-section-height-default elementor-section-content-middle elementor-section elementor-top-section\" data-id=\"hwvfcsy\" data-element_type=\"section\">\n<div class=\"elementor-container elementor-column-gap-default\">\n<div class=\"elementor-row\">\n<div class=\"elementor-element elementor-element-zxuhyfv elementor-column elementor-col-50 elementor-top-column\" data-id=\"zxuhyfv\" data-element_type=\"column\">\n<div class=\"elementor-column-wrap elementor-element-populated\">\n<div class=\"elementor-widget-wrap\">\n<div class=\"elementor-element elementor-element-xcahnjt elementor-widget elementor-widget-text-editor\" data-id=\"xcahnjt\" data-element_type=\"text-editor.default\">\n<div class=\"elementor-widget-container\">\n<div class=\"elementor-text-editor elementor-clearfix\">\n<h3>Colostrum MAX &#8211; 60 kapsu\u0142ek<\/h3>\n<p>&nbsp;<\/p>\n<p><strong>Colostrum MAX<\/strong> to skuteczne kapsu\u0142ki dla doros\u0142ych, kt\u00f3rzy cz\u0119sto choruj\u0105 lub s\u0105 w okresie rekonwalescencji.<\/p>\n<p>Zawieraj\u0105 500 mg czystej siary bydl\u0119cej, kt\u00f3ra pomaga poprawi\u0107 odporno\u015b\u0107 i flor\u0119 bakteryjn\u0105 jelit, przyspiesza rekonwalescencj\u0119 po chorobie, dodaje si\u0142y i energii do dzia\u0142ania, poprawia wygl\u0105d sk\u00f3ry, w\u0142os\u00f3w i paznokci, a tak\u017ce pomaga w terapii tr\u0105dziku, \u0142uszczycy, AZS.<\/p>\n<h3>Odporno\u015b\u0107 z COLOSTRUM MAX<\/h3>\n<p>Colostrum dostarcza gotowe przeciwcia\u0142a do organizmu, oszcz\u0119dzaj\u0105c nasz uk\u0142ad odporno\u015bciowy.<\/p>\n<p>Dzi\u0119ki temu szybciej zwalczamy infekcj\u0119 i oszcz\u0119dzamy energi\u0119, nie zu\u017cywaj\u0105c jej tak du\u017co na walk\u0119 z chorob\u0105.<\/p>\n<p>Colostrum zawiera najwarto\u015bciowsze dla naszego zdrowia witaminy, minera\u0142y, aminokwasy, czynniki wzrostu oraz immunoglobuliny.<\/p>\n<p><strong>Nasze Colostrum posiada minimum 40% IgG w bia\u0142ku, co stanowi wyr\u00f3\u017cnik na rynku!<\/strong><\/p>\n<h3>Zastosowanie i dzia\u0142anie:<\/h3>\n<p><strong>Colostrum<\/strong> pozytywnie wp\u0142ywa na popraw\u0119 stanu uk\u0142adu odporno\u015bciowego. Dzi\u0119ki wsparciu odporno\u015bci Colostrum wspomaga r\u00f3wnie\u017c proces regeneracji, co przek\u0142ada si\u0119 na wysokie wyniki w wysi\u0142ku fizycznym. Mo\u017cna w nim znale\u017a\u0107 cenne immunoglobuliny, minera\u0142y, witaminy, aminokwasy, czynniki wzrostu oraz enzymy, kt\u00f3re wzmacniaj\u0105 organizm i przygotowuj\u0105 do walki z toksynami czy te\u017c wrogimi mikroorganizmami.<\/p>\n<h3>Zalety:<\/h3>\n<p>\u2705 Poprawia odporno\u015b\u0107 i flor\u0119 bakteryjn\u0105 jelit.<\/p>\n<p>\u2705 Przyspiesza rekonwalescencj\u0119 po chorobie.<\/p>\n<p>\u2705 Dodaje si\u0142y i energii do dzia\u0142ania.<\/p>\n<p>\u2705 Pomaga w terapii tr\u0105dziku, \u0142uszczycy, AZS.<\/p>\n<p>\u2705 Wspomaga proces regeneracji po wysi\u0142ku fizycznym.<\/p>\n<\/div>\n<\/div>\n<\/div>\n<\/div>\n<\/div>\n<\/div>\n<div class=\"elementor-element elementor-element-smkewmw elementor-column elementor-col-50 elementor-top-column\" data-id=\"smkewmw\" data-element_type=\"column\">\n<div class=\"elementor-column-wrap elementor-element-populated\">\n<div class=\"elementor-widget-wrap\">\n<div class=\"elementor-element elementor-element-qnmkqgb elementor-widget elementor-widget-text-editor\" data-id=\"qnmkqgb\" data-element_type=\"text-editor.default\">\n<div class=\"elementor-widget-container\">\n<div class=\"elementor-text-editor elementor-clearfix\">\n<p>&nbsp;<\/p>\n<\/div>\n<\/div>\n<\/div>\n<\/div>\n<\/div>\n<\/div>\n<\/div>\n<\/div>\n<\/section>","protected":false},"featured_media":6624,"template":"","meta":{"ocean_post_layout":"","ocean_both_sidebars_style":"","ocean_both_sidebars_content_width":0,"ocean_both_sidebars_sidebars_width":0,"ocean_sidebar":"0","ocean_second_sidebar":"0","ocean_disable_margins":"enable","ocean_add_body_class":"","ocean_shortcode_before_top_bar":"","ocean_shortcode_after_top_bar":"","ocean_shortcode_before_header":"","ocean_shortcode_after_header":"","ocean_has_shortcode":"","ocean_shortcode_after_title":"","ocean_shortcode_before_footer_widgets":"","ocean_shortcode_after_footer_widgets":"","ocean_shortcode_before_footer_bottom":"","ocean_shortcode_after_footer_bottom":"","ocean_display_top_bar":"default","ocean_display_header":"default","ocean_header_style":"","ocean_center_header_left_menu":"0","ocean_custom_header_template":"0","ocean_custom_logo":0,"ocean_custom_retina_logo":0,"ocean_custom_logo_max_width":0,"ocean_custom_logo_tablet_max_width":0,"ocean_custom_logo_mobile_max_width":0,"ocean_custom_logo_max_height":0,"ocean_custom_logo_tablet_max_height":0,"ocean_custom_logo_mobile_max_height":0,"ocean_header_custom_menu":"0","ocean_menu_typo_font_family":"0","ocean_menu_typo_font_subset":"","ocean_menu_typo_font_size":0,"ocean_menu_typo_font_size_tablet":0,"ocean_menu_typo_font_size_mobile":0,"ocean_menu_typo_font_size_unit":"px","ocean_menu_typo_font_weight":"","ocean_menu_typo_font_weight_tablet":"","ocean_menu_typo_font_weight_mobile":"","ocean_menu_typo_transform":"","ocean_menu_typo_transform_tablet":"","ocean_menu_typo_transform_mobile":"","ocean_menu_typo_line_height":0,"ocean_menu_typo_line_height_tablet":0,"ocean_menu_typo_line_height_mobile":0,"ocean_menu_typo_line_height_unit":"","ocean_menu_typo_spacing":0,"ocean_menu_typo_spacing_tablet":0,"ocean_menu_typo_spacing_mobile":0,"ocean_menu_typo_spacing_unit":"","ocean_menu_link_color":"","ocean_menu_link_color_hover":"","ocean_menu_link_color_active":"","ocean_menu_link_background":"","ocean_menu_link_hover_background":"","ocean_menu_link_active_background":"","ocean_menu_social_links_bg":"","ocean_menu_social_hover_links_bg":"","ocean_menu_social_links_color":"","ocean_menu_social_hover_links_color":"","ocean_disable_title":"default","ocean_disable_heading":"default","ocean_post_title":"","ocean_post_subheading":"","ocean_post_title_style":"","ocean_post_title_background_color":"","ocean_post_title_background":0,"ocean_post_title_bg_image_position":"","ocean_post_title_bg_image_attachment":"","ocean_post_title_bg_image_repeat":"","ocean_post_title_bg_image_size":"","ocean_post_title_height":0,"ocean_post_title_bg_overlay":0.5,"ocean_post_title_bg_overlay_color":"","ocean_disable_breadcrumbs":"default","ocean_breadcrumbs_color":"","ocean_breadcrumbs_separator_color":"","ocean_breadcrumbs_links_color":"","ocean_breadcrumbs_links_hover_color":"","ocean_display_footer_widgets":"default","ocean_display_footer_bottom":"default","ocean_custom_footer_template":"0"},"product_brand":[],"product_cat":[62,22,21],"product_tag":[],"class_list":{"0":"post-6623","1":"product","2":"type-product","3":"status-publish","4":"has-post-thumbnail","6":"product_cat-odpornosc","7":"product_cat-suplementy-i-witaminy","8":"product_cat-zdrowie","10":"entry","11":"has-media","13":"first","14":"instock","15":"shipping-taxable","16":"purchasable","17":"product-type-simple","18":"has-product-nav","19":"col","20":"span_1_of_3","21":"owp-content-left","22":"owp-thumbs-layout-horizontal","23":"owp-btn-normal","24":"owp-tabs-layout-horizontal","25":"has-no-thumbnails"},"_links":{"self":[{"href":"https:\/\/ecocorner.eu\/en\/wp-json\/wp\/v2\/product\/6623","targetHints":{"allow":["GET"]}}],"collection":[{"href":"https:\/\/ecocorner.eu\/en\/wp-json\/wp\/v2\/product"}],"about":[{"href":"https:\/\/ecocorner.eu\/en\/wp-json\/wp\/v2\/types\/product"}],"version-history":[{"count":1,"href":"https:\/\/ecocorner.eu\/en\/wp-json\/wp\/v2\/product\/6623\/revisions"}],"predecessor-version":[{"id":6625,"href":"https:\/\/ecocorner.eu\/en\/wp-json\/wp\/v2\/product\/6623\/revisions\/6625"}],"wp:featuredmedia":[{"embeddable":true,"href":"https:\/\/ecocorner.eu\/en\/wp-json\/wp\/v2\/media\/6624"}],"wp:attachment":[{"href":"https:\/\/ecocorner.eu\/en\/wp-json\/wp\/v2\/media?parent=6623"}],"wp:term":[{"taxonomy":"product_brand","embeddable":true,"href":"https:\/\/ecocorner.eu\/en\/wp-json\/wp\/v2\/product_brand?post=6623"},{"taxonomy":"product_cat","embeddable":true,"href":"https:\/\/ecocorner.eu\/en\/wp-json\/wp\/v2\/product_cat?post=6623"},{"taxonomy":"product_tag","embeddable":true,"href":"https:\/\/ecocorner.eu\/en\/wp-json\/wp\/v2\/product_tag?post=6623"}],"curies":[{"name":"wp","href":"https:\/\/api.w.org\/{rel}","templated":true}]}}