{"id":6629,"date":"2025-03-04T11:48:34","date_gmt":"2025-03-04T11:48:34","guid":{"rendered":"https:\/\/ecocorner.eu\/?post_type=product&#038;p=6629"},"modified":"2025-12-12T21:28:02","modified_gmt":"2025-12-12T21:28:02","slug":"colostrum-polska-pasta-do-zebow-z-colostrum-fresh","status":"publish","type":"product","link":"https:\/\/ecocorner.eu\/en\/product\/colostrum-polska-pasta-do-zebow-z-colostrum-fresh\/","title":{"rendered":"Colostrum Polska   Pasta do z\u0119b\u00f3w z colostrum  FRESH"},"content":{"rendered":"<div id=\"extra-0\" class=\"tab-pane fade in js-product-tab-active active\" role=\"tabpanel\" aria-expanded=\"true\">\n<p><strong>Colostrum FRESH sk\u0142ad:<\/strong><\/p>\n<p>Woda,Sorbitol,Uwodniona Krzemionka,Gliceryna,Guma celulozowa,Siara,s\u00f3l sodowa siarczanu alkoholi t\u0142uszczowych z oleju kokosowego,Ksylitol,Aromat,Guma ksantanowa,Sacharyna sodowa,Inulina,Pirofosforan tetrasodowy,Mentol,Olejek eukaliptusowy,Glicyryzynian dipotasowy,Kwas cytrynowy,Sorbinian potasu,Benzoesan sodu ,Limonen,Linalol<\/p>\n<p><strong>Method of application:<\/strong><\/p>\n<div id=\"extra-2\" class=\"tab-pane fade in js-product-tab-active active\" role=\"tabpanel\" aria-expanded=\"true\">\n<p>Szczotkowa\u0107 z\u0119by przez 2 &#8211; 3 minuty.<\/p>\n<p>Nast\u0119pnie dok\u0142adnie wyp\u0142uka\u0107 jam\u0119 ustn\u0105. Nie po\u0142yka\u0107.<\/p>\n<p>Szczotkowa\u0107 z\u0119by co najmniej dwa razy dziennie.<\/p>\n<div id=\"extra-3\" class=\"tab-pane fade in js-product-tab-active active\" role=\"tabpanel\" aria-expanded=\"true\">\n<p><strong>Contraindications:<\/strong><\/p>\n<p>Nie stosowa\u0107 produktu w przypadku nadwra\u017cliwo\u015bci na kt\u00f3rykolwiek sk\u0142adnik preparatu.<\/p>\n<p>&nbsp;<\/p>\n<p><strong>Keeping:<\/strong><\/p>\n<p>Przechowywa\u0107 w spos\u00f3b niedost\u0119pny dla ma\u0142ych dzieci , w suchym i ciemnym miejscu, w temperaturze poni\u017cej 25\u00b0C.<\/p>\n<\/div>\n<\/div>\n<\/div>","protected":false},"excerpt":{"rendered":"<section class=\"elementor-element elementor-element-chosnij elementor-section-boxed elementor-section-height-default elementor-section-height-default elementor-section-content-middle elementor-section elementor-top-section\" data-id=\"chosnij\" data-element_type=\"section\">\n<div class=\"elementor-container elementor-column-gap-default\">\n<div class=\"elementor-row\">\n<div class=\"elementor-element elementor-element-kcdauot elementor-column elementor-col-50 elementor-top-column\" data-id=\"kcdauot\" data-element_type=\"column\">\n<div class=\"elementor-column-wrap elementor-element-populated\">\n<div class=\"elementor-widget-wrap\">\n<div class=\"elementor-element elementor-element-huhgtnl elementor-widget elementor-widget-text-editor\" data-id=\"huhgtnl\" data-element_type=\"text-editor.default\">\n<div class=\"elementor-widget-container\">\n<div class=\"elementor-text-editor elementor-clearfix\">\n<h2>Pasta do z\u0119b\u00f3w Colostrum Fresh<\/h2>\n<p><strong>Colostrum Fresh<\/strong> to unikalna pasta do z\u0119b\u00f3w stworzona z my\u015bl\u0105 o osobach, kt\u00f3re preferuj\u0105 piel\u0119gnacj\u0119 bez fluoru. \u0141\u0105czy moc natury z zaawansowan\u0105 ochron\u0105 Twojej jamy ustnej. Naturalne sk\u0142adniki skutecznie dbaj\u0105 o zdrowie z\u0119b\u00f3w, eliminuj\u0105c potrzeb\u0119 u\u017cycia fluoru. Pasta zawiera colostrum, bogate w bia\u0142ka odpowiedzialne za dzia\u0142anie przeciwbakteryjne, przeciwgrzybicze i przeciwzapalne.<\/p>\n<p>Thanks to <strong>laktoperoksydazie<\/strong>, naturalnie wyst\u0119puj\u0105cemu enzymowi, pasta zapewnia skuteczn\u0105 ochron\u0119 przeciwbakteryjn\u0105, wspomagaj\u0105c walk\u0119 z pr\u00f3chnic\u0105 i chorobami dzi\u0105se\u0142. Wzbogacona o prebiotyk, wspiera rozw\u00f3j korzystnych bakterii, pomagaj\u0105c w utrzymaniu zdrowej flory bakteryjnej jamy ustnej.<\/p>\n<p><strong>Colostrum Fresh to pasta dla ca\u0142ej rodziny.<\/strong><\/p>\n<\/div>\n<\/div>\n<\/div>\n<\/div>\n<\/div>\n<\/div>\n<div class=\"elementor-element elementor-element-jofpawl elementor-column elementor-col-50 elementor-top-column\" data-id=\"jofpawl\" data-element_type=\"column\">\n<div class=\"elementor-column-wrap elementor-element-populated\">\n<div class=\"elementor-widget-wrap\">\n<div class=\"elementor-element elementor-element-jdgqeat elementor-widget elementor-widget-text-editor\" data-id=\"jdgqeat\" data-element_type=\"text-editor.default\">\n<div class=\"elementor-widget-container\">\n<div class=\"elementor-text-editor elementor-clearfix\">\n<p>&nbsp;<\/p>\n<\/div>\n<\/div>\n<\/div>\n<\/div>\n<\/div>\n<\/div>\n<\/div>\n<\/div>\n<\/section>\n<section class=\"elementor-element elementor-element-cfiwvxm elementor-section-boxed elementor-section-height-default elementor-section-height-default elementor-section-content-middle elementor-section elementor-top-section\" data-id=\"cfiwvxm\" data-element_type=\"section\">\n<div class=\"elementor-container elementor-column-gap-default\">\n<div class=\"elementor-row\">\n<div class=\"elementor-element elementor-element-fiwftbo elementor-column elementor-col-50 elementor-top-column\" data-id=\"fiwftbo\" data-element_type=\"column\">\n<div class=\"elementor-column-wrap elementor-element-populated\">\n<div class=\"elementor-widget-wrap\">\n<div class=\"elementor-element elementor-element-sijthlf elementor-widget elementor-widget-text-editor\" data-id=\"sijthlf\" data-element_type=\"text-editor.default\">\n<div class=\"elementor-widget-container\">\n<div class=\"elementor-text-editor elementor-clearfix\">\n<p>&nbsp;<\/p>\n<\/div>\n<\/div>\n<\/div>\n<\/div>\n<\/div>\n<\/div>\n<div class=\"elementor-element elementor-element-atfosaw elementor-column elementor-col-50 elementor-top-column\" data-id=\"atfosaw\" data-element_type=\"column\">\n<div class=\"elementor-column-wrap elementor-element-populated\">\n<div class=\"elementor-widget-wrap\">\n<div class=\"elementor-element elementor-element-ujblxtl elementor-widget elementor-widget-text-editor\" data-id=\"ujblxtl\" data-element_type=\"text-editor.default\">\n<div class=\"elementor-widget-container\">\n<div class=\"elementor-text-editor elementor-clearfix\">\n<h3><strong>Piel\u0119gnacja bez fluoru<\/strong><\/h3>\n<p>Nie zawiera fluoru, 96% sk\u0142adnik\u00f3w pochodzi z natury. Skutecznie usuwa osad naz\u0119bny i zapewnia przyjemny oddech. Sk\u0142adniki colostrum mog\u0105 \u0142agodzi\u0107 stany zapalne w jamie ustnej i ewentualne podra\u017cnienia dzi\u0105se\u0142.<\/p>\n<p>Pasta z colostrum mo\u017ce pom\u00f3c w \u0142agodzeniu nadwra\u017cliwo\u015bci z\u0119b\u00f3w, wspieraj\u0105c regeneracj\u0119 szkliwa i zmniejszaj\u0105c wra\u017cliwo\u015b\u0107 na bod\u017ace zewn\u0119trzne.<\/p>\n<h3>Zalety :<\/h3>\n<p>\u2705 Nie zawiera fluoru<\/p>\n<p>\u2705 96% sk\u0142adnik\u00f3w pochodzi z natury<\/p>\n<p>\u2705 Skutecznie usuwa osad naz\u0119bny<\/p>\n<p>\u2705 Mo\u017ce \u0142agodzi\u0107 stany zapalne w jamie ustnej i ewentualne podra\u017cnienia dzi\u0105se\u0142<\/p>\n<p>\u2705 Mo\u017ce pom\u00f3c w \u0142agodzeniu nadwra\u017cliwo\u015bci z\u0119b\u00f3w<\/p>\n<\/div>\n<\/div>\n<\/div>\n<\/div>\n<\/div>\n<\/div>\n<\/div>\n<\/div>\n<\/section>","protected":false},"featured_media":6630,"template":"","meta":{"ocean_post_layout":"","ocean_both_sidebars_style":"","ocean_both_sidebars_content_width":0,"ocean_both_sidebars_sidebars_width":0,"ocean_sidebar":"0","ocean_second_sidebar":"0","ocean_disable_margins":"enable","ocean_add_body_class":"","ocean_shortcode_before_top_bar":"","ocean_shortcode_after_top_bar":"","ocean_shortcode_before_header":"","ocean_shortcode_after_header":"","ocean_has_shortcode":"","ocean_shortcode_after_title":"","ocean_shortcode_before_footer_widgets":"","ocean_shortcode_after_footer_widgets":"","ocean_shortcode_before_footer_bottom":"","ocean_shortcode_after_footer_bottom":"","ocean_display_top_bar":"default","ocean_display_header":"default","ocean_header_style":"","ocean_center_header_left_menu":"0","ocean_custom_header_template":"0","ocean_custom_logo":0,"ocean_custom_retina_logo":0,"ocean_custom_logo_max_width":0,"ocean_custom_logo_tablet_max_width":0,"ocean_custom_logo_mobile_max_width":0,"ocean_custom_logo_max_height":0,"ocean_custom_logo_tablet_max_height":0,"ocean_custom_logo_mobile_max_height":0,"ocean_header_custom_menu":"0","ocean_menu_typo_font_family":"0","ocean_menu_typo_font_subset":"","ocean_menu_typo_font_size":0,"ocean_menu_typo_font_size_tablet":0,"ocean_menu_typo_font_size_mobile":0,"ocean_menu_typo_font_size_unit":"px","ocean_menu_typo_font_weight":"","ocean_menu_typo_font_weight_tablet":"","ocean_menu_typo_font_weight_mobile":"","ocean_menu_typo_transform":"","ocean_menu_typo_transform_tablet":"","ocean_menu_typo_transform_mobile":"","ocean_menu_typo_line_height":0,"ocean_menu_typo_line_height_tablet":0,"ocean_menu_typo_line_height_mobile":0,"ocean_menu_typo_line_height_unit":"","ocean_menu_typo_spacing":0,"ocean_menu_typo_spacing_tablet":0,"ocean_menu_typo_spacing_mobile":0,"ocean_menu_typo_spacing_unit":"","ocean_menu_link_color":"","ocean_menu_link_color_hover":"","ocean_menu_link_color_active":"","ocean_menu_link_background":"","ocean_menu_link_hover_background":"","ocean_menu_link_active_background":"","ocean_menu_social_links_bg":"","ocean_menu_social_hover_links_bg":"","ocean_menu_social_links_color":"","ocean_menu_social_hover_links_color":"","ocean_disable_title":"default","ocean_disable_heading":"default","ocean_post_title":"","ocean_post_subheading":"","ocean_post_title_style":"","ocean_post_title_background_color":"","ocean_post_title_background":0,"ocean_post_title_bg_image_position":"","ocean_post_title_bg_image_attachment":"","ocean_post_title_bg_image_repeat":"","ocean_post_title_bg_image_size":"","ocean_post_title_height":0,"ocean_post_title_bg_overlay":0.5,"ocean_post_title_bg_overlay_color":"","ocean_disable_breadcrumbs":"default","ocean_breadcrumbs_color":"","ocean_breadcrumbs_separator_color":"","ocean_breadcrumbs_links_color":"","ocean_breadcrumbs_links_hover_color":"","ocean_display_footer_widgets":"default","ocean_display_footer_bottom":"default","ocean_custom_footer_template":"0"},"product_brand":[],"product_cat":[31],"product_tag":[],"class_list":{"0":"post-6629","1":"product","2":"type-product","3":"status-publish","4":"has-post-thumbnail","6":"product_cat-pielegnacja-jamy-ustnej","8":"entry","9":"has-media","11":"first","12":"instock","13":"shipping-taxable","14":"purchasable","15":"product-type-simple","16":"has-product-nav","17":"col","18":"span_1_of_3","19":"owp-content-left","20":"owp-thumbs-layout-horizontal","21":"owp-btn-normal","22":"owp-tabs-layout-horizontal","23":"has-no-thumbnails"},"_links":{"self":[{"href":"https:\/\/ecocorner.eu\/en\/wp-json\/wp\/v2\/product\/6629","targetHints":{"allow":["GET"]}}],"collection":[{"href":"https:\/\/ecocorner.eu\/en\/wp-json\/wp\/v2\/product"}],"about":[{"href":"https:\/\/ecocorner.eu\/en\/wp-json\/wp\/v2\/types\/product"}],"version-history":[{"count":1,"href":"https:\/\/ecocorner.eu\/en\/wp-json\/wp\/v2\/product\/6629\/revisions"}],"predecessor-version":[{"id":6631,"href":"https:\/\/ecocorner.eu\/en\/wp-json\/wp\/v2\/product\/6629\/revisions\/6631"}],"wp:featuredmedia":[{"embeddable":true,"href":"https:\/\/ecocorner.eu\/en\/wp-json\/wp\/v2\/media\/6630"}],"wp:attachment":[{"href":"https:\/\/ecocorner.eu\/en\/wp-json\/wp\/v2\/media?parent=6629"}],"wp:term":[{"taxonomy":"product_brand","embeddable":true,"href":"https:\/\/ecocorner.eu\/en\/wp-json\/wp\/v2\/product_brand?post=6629"},{"taxonomy":"product_cat","embeddable":true,"href":"https:\/\/ecocorner.eu\/en\/wp-json\/wp\/v2\/product_cat?post=6629"},{"taxonomy":"product_tag","embeddable":true,"href":"https:\/\/ecocorner.eu\/en\/wp-json\/wp\/v2\/product_tag?post=6629"}],"curies":[{"name":"wp","href":"https:\/\/api.w.org\/{rel}","templated":true}]}}