{"id":6683,"date":"2025-04-03T12:18:12","date_gmt":"2025-04-03T12:18:12","guid":{"rendered":"https:\/\/ecocorner.eu\/?post_type=product&#038;p=6683"},"modified":"2025-10-17T17:54:01","modified_gmt":"2025-10-17T17:54:01","slug":"hemp-king-olej-konopny-250-ml","status":"publish","type":"product","link":"https:\/\/ecocorner.eu\/en\/product\/hemp-king-olej-konopny-250-ml\/","title":{"rendered":"Hemp King   Olej  konopny  250 ml"},"content":{"rendered":"<div id=\"tab-work_tab\" class=\"tab-content resp-tab-content resp-tab-content-active\" aria-labelledby=\"tab_item-4\">\n<h2>Stosowanie \u2013 Bio olej konopny HempKing<\/h2>\n<p>Olej konopny to produkt z wieloma zastosowaniami i na pewno w Twojej kuchni znajdzie si\u0119 dla niego miejsce, a ty szybko pokochasz u\u017cywanie go. Co wa\u017cne, olej nie jest odpowiedni do sma\u017cenia i obr\u00f3bki termicznej w wysokich temperaturach! Ma nisk\u0105 temperatur\u0119 spalania, dlatego najlepiej sprawdza si\u0119 jako:<\/p>\n<ul>\n<li>baza do pesto,<\/li>\n<li>olej w hummusie,<\/li>\n<li>dodatek do sa\u0142atek,<\/li>\n<li>dodatek do makaronu,<\/li>\n<li>dodatek do ju\u017c ugotowanych zup,<\/li>\n<li>t\u0142uszcz do pieczywa,<\/li>\n<li>deser\u00f3w przygotowywanych bez gotowania czy pieczenia.<\/li>\n<\/ul>\n<p>Ale to nie wszystko! Olej konopny to \u015bwietny sk\u0142adnik domowych zabieg\u00f3w piel\u0119gnacyjnych czy kosmetyk\u00f3w DIY! Mo\u017cesz go u\u017cy\u0107 do:<\/p>\n<ul>\n<li>olejowania w\u0142os\u00f3w,<\/li>\n<li>piel\u0119gnacji sk\u00f3ry,<\/li>\n<li>przygotowania domowego peelingu cukrowego lub kawowego,<\/li>\n<li>baz\u0119 do domowych balsam\u00f3w i krem\u00f3w.<\/li>\n<\/ul>\n<p>Olej konopny nie jest komedogenny, zatem mog\u0105 go bezpiecznie u\u017cywa\u0107 osoby z problematyczn\u0105 sk\u00f3r\u0105. \u015awietnie sprawdzi si\u0119 w piel\u0119gnacji sk\u00f3ry uszkodzonej, wra\u017cliwej, podra\u017cnionej.<\/p>\n<p>Olej konopny przechowuj w zamkni\u0119tym opakowaniu, z dala od promieni s\u0142onecznych, w ch\u0142odniejszym pomieszczeniu lub w szafce, z dala od \u017ar\u00f3d\u0142a ciep\u0142a.<\/p>\n<p class=\"font-weight-bold mb-1\">Ingredients<\/p>\n<h2>BIO olej konopny RAW \u2013 sk\u0142adniki<\/h2>\n<p>100% zimnot\u0142oczony ekologiczny olej konopny z nasion konopi siewnych.<\/p>\n<p class=\"font-weight-bold mb-1\">Latin name<\/p>\n<p><em>Cannabis sativa L.<\/em><\/p>\n<p class=\"font-weight-bold mb-1\">Country of origin<\/p>\n<p>Poland<\/p>\n<table class=\"wartosci\">\n<thead>\n<tr>\n<th>Warto\u015bci od\u017cywcze<\/th>\n<th>Warto\u015bci od\u017cywcze w 100g<\/th>\n<\/tr>\n<\/thead>\n<tbody>\n<tr>\n<td>Energy value<\/td>\n<td>3700 kJ \/ 900 kcal<\/td>\n<\/tr>\n<tr>\n<td>T\u0142uszcze<\/td>\n<td>100 g<\/td>\n<\/tr>\n<tr>\n<td>including:<\/td>\n<td><\/td>\n<\/tr>\n<tr>\n<td>kwasy t\u0142uszczowe nasycone<\/td>\n<td>8 g<\/td>\n<\/tr>\n<tr>\n<td>kwasy t\u0142uszczowe jednonienasycone<\/td>\n<td>15 g<\/td>\n<\/tr>\n<tr>\n<td>kwasy t\u0142uszczowe wielonienasycone<\/td>\n<td>77 g<\/td>\n<\/tr>\n<tr>\n<td>Carbohydrates<\/td>\n<td>0 g<\/td>\n<\/tr>\n<tr>\n<td>w tym cukry:<\/td>\n<td>0 g<\/td>\n<\/tr>\n<tr>\n<td>Squirrel<\/td>\n<td>0 g<\/td>\n<\/tr>\n<tr>\n<td>Salt<\/td>\n<td>0 g<\/td>\n<\/tr>\n<\/tbody>\n<\/table>\n<\/div>","protected":false},"excerpt":{"rendered":"<div id=\"tab-action_tab\" class=\"tab-content resp-tab-content resp-tab-content-active\" aria-labelledby=\"tab_item-2\">\n<h2>BIO olej konopny RAW \u2013 ekologiczne w\u0142a\u015bciwo\u015bci<\/h2>\n<p><a href=\"https:\/\/hempking.eu\/pl\/skladniki\/olej-konopny\/\">Hemp oil<\/a> spo\u017cywany zar\u00f3wno oddzielnie, ale tak\u017ce jako dodatek do r\u00f3\u017cnego rodzaju potraw, dostarcza naszemu organizmowi wielu cennych sk\u0142adnik\u00f3w, a dzi\u0119ki temu ma potwierdzone w\u0142a\u015bciwo\u015bci:<\/p>\n<ul>\n<li>jest \u017ar\u00f3d\u0142em nienasyconych kwas\u00f3w t\u0142uszczowych, niezb\u0119dnych w naszej diecie!<\/li>\n<li>dba o nasz naturalny system immunologiczny, wspieraj\u0105c odporno\u015b\u0107,<\/li>\n<li>pomaga od \u015brodka naszej sk\u00f3rze zdrowo wygl\u0105da\u0107,<\/li>\n<li>stosowany zewn\u0119trznie, zadba o sk\u00f3r\u0119 i w\u0142osy,<\/li>\n<li>dba o uk\u0142ad kr\u0105\u017cenia oraz serce,<\/li>\n<li>naturalnie pomaga regulowa\u0107 zawarto\u015b\u0107 tr\u00f3jgliceryd\u00f3w oraz cholesterolu we krwi.<\/li>\n<\/ul>\n<\/div>\n<h2>BIO olej konopny RAW \u2013 czysto\u015b\u0107 potwierdzona certyfikatem ekologicznym<\/h2>\n<p>BIO olej konopny to produkt o bardzo szerokim zastosowaniu. Doskonale dope\u0142ni Twoje dania przygotowywane na zimno: sa\u0142atki, pasty, dania wytrawne czy s\u0142odkie. Mo\u017cesz z niego stworzy\u0107 aromatyczny hummus lub bezpo\u015brednio go spo\u017cywa\u0107. BIO olej konopny RAW ma te\u017c w\u0142a\u015bciwo\u015bci, kt\u00f3re z pewno\u015bci\u0105 docenisz!<\/p>\n<h2>Sk\u0105d pochodzi BIO olej konopny RAW?<\/h2>\n<p>BIO olej konopny to produkt polski, kt\u00f3ry zosta\u0142 wyprodukowany w naszym kraju. Do jego wyt\u0142oczenia u\u017cyli\u015bmy najczystszych konopi z ekologicznych upraw. Pola konopi nie zosta\u0142y ska\u017cone \u017cadn\u0105 chemi\u0105: pestycydami, herbicydami, a ro\u015bliny nie s\u0105 GMO.<\/p>\n<p>Olej konopny BIO Hempking jest odznaczony certyfikatem ekologicznym EU Organic. To gwarancja czysto\u015bci sk\u0142adnik\u00f3w, bez sztucznych i szkodliwych dodatk\u00f3w. Produkt zosta\u0142 przebadany pod wzgl\u0119dem zawarto\u015bci metali ci\u0119\u017ckich oraz zosta\u0142y wykonane inne badania mikrobiologiczne, by zapewni\u0107 Ci\u0119 o bezpiecze\u0144stwie i wysokiej jako\u015bci naszego oleju z konopi.<\/p>\n<div id=\"tab-action_tab\" class=\"tab-content resp-tab-content resp-tab-content-active\" aria-labelledby=\"tab_item-2\">\n<p>&nbsp;<\/p>\n<\/div>","protected":false},"featured_media":6684,"template":"","meta":{"ocean_post_layout":"","ocean_both_sidebars_style":"","ocean_both_sidebars_content_width":0,"ocean_both_sidebars_sidebars_width":0,"ocean_sidebar":"0","ocean_second_sidebar":"0","ocean_disable_margins":"enable","ocean_add_body_class":"","ocean_shortcode_before_top_bar":"","ocean_shortcode_after_top_bar":"","ocean_shortcode_before_header":"","ocean_shortcode_after_header":"","ocean_has_shortcode":"","ocean_shortcode_after_title":"","ocean_shortcode_before_footer_widgets":"","ocean_shortcode_after_footer_widgets":"","ocean_shortcode_before_footer_bottom":"","ocean_shortcode_after_footer_bottom":"","ocean_display_top_bar":"default","ocean_display_header":"default","ocean_header_style":"","ocean_center_header_left_menu":"0","ocean_custom_header_template":"0","ocean_custom_logo":0,"ocean_custom_retina_logo":0,"ocean_custom_logo_max_width":0,"ocean_custom_logo_tablet_max_width":0,"ocean_custom_logo_mobile_max_width":0,"ocean_custom_logo_max_height":0,"ocean_custom_logo_tablet_max_height":0,"ocean_custom_logo_mobile_max_height":0,"ocean_header_custom_menu":"0","ocean_menu_typo_font_family":"0","ocean_menu_typo_font_subset":"","ocean_menu_typo_font_size":0,"ocean_menu_typo_font_size_tablet":0,"ocean_menu_typo_font_size_mobile":0,"ocean_menu_typo_font_size_unit":"px","ocean_menu_typo_font_weight":"","ocean_menu_typo_font_weight_tablet":"","ocean_menu_typo_font_weight_mobile":"","ocean_menu_typo_transform":"","ocean_menu_typo_transform_tablet":"","ocean_menu_typo_transform_mobile":"","ocean_menu_typo_line_height":0,"ocean_menu_typo_line_height_tablet":0,"ocean_menu_typo_line_height_mobile":0,"ocean_menu_typo_line_height_unit":"","ocean_menu_typo_spacing":0,"ocean_menu_typo_spacing_tablet":0,"ocean_menu_typo_spacing_mobile":0,"ocean_menu_typo_spacing_unit":"","ocean_menu_link_color":"","ocean_menu_link_color_hover":"","ocean_menu_link_color_active":"","ocean_menu_link_background":"","ocean_menu_link_hover_background":"","ocean_menu_link_active_background":"","ocean_menu_social_links_bg":"","ocean_menu_social_hover_links_bg":"","ocean_menu_social_links_color":"","ocean_menu_social_hover_links_color":"","ocean_disable_title":"default","ocean_disable_heading":"default","ocean_post_title":"","ocean_post_subheading":"","ocean_post_title_style":"","ocean_post_title_background_color":"","ocean_post_title_background":0,"ocean_post_title_bg_image_position":"","ocean_post_title_bg_image_attachment":"","ocean_post_title_bg_image_repeat":"","ocean_post_title_bg_image_size":"","ocean_post_title_height":0,"ocean_post_title_bg_overlay":0.5,"ocean_post_title_bg_overlay_color":"","ocean_disable_breadcrumbs":"default","ocean_breadcrumbs_color":"","ocean_breadcrumbs_separator_color":"","ocean_breadcrumbs_links_color":"","ocean_breadcrumbs_links_hover_color":"","ocean_display_footer_widgets":"default","ocean_display_footer_bottom":"default","ocean_custom_footer_template":"0"},"product_brand":[],"product_cat":[21],"product_tag":[],"class_list":{"0":"post-6683","1":"product","2":"type-product","3":"status-publish","4":"has-post-thumbnail","6":"product_cat-zdrowie","8":"entry","9":"has-media","11":"first","12":"outofstock","13":"shipping-taxable","14":"purchasable","15":"product-type-simple","16":"has-product-nav","17":"col","18":"span_1_of_3","19":"owp-content-left","20":"owp-thumbs-layout-horizontal","21":"owp-btn-normal","22":"owp-tabs-layout-horizontal","23":"has-no-thumbnails"},"_links":{"self":[{"href":"https:\/\/ecocorner.eu\/en\/wp-json\/wp\/v2\/product\/6683","targetHints":{"allow":["GET"]}}],"collection":[{"href":"https:\/\/ecocorner.eu\/en\/wp-json\/wp\/v2\/product"}],"about":[{"href":"https:\/\/ecocorner.eu\/en\/wp-json\/wp\/v2\/types\/product"}],"version-history":[{"count":1,"href":"https:\/\/ecocorner.eu\/en\/wp-json\/wp\/v2\/product\/6683\/revisions"}],"predecessor-version":[{"id":6685,"href":"https:\/\/ecocorner.eu\/en\/wp-json\/wp\/v2\/product\/6683\/revisions\/6685"}],"wp:featuredmedia":[{"embeddable":true,"href":"https:\/\/ecocorner.eu\/en\/wp-json\/wp\/v2\/media\/6684"}],"wp:attachment":[{"href":"https:\/\/ecocorner.eu\/en\/wp-json\/wp\/v2\/media?parent=6683"}],"wp:term":[{"taxonomy":"product_brand","embeddable":true,"href":"https:\/\/ecocorner.eu\/en\/wp-json\/wp\/v2\/product_brand?post=6683"},{"taxonomy":"product_cat","embeddable":true,"href":"https:\/\/ecocorner.eu\/en\/wp-json\/wp\/v2\/product_cat?post=6683"},{"taxonomy":"product_tag","embeddable":true,"href":"https:\/\/ecocorner.eu\/en\/wp-json\/wp\/v2\/product_tag?post=6683"}],"curies":[{"name":"wp","href":"https:\/\/api.w.org\/{rel}","templated":true}]}}