{"id":6686,"date":"2025-04-03T12:24:23","date_gmt":"2025-04-03T12:24:23","guid":{"rendered":"https:\/\/ecocorner.eu\/?post_type=product&#038;p=6686"},"modified":"2025-04-15T19:51:08","modified_gmt":"2025-04-15T19:51:08","slug":"hempking-olej-cbd-15-1500-mg-natural-strong-10-ml","status":"publish","type":"product","link":"https:\/\/ecocorner.eu\/en\/product\/hempking-olej-cbd-15-1500-mg-natural-strong-10-ml\/","title":{"rendered":"HempKing   Olej  CBD  15%   1500 mg Natural Strong &#8211; 10 ml"},"content":{"rendered":"<div id=\"tab-work_tab\" class=\"tab-content resp-tab-content resp-tab-content-active\" aria-labelledby=\"tab_item-3\">\n<h2>Jak rozpocz\u0105\u0107 suplementacj\u0119 olejku CBD 15% konopnego?<\/h2>\n<p>Consuming 15% essential oil is pretty easy, but you need to know a few basics.<br \/>\nStart with small amounts. First, try consuming only 3 drops a day, three servings a day!<\/p>\n<p>Try before using essential oil to be half an hour before or after a meal.<br \/>\nPlace the dropper under your tongue and wait at least 30 seconds before swallowing the rest.<br \/>\nTry not to drink immediately!<\/p>\n<div id=\"tab-composition_tab\" class=\"tab-content resp-tab-content resp-tab-content-active\" aria-labelledby=\"tab_item-1\">\n<p class=\"font-weight-bold mb-1\">Ingredients<\/p>\n<p>Olej konopny z konopi w\u0142\u00f3knistych z naturalnie wyst\u0119puj\u0105cymi fitosk\u0142adnikami (CBD, CBDA, CBC, CBGA, CBG, CBDV, CBN). Olej konopny 1500 mg zawiera pe\u0142ne spektrum fitosk\u0142adnik\u00f3w, terpeny, flawonoidy oraz fenole.<\/p>\n<p class=\"font-weight-bold mb-1\">Latin name<\/p>\n<p><i>Cannabis sativa<\/i>\u00a0L.<\/p>\n<p class=\"font-weight-bold mb-1\">Country of origin<\/p>\n<p>Poland<\/p>\n<\/div>\n<\/div>","protected":false},"excerpt":{"rendered":"<div id=\"tab-action_tab\" class=\"tab-content resp-tab-content resp-tab-content-active\" aria-labelledby=\"tab_item-2\">\n<h2>W\u0142a\u015bciwo\u015bci oleju konopnego CBD 15% 1500 mg<\/h2>\n<p>Hemp oil contains a full range of natural phytonutrients.<\/p>\n<p><strong>Adding cannabis oil:<\/strong><\/p>\n<ul>\n<li>you provide yourself with the full range of phytonutrients CBD, CBDA, CBC, CBGA, CBG, CBDV, CBN,<\/li>\n<li>as well as omega-3, omega-6 and omega-9, i.e. unsaturated fatty acids,<\/li>\n<li>you maintain your natural immunity,<\/li>\n<li>wspierasz mi\u0119\u015bnie i stawy,<\/li>\n<li>wspierasz prawid\u0142ow\u0105 regulacj\u0119 glukozy,<\/li>\n<li>korzystasz z efektu przeciwzapalnego oleju konopnego,<\/li>\n<li>you will take care of your cardiovascular system,<\/li>\n<li>your blood cholesterol and triglyceride levels will be regulated,<\/li>\n<li>and the skin will maintain an optimal level of hydration and a healthy appearance.<\/li>\n<\/ul>\n<h2>Olej CBD Natural Strong 15% \u2013 Full Spectrum wysokiej jako\u015bci<\/h2>\n<p><strong>Hemp oil 15% contains more than 1500 mg of phytonutrient\u00a0<\/strong>oraz innych fitosk\u0142adnik\u00f3w (CBDA, CBC, CBGA, CBG, CBDV, CBN)\u00a0 w pe\u0142nym spektrum.<\/p>\n<p>In the essential oil, you&#039;ll also find all the ingredients that are naturally found in cannabis: terpenes, phenols, flavonoids, and unsaturated omega-3, Omega-6, and omega-9 fatty acids. It is a dietary supplement that helps every balanced diet naturally.<\/p>\n<p><strong>Przy zakupie tego olejku konopnego wspierasz Fundacj\u0119 Naszpikowani, kt\u00f3ra od d\u0142ugiego czasu anga\u017cuje si\u0119 w pomoc dzieciom i osobom doros\u0142ym dotkni\u0119tym chorobami nowotworowymi.<\/strong><\/p>\n<h2>15% Natural Strong Phytonutrient Oil-the Power of Support<\/h2>\n<p><strong>High concentration per drop of essential oil<br \/>\n<\/strong><strong>Olej CBD 15% Hempking to wysoki procent st\u0119\u017cenia na kropl\u0119 produktu.<\/strong>\u00a0W jednej kropli olejku konopnego o st\u0119\u017ceniu 15% znajdziesz ponad 7,5 mg naturalnego fitosk\u0142adnika oraz pozosta\u0142e fitosk\u0142adniki kt\u00f3re wyst\u0119puj\u0105 konopiach, m.in terpeny.<\/p>\n<p>So, by using our products, you can use less product than if you used oils with a lower content of natural phytonutrients.<\/p>\n<p><strong>100% nature<br \/>\n<\/strong>In our phytonutrient you will find\u00a0<strong>only natural ingredients<\/strong>. M\u00f3wimy stanowcze NIE izolatom czy syntetycznemu fitosk\u0142adnikowi. Do jego stworzenia korzystamy z bezpiecznej i nowoczesnej metody ekstrakcji nadkrytycznym CO2. Dzi\u0119ki temu zawiera pe\u0142ne spektum fitosk\u0142adnik\u00f3w.<\/p>\n<p><strong>Polish product<br \/>\n<\/strong><strong>The glass bottle with hemp treasures was created from Polish cultures<\/strong>, w czystych zak\u0105tkach Polski. P\u0142acisz za to, czego wymagasz! Oraz wiesz, \u017ce kupujesz to, co polskie.<\/p>\n<h2>We put the quality higher!<\/h2>\n<p>Natural Plus 15% essential oil was tested not only for its phytonutrient content, but also for terpenes and heavy metals.<\/p>\n<p>Growing cannabis for the production of our supplements, food and cosmetics has been proven.<\/p>\n<\/div>","protected":false},"featured_media":6687,"template":"","meta":{"ocean_post_layout":"","ocean_both_sidebars_style":"","ocean_both_sidebars_content_width":0,"ocean_both_sidebars_sidebars_width":0,"ocean_sidebar":"0","ocean_second_sidebar":"0","ocean_disable_margins":"enable","ocean_add_body_class":"","ocean_shortcode_before_top_bar":"","ocean_shortcode_after_top_bar":"","ocean_shortcode_before_header":"","ocean_shortcode_after_header":"","ocean_has_shortcode":"","ocean_shortcode_after_title":"","ocean_shortcode_before_footer_widgets":"","ocean_shortcode_after_footer_widgets":"","ocean_shortcode_before_footer_bottom":"","ocean_shortcode_after_footer_bottom":"","ocean_display_top_bar":"default","ocean_display_header":"default","ocean_header_style":"","ocean_center_header_left_menu":"0","ocean_custom_header_template":"0","ocean_custom_logo":0,"ocean_custom_retina_logo":0,"ocean_custom_logo_max_width":0,"ocean_custom_logo_tablet_max_width":0,"ocean_custom_logo_mobile_max_width":0,"ocean_custom_logo_max_height":0,"ocean_custom_logo_tablet_max_height":0,"ocean_custom_logo_mobile_max_height":0,"ocean_header_custom_menu":"0","ocean_menu_typo_font_family":"0","ocean_menu_typo_font_subset":"","ocean_menu_typo_font_size":0,"ocean_menu_typo_font_size_tablet":0,"ocean_menu_typo_font_size_mobile":0,"ocean_menu_typo_font_size_unit":"px","ocean_menu_typo_font_weight":"","ocean_menu_typo_font_weight_tablet":"","ocean_menu_typo_font_weight_mobile":"","ocean_menu_typo_transform":"","ocean_menu_typo_transform_tablet":"","ocean_menu_typo_transform_mobile":"","ocean_menu_typo_line_height":0,"ocean_menu_typo_line_height_tablet":0,"ocean_menu_typo_line_height_mobile":0,"ocean_menu_typo_line_height_unit":"","ocean_menu_typo_spacing":0,"ocean_menu_typo_spacing_tablet":0,"ocean_menu_typo_spacing_mobile":0,"ocean_menu_typo_spacing_unit":"","ocean_menu_link_color":"","ocean_menu_link_color_hover":"","ocean_menu_link_color_active":"","ocean_menu_link_background":"","ocean_menu_link_hover_background":"","ocean_menu_link_active_background":"","ocean_menu_social_links_bg":"","ocean_menu_social_hover_links_bg":"","ocean_menu_social_links_color":"","ocean_menu_social_hover_links_color":"","ocean_disable_title":"default","ocean_disable_heading":"default","ocean_post_title":"","ocean_post_subheading":"","ocean_post_title_style":"","ocean_post_title_background_color":"","ocean_post_title_background":0,"ocean_post_title_bg_image_position":"","ocean_post_title_bg_image_attachment":"","ocean_post_title_bg_image_repeat":"","ocean_post_title_bg_image_size":"","ocean_post_title_height":0,"ocean_post_title_bg_overlay":0.5,"ocean_post_title_bg_overlay_color":"","ocean_disable_breadcrumbs":"default","ocean_breadcrumbs_color":"","ocean_breadcrumbs_separator_color":"","ocean_breadcrumbs_links_color":"","ocean_breadcrumbs_links_hover_color":"","ocean_display_footer_widgets":"default","ocean_display_footer_bottom":"default","ocean_custom_footer_template":"0"},"product_brand":[],"product_cat":[60],"product_tag":[],"class_list":{"0":"post-6686","1":"product","2":"type-product","3":"status-publish","4":"has-post-thumbnail","6":"product_cat-olejki-i-produkty-cbd","8":"entry","9":"has-media","11":"first","12":"outofstock","13":"shipping-taxable","14":"purchasable","15":"product-type-simple","16":"has-product-nav","17":"col","18":"span_1_of_3","19":"owp-content-left","20":"owp-thumbs-layout-horizontal","21":"owp-btn-normal","22":"owp-tabs-layout-horizontal","23":"has-no-thumbnails"},"_links":{"self":[{"href":"https:\/\/ecocorner.eu\/en\/wp-json\/wp\/v2\/product\/6686","targetHints":{"allow":["GET"]}}],"collection":[{"href":"https:\/\/ecocorner.eu\/en\/wp-json\/wp\/v2\/product"}],"about":[{"href":"https:\/\/ecocorner.eu\/en\/wp-json\/wp\/v2\/types\/product"}],"version-history":[{"count":1,"href":"https:\/\/ecocorner.eu\/en\/wp-json\/wp\/v2\/product\/6686\/revisions"}],"predecessor-version":[{"id":6688,"href":"https:\/\/ecocorner.eu\/en\/wp-json\/wp\/v2\/product\/6686\/revisions\/6688"}],"wp:featuredmedia":[{"embeddable":true,"href":"https:\/\/ecocorner.eu\/en\/wp-json\/wp\/v2\/media\/6687"}],"wp:attachment":[{"href":"https:\/\/ecocorner.eu\/en\/wp-json\/wp\/v2\/media?parent=6686"}],"wp:term":[{"taxonomy":"product_brand","embeddable":true,"href":"https:\/\/ecocorner.eu\/en\/wp-json\/wp\/v2\/product_brand?post=6686"},{"taxonomy":"product_cat","embeddable":true,"href":"https:\/\/ecocorner.eu\/en\/wp-json\/wp\/v2\/product_cat?post=6686"},{"taxonomy":"product_tag","embeddable":true,"href":"https:\/\/ecocorner.eu\/en\/wp-json\/wp\/v2\/product_tag?post=6686"}],"curies":[{"name":"wp","href":"https:\/\/api.w.org\/{rel}","templated":true}]}}