{"id":6689,"date":"2025-04-03T12:28:22","date_gmt":"2025-04-03T12:28:22","guid":{"rendered":"https:\/\/ecocorner.eu\/?post_type=product&#038;p=6689"},"modified":"2025-08-09T14:06:11","modified_gmt":"2025-08-09T14:06:11","slug":"hemp-king-olej-cbd-5-natural-500-mg-10ml","status":"publish","type":"product","link":"https:\/\/ecocorner.eu\/en\/product\/hemp-king-olej-cbd-5-natural-500-mg-10ml\/","title":{"rendered":"Hemp King   Olej  CBD 5% +  Natural 500 mg &#8211; 10ml"},"content":{"rendered":"<div id=\"tab-work_tab\" class=\"tab-content resp-tab-content resp-tab-content-active\" aria-labelledby=\"tab_item-4\">\n<h3>Suplementacja \u2013 jak spo\u017cywa\u0107 olej CBD 5% Natural z fitosk\u0142adnikami CBDA, CBC, CBGA, CBG, CBDV, CBN?<\/h3>\n<p>Introduction of supplements <strong>oils with phytonutrients<\/strong> Natural 5% is extremely simple-as long as you know a few basics.<br \/>\nStarting cannabis use in the form of <strong>hemp oil<\/strong> it starts with small amounts. To get started, try taking 1 drop, three times a day-daily!<\/p>\n<p>It is best to do this 10 minutes before or after a meal.<br \/>\nA drop <strong>hemp oil with Natural 5 Phytonutrients%<\/strong> place under your tongue and wait at least 30 seconds before swallowing.<br \/>\nTry not to drink immediately after swallowing!<\/p>\n<p>We also pay great attention to the appearance of our products and rely on natural solutions in eco-friendly formats. The bottle is made of darkened glass and the lid is made of bamboo to limit the amount of plastic used.<\/p>\n<div id=\"tab-composition_tab\" class=\"tab-content resp-tab-content resp-tab-content-active\" aria-labelledby=\"tab_item-1\">\n<p class=\"font-weight-bold mb-1\">Ingredients<\/p>\n<h2>CBD Olej 5% Natural \u2013 10ml \u2013 sk\u0142adniki<\/h2>\n<p>Hemp fiber oil with natural phytonutrients CBD, CBDA, CBC, CBGA, CBG, CBDV, CBN. Hemp oil 500 mg contains a full spectrum of phytonutrients, terpenes, flavonoids and phenols.<\/p>\n<p class=\"font-weight-bold mb-1\">Latin name<\/p>\n<p><i>Cannabis sativa<\/i>\u00a0L.<\/p>\n<p class=\"font-weight-bold mb-1\">Country of origin<\/p>\n<p>Poland<\/p>\n<\/div>\n<\/div>","protected":false},"excerpt":{"rendered":"<div id=\"tab-action_tab\" class=\"tab-content resp-tab-content resp-tab-content-active\" aria-labelledby=\"tab_item-2\">\n<h4><\/h4>\n<h2>W\u0142a\u015bciwo\u015bci oleju CBD 5% Natural i zawartych w nim naturalnych ro\u015blinnych sk\u0142adnik\u00f3w<\/h2>\n<h4>CBDA, CBC, CBGA, CBG, CBDV, CBN<\/h4>\n<p>Due to the content of phytonutrients and other compounds derived from hemp, hemp oil has positive properties.<\/p>\n<p><a href=\"https:\/\/hempking.eu\/pl\/skladniki\/olej-konopny\/\">Hemp oil<\/a>:<\/p>\n<ul>\n<li>enrich your diet with phytonutrients,<\/li>\n<li>rich in unsaturated omega-3, Omega-6 and omega-9 fatty acids,<\/li>\n<li>helps your natural immunity,<\/li>\n<li>it has a beneficial effect on the cardiovascular system,<\/li>\n<li>helps regulate blood cholesterol and triglycerides,<\/li>\n<li>it provides the skin with an optimal level of hydration and a healthy appearance.<\/li>\n<\/ul>\n<\/div>\n<h2>Natural Hemp Oil 5% \u2013 500 mg of phytonutrient contained in 10 ml<\/h2>\n<p><strong>Best-selling 5% Natural CBD Oil with Natural Phytonutrients<\/strong>\u00a0this is our flagship product! This dietary supplement, among other things, will give you a minimum of <strong>500 mg of natural phytonutrient<\/strong> and a full range of other phytonutrients.<\/p>\n<p>In our <strong>5% Natural Phytonutrient Oil <\/strong>\u00a0You&#039;ll find all the ingredients that are naturally found in cannabis: phenols, terpenes, and flavonoids, as well as unsaturated omega-3, Omega-6, and omega-9 fatty acids.<\/p>\n<h3>What makes our 500 mg hemp oil different?<\/h3>\n<p><strong>High concentration per drop of product<br \/>\nOleje CBD Hempking z naturalnie wyst\u0119puj\u0105cymi w konopiach zwi\u0105zkami<\/strong> this <strong>high concentration percentage per drop of product<\/strong>. What does it mean? Hempking offers products at a great price <strong>phytonutrient per 1 mg<\/strong>. In a drop of hemp oil <strong>about concentration 5%<\/strong>\u00a0is located <strong>more than 2.5 mg of phytonutrient<\/strong>, a dodatkowo pozosta\u0142e fitosk\u0142adniki z konopi, jak fenole, terpeny i flawonoidy. Je\u015bli chcesz spo\u017cy\u0107 wybran\u0105 porcj\u0119 miligram\u00f3w fitosk\u0142adnik\u00f3w, wybieraj\u0105c produkty konopne Hempking, dzi\u0119ki wysokiemu st\u0119\u017ceniu na 1 kropl\u0119, zu\u017cyjesz mniej produktu ni\u017c w przypadku produkt\u00f3w z ni\u017cszym st\u0119\u017ceniem.<\/p>\n<p><strong>100% nature<\/strong><br \/>\nWe do not use artificial ingredients, isolates or synthetics to produce our products <strong>phytonutrients<\/strong>. Wytwarzamy go nowoczesn\u0105 metod\u0105 ekstrakcji nadkrytycznym CO2, kt\u00f3ra pozwala nam na zachowanie wysokiej jako\u015bci olejku w bezpieczny spos\u00f3b.<\/p>\n<p><strong>Polish product<\/strong><br \/>\nEnclosed in a glass bottle, the richness of cannabis that grows in the clean corners of Poland and is produced in Poland is the confidence that you choose the best hemp food supplement for yourself. You are also sure that you are paying for what you need!<\/p>\n<h3>Quality comes first for us!<\/h3>\n<p><strong>CBD Hemp Oil 5% including all cannabinoids: CBD, CBDA, CBC, CBGA, CBG, CBDV, CBN <\/strong>it is tested for the content of natural phytonutrients, terpenes and heavy metals.<\/p>\n<p>We use proven cannabis crops to produce our supplements, food and cosmetics.<\/p>\n<p>&nbsp;<\/p>","protected":false},"featured_media":6691,"template":"","meta":{"ocean_post_layout":"","ocean_both_sidebars_style":"","ocean_both_sidebars_content_width":0,"ocean_both_sidebars_sidebars_width":0,"ocean_sidebar":"0","ocean_second_sidebar":"0","ocean_disable_margins":"enable","ocean_add_body_class":"","ocean_shortcode_before_top_bar":"","ocean_shortcode_after_top_bar":"","ocean_shortcode_before_header":"","ocean_shortcode_after_header":"","ocean_has_shortcode":"","ocean_shortcode_after_title":"","ocean_shortcode_before_footer_widgets":"","ocean_shortcode_after_footer_widgets":"","ocean_shortcode_before_footer_bottom":"","ocean_shortcode_after_footer_bottom":"","ocean_display_top_bar":"default","ocean_display_header":"default","ocean_header_style":"","ocean_center_header_left_menu":"0","ocean_custom_header_template":"0","ocean_custom_logo":0,"ocean_custom_retina_logo":0,"ocean_custom_logo_max_width":0,"ocean_custom_logo_tablet_max_width":0,"ocean_custom_logo_mobile_max_width":0,"ocean_custom_logo_max_height":0,"ocean_custom_logo_tablet_max_height":0,"ocean_custom_logo_mobile_max_height":0,"ocean_header_custom_menu":"0","ocean_menu_typo_font_family":"0","ocean_menu_typo_font_subset":"","ocean_menu_typo_font_size":0,"ocean_menu_typo_font_size_tablet":0,"ocean_menu_typo_font_size_mobile":0,"ocean_menu_typo_font_size_unit":"px","ocean_menu_typo_font_weight":"","ocean_menu_typo_font_weight_tablet":"","ocean_menu_typo_font_weight_mobile":"","ocean_menu_typo_transform":"","ocean_menu_typo_transform_tablet":"","ocean_menu_typo_transform_mobile":"","ocean_menu_typo_line_height":0,"ocean_menu_typo_line_height_tablet":0,"ocean_menu_typo_line_height_mobile":0,"ocean_menu_typo_line_height_unit":"","ocean_menu_typo_spacing":0,"ocean_menu_typo_spacing_tablet":0,"ocean_menu_typo_spacing_mobile":0,"ocean_menu_typo_spacing_unit":"","ocean_menu_link_color":"","ocean_menu_link_color_hover":"","ocean_menu_link_color_active":"","ocean_menu_link_background":"","ocean_menu_link_hover_background":"","ocean_menu_link_active_background":"","ocean_menu_social_links_bg":"","ocean_menu_social_hover_links_bg":"","ocean_menu_social_links_color":"","ocean_menu_social_hover_links_color":"","ocean_disable_title":"default","ocean_disable_heading":"default","ocean_post_title":"","ocean_post_subheading":"","ocean_post_title_style":"","ocean_post_title_background_color":"","ocean_post_title_background":0,"ocean_post_title_bg_image_position":"","ocean_post_title_bg_image_attachment":"","ocean_post_title_bg_image_repeat":"","ocean_post_title_bg_image_size":"","ocean_post_title_height":0,"ocean_post_title_bg_overlay":0.5,"ocean_post_title_bg_overlay_color":"","ocean_disable_breadcrumbs":"default","ocean_breadcrumbs_color":"","ocean_breadcrumbs_separator_color":"","ocean_breadcrumbs_links_color":"","ocean_breadcrumbs_links_hover_color":"","ocean_display_footer_widgets":"default","ocean_display_footer_bottom":"default","ocean_custom_footer_template":"0"},"product_brand":[],"product_cat":[60],"product_tag":[],"class_list":{"0":"post-6689","1":"product","2":"type-product","3":"status-publish","4":"has-post-thumbnail","6":"product_cat-olejki-i-produkty-cbd","8":"entry","9":"has-media","11":"first","12":"instock","13":"shipping-taxable","14":"purchasable","15":"product-type-simple","16":"has-product-nav","17":"col","18":"span_1_of_3","19":"owp-content-left","20":"owp-thumbs-layout-horizontal","21":"owp-btn-normal","22":"owp-tabs-layout-horizontal"},"_links":{"self":[{"href":"https:\/\/ecocorner.eu\/en\/wp-json\/wp\/v2\/product\/6689","targetHints":{"allow":["GET"]}}],"collection":[{"href":"https:\/\/ecocorner.eu\/en\/wp-json\/wp\/v2\/product"}],"about":[{"href":"https:\/\/ecocorner.eu\/en\/wp-json\/wp\/v2\/types\/product"}],"version-history":[{"count":1,"href":"https:\/\/ecocorner.eu\/en\/wp-json\/wp\/v2\/product\/6689\/revisions"}],"predecessor-version":[{"id":6692,"href":"https:\/\/ecocorner.eu\/en\/wp-json\/wp\/v2\/product\/6689\/revisions\/6692"}],"wp:featuredmedia":[{"embeddable":true,"href":"https:\/\/ecocorner.eu\/en\/wp-json\/wp\/v2\/media\/6691"}],"wp:attachment":[{"href":"https:\/\/ecocorner.eu\/en\/wp-json\/wp\/v2\/media?parent=6689"}],"wp:term":[{"taxonomy":"product_brand","embeddable":true,"href":"https:\/\/ecocorner.eu\/en\/wp-json\/wp\/v2\/product_brand?post=6689"},{"taxonomy":"product_cat","embeddable":true,"href":"https:\/\/ecocorner.eu\/en\/wp-json\/wp\/v2\/product_cat?post=6689"},{"taxonomy":"product_tag","embeddable":true,"href":"https:\/\/ecocorner.eu\/en\/wp-json\/wp\/v2\/product_tag?post=6689"}],"curies":[{"name":"wp","href":"https:\/\/api.w.org\/{rel}","templated":true}]}}