{"id":6710,"date":"2025-04-24T17:35:35","date_gmt":"2025-04-24T17:35:35","guid":{"rendered":"https:\/\/ecocorner.eu\/?post_type=product&#038;p=6710"},"modified":"2025-09-19T19:52:18","modified_gmt":"2025-09-19T19:52:18","slug":"skarby-gai-natural-witamina-c-z-kapusty-w-kapsulkach-90-kaps","status":"publish","type":"product","link":"https:\/\/ecocorner.eu\/en\/product\/skarby-gai-natural-witamina-c-z-kapusty-w-kapsulkach-90-kaps\/","title":{"rendered":"SKARBY GAI  Natural   Witamina C z kapusty w kapsu\u0142kach 90 kaps."},"content":{"rendered":"<p><strong>Ingredients<\/strong><br \/>\nWitamina C (kwas L-askorbinowy), kapsu\u0142ka vege HPMC (hydroksypropylometyloceluloza).<\/p>\n<p><strong>METHOD OF APPLICATION<\/strong><br \/>\n1 kapsu\u0142ka dziennie.\u00a0Najlepiej spo\u017cywa\u0107 rano lub 30 minut przed posi\u0142kiem.<\/p>\n<p>Zawarto\u015b\u0107 w zalecanej dziennej porcji (1 kapsu\u0142ka):<br \/>\nWitamina C &#8211; 1000 mg- 1250 % RWS*<\/p>\n<p>*RWS &#8211; referencyjna warto\u015b\u0107 spo\u017cycia dla przeci\u0119tnej osoby doros\u0142ej<\/p>\n<p><strong>note<\/strong><br \/>\nNie nale\u017cy przekracza\u0107 zalecanej dziennej porcji do spo\u017cycia. Suplementy diety nie mog\u0105 by\u0107 stosowane jako substytut (zamiennik) zr\u00f3\u017cnicowanej diety. Zr\u00f3wnowa\u017cony spos\u00f3b \u017cywienia oraz prowadzenie zdrowego trybu \u017cycias\u0105 niezb\u0119dne dla prawid\u0142owego funkcjonowania organizmu.<\/p>\n<p><strong>keeping<\/strong><br \/>\nStore at room temperature, in a dry place out of the reach of small children.<\/p>","protected":false},"excerpt":{"rendered":"<p>Witamina C &#8211; kwas L-askorbinowy &#8211; suplement diety &#8211; pozyskany z kapusty i naturalnych sk\u0142adnik\u00f3w ro\u015blinnych. Wyprodukowany metod\u0105 dwustopniowej ekstrakcji nadkrytycznej (BI-Fermentacji) przy u\u017cyciu naturalnych ekstraktor\u00f3w ro\u015blinnych.<\/p>\n<p>Vitamin C:<br \/>\n-pomaga w prawid\u0142owym funkcjonowaniu uk\u0142adu odporno\u015bciowego oraz nerwowego<br \/>\n-przyczynia si\u0119 do zmniejszenia uczucia zm\u0119czenia i znu\u017cenia<br \/>\n-wspomaga ochron\u0119 kom\u00f3rek przed stresem oksydacyjnym<br \/>\n-pomaga w produkcji kolagenu w celu zapewnienia prawid\u0142owego funkcjonowania naczy\u0144 krwiono\u015bnych, ko\u015bci i chrz\u0105stki<\/p>\n<p>&nbsp;<\/p>","protected":false},"featured_media":6711,"template":"","meta":{"ocean_post_layout":"","ocean_both_sidebars_style":"","ocean_both_sidebars_content_width":0,"ocean_both_sidebars_sidebars_width":0,"ocean_sidebar":"0","ocean_second_sidebar":"0","ocean_disable_margins":"enable","ocean_add_body_class":"","ocean_shortcode_before_top_bar":"","ocean_shortcode_after_top_bar":"","ocean_shortcode_before_header":"","ocean_shortcode_after_header":"","ocean_has_shortcode":"","ocean_shortcode_after_title":"","ocean_shortcode_before_footer_widgets":"","ocean_shortcode_after_footer_widgets":"","ocean_shortcode_before_footer_bottom":"","ocean_shortcode_after_footer_bottom":"","ocean_display_top_bar":"default","ocean_display_header":"default","ocean_header_style":"","ocean_center_header_left_menu":"0","ocean_custom_header_template":"0","ocean_custom_logo":0,"ocean_custom_retina_logo":0,"ocean_custom_logo_max_width":0,"ocean_custom_logo_tablet_max_width":0,"ocean_custom_logo_mobile_max_width":0,"ocean_custom_logo_max_height":0,"ocean_custom_logo_tablet_max_height":0,"ocean_custom_logo_mobile_max_height":0,"ocean_header_custom_menu":"0","ocean_menu_typo_font_family":"0","ocean_menu_typo_font_subset":"","ocean_menu_typo_font_size":0,"ocean_menu_typo_font_size_tablet":0,"ocean_menu_typo_font_size_mobile":0,"ocean_menu_typo_font_size_unit":"px","ocean_menu_typo_font_weight":"","ocean_menu_typo_font_weight_tablet":"","ocean_menu_typo_font_weight_mobile":"","ocean_menu_typo_transform":"","ocean_menu_typo_transform_tablet":"","ocean_menu_typo_transform_mobile":"","ocean_menu_typo_line_height":0,"ocean_menu_typo_line_height_tablet":0,"ocean_menu_typo_line_height_mobile":0,"ocean_menu_typo_line_height_unit":"","ocean_menu_typo_spacing":0,"ocean_menu_typo_spacing_tablet":0,"ocean_menu_typo_spacing_mobile":0,"ocean_menu_typo_spacing_unit":"","ocean_menu_link_color":"","ocean_menu_link_color_hover":"","ocean_menu_link_color_active":"","ocean_menu_link_background":"","ocean_menu_link_hover_background":"","ocean_menu_link_active_background":"","ocean_menu_social_links_bg":"","ocean_menu_social_hover_links_bg":"","ocean_menu_social_links_color":"","ocean_menu_social_hover_links_color":"","ocean_disable_title":"default","ocean_disable_heading":"default","ocean_post_title":"","ocean_post_subheading":"","ocean_post_title_style":"","ocean_post_title_background_color":"","ocean_post_title_background":0,"ocean_post_title_bg_image_position":"","ocean_post_title_bg_image_attachment":"","ocean_post_title_bg_image_repeat":"","ocean_post_title_bg_image_size":"","ocean_post_title_height":0,"ocean_post_title_bg_overlay":0.5,"ocean_post_title_bg_overlay_color":"","ocean_disable_breadcrumbs":"default","ocean_breadcrumbs_color":"","ocean_breadcrumbs_separator_color":"","ocean_breadcrumbs_links_color":"","ocean_breadcrumbs_links_hover_color":"","ocean_display_footer_widgets":"default","ocean_display_footer_bottom":"default","ocean_custom_footer_template":"0"},"product_brand":[],"product_cat":[62,22],"product_tag":[],"class_list":{"0":"post-6710","1":"product","2":"type-product","3":"status-publish","4":"has-post-thumbnail","6":"product_cat-odpornosc","7":"product_cat-suplementy-i-witaminy","9":"entry","10":"has-media","12":"first","13":"outofstock","14":"shipping-taxable","15":"purchasable","16":"product-type-simple","17":"has-product-nav","18":"col","19":"span_1_of_3","20":"owp-content-left","21":"owp-thumbs-layout-horizontal","22":"owp-btn-normal","23":"owp-tabs-layout-horizontal","24":"has-no-thumbnails"},"_links":{"self":[{"href":"https:\/\/ecocorner.eu\/en\/wp-json\/wp\/v2\/product\/6710","targetHints":{"allow":["GET"]}}],"collection":[{"href":"https:\/\/ecocorner.eu\/en\/wp-json\/wp\/v2\/product"}],"about":[{"href":"https:\/\/ecocorner.eu\/en\/wp-json\/wp\/v2\/types\/product"}],"version-history":[{"count":1,"href":"https:\/\/ecocorner.eu\/en\/wp-json\/wp\/v2\/product\/6710\/revisions"}],"predecessor-version":[{"id":6712,"href":"https:\/\/ecocorner.eu\/en\/wp-json\/wp\/v2\/product\/6710\/revisions\/6712"}],"wp:featuredmedia":[{"embeddable":true,"href":"https:\/\/ecocorner.eu\/en\/wp-json\/wp\/v2\/media\/6711"}],"wp:attachment":[{"href":"https:\/\/ecocorner.eu\/en\/wp-json\/wp\/v2\/media?parent=6710"}],"wp:term":[{"taxonomy":"product_brand","embeddable":true,"href":"https:\/\/ecocorner.eu\/en\/wp-json\/wp\/v2\/product_brand?post=6710"},{"taxonomy":"product_cat","embeddable":true,"href":"https:\/\/ecocorner.eu\/en\/wp-json\/wp\/v2\/product_cat?post=6710"},{"taxonomy":"product_tag","embeddable":true,"href":"https:\/\/ecocorner.eu\/en\/wp-json\/wp\/v2\/product_tag?post=6710"}],"curies":[{"name":"wp","href":"https:\/\/api.w.org\/{rel}","templated":true}]}}