{"id":6713,"date":"2025-04-24T18:00:27","date_gmt":"2025-04-24T18:00:27","guid":{"rendered":"https:\/\/ecocorner.eu\/?post_type=product&#038;p=6713"},"modified":"2026-01-08T21:52:02","modified_gmt":"2026-01-08T21:52:02","slug":"zielarnia-suwalska-mieszanka-ziolowa-candida-200-g","status":"publish","type":"product","link":"https:\/\/ecocorner.eu\/en\/product\/zielarnia-suwalska-mieszanka-ziolowa-candida-200-g\/","title":{"rendered":"Zielarnia Suwalska   Mieszanka zio\u0142owa  CANDIDA  200 g"},"content":{"rendered":"<p><strong>OPIS OFEROWANEJ MIESZANKI ZIO\u0141OWEJ:<\/strong><\/p>\n<p><strong>Ingredients:<br \/>\n<\/strong>(Neem) Miodla indyjska \u2013 Azadirachta indica<br \/>\n(La Pacho) Pau d\u2019arco kora \u2013 Tabebuia impetiginosa<br \/>\nOliwka europejska li\u015b\u0107 \u2013 Olea europea<br \/>\nCzarnuszka siewna owoc \u2013 Nigella sativa<br \/>\nCzystek szary ziele \u2013 Cistus incanus<br \/>\nCzy\u015bciec le\u015bny ziele \u2013 Stachys sylvatica<br \/>\n(Oregano) Lebiodka pospolita li\u015b\u0107 \u2013 Origanum vulgare<br \/>\nTymianek w\u0142a\u015bciwy ziele \u2013 Thymus vulgaris<br \/>\nGo\u017adzikowiec korzenny p\u0105czki kwiatowe \u2013 Syzygium aromaticum<\/p>\n<p><strong>Net weight:<\/strong> 200 g<\/p>","protected":false},"excerpt":{"rendered":"<p>Mieszanka zio\u0142owa\u00a0 polecana przy przero\u015bcie Candida Albicans\u00a0 .<\/p>\n<p><em>Mieszanki autorskie to wynik wieloletniej praktyki zielarskiej opartej na wiedzy akademickiej. Przepisy na przestrzeni lat zosta\u0142y przetestowane przez tysi\u0105ce os\u00f3b na ca\u0142ym \u015bwiecie.<\/em><\/p>\n<p><em>W zale\u017cno\u015bci od partii, w zio\u0142ach mog\u0105 wyst\u0119powa\u0107 r\u00f3\u017cnice w wygl\u0105dzie, zapachu i smaku. Mieszanki zio\u0142owe charakteryzuje zmienno\u015b\u0107 ze wzgl\u0119du na zio\u0142a u\u017cyte do produkcji, a te mog\u0105 pochodzi\u0107 z r\u00f3\u017cnych zbior\u00f3w.<\/em><\/p>","protected":false},"featured_media":6714,"template":"","meta":{"ocean_post_layout":"","ocean_both_sidebars_style":"","ocean_both_sidebars_content_width":0,"ocean_both_sidebars_sidebars_width":0,"ocean_sidebar":"0","ocean_second_sidebar":"0","ocean_disable_margins":"enable","ocean_add_body_class":"","ocean_shortcode_before_top_bar":"","ocean_shortcode_after_top_bar":"","ocean_shortcode_before_header":"","ocean_shortcode_after_header":"","ocean_has_shortcode":"","ocean_shortcode_after_title":"","ocean_shortcode_before_footer_widgets":"","ocean_shortcode_after_footer_widgets":"","ocean_shortcode_before_footer_bottom":"","ocean_shortcode_after_footer_bottom":"","ocean_display_top_bar":"default","ocean_display_header":"default","ocean_header_style":"","ocean_center_header_left_menu":"0","ocean_custom_header_template":"0","ocean_custom_logo":0,"ocean_custom_retina_logo":0,"ocean_custom_logo_max_width":0,"ocean_custom_logo_tablet_max_width":0,"ocean_custom_logo_mobile_max_width":0,"ocean_custom_logo_max_height":0,"ocean_custom_logo_tablet_max_height":0,"ocean_custom_logo_mobile_max_height":0,"ocean_header_custom_menu":"0","ocean_menu_typo_font_family":"0","ocean_menu_typo_font_subset":"","ocean_menu_typo_font_size":0,"ocean_menu_typo_font_size_tablet":0,"ocean_menu_typo_font_size_mobile":0,"ocean_menu_typo_font_size_unit":"px","ocean_menu_typo_font_weight":"","ocean_menu_typo_font_weight_tablet":"","ocean_menu_typo_font_weight_mobile":"","ocean_menu_typo_transform":"","ocean_menu_typo_transform_tablet":"","ocean_menu_typo_transform_mobile":"","ocean_menu_typo_line_height":0,"ocean_menu_typo_line_height_tablet":0,"ocean_menu_typo_line_height_mobile":0,"ocean_menu_typo_line_height_unit":"","ocean_menu_typo_spacing":0,"ocean_menu_typo_spacing_tablet":0,"ocean_menu_typo_spacing_mobile":0,"ocean_menu_typo_spacing_unit":"","ocean_menu_link_color":"","ocean_menu_link_color_hover":"","ocean_menu_link_color_active":"","ocean_menu_link_background":"","ocean_menu_link_hover_background":"","ocean_menu_link_active_background":"","ocean_menu_social_links_bg":"","ocean_menu_social_hover_links_bg":"","ocean_menu_social_links_color":"","ocean_menu_social_hover_links_color":"","ocean_disable_title":"default","ocean_disable_heading":"default","ocean_post_title":"","ocean_post_subheading":"","ocean_post_title_style":"","ocean_post_title_background_color":"","ocean_post_title_background":0,"ocean_post_title_bg_image_position":"","ocean_post_title_bg_image_attachment":"","ocean_post_title_bg_image_repeat":"","ocean_post_title_bg_image_size":"","ocean_post_title_height":0,"ocean_post_title_bg_overlay":0.5,"ocean_post_title_bg_overlay_color":"","ocean_disable_breadcrumbs":"default","ocean_breadcrumbs_color":"","ocean_breadcrumbs_separator_color":"","ocean_breadcrumbs_links_color":"","ocean_breadcrumbs_links_hover_color":"","ocean_display_footer_widgets":"default","ocean_display_footer_bottom":"default","ocean_custom_footer_template":"0"},"product_brand":[],"product_cat":[56,76],"product_tag":[],"class_list":{"0":"post-6713","1":"product","2":"type-product","3":"status-publish","4":"has-post-thumbnail","6":"product_cat-herbaty-ziolowe","7":"product_cat-zielarnia-suwalska-gotowe-mieszanki-ziolowe","9":"entry","10":"has-media","12":"first","13":"outofstock","14":"shipping-taxable","15":"purchasable","16":"product-type-simple","17":"has-product-nav","18":"col","19":"span_1_of_3","20":"owp-content-left","21":"owp-thumbs-layout-horizontal","22":"owp-btn-normal","23":"owp-tabs-layout-horizontal","24":"has-no-thumbnails"},"_links":{"self":[{"href":"https:\/\/ecocorner.eu\/en\/wp-json\/wp\/v2\/product\/6713","targetHints":{"allow":["GET"]}}],"collection":[{"href":"https:\/\/ecocorner.eu\/en\/wp-json\/wp\/v2\/product"}],"about":[{"href":"https:\/\/ecocorner.eu\/en\/wp-json\/wp\/v2\/types\/product"}],"version-history":[{"count":1,"href":"https:\/\/ecocorner.eu\/en\/wp-json\/wp\/v2\/product\/6713\/revisions"}],"predecessor-version":[{"id":6715,"href":"https:\/\/ecocorner.eu\/en\/wp-json\/wp\/v2\/product\/6713\/revisions\/6715"}],"wp:featuredmedia":[{"embeddable":true,"href":"https:\/\/ecocorner.eu\/en\/wp-json\/wp\/v2\/media\/6714"}],"wp:attachment":[{"href":"https:\/\/ecocorner.eu\/en\/wp-json\/wp\/v2\/media?parent=6713"}],"wp:term":[{"taxonomy":"product_brand","embeddable":true,"href":"https:\/\/ecocorner.eu\/en\/wp-json\/wp\/v2\/product_brand?post=6713"},{"taxonomy":"product_cat","embeddable":true,"href":"https:\/\/ecocorner.eu\/en\/wp-json\/wp\/v2\/product_cat?post=6713"},{"taxonomy":"product_tag","embeddable":true,"href":"https:\/\/ecocorner.eu\/en\/wp-json\/wp\/v2\/product_tag?post=6713"}],"curies":[{"name":"wp","href":"https:\/\/api.w.org\/{rel}","templated":true}]}}