{"id":6769,"date":"2025-05-21T10:22:32","date_gmt":"2025-05-21T10:22:32","guid":{"rendered":"https:\/\/ecocorner.eu\/?post_type=product&#038;p=6769"},"modified":"2025-10-08T18:01:28","modified_gmt":"2025-10-08T18:01:28","slug":"domowe-laboratorium-test-diagnostyczny-z-krwi-na-obecnosc-helicobacter-1-szt","status":"publish","type":"product","link":"https:\/\/ecocorner.eu\/en\/product\/domowe-laboratorium-test-diagnostyczny-z-krwi-na-obecnosc-helicobacter-1-szt\/","title":{"rendered":"Domowe Laboratorium   Test diagnostyczny z krwi  na obecno\u015b\u0107 Helicobacter   1 szt."},"content":{"rendered":"<section id=\"projector_longdescription\" class=\"projector_longdescription cm col-12\">\n<h2>Zawarto\u015b\u0107 opakowania:<\/h2>\n<p>Helicobacter TEST to niezwykle wygodny spos\u00f3b na przeprowadzenie szybkiego, jednorazowego badania w zaciszu w\u0142asnego domu. W opakowaniu znajduje si\u0119 wszystko, co jest potrzebne do jego przeprowadzenia:<\/p>\n<ul>\n<li>kopertka aluminiowa z testem (powinna by\u0107 szczelnie zamkni\u0119ta, w \u015brodku znajduje si\u0119 tak\u017ce poch\u0142aniacz wilgoci)<\/li>\n<li>sterylny nak\u0142uwacz<\/li>\n<li>plastikowa pipetka do pobrania krwi z palca<\/li>\n<li>pojemnik z roztworem, kt\u00f3rego 3 krople nale\u017cy doda\u0107 do okienka testowego zawieraj\u0105cego ju\u017c wprowadzon\u0105 wcze\u015bniej krew<\/li>\n<\/ul>\n<div><strong>Materia\u0142 do badania:<\/strong>\u00a0kropla krwi<\/p>\n<p><strong>Czas oczekiwania na wynik:<\/strong>\u00a0Wynik testu odczytujemy po 15 minutach<\/div>\n<div><\/div>\n<div>\n<h4><strong>To jest wyr\u00f3b medyczny. U\u017cywaj go zgodnie z instrukcj\u0105 u\u017cywania<br \/>\nlub etykiet\u0105. \u00a0<\/strong><\/h4>\n<\/div>\n<p>&nbsp;<\/p>\n<\/section>\n<div id=\"how_to_make_test\">\n<div class=\"big_label\">Jak wykona\u0107 badanie?<\/div>\n<p>Badanie z u\u017cyciem Helicobacter TEST to wygodny, szybki, jednorazowy oraz wiarygodny test na wykrycie przeciwcia\u0142 lgG. W opakowaniu testu powinny si\u0119 znajdowa\u0107:<\/p>\n<ul>\n<li>aluminiowa szczelnie zamkni\u0119ta koperta, zawieraj\u0105ca p\u0142ytk\u0119 testow\u0105 oraz \u015brodek poch\u0142aniaj\u0105cy wilgo\u0107,<\/li>\n<li>pojemnik z zakraplaczem zawieraj\u0105cy roztw\u00f3r,<\/li>\n<li>jeden sterylny nak\u0142uwacz,<\/li>\n<li>jedna plastikowa pipetka,<\/li>\n<li>instrukcja obs\u0142ugi testu.<\/li>\n<\/ul>\n<p><strong>Przed badaniem<\/strong><\/p>\n<p>Przygotuj \u015brodek dezynfekuj\u0105cy opuszki palca (np. wacik nas\u0105czony 70% alkoholem), a tak\u017ce kawa\u0142ek papierowego r\u0119cznika oraz zegarek do odmierzenia czasu potrzebnego do odczytu wyniku badania.<\/p>\n<p>Umyj dok\u0142adnie r\u0119ce myd\u0142em w ciep\u0142ej, bie\u017c\u0105cej wodzie przed badaniem. Nie musisz by\u0107 na czczo. Test przed wykonaniem badania powinien mie\u0107 temperatur\u0119 pokojow\u0105. Stosuj si\u0119 \u015bci\u015ble do zalece\u0144 znajduj\u0105cych si\u0119 w instrukcji obs\u0142ugi testu.<\/p>\n<p><strong>Wykonanie badania<\/strong><\/p>\n<ul>\n<li>Otw\u00f3rz aluminiow\u0105 kopert\u0119 i wyjmij z niej p\u0142ytk\u0119 testow\u0105. Po\u0142\u00f3\u017c j\u0105 na poziomej powierzchni. \u015arodek poch\u0142aniaj\u0105cy wilgo\u0107, znajduj\u0105cy si\u0119 r\u00f3wnie\u017c w kopercie, wyrzu\u0107 do kosza na \u015bmieci.<\/li>\n<\/ul>\n<p><strong>Pami\u0119taj, aby wykona\u0107 badanie w ci\u0105gu godziny od momentu otwarcia aluminiowej koperty.<\/strong><\/p>\n<ul>\n<li>Wyjmij nak\u0142uwacz z opakowania oraz pipet\u0119. Nak\u0142uwacz, jak sama nazwa wskazuje, pos\u0142u\u017cy do nak\u0142ucia palca, natomiast za pomoc\u0105 pipety pobierzesz krew z palca do badania.<\/li>\n<li>Delikatnie pomasuj palec, kt\u00f3ry zostanie nak\u0142uty przez minimum 30 sekund.<\/li>\n<li>Zdezynfekuj opuszek palca, a nast\u0119pnie odczekaj 30-60 sekund, a\u017c sk\u00f3ra opuszka palca ca\u0142kowicie wyschnie.<\/li>\n<li>Zdejmij nasadk\u0119 ochronn\u0105 z nak\u0142uwacza, przekr\u0119caj\u0105c j\u0105 o 90o.<\/li>\n<li>Przy\u0142\u00f3\u017c nak\u0142uwacz do opuszka palca i doci\u015bnij go, a\u017c us\u0142yszysz charakterystyczny \u201eklik\u201d. Ten d\u017awi\u0119k b\u0119dzie oznacza\u0107, \u017ce palec zosta\u0142 nak\u0142uty.<\/li>\n<li>Opu\u015b\u0107 r\u0119k\u0119 z nak\u0142utym palcem w d\u00f3\u0142, aby mog\u0142a powsta\u0107 du\u017ca i pe\u0142na kropla krwi. Mo\u017cesz dodatkowo ucisn\u0105\u0107 nak\u0142uty palec z obu stron, aby krew szybciej nap\u0142yn\u0119\u0142a do nak\u0142utego opuszka.<\/li>\n<li>Zbli\u017c ko\u0144c\u00f3wk\u0119 pipety w pozycji poziomej do powsta\u0142ej kropli krwi, nie \u015bciskaj\u0105c przy tym ani pipety, ani opuszka palca.<\/li>\n<li>Pod wp\u0142ywem si\u0142 kapilarnych krew samoistnie zacznie wp\u0142ywa\u0107 do pipety. Trzymaj j\u0105 przy\u0142o\u017con\u0105 do kropli krwi tak d\u0142ugo, a\u017c krew wype\u0142ni pipet\u0119 do czarnej kreski. Nie pozw\u00f3l do powstawania we wn\u0119trzu pipety p\u0119cherzyk\u00f3w powietrza.<\/li>\n<li>Po nape\u0142nieniu pipety, umie\u015b\u0107 ca\u0142\u0105 jej zawarto\u015b\u0107 w okr\u0105g\u0142ym okienku na p\u0142ytce testowej. Poczekaj, a\u017c ca\u0142o\u015b\u0107 krwi zostanie wch\u0142oni\u0119ta przez p\u0142ytk\u0119.<\/li>\n<li>Z buteleczki z roztworem pobierz 3 krople cieczy i wprowad\u017a je do okienka testowego.<\/li>\n<li>Wynik testu mo\u017cesz odczyta\u0107 w czasie 15 minut od momentu dodania roztworu.<\/li>\n<\/ul>\n<p><strong>Po czasie d\u0142u\u017cszym ni\u017c 30 minut wynik badania nie powinien by\u0107 brany pod uwag\u0119.<\/strong><\/p>\n<p>Po wykonaniu badania pozosta\u0142\u0105 ilo\u015b\u0107 roztworu wylej do toalety, a po odczytaniu wyniku testu, p\u0142ytk\u0119 oraz pojemnik wyrzu\u0107 do \u015bmieci.<\/p>\n<\/div>\n<div id=\"how_to_read_test\">\n<div class=\"big_label\">Interpretacja wynik\u00f3w testu<\/div>\n<p>O wiarygodno\u015bci przeprowadzonego badania decyduje przede wszystkim zachowanie wszelkich norm bezpiecze\u0144stwa oraz przestrzeganie zasad wykonania testu, o kt\u00f3rych m\u00f3wi instrukcja obs\u0142ugi produktu.<\/p>\n<p>&nbsp;<\/p>\n<div class=\"col-md-4 col-sm-12 col-xs-12\">\n<p><span class=\"primary_color\"><strong>Wynik dodatni<\/strong><\/span><\/p>\n<p>Wynik testu uwa\u017ca si\u0119 za dodatni, je\u017celi w okienku wynikowym pojawi\u0105 si\u0119 dwa pr\u0105\u017cki \u2013 kontrolny C oraz testowy T. Oznaczaj\u0105 one, \u017ce w pobranej pr\u00f3bce krwi wykryte zosta\u0142y przeciwcia\u0142a anty-H. pylori. Pasek w strefie testowej T mo\u017ce mie\u0107 nieco s\u0142absz\u0105, tak\u0105 sam\u0105 lub mocniejsz\u0105 intensywno\u015b\u0107 barwy ni\u017c pasek w strefie kontrolnej C. Jednak, tak naprawd\u0119, nie ma to wi\u0119kszego znaczenia.<\/p>\n<p>&nbsp;<\/p>\n<\/div>\n<div class=\"col-md-4 col-sm-12 col-xs-12\">\n<p><span class=\"secondary_color\"><strong>Wynik ujemny<\/strong><\/span><\/p>\n<p>Wynik badania jest negatywny, je\u017celi w okienku wynikowym pojawi si\u0119 tylko jeden pasek w strefie kontrolnej C, natomiast pasek testowy T b\u0119dzie niewidoczny. Taki wynik oznacza, \u017ce w pr\u00f3bce krwi nie wykryto przeciwcia\u0142 anty-H. pylori.<\/p>\n<\/div>\n<div class=\"col-md-4 col-sm-12 col-xs-12\">\n<p><strong>Wynik niewa\u017cny<\/strong><\/p>\n<p>Wynik badania uwa\u017ca si\u0119 za niewa\u017cny, je\u017celi w okienku wynikowym nie pojawia si\u0119 \u017caden pasek lub widoczna jest jedynie linia testowa T. W takim przypadku najlepiej jest powt\u00f3rzy\u0107 badanie z u\u017cyciem nowego testu diagnostycznego.<\/p>\n<\/div>\n<\/div>","protected":false},"excerpt":{"rendered":"<h2><strong>Test na obecno\u015b\u0107 Helicobakter z krwi:\u00a0<\/strong><\/h2>\n<p><strong>Helicobacter pylori to bakteria, kt\u00f3ra przyczynia si\u0119 do powa\u017cnych stan\u00f3w zapalnych b\u0142ony \u015bluzowej \u017co\u0142\u0105dka, mog\u0105cych przekszta\u0142ci\u0107 si\u0119 w chorob\u0119 wrzodow\u0105, a nawet raka \u017co\u0142\u0105dka. <\/strong><\/p>\n<p>Helicobacter TEST pozwala na wykrycie przeciwcia\u0142 IgG, kt\u00f3re wyst\u0119puj\u0105 w organizmach ludzi zaka\u017conych t\u0105 niebezpieczn\u0105 bakteri\u0105. Wed\u0142ug danych statystycznych, w krajach rozwijaj\u0105cych si\u0119 nawet 70 procent populacji jest jej nosicielem.<\/p>\n<p>Helicobacter pylori przez wiele lat mo\u017ce pozostawa\u0107 w u\u015bpieniu, by nagle zaatakowa\u0107. Jednak jej wczesne wykrycie pozwala przeprowadzi\u0107 skuteczn\u0105 terapi\u0119 antybiotykow\u0105, dzi\u0119ki kt\u00f3rej mamy szans\u0119 na wyleczenie. Objawami zaka\u017cenia mog\u0105 by\u0107 m. in.: zaparcia, md\u0142o\u015bci, wzd\u0119cia, zgaga, b\u00f3le brzucha.<\/p>\n<p><strong>Korzystaj\u0105c z wiarygodnej diagnostyki, jak\u0105 daje Helicobacter TEST, mamy mo\u017cliwo\u015b\u0107 unikni\u0119cia powa\u017cnych chor\u00f3b i komplikacji zdrowotnych.<\/strong><\/p>\n<p><strong>Jak wykonujemy badanie?<br \/>\n<\/strong>Pobran\u0105 z palca krew, umieszczamy na okr\u0105g\u0142e pole testowe. Nast\u0119pnie dodajemy roztw\u00f3r i czekamy 15 minut na wyniki badania.<br \/>\nJe\u015bli w okienku z pr\u00f3bk\u0105 pojawi\u0105 si\u0119 dwa r\u00f3\u017cowe pr\u0105\u017cki, oznacza to, \u017ce wynik testu jest dodatni \u2013 w naszym organizmie obecne s\u0105 przeciwcia\u0142a Helicobacter pylori.<br \/>\nW takim przypadku nale\u017cy niezw\u0142ocznie skontaktowa\u0107 si\u0119 z lekarzem.<\/p>","protected":false},"featured_media":6770,"template":"","meta":{"ocean_post_layout":"","ocean_both_sidebars_style":"","ocean_both_sidebars_content_width":0,"ocean_both_sidebars_sidebars_width":0,"ocean_sidebar":"0","ocean_second_sidebar":"0","ocean_disable_margins":"enable","ocean_add_body_class":"","ocean_shortcode_before_top_bar":"","ocean_shortcode_after_top_bar":"","ocean_shortcode_before_header":"","ocean_shortcode_after_header":"","ocean_has_shortcode":"","ocean_shortcode_after_title":"","ocean_shortcode_before_footer_widgets":"","ocean_shortcode_after_footer_widgets":"","ocean_shortcode_before_footer_bottom":"","ocean_shortcode_after_footer_bottom":"","ocean_display_top_bar":"default","ocean_display_header":"default","ocean_header_style":"","ocean_center_header_left_menu":"0","ocean_custom_header_template":"0","ocean_custom_logo":0,"ocean_custom_retina_logo":0,"ocean_custom_logo_max_width":0,"ocean_custom_logo_tablet_max_width":0,"ocean_custom_logo_mobile_max_width":0,"ocean_custom_logo_max_height":0,"ocean_custom_logo_tablet_max_height":0,"ocean_custom_logo_mobile_max_height":0,"ocean_header_custom_menu":"0","ocean_menu_typo_font_family":"0","ocean_menu_typo_font_subset":"","ocean_menu_typo_font_size":0,"ocean_menu_typo_font_size_tablet":0,"ocean_menu_typo_font_size_mobile":0,"ocean_menu_typo_font_size_unit":"px","ocean_menu_typo_font_weight":"","ocean_menu_typo_font_weight_tablet":"","ocean_menu_typo_font_weight_mobile":"","ocean_menu_typo_transform":"","ocean_menu_typo_transform_tablet":"","ocean_menu_typo_transform_mobile":"","ocean_menu_typo_line_height":0,"ocean_menu_typo_line_height_tablet":0,"ocean_menu_typo_line_height_mobile":0,"ocean_menu_typo_line_height_unit":"","ocean_menu_typo_spacing":0,"ocean_menu_typo_spacing_tablet":0,"ocean_menu_typo_spacing_mobile":0,"ocean_menu_typo_spacing_unit":"","ocean_menu_link_color":"","ocean_menu_link_color_hover":"","ocean_menu_link_color_active":"","ocean_menu_link_background":"","ocean_menu_link_hover_background":"","ocean_menu_link_active_background":"","ocean_menu_social_links_bg":"","ocean_menu_social_hover_links_bg":"","ocean_menu_social_links_color":"","ocean_menu_social_hover_links_color":"","ocean_disable_title":"default","ocean_disable_heading":"default","ocean_post_title":"","ocean_post_subheading":"","ocean_post_title_style":"","ocean_post_title_background_color":"","ocean_post_title_background":0,"ocean_post_title_bg_image_position":"","ocean_post_title_bg_image_attachment":"","ocean_post_title_bg_image_repeat":"","ocean_post_title_bg_image_size":"","ocean_post_title_height":0,"ocean_post_title_bg_overlay":0.5,"ocean_post_title_bg_overlay_color":"","ocean_disable_breadcrumbs":"default","ocean_breadcrumbs_color":"","ocean_breadcrumbs_separator_color":"","ocean_breadcrumbs_links_color":"","ocean_breadcrumbs_links_hover_color":"","ocean_display_footer_widgets":"default","ocean_display_footer_bottom":"default","ocean_custom_footer_template":"0"},"product_brand":[],"product_cat":[88],"product_tag":[],"class_list":{"0":"post-6769","1":"product","2":"type-product","3":"status-publish","4":"has-post-thumbnail","6":"product_cat-domowe-testy-diagnostyczne","8":"entry","9":"has-media","11":"first","12":"instock","13":"shipping-taxable","14":"purchasable","15":"product-type-simple","16":"has-product-nav","17":"col","18":"span_1_of_3","19":"owp-content-left","20":"owp-thumbs-layout-horizontal","21":"owp-btn-normal","22":"owp-tabs-layout-horizontal","23":"has-no-thumbnails"},"_links":{"self":[{"href":"https:\/\/ecocorner.eu\/en\/wp-json\/wp\/v2\/product\/6769","targetHints":{"allow":["GET"]}}],"collection":[{"href":"https:\/\/ecocorner.eu\/en\/wp-json\/wp\/v2\/product"}],"about":[{"href":"https:\/\/ecocorner.eu\/en\/wp-json\/wp\/v2\/types\/product"}],"version-history":[{"count":1,"href":"https:\/\/ecocorner.eu\/en\/wp-json\/wp\/v2\/product\/6769\/revisions"}],"predecessor-version":[{"id":6771,"href":"https:\/\/ecocorner.eu\/en\/wp-json\/wp\/v2\/product\/6769\/revisions\/6771"}],"wp:featuredmedia":[{"embeddable":true,"href":"https:\/\/ecocorner.eu\/en\/wp-json\/wp\/v2\/media\/6770"}],"wp:attachment":[{"href":"https:\/\/ecocorner.eu\/en\/wp-json\/wp\/v2\/media?parent=6769"}],"wp:term":[{"taxonomy":"product_brand","embeddable":true,"href":"https:\/\/ecocorner.eu\/en\/wp-json\/wp\/v2\/product_brand?post=6769"},{"taxonomy":"product_cat","embeddable":true,"href":"https:\/\/ecocorner.eu\/en\/wp-json\/wp\/v2\/product_cat?post=6769"},{"taxonomy":"product_tag","embeddable":true,"href":"https:\/\/ecocorner.eu\/en\/wp-json\/wp\/v2\/product_tag?post=6769"}],"curies":[{"name":"wp","href":"https:\/\/api.w.org\/{rel}","templated":true}]}}