{"id":6778,"date":"2025-05-21T10:33:13","date_gmt":"2025-05-21T10:33:13","guid":{"rendered":"https:\/\/ecocorner.eu\/?post_type=product&#038;p=6778"},"modified":"2025-10-08T18:00:58","modified_gmt":"2025-10-08T18:00:58","slug":"domowe-laboratorium-test-na-krew-utajona-w-kale-fob-test-1-szt","status":"publish","type":"product","link":"https:\/\/ecocorner.eu\/en\/product\/domowe-laboratorium-test-na-krew-utajona-w-kale-fob-test-1-szt\/","title":{"rendered":"Domowe  Laboratorium   Test na krew utajon\u0105 w kale FOB TEST  1 szt"},"content":{"rendered":"<section id=\"projector_longdescription\" class=\"projector_longdescription cm col-12\"><strong>Sk\u0142ad opakowania:<\/strong><\/p>\n<p>Opakowanie Testu na krew utajon\u0105 w kale FOB TEST zawiera wyposa\u017cenie niezb\u0119dne do wykonania jednego badania na obecno\u015b\u0107 krwi utajonej w kale:<\/p>\n<ul>\n<li>1 aluminiow\u0105 szczelnie zamkni\u0119ta kopertk\u0119, w kt\u00f3rej znajduje si\u0119: 1 p\u0142ytka testowa i 1 \u015brodek poch\u0142aniaj\u0105cy wilgo\u0107<\/li>\n<li>1 pojemnik z roztworem ekstrakcyjnym i z aplikatorem do pobierania pr\u00f3bek ka\u0142u<\/li>\n<li>1 instrukcj\u0119 u\u017cywania wyrobu<\/li>\n<\/ul>\n<p>Nale\u017cy przygotowa\u0107 zegarek, kt\u00f3ry b\u0119dzie potrzebny do odmierzenia czasu odczytu wyniku testu i chusteczk\u0119 higieniczn\u0105 pomocn\u0105 przy od\u0142amywaniu ko\u0144c\u00f3wki w pojemniku do pr\u00f3bek ka\u0142u.<\/p>\n<p><strong>Materia\u0142 do badania:<\/strong>\u00a0pr\u00f3bka ka\u0142u<\/p>\n<p><strong>Czas oczekiwania na wynik:<\/strong>\u00a0Wynik testu odczytujemy po up\u0142ywie 5 minut<\/p>\n<h4>\u00a0To jest wyr\u00f3b medyczny. U\u017cywaj go zgodnie z instrukcj\u0105 u\u017cywania<br \/>\nlub etykiet\u0105.<\/h4>\n<\/section>\n<div id=\"how_to_make_test\">\n<div class=\"big_label\">Jak wykona\u0107 badanie?<\/div>\n<p>W celu przeprowadzenia badania za pomoc\u0105 Zdrowe jelito FOB TESTu konieczna b\u0119dzie pr\u00f3bka ka\u0142u zebrana do suchego i czystego naczynia. Sama diagnoza powinna by\u0107 wykonana natychmiast po jego pobraniu, godzina nie jest elementem znacz\u0105cym.<\/p>\n<p>Podczas korzystania z testu nale\u017cy pami\u0119ta\u0107 r\u00f3wnie\u017c, aby:<\/p>\n<ul>\n<li>nie pobiera\u0107 ka\u0142u w czasie miesi\u0105czki oraz do 3 dni po jej wyst\u0105pieniu<\/li>\n<li>nie pobiera\u0107 pr\u00f3bki w czasie krwawienia hemoroid\u00f3w, wykrycia krwi w moczu lub uszkodzenia naczy\u0144 krwiono\u015bnych podczas oddawania stolca<\/li>\n<li>nale\u017cy wstrzyma\u0107 si\u0119 od przyjmowania alkoholu, aspiryny i innych lekarstw co najmniej 48 godzin przed przyst\u0105pieniem do badania<\/li>\n<\/ul>\n<div class=\"col-md-4 col-sm-12 col-xs-12\">\n<p><img decoding=\"async\" src=\"https:\/\/domowelaboratorium.pl\/data\/include\/cms\/jak-wykonac-badanie\/badanie-na-krew-w-kale-1.png\" alt=\"Badanie na krew w kale - pobieranie pr\u00f3bki do badania\" width=\"226\" height=\"179\" border=\"0\" \/><\/p>\n<p>Chwy\u0107 do\u0142\u0105czony do zestawu pojemnik, odkr\u0119\u0107 niebiesk\u0105 nakr\u0119tk\u0119 i za jego pomoc\u0105 pobierz pr\u00f3bk\u0119 ka\u0142u do badania.<\/p>\n<\/div>\n<div class=\"col-md-4 col-sm-12 col-xs-12\">\n<p><img decoding=\"async\" src=\"https:\/\/domowelaboratorium.pl\/data\/include\/cms\/jak-wykonac-badanie\/badanie-na-krew-w-kale-2.png\" alt=\"Badanie na krew w kale - spos\u00f3b pobrania pr\u00f3bki\" width=\"228\" height=\"179\" border=\"0\" \/><\/p>\n<p>Pobranie pr\u00f3bki nast\u0119puje poprzez wkr\u0119cenie ko\u0144c\u00f3wki aplikatora w trzy r\u00f3\u017cne miejsca ka\u0142u na g\u0142\u0119boko\u015b\u0107 ok. 1 cm. Pobrana substancja powinna cienko pokrywa\u0107 ko\u0144c\u00f3wk\u0119 aplikatora, w innym wypadku wynik testu mo\u017ce by\u0107 niewa\u017cny.<\/p>\n<\/div>\n<div class=\"col-md-4 col-sm-12 col-xs-12\">\n<p><img decoding=\"async\" src=\"https:\/\/domowelaboratorium.pl\/data\/include\/cms\/jak-wykonac-badanie\/badanie-na-krew-w-kale-3.png\" alt=\"Badanie na krew w kale - pr\u00f3bka w roztworze ekstrakcyjnym\" width=\"228\" height=\"181\" border=\"0\" \/><\/p>\n<p>Aplikator wsu\u0144 ponownie do pojemnika z roztworem ekstrakcyjnym, zakr\u0119\u0107 i energicznie wstrz\u0105\u015bnij.<\/p>\n<\/div>\n<div class=\"col-md-4 col-sm-12 col-xs-12\">\n<p><img loading=\"lazy\" decoding=\"async\" src=\"https:\/\/domowelaboratorium.pl\/data\/include\/cms\/jak-wykonac-badanie\/badanie-na-krew-w-kale-4.png\" alt=\"Badanie na krew w kale - otwieranie pojemnika z roztworem\" width=\"229\" height=\"180\" border=\"0\" \/><\/p>\n<p>Chwy\u0107 pojemnik z pr\u00f3bk\u0105 w taki spos\u00f3b, aby niebieska zakr\u0119tka by\u0142a skierowana ku g\u00f3rze i odkr\u0119\u0107 doln\u0105, bia\u0142\u0105 pokryw\u0119.<\/p>\n<\/div>\n<div class=\"col-md-4 col-sm-12 col-xs-12\">\n<p><img loading=\"lazy\" decoding=\"async\" src=\"https:\/\/domowelaboratorium.pl\/data\/include\/cms\/jak-wykonac-badanie\/badanie-na-krew-w-kale-5.png\" alt=\"Badanie na krew w kale - od\u0142amywanie ko\u0144c\u00f3wki\" width=\"229\" height=\"181\" border=\"0\" \/><\/p>\n<p>W celu dok\u0142adnego wymieszania pr\u00f3bki energicznie potrz\u0105\u015bnij pojemnikiem i korzystaj\u0105c z chusteczki higienicznej od\u0142am jej ko\u0144c\u00f3wk\u0119.<\/p>\n<\/div>\n<div class=\"col-md-4 col-sm-12 col-xs-12\">\n<p><img loading=\"lazy\" decoding=\"async\" src=\"https:\/\/domowelaboratorium.pl\/data\/include\/cms\/jak-wykonac-badanie\/badanie-na-krew-w-kale-6.png\" alt=\"Badanie na krew w kale - odczytywanie wynik\u00f3w badania\" width=\"233\" height=\"184\" border=\"0\" \/><\/p>\n<p>Za pomoc\u0105 nacisku na \u015bcianki pojemnika zaaplikuj trzy krople roztworu do okr\u0105g\u0142ego okienka na p\u0142ytce testowej. Uwa\u017caj, aby nie dosz\u0142o do fizycznego kontaktu z ni\u0105. Odmierz 5 minut i odczytaj wyniki badania. Pozosta\u0142\u0105 pr\u00f3bk\u0119 wyrzu\u0107 do toalety.<\/p>\n<\/div>\n<p>Wynik uzyskany po up\u0142ywie 10 minut jest niewiarygodny. Nie nale\u017cy bra\u0107 go pod uwag\u0119.<\/p>\n<\/div>\n<div id=\"how_to_read_test\">\n<div class=\"big_label\">Interpretacja wynik\u00f3w testu<\/div>\n<p>Zdrowe jelito FOB TEST to domowe narz\u0119dzie diagnostyczne, kt\u00f3re opiera si\u0119 na reakcji antygen-przeciwcia\u0142o. Membran\u0119 testu pokryto substancj\u0105, kt\u00f3ra reaguje z hemoglobin\u0105, a ostateczny wynik prezentowany jest w postaci barwnych pr\u0105\u017ck\u00f3w.<\/p>\n<p>&nbsp;<\/p>\n<div class=\"col-md-4 col-sm-12 col-xs-12\">\n<p><img loading=\"lazy\" decoding=\"async\" src=\"https:\/\/domowelaboratorium.pl\/data\/include\/cms\/jak-interpretowac-wyniki\/test-na-krew-w-kale-wynik-ujemny.png\" alt=\"Test na krew w kale - wynik ujemny\" width=\"94\" height=\"123\" border=\"0\" \/><\/p>\n<p><span class=\"secondary_color\"><strong>Wynik ujemny<\/strong><\/span><\/p>\n<p>Pojawia si\u0119 pr\u0105\u017cek kontrolny C. Wynik oznacza brak obecno\u015bci krwi w badanej pr\u00f3bce.<\/p>\n<\/div>\n<div class=\"col-md-4 col-sm-12 col-xs-12\">\n<p><img loading=\"lazy\" decoding=\"async\" src=\"https:\/\/domowelaboratorium.pl\/data\/include\/cms\/jak-interpretowac-wyniki\/test-na-krew-w-kale-wynik-dodatni.png\" alt=\"Test na krew w kale - wynik dodatni\" width=\"240\" height=\"119\" border=\"0\" \/><\/p>\n<p><span class=\"primary_color\"><strong>Wynik dodatni<\/strong><\/span><\/p>\n<p>Pojawiaj\u0105 si\u0119 dwa pr\u0105\u017cki o r\u00f3\u017cowej barwie. Wynik oznacza, \u017ce w badanej pr\u00f3bce ka\u0142u wykryto obecno\u015b\u0107 krwi utajonej. Nale\u017cy skonsultowa\u0107 si\u0119 z lekarzem w celu kontynuacji diagnozy.<\/p>\n<\/div>\n<div class=\"col-md-4 col-sm-12 col-xs-12\">\n<p><img loading=\"lazy\" decoding=\"async\" src=\"https:\/\/domowelaboratorium.pl\/data\/include\/cms\/jak-interpretowac-wyniki\/test-na-krew-w-kale-wynik-niewazny.png\" alt=\"Test na krew w kale - wynik niewa\u017cny\" width=\"175\" height=\"113\" border=\"0\" \/><\/p>\n<p><strong>Wynik niewa\u017cny<\/strong><\/p>\n<p>Brak reakcji lub pojawienie si\u0119 pojedynczego pr\u0105\u017cka kontrolnego T, oznacza niewa\u017cne badanie. W celu uzyskania prawid\u0142owego wyniku nale\u017cy przeprowadzi\u0107 wszystkie czynno\u015bci powt\u00f3rnie, u\u017cywaj\u0105c nowego testu.<\/p>\n<\/div>\n<p>Uwaga! Intensywno\u015b\u0107 koloru pro\u017ck\u00f3w nie ma znaczenia dla ostatecznych wynik\u00f3w badania. Nie powinna by\u0107 wi\u0119c brana pod uwag\u0119.<\/p>\n<\/div>","protected":false},"excerpt":{"rendered":"<p><strong>FOB TEST\u00a0 \u2013 badanie na krew utajon\u0105 w kale!<\/strong><\/p>\n<p>Test na krew utajon\u0105 w kale to jedno z najdoskonalszych narz\u0119dzi w profilaktyce zachorowa\u0144 na nowotwory jelita grubego. Niestety schorzenie to mo\u017ce rozwija\u0107 si\u0119 przez wiele lat bezobjawowo i bardzo cz\u0119sto wykrywane jest ju\u017c w bardzo zaawansowanym stadium.<\/p>\n<p><strong>Z tego powodu wszystkie osoby po uko\u0144czeniu 35 roku \u017cycia powinny przynajmniej raz w roku przeprowadza\u0107 przesiewowe badanie na krew utajon\u0105. W przypadku wyst\u0105pienia raka jelita grubego w rodzinie systematyczn\u0105 kontrol\u0119 nale\u017cy rozpocz\u0105\u0107 ju\u017c po uko\u0144czeniu 25 roku \u017cycia. <\/strong><\/p>\n<p>FOB TEST to w pe\u0142ni wiarygodne narz\u0119dzie diagnostyczne przeznaczone do u\u017cytku domowego, kt\u00f3rego czu\u0142o\u015b\u0107 umo\u017cliwia wykrycie w kale okre\u015blonej ilo\u015bci krwi, \u015bwiadcz\u0105cej o zmianach chorobowych w obszarze jelita grubego.<\/p>\n<p><strong>Test jest specyficzny dla hemoglobiny ludzkiej, dlatego nie musimy stosowa\u0107 przed badaniem \u017cadnej diety. <\/strong><\/p>\n<p>FOB Test sk\u0142ada si\u0119 z p\u0142ytki testowej, pojemnika z roztworem ekstrakcyjnym oraz aplikatora do pobrania pr\u00f3bek ka\u0142u. Przed wykonaniem testu nale\u017cy koniecznie zapozna\u0107 si\u0119 z do\u0142\u0105czon\u0105 do opakowania instrukcj\u0105 obs\u0142ugi.<\/p>\n<p>Badanie wykonujemy od razu po wypr\u00f3\u017cnieniu, zanurzaj\u0105c aplikator w 3 r\u00f3\u017cnych miejscach zebranego ka\u0142u na g\u0142\u0119boko\u015b\u0107 1 cm. Wa\u017cne by warstwa ka\u0142u by\u0142a cienka, w innym wypadku badanie mo\u017ce okaza\u0107 si\u0119 niewa\u017cne.<\/p>\n<p>Po pobraniu pr\u00f3bek wk\u0142adamy aplikator z powrotem do pojemnika z roztworem, zakr\u0119camy i mocno potrz\u0105samy, aby wymiesza\u0107 pr\u00f3bk\u0119 z odczynnikiem. Nast\u0119pnie od\u0142amujemy znajduj\u0105c\u0105 si\u0119 z drugiej strony pojemnika plastikow\u0105 ko\u0144c\u00f3wk\u0119 i wlewamy 2 krople roztworu do okr\u0105g\u0142ego okienka w p\u0142ytce testowej.<\/p>\n<p><strong>Wyniki testu nale\u017cy odczyta\u0107 po 5 minutach. Je\u015bli nie zd\u0105\u017cyli\u015bmy tego zrobi\u0107 i up\u0142yn\u0119\u0142o wi\u0119cej ni\u017c 10 minut, test nale\u017cy powt\u00f3rzy\u0107. Pojawienie si\u0119 w okienku wynikowym dw\u00f3ch r\u00f3\u017cowych pr\u0105\u017ck\u00f3w \u015bwiadczy o wykryciu krwi utajonej w kale. W przypadku pojawienia si\u0119 tylko pr\u0105\u017cka kontrolnego C wynik jest ujemny. <\/strong><\/p>\n<p>Zdj\u0119cie przedstawia opakowanie z 2018 roku, w sprzeda\u017cy mog\u0105 pojawia\u0107 si\u0119 r\u00f3wnie\u017c starsze opakowania.<\/p>","protected":false},"featured_media":6779,"template":"","meta":{"ocean_post_layout":"","ocean_both_sidebars_style":"","ocean_both_sidebars_content_width":0,"ocean_both_sidebars_sidebars_width":0,"ocean_sidebar":"0","ocean_second_sidebar":"0","ocean_disable_margins":"enable","ocean_add_body_class":"","ocean_shortcode_before_top_bar":"","ocean_shortcode_after_top_bar":"","ocean_shortcode_before_header":"","ocean_shortcode_after_header":"","ocean_has_shortcode":"","ocean_shortcode_after_title":"","ocean_shortcode_before_footer_widgets":"","ocean_shortcode_after_footer_widgets":"","ocean_shortcode_before_footer_bottom":"","ocean_shortcode_after_footer_bottom":"","ocean_display_top_bar":"default","ocean_display_header":"default","ocean_header_style":"","ocean_center_header_left_menu":"0","ocean_custom_header_template":"0","ocean_custom_logo":0,"ocean_custom_retina_logo":0,"ocean_custom_logo_max_width":0,"ocean_custom_logo_tablet_max_width":0,"ocean_custom_logo_mobile_max_width":0,"ocean_custom_logo_max_height":0,"ocean_custom_logo_tablet_max_height":0,"ocean_custom_logo_mobile_max_height":0,"ocean_header_custom_menu":"0","ocean_menu_typo_font_family":"0","ocean_menu_typo_font_subset":"","ocean_menu_typo_font_size":0,"ocean_menu_typo_font_size_tablet":0,"ocean_menu_typo_font_size_mobile":0,"ocean_menu_typo_font_size_unit":"px","ocean_menu_typo_font_weight":"","ocean_menu_typo_font_weight_tablet":"","ocean_menu_typo_font_weight_mobile":"","ocean_menu_typo_transform":"","ocean_menu_typo_transform_tablet":"","ocean_menu_typo_transform_mobile":"","ocean_menu_typo_line_height":0,"ocean_menu_typo_line_height_tablet":0,"ocean_menu_typo_line_height_mobile":0,"ocean_menu_typo_line_height_unit":"","ocean_menu_typo_spacing":0,"ocean_menu_typo_spacing_tablet":0,"ocean_menu_typo_spacing_mobile":0,"ocean_menu_typo_spacing_unit":"","ocean_menu_link_color":"","ocean_menu_link_color_hover":"","ocean_menu_link_color_active":"","ocean_menu_link_background":"","ocean_menu_link_hover_background":"","ocean_menu_link_active_background":"","ocean_menu_social_links_bg":"","ocean_menu_social_hover_links_bg":"","ocean_menu_social_links_color":"","ocean_menu_social_hover_links_color":"","ocean_disable_title":"default","ocean_disable_heading":"default","ocean_post_title":"","ocean_post_subheading":"","ocean_post_title_style":"","ocean_post_title_background_color":"","ocean_post_title_background":0,"ocean_post_title_bg_image_position":"","ocean_post_title_bg_image_attachment":"","ocean_post_title_bg_image_repeat":"","ocean_post_title_bg_image_size":"","ocean_post_title_height":0,"ocean_post_title_bg_overlay":0.5,"ocean_post_title_bg_overlay_color":"","ocean_disable_breadcrumbs":"default","ocean_breadcrumbs_color":"","ocean_breadcrumbs_separator_color":"","ocean_breadcrumbs_links_color":"","ocean_breadcrumbs_links_hover_color":"","ocean_display_footer_widgets":"default","ocean_display_footer_bottom":"default","ocean_custom_footer_template":"0"},"product_brand":[],"product_cat":[88],"product_tag":[],"class_list":{"0":"post-6778","1":"product","2":"type-product","3":"status-publish","4":"has-post-thumbnail","6":"product_cat-domowe-testy-diagnostyczne","8":"entry","9":"has-media","11":"first","12":"instock","13":"shipping-taxable","14":"purchasable","15":"product-type-simple","16":"has-product-nav","17":"col","18":"span_1_of_3","19":"owp-content-left","20":"owp-thumbs-layout-horizontal","21":"owp-btn-normal","22":"owp-tabs-layout-horizontal"},"_links":{"self":[{"href":"https:\/\/ecocorner.eu\/en\/wp-json\/wp\/v2\/product\/6778","targetHints":{"allow":["GET"]}}],"collection":[{"href":"https:\/\/ecocorner.eu\/en\/wp-json\/wp\/v2\/product"}],"about":[{"href":"https:\/\/ecocorner.eu\/en\/wp-json\/wp\/v2\/types\/product"}],"version-history":[{"count":1,"href":"https:\/\/ecocorner.eu\/en\/wp-json\/wp\/v2\/product\/6778\/revisions"}],"predecessor-version":[{"id":6781,"href":"https:\/\/ecocorner.eu\/en\/wp-json\/wp\/v2\/product\/6778\/revisions\/6781"}],"wp:featuredmedia":[{"embeddable":true,"href":"https:\/\/ecocorner.eu\/en\/wp-json\/wp\/v2\/media\/6779"}],"wp:attachment":[{"href":"https:\/\/ecocorner.eu\/en\/wp-json\/wp\/v2\/media?parent=6778"}],"wp:term":[{"taxonomy":"product_brand","embeddable":true,"href":"https:\/\/ecocorner.eu\/en\/wp-json\/wp\/v2\/product_brand?post=6778"},{"taxonomy":"product_cat","embeddable":true,"href":"https:\/\/ecocorner.eu\/en\/wp-json\/wp\/v2\/product_cat?post=6778"},{"taxonomy":"product_tag","embeddable":true,"href":"https:\/\/ecocorner.eu\/en\/wp-json\/wp\/v2\/product_tag?post=6778"}],"curies":[{"name":"wp","href":"https:\/\/api.w.org\/{rel}","templated":true}]}}