{"id":6782,"date":"2025-05-21T10:36:04","date_gmt":"2025-05-21T10:36:04","guid":{"rendered":"https:\/\/ecocorner.eu\/?post_type=product&#038;p=6782"},"modified":"2025-10-08T18:00:46","modified_gmt":"2025-10-08T18:00:46","slug":"domowe-laboratorium-test-na-infekcje-intymne-ph-1-szt","status":"publish","type":"product","link":"https:\/\/ecocorner.eu\/en\/product\/domowe-laboratorium-test-na-infekcje-intymne-ph-1-szt\/","title":{"rendered":"Domowe Laboratorium    Test na infekcje intymne  pH  1 szt."},"content":{"rendered":"<section id=\"projector_longdescription\" class=\"projector_longdescription cm col-12\"><strong>Sk\u0142ad opakowania:<\/strong><\/p>\n<p>Opakowanie zawiera 2 sztuki test\u00f3w s\u0142u\u017c\u0105cych do pomiaru pH pochwy oraz instrukcj\u0119 wykonania badania.<\/p>\n<p><strong>Materia\u0142 do badania:<\/strong>\u00a0pr\u00f3bka wydzieliny z pochwy<\/p>\n<p><strong>Czas oczekiwania na wynik:<\/strong>\u00a0Wynik testu odczytujemy\u00a0natychmiast po wyj\u0119ciu aplikatora z pochwy<\/p>\n<h4>\u00a0<strong>To jest wyr\u00f3b medyczny. U\u017cywaj go zgodnie z instrukcj\u0105 u\u017cywania<br \/>\nlub etykiet\u0105.\u00a0<\/strong><\/h4>\n<p>&nbsp;<\/p>\n<\/section>\n<div id=\"how_to_make_test\">\n<div class=\"big_label\">Jak wykona\u0107 badanie?<\/div>\n<p>Przed rozpocz\u0119ciem badania pH TEST nale\u017cy koniecznie zapozna\u0107 si\u0119 z do\u0142\u0105czon\u0105 do testu ulotka instrukcyjn\u0105. Opakowanie produktu zawiera dwa specjalne dopochwowe aplikatory z wbudowanym paskiem pomiarowym, dzi\u0119ki kt\u00f3rym mo\u017cna przeprowadzi\u0107 dwa niezale\u017cne badania odczynu pH pochwy. Na foliowym opakowaniu znajduje si\u0119 r\u00f3wnie\u017c skala barwna, z kt\u00f3r\u0105 nale\u017cy por\u00f3wna\u0107 uzyskane wyniki.<\/p>\n<ul>\n<li>Pierwsz\u0105, podstawow\u0105 rzecz\u0105 przed przyst\u0105pieniem do badania jest dok\u0142adne umycie r\u0105k.<\/li>\n<li>Otw\u00f3rz foliow\u0105 kopert\u0119 i wyjmij aplikator dopochwowy. Nie wyrzucaj koperty. Pos\u0142u\u017cy ona do odczytu wyniku testu.<\/li>\n<li>Aplikator umie\u015b\u0107 pomi\u0119dzy kciukiem a palcem wskazuj\u0105cym. Pami\u0119taj, aby palec wskazuj\u0105cy znajdowa\u0142 si\u0119 zawsze po stronie aplikatora, na kt\u00f3rej znajduje si\u0119 powierzchnia pomiarowa.<\/li>\n<li>Badanie mo\u017cesz przeprowadzi\u0107 siedz\u0105c na muszli klozetowej lub stoj\u0105c w lekkim rozkroku.<\/li>\n<li>Woln\u0105 r\u0119k\u0105 delikatnie rozchyl uj\u015bcie pochwy i wprowad\u017a aplikator do pochwy na g\u0142\u0119boko\u015b\u0107 ok. 2,5 cm (nie g\u0142\u0119biej ni\u017c do okr\u0105g\u0142ego uchwytu) dociskaj\u0105c pole testowe aplikatora w kierunku odbytu przez 10 sekund.<\/li>\n<li>Po tym czasie ostro\u017cnie usu\u0144 aplikator z pochwy.<\/li>\n<\/ul>\n<\/div>\n<div id=\"how_to_read_test\">\n<div class=\"big_label\">Interpretacja wynik\u00f3w<\/div>\n<p>Do pH TEST do\u0142\u0105czona jest skala pomiarowa, z kt\u00f3r\u0105 nale\u017cy por\u00f3wna\u0107 otrzymane wyniki badania. Pami\u0119taj, aby przez przypadek jej nie wyrzuci\u0107.<\/p>\n<p>&nbsp;<\/p>\n<ul>\n<li>&#8211; Wynik testu odczytaj po zako\u0144czeniu badania i wyj\u0119ciu aplikatora z pochwy. Por\u00f3wnaj barw\u0119 z powierzchni testowej pH aplikatora ze skal\u0105 znajduj\u0105c\u0105 si\u0119 na foliowym opakowaniu.<\/li>\n<li>&#8211; Uzyskany wynik to Twoja warto\u015b\u0107 pH pochwy przy barwie najbardziej zbli\u017conej do barwy na pasku testowym.<\/li>\n<\/ul>\n<p>&nbsp;<\/p>\n<p>Je\u017celi badanie zosta\u0142o przeprowadzone w spos\u00f3b prawid\u0142owy, powierzchnia pomiarowa pH testu poka\u017ce jednolity kolor, informuj\u0105cy o warto\u015bci pH Twojej pochwy.<\/p>\n<p>&nbsp;<\/p>\n<div class=\"col-md-6 col-sm-12 col-xs-12\">\n<p><strong>Prawid\u0142owy zakres pH pochwy<\/strong> (kolor wska\u017anika ma kolor \u017c\u00f3\u0142tawy) mie\u015bci si\u0119 w przedziale od 4,0 do 4,4.<\/p>\n<\/div>\n<div class=\"col-md-6 col-sm-12 col-xs-12\">\n<p><strong>Nieprawid\u0142owy zakres pH pochwy<\/strong> (kolor ciemniejszy, zazwyczaj o odcieniu br\u0105zowo-zielono-niebieskim) to warto\u015b\u0107 powy\u017cej 4,4. W\u00f3wczas masz pewno\u015b\u0107, \u017ce Twoje \u015brodowisko pH w pochwie jest nieprawid\u0142owe, co mo\u017ce zwi\u0119ksza\u0107 ryzyko pojawiania si\u0119 infekcji oraz prowadzi\u0107 do przedwczesnego porodu.<\/p>\n<\/div>\n<\/div>","protected":false},"excerpt":{"rendered":"<p><strong>Wygodny w u\u017cyciu pH test umo\u017cliwia kobietom samodzielne zbadanie poziomu pH w pochwie. Pozwala to na wygodn\u0105 i pozbawion\u0105 skr\u0119powania kontrol\u0119 zdrowia jednej z najbardziej intymnych sfer kobiecego cia\u0142a.<\/strong><\/p>\n<p>Za pomoc\u0105 pH testu mo\u017cna przeprowadzi\u0107 profesjonalne badanie diagnostyczne \u015brodowiska pochwy, kt\u00f3re powinno mie\u0107 odczyn kwa\u015bny, mieszcz\u0105cy si\u0119 w zakresie 3,8-4,4 pH. Odpowiednie st\u0119\u017cenie pH gwarantuje zachowanie r\u00f3wnowagi i zapobiega powstawaniu infekcji intymnych.<\/p>\n<p><strong>ph Test wskazany jest nie tylko w przypadku stwierdzenia objaw\u00f3w zapalnych w okolicy pochwy, takich jak \u015bwi\u0105d, pieczenie, zaczerwienienie czy pojawienie si\u0119 up\u0142aw\u00f3w. <\/strong><\/p>\n<p>W celach profilaktycznych warto z niego skorzysta\u0107 r\u00f3wnie\u017c w okresie ci\u0105\u017cy, po antybiotykoterapii, a tak\u017ce przed i po wszelkiego rodzaju zabiegach chirurgicznych obejmuj\u0105cych strefy intymne.<\/p>\n<p>Badanie przeprowadza si\u0119 za pomoc\u0105 specjalnego dopochwowego aplikatora z wbudowanym paskiem pomiarowym. W trakcie przeprowadzania testu nale\u017cy zachowa\u0107 ostro\u017cno\u015b\u0107. Aplikator wprowadzamy delikatnie do pochwy na g\u0142\u0119boko\u015b\u0107 oko\u0142o 2,5 cm, ca\u0142y czas go trzymaj\u0105c.<\/p>\n<p>Wyniki testu otrzymujemy po 10 sekundach. Nale\u017cy je odczyta\u0107 natychmiast po wyci\u0105gni\u0119ciu, por\u00f3wnuj\u0105c zmiany barwne w okienku testowym do do\u0142\u0105czonej do testu skali pomiarowej.<\/p>\n<p>Przed przyst\u0105pieniem do badania trzeba koniecznie przeczyta\u0107 do\u0142\u0105czon\u0105 do testu instrukcj\u0119 obs\u0142ugi. W opakowaniu znajduj\u0105 si\u0119 dwa oddzielne paski testowe, pozwalaj\u0105ce na przeprowadzenie dw\u00f3ch niezale\u017cnych bada\u0144.<\/p>\n<p><strong>Podwy\u017cszone pH zwi\u0119ksza ryzyko wyst\u0105pienia r\u00f3\u017cnego rodzaju infekcji. Przyczyn\u0105 jego zwi\u0119kszenia mo\u017ce by\u0107 stosowanie nieodpowiednich \u015brodk\u00f3w higienicznych, a tak\u017ce dieta, przyjmowane leki oraz prowadzony styl \u017cycia.<\/strong><\/p>","protected":false},"featured_media":6783,"template":"","meta":{"ocean_post_layout":"","ocean_both_sidebars_style":"","ocean_both_sidebars_content_width":0,"ocean_both_sidebars_sidebars_width":0,"ocean_sidebar":"0","ocean_second_sidebar":"0","ocean_disable_margins":"enable","ocean_add_body_class":"","ocean_shortcode_before_top_bar":"","ocean_shortcode_after_top_bar":"","ocean_shortcode_before_header":"","ocean_shortcode_after_header":"","ocean_has_shortcode":"","ocean_shortcode_after_title":"","ocean_shortcode_before_footer_widgets":"","ocean_shortcode_after_footer_widgets":"","ocean_shortcode_before_footer_bottom":"","ocean_shortcode_after_footer_bottom":"","ocean_display_top_bar":"default","ocean_display_header":"default","ocean_header_style":"","ocean_center_header_left_menu":"0","ocean_custom_header_template":"0","ocean_custom_logo":0,"ocean_custom_retina_logo":0,"ocean_custom_logo_max_width":0,"ocean_custom_logo_tablet_max_width":0,"ocean_custom_logo_mobile_max_width":0,"ocean_custom_logo_max_height":0,"ocean_custom_logo_tablet_max_height":0,"ocean_custom_logo_mobile_max_height":0,"ocean_header_custom_menu":"0","ocean_menu_typo_font_family":"0","ocean_menu_typo_font_subset":"","ocean_menu_typo_font_size":0,"ocean_menu_typo_font_size_tablet":0,"ocean_menu_typo_font_size_mobile":0,"ocean_menu_typo_font_size_unit":"px","ocean_menu_typo_font_weight":"","ocean_menu_typo_font_weight_tablet":"","ocean_menu_typo_font_weight_mobile":"","ocean_menu_typo_transform":"","ocean_menu_typo_transform_tablet":"","ocean_menu_typo_transform_mobile":"","ocean_menu_typo_line_height":0,"ocean_menu_typo_line_height_tablet":0,"ocean_menu_typo_line_height_mobile":0,"ocean_menu_typo_line_height_unit":"","ocean_menu_typo_spacing":0,"ocean_menu_typo_spacing_tablet":0,"ocean_menu_typo_spacing_mobile":0,"ocean_menu_typo_spacing_unit":"","ocean_menu_link_color":"","ocean_menu_link_color_hover":"","ocean_menu_link_color_active":"","ocean_menu_link_background":"","ocean_menu_link_hover_background":"","ocean_menu_link_active_background":"","ocean_menu_social_links_bg":"","ocean_menu_social_hover_links_bg":"","ocean_menu_social_links_color":"","ocean_menu_social_hover_links_color":"","ocean_disable_title":"default","ocean_disable_heading":"default","ocean_post_title":"","ocean_post_subheading":"","ocean_post_title_style":"","ocean_post_title_background_color":"","ocean_post_title_background":0,"ocean_post_title_bg_image_position":"","ocean_post_title_bg_image_attachment":"","ocean_post_title_bg_image_repeat":"","ocean_post_title_bg_image_size":"","ocean_post_title_height":0,"ocean_post_title_bg_overlay":0.5,"ocean_post_title_bg_overlay_color":"","ocean_disable_breadcrumbs":"default","ocean_breadcrumbs_color":"","ocean_breadcrumbs_separator_color":"","ocean_breadcrumbs_links_color":"","ocean_breadcrumbs_links_hover_color":"","ocean_display_footer_widgets":"default","ocean_display_footer_bottom":"default","ocean_custom_footer_template":"0"},"product_brand":[],"product_cat":[88],"product_tag":[],"class_list":{"0":"post-6782","1":"product","2":"type-product","3":"status-publish","4":"has-post-thumbnail","6":"product_cat-domowe-testy-diagnostyczne","8":"entry","9":"has-media","11":"first","12":"instock","13":"shipping-taxable","14":"purchasable","15":"product-type-simple","16":"has-product-nav","17":"col","18":"span_1_of_3","19":"owp-content-left","20":"owp-thumbs-layout-horizontal","21":"owp-btn-normal","22":"owp-tabs-layout-horizontal"},"_links":{"self":[{"href":"https:\/\/ecocorner.eu\/en\/wp-json\/wp\/v2\/product\/6782","targetHints":{"allow":["GET"]}}],"collection":[{"href":"https:\/\/ecocorner.eu\/en\/wp-json\/wp\/v2\/product"}],"about":[{"href":"https:\/\/ecocorner.eu\/en\/wp-json\/wp\/v2\/types\/product"}],"version-history":[{"count":1,"href":"https:\/\/ecocorner.eu\/en\/wp-json\/wp\/v2\/product\/6782\/revisions"}],"predecessor-version":[{"id":6785,"href":"https:\/\/ecocorner.eu\/en\/wp-json\/wp\/v2\/product\/6782\/revisions\/6785"}],"wp:featuredmedia":[{"embeddable":true,"href":"https:\/\/ecocorner.eu\/en\/wp-json\/wp\/v2\/media\/6783"}],"wp:attachment":[{"href":"https:\/\/ecocorner.eu\/en\/wp-json\/wp\/v2\/media?parent=6782"}],"wp:term":[{"taxonomy":"product_brand","embeddable":true,"href":"https:\/\/ecocorner.eu\/en\/wp-json\/wp\/v2\/product_brand?post=6782"},{"taxonomy":"product_cat","embeddable":true,"href":"https:\/\/ecocorner.eu\/en\/wp-json\/wp\/v2\/product_cat?post=6782"},{"taxonomy":"product_tag","embeddable":true,"href":"https:\/\/ecocorner.eu\/en\/wp-json\/wp\/v2\/product_tag?post=6782"}],"curies":[{"name":"wp","href":"https:\/\/api.w.org\/{rel}","templated":true}]}}