{"id":6786,"date":"2025-05-21T10:39:41","date_gmt":"2025-05-21T10:39:41","guid":{"rendered":"https:\/\/ecocorner.eu\/?post_type=product&#038;p=6786"},"modified":"2025-10-08T18:00:36","modified_gmt":"2025-10-08T18:00:36","slug":"domowe-laboratorium-test-diagnostyczny-menopauza-1-szt","status":"publish","type":"product","link":"https:\/\/ecocorner.eu\/en\/product\/domowe-laboratorium-test-diagnostyczny-menopauza-1-szt\/","title":{"rendered":"Domowe  Laboratorium   Test  diagnostyczny  Menopauza  1 szt"},"content":{"rendered":"<section id=\"projector_longdescription\" class=\"projector_longdescription cm col-12\"><strong>Sk\u0142ad opakowania:<\/p>\n<p><\/strong>Opakowanie Menopauza TEST zawiera wyposa\u017cenie niezb\u0119dne do wykonania 2 bada\u0144:<\/p>\n<ul>\n<li>2 foliowe szczelnie zamkni\u0119te kopertki, w ka\u017cdej znajduj\u0105 si\u0119: 1 test p\u0142ytkowy, 1 pipetka i 1 \u015brodek poch\u0142aniaj\u0105cy wilgo\u0107<\/li>\n<li>1 instrukcj\u0119 u\u017cywania wyrobu<\/li>\n<\/ul>\n<p>Przed wykonaniem badania nale\u017cy przygotowa\u0107 papierowy r\u0119cznik i zegarek, kt\u00f3ry b\u0119dzie potrzebny do odmierzenia czasu odczytu wyniku testu.<\/p>\n<p><strong>Materia\u0142 do badania:<\/strong>\u00a0pr\u00f3bka moczu<\/p>\n<p><strong>Czas oczekiwania na wynik:<\/strong>\u00a0Wynik testu odczytujemy po up\u0142ywie 5 minut<\/p>\n<h4>\u00a0<strong>To jest wyr\u00f3b medyczny. U\u017cywaj go zgodnie z instrukcj\u0105 u\u017cywania<br \/>\nlub etykiet\u0105.\u00a0<\/strong><\/h4>\n<\/section>\n<div id=\"how_to_make_test\">\n<div class=\"big_label\">Jak wykona\u0107 badanie?<\/div>\n<p>Regularno\u015b\u0107 badania zale\u017cy od obserwowanych objaw\u00f3w przekwitania. Je\u017celi miesi\u0105czka jest regularna, test nale\u017cy wykona\u0107 w pierwszym tygodniu cyklu miesi\u0119cznego i powt\u00f3rzy\u0107 tydzie\u0144 p\u00f3\u017aniej. Je\u017celi natomiast miesi\u0105czkujesz nieregularnie, pierwszy test zr\u00f3b w dowolnym dniu miesi\u0105ca i powt\u00f3rz pr\u00f3b\u0119 po up\u0142yni\u0119ciu kolejnych siedmiu dni.<\/p>\n<p>W celu przeprowadzenia testu konieczna b\u0119dzie pr\u00f3bka \u015bwie\u017cego moczu. Nale\u017cy go oddawa\u0107 w godzinach porannych po co najmniej 5-godzinnej przerwie. Badany mocz nale\u017cy pobra\u0107 zawsze do czystego i suchego naczynia.<\/p>\n<ul>\n<li>Tu\u017c przed wykonaniem pr\u00f3by otw\u00f3rz foliow\u0105 kopertk\u0119 poprzez jej rozdarcie.<\/li>\n<li>Z koperty wyjmij test p\u0142ytkowy i plastikow\u0105 pipetk\u0119.<\/li>\n<li>W kopertce znajduje si\u0119 r\u00f3wnie\u017c \u015brodek poch\u0142aniaj\u0105cy wilgo\u0107, kt\u00f3ry nale\u017cy wyrzuci\u0107 do domowych \u015bmieci.<\/li>\n<li>P\u0142ytk\u0119 testow\u0105 umie\u015b\u0107 na poziomej powierzchni.<\/li>\n<\/ul>\n<div class=\"col-md-4 col-sm-12 col-xs-12\">\n<p><img decoding=\"async\" src=\"https:\/\/domowelaboratorium.pl\/data\/include\/cms\/jak-wykonac-badanie\/badanie-na-menopauze-1.png\" alt=\"Badanie na menopauz\u0119 - pobranie moczu\" width=\"203\" height=\"161\" border=\"0\" \/><\/p>\n<p>Badanie rozpocznij od pobrania moczu za pomoc\u0105 plastikowej pipetki.<\/p>\n<\/div>\n<div class=\"col-md-4 col-sm-12 col-xs-12\">\n<p><img decoding=\"async\" src=\"https:\/\/domowelaboratorium.pl\/data\/include\/cms\/jak-wykonac-badanie\/badanie-na-menopauze-2.png\" alt=\"Badanie na menopauz\u0119 - umieszczanie pr\u00f3bki moczu na pr\u00f3bce testowej\" width=\"204\" height=\"162\" border=\"0\" \/><\/p>\n<p>Za pomoc\u0105 ostro\u017cnych ruch\u00f3w umie\u015b\u0107 3 krople w specjalnie wyznaczonym do tego miejscu na p\u0142ytce testowej. Aby unikn\u0105\u0107 napowietrzenia, pipet\u0119 trzymaj pionowo, ok. 1 cm nad powierzchni\u0105 testu.<\/p>\n<\/div>\n<div class=\"col-md-4 col-sm-12 col-xs-12\">\n<p><img decoding=\"async\" src=\"https:\/\/domowelaboratorium.pl\/data\/include\/cms\/jak-wykonac-badanie\/badanie-na-menopauze-3.png\" alt=\"Badanie na menopauz\u0119 - oczekiwanie na wyniki badania\" width=\"204\" height=\"160\" border=\"0\" \/><\/p>\n<p>Uzbr\u00f3j si\u0119 w cierpliwo\u015b\u0107 i poczekaj na efekty ok. 5 minut. Przyjm\u0105 one posta\u0107 barwnych pr\u0105\u017ck\u00f3w, kt\u00f3rych uk\u0142ad stanowi o ostatecznym wyniku badania.<\/p>\n<p>Je\u017celi rezultat pojawi si\u0119 po ponad 10 minutach, test nale\u017cy uzna\u0107 za nieudany.<\/p>\n<\/div>\n<p>.<\/p>\n<\/div>\n<div id=\"how_to_read_test\">\n<div class=\"big_label\">Interpretacja wynik\u00f3w testu<\/div>\n<div class=\"col-md-4 col-sm-12 col-xs-12\">\n<p><img loading=\"lazy\" decoding=\"async\" src=\"https:\/\/domowelaboratorium.pl\/data\/include\/cms\/jak-interpretowac-wyniki\/test-na-menopauze-wynik-dodatni.png\" alt=\"Badanie na menopauz\u0119 - wynik dodatni\" width=\"104\" height=\"133\" border=\"0\" \/><\/p>\n<p><span class=\"primary_color\"><strong>Wynik dodatni<\/strong><\/span><\/p>\n<p>Je\u015bli rezultat badania jest dodatni, w okienku wynikowym pojawi\u0105 si\u0119 dwa intensywne pr\u0105\u017cki o podobnej intensywno\u015bci \u2013 testowy T oraz kontrolny C. Rezultat oznacza wy\u017cszy, ni\u017c przewiduje norma poziom hormonu FSH, mog\u0105cy oznacza\u0107 stadium perimenopauzy. W takim wypadku nale\u017cy skontaktowa\u0107 si\u0119 z lekarzem, aby przeprowadzi\u0107 dalsz\u0105 diagnoz\u0119 i ewentualnie podj\u0105\u0107 terapi\u0119.<\/p>\n<\/div>\n<div class=\"col-md-4 col-sm-12 col-xs-12\">\n<p><img loading=\"lazy\" decoding=\"async\" src=\"https:\/\/domowelaboratorium.pl\/data\/include\/cms\/jak-interpretowac-wyniki\/test-na-menopauze-wynik-ujemny.png\" alt=\"Badanie na menopauz\u0119 - wynik ujemny\" width=\"106\" height=\"125\" border=\"0\" \/><\/p>\n<p><span class=\"secondary_color\"><strong>Wynik ujemny<\/strong><\/span><\/p>\n<p>W przypadku wyniku ujemnego obserwowana intensywno\u015b\u0107 pr\u0105\u017cka T jest znacznie s\u0142absza lub pasek nie pojawia si\u0119 wcale. Rezultat oznacza prawdopodobny brak stadium perimenopauzy w danym cyklu.<\/p>\n<\/div>\n<div class=\"col-md-4 col-sm-12 col-xs-12\">\n<p><img loading=\"lazy\" decoding=\"async\" src=\"https:\/\/domowelaboratorium.pl\/data\/include\/cms\/jak-interpretowac-wyniki\/test-na-menopauze-wynik-niewazny.png\" alt=\"Badanie na menopauz\u0119 - wynik niewa\u017cny\" width=\"117\" height=\"124\" border=\"0\" \/><\/p>\n<p><strong>Wynik niewa\u017cny<\/strong><\/p>\n<p>Brak pojawienia si\u0119 pr\u0105\u017cka kontrolnego C oznacza niewa\u017cno\u015b\u0107 przeprowadzonego testu. W takim wypadku nale\u017cy powt\u00f3rzy\u0107 badanie, korzystaj\u0105c z nowego zestawu.<\/p>\n<\/div>\n<p>&nbsp;<\/p>\n<p>&nbsp;<\/p>\n<p>&nbsp;<\/p>\n<p>&nbsp;<\/p>\n<p>Objawy przekwitania pojawiaj\u0105 si\u0119 nawet 2-3 lata przed wyst\u0105pieniem faktycznej menopauzy. Cho\u0107by z tego powodu przeprowadzenie samego badania nie wystarczy. Nale\u017cy je r\u00f3wnie\u017c poprawnie zinterpretowa\u0107.<\/p>\n<p>&nbsp;<\/p>\n<p>W przypadku kobiet, kt\u00f3re nie mia\u0142y miesi\u0105czki przez ostatnie 12 miesi\u0119cy, dodatni wynik testu oznacza wyst\u0105pienie menopauzy. W takiej sytuacji nale\u017cy skontaktowa\u0107 si\u0119 z lekarzem, potwierdzi\u0107 wyniki i podj\u0105\u0107 odpowiedni\u0105 terapi\u0119.<\/p>\n<p>&nbsp;<\/p>\n<p>W przypadku kobiet do\u015bwiadczaj\u0105cych objaw\u00f3w przekwitania, kt\u00f3re miesi\u0105czkuj\u0105, powinno si\u0119 przeprowadzi\u0107 podw\u00f3jny test i odpowiednio odczyta\u0107 ich rezultat:<\/p>\n<p>&nbsp;<\/p>\n<div class=\"ul_wrapper\">\n<ul>\n<li>&#8211; dwa wyniki dodatnie \u2013 prawdopodobny stan perimenopauzy. Nale\u017cy skontaktowa\u0107 si\u0119 z lekarzem i nie przerywa\u0107 stosowania antykoncepcji.<\/li>\n<li>&#8211; wynik ujemny i dodatni \u2013 prawdopodobny wczesny stan perimenopauzy. Nale\u017cy zachowa\u0107 si\u0119 podobnie jak w powy\u017cszym przypadku.<\/li>\n<li>&#8211; dwa wyniki ujemne \u2013 prawdopodobny brak stanu perimenopauzy. W razie nieust\u0105pienia objaw\u00f3w nale\u017cy powt\u00f3rzy\u0107 test za miesi\u0105c i skontaktowa\u0107 si\u0119 z lekarzem w celu zdiagnozowania przyczyn z\u0142ego samopoczucia.<\/li>\n<\/ul>\n<\/div>\n<\/div>","protected":false},"excerpt":{"rendered":"<p><strong>Menopauza TEST p\u0142ytkowy pozwala na zdiagnozowanie pocz\u0105tkowego okresu przekwitania u pa\u0144.<\/strong><\/p>\n<p>Dla kobiet proces klimakterium i zatrzymanie comiesi\u0119cznego cyklu jest niezwykle trudnym prze\u017cyciem. Obok zanikania funkcji rozrodczych, kobiety zmagaj\u0105 si\u0119 z r\u00f3\u017cnego rodzaju dolegliwo\u015bciami, takimi jak uderzenia gor\u0105ca czy nerwowo\u015b\u0107.<\/p>\n<p><strong>Menopauza TEST jednoznacznie wykazuje, czy nieregularne miesi\u0105czki lub ich zanik oraz z\u0142e samopoczucie zwi\u0105zane jest ze zmianami hormonalnymi spowodowanymi wkraczaniem w okres przekwitania.<\/strong><\/p>\n<p>Test p\u0142ytkowy Menopauza s\u0142u\u017cy do wykrycia rosn\u0105cego st\u0119\u017cenia hormonu FSH, kt\u00f3re jest r\u00f3wne lub przekroczy\u0142o 25 mIU\/ml. Taki wzrost jest charakterystycznym efektem poprzedzaj\u0105cym menopauz\u0119, poniewa\u017c wraz ze zmniejszaj\u0105c\u0105 si\u0119 produkcj\u0105 estrogen\u00f3w i progesteronu, organizm kobiety wytwarza wi\u0119ksz\u0105 ni\u017c dotychczas ilo\u015b\u0107\u00a0folikulotropiny (FSH).<\/p>\n<p>Do przeprowadzenia badania wystarczy pr\u00f3bka z pierwszego porannego moczu, kt\u00f3ry zbieramy do suchego i czystego naczynia. Nast\u0119pnie za pomoc\u0105 znajduj\u0105cej si\u0119 w opakowaniu testu pipetki aplikujemy na okienko p\u0142ytki testowej 3 krople moczu.<\/p>\n<p>Wynik w postaci r\u00f3\u017cowych pr\u0105\u017ck\u00f3w uzyskujemy po up\u0142ywie 5 minut. Interpretacja po czasie d\u0142u\u017cszym ni\u017c 10 minut nie jest ju\u017c wiarygodna. W celu poprawnego przeprowadzenia badania nale\u017cy zapozna\u0107 si\u0119 dok\u0142adnie z instrukcj\u0105 obs\u0142ugi do\u0142\u0105czon\u0105 do opakowania.<\/p>\n<p><strong>Prezentowany Menopauza TEST zawiera 2 testy, kt\u00f3re pozwalaj\u0105 przeprowadzi\u0107 2 niezale\u017cne badania. Drugie badanie nale\u017cy powt\u00f3rzy\u0107 dok\u0142adnie po tygodniu od wykonania pierwszego testu.<\/strong><\/p>\n<p>Zdj\u0119cie przedstawia opakowanie z 2018 roku, w sprzeda\u017cy mog\u0105 pojawia\u0107 si\u0119 r\u00f3wnie\u017c starsze opakowania.<\/p>","protected":false},"featured_media":6787,"template":"","meta":{"ocean_post_layout":"","ocean_both_sidebars_style":"","ocean_both_sidebars_content_width":0,"ocean_both_sidebars_sidebars_width":0,"ocean_sidebar":"0","ocean_second_sidebar":"0","ocean_disable_margins":"enable","ocean_add_body_class":"","ocean_shortcode_before_top_bar":"","ocean_shortcode_after_top_bar":"","ocean_shortcode_before_header":"","ocean_shortcode_after_header":"","ocean_has_shortcode":"","ocean_shortcode_after_title":"","ocean_shortcode_before_footer_widgets":"","ocean_shortcode_after_footer_widgets":"","ocean_shortcode_before_footer_bottom":"","ocean_shortcode_after_footer_bottom":"","ocean_display_top_bar":"default","ocean_display_header":"default","ocean_header_style":"","ocean_center_header_left_menu":"0","ocean_custom_header_template":"0","ocean_custom_logo":0,"ocean_custom_retina_logo":0,"ocean_custom_logo_max_width":0,"ocean_custom_logo_tablet_max_width":0,"ocean_custom_logo_mobile_max_width":0,"ocean_custom_logo_max_height":0,"ocean_custom_logo_tablet_max_height":0,"ocean_custom_logo_mobile_max_height":0,"ocean_header_custom_menu":"0","ocean_menu_typo_font_family":"0","ocean_menu_typo_font_subset":"","ocean_menu_typo_font_size":0,"ocean_menu_typo_font_size_tablet":0,"ocean_menu_typo_font_size_mobile":0,"ocean_menu_typo_font_size_unit":"px","ocean_menu_typo_font_weight":"","ocean_menu_typo_font_weight_tablet":"","ocean_menu_typo_font_weight_mobile":"","ocean_menu_typo_transform":"","ocean_menu_typo_transform_tablet":"","ocean_menu_typo_transform_mobile":"","ocean_menu_typo_line_height":0,"ocean_menu_typo_line_height_tablet":0,"ocean_menu_typo_line_height_mobile":0,"ocean_menu_typo_line_height_unit":"","ocean_menu_typo_spacing":0,"ocean_menu_typo_spacing_tablet":0,"ocean_menu_typo_spacing_mobile":0,"ocean_menu_typo_spacing_unit":"","ocean_menu_link_color":"","ocean_menu_link_color_hover":"","ocean_menu_link_color_active":"","ocean_menu_link_background":"","ocean_menu_link_hover_background":"","ocean_menu_link_active_background":"","ocean_menu_social_links_bg":"","ocean_menu_social_hover_links_bg":"","ocean_menu_social_links_color":"","ocean_menu_social_hover_links_color":"","ocean_disable_title":"default","ocean_disable_heading":"default","ocean_post_title":"","ocean_post_subheading":"","ocean_post_title_style":"","ocean_post_title_background_color":"","ocean_post_title_background":0,"ocean_post_title_bg_image_position":"","ocean_post_title_bg_image_attachment":"","ocean_post_title_bg_image_repeat":"","ocean_post_title_bg_image_size":"","ocean_post_title_height":0,"ocean_post_title_bg_overlay":0.5,"ocean_post_title_bg_overlay_color":"","ocean_disable_breadcrumbs":"default","ocean_breadcrumbs_color":"","ocean_breadcrumbs_separator_color":"","ocean_breadcrumbs_links_color":"","ocean_breadcrumbs_links_hover_color":"","ocean_display_footer_widgets":"default","ocean_display_footer_bottom":"default","ocean_custom_footer_template":"0"},"product_brand":[],"product_cat":[88],"product_tag":[],"class_list":{"0":"post-6786","1":"product","2":"type-product","3":"status-publish","4":"has-post-thumbnail","6":"product_cat-domowe-testy-diagnostyczne","8":"entry","9":"has-media","11":"first","12":"instock","13":"shipping-taxable","14":"purchasable","15":"product-type-simple","16":"has-product-nav","17":"col","18":"span_1_of_3","19":"owp-content-left","20":"owp-thumbs-layout-horizontal","21":"owp-btn-normal","22":"owp-tabs-layout-horizontal"},"_links":{"self":[{"href":"https:\/\/ecocorner.eu\/en\/wp-json\/wp\/v2\/product\/6786","targetHints":{"allow":["GET"]}}],"collection":[{"href":"https:\/\/ecocorner.eu\/en\/wp-json\/wp\/v2\/product"}],"about":[{"href":"https:\/\/ecocorner.eu\/en\/wp-json\/wp\/v2\/types\/product"}],"version-history":[{"count":1,"href":"https:\/\/ecocorner.eu\/en\/wp-json\/wp\/v2\/product\/6786\/revisions"}],"predecessor-version":[{"id":6789,"href":"https:\/\/ecocorner.eu\/en\/wp-json\/wp\/v2\/product\/6786\/revisions\/6789"}],"wp:featuredmedia":[{"embeddable":true,"href":"https:\/\/ecocorner.eu\/en\/wp-json\/wp\/v2\/media\/6787"}],"wp:attachment":[{"href":"https:\/\/ecocorner.eu\/en\/wp-json\/wp\/v2\/media?parent=6786"}],"wp:term":[{"taxonomy":"product_brand","embeddable":true,"href":"https:\/\/ecocorner.eu\/en\/wp-json\/wp\/v2\/product_brand?post=6786"},{"taxonomy":"product_cat","embeddable":true,"href":"https:\/\/ecocorner.eu\/en\/wp-json\/wp\/v2\/product_cat?post=6786"},{"taxonomy":"product_tag","embeddable":true,"href":"https:\/\/ecocorner.eu\/en\/wp-json\/wp\/v2\/product_tag?post=6786"}],"curies":[{"name":"wp","href":"https:\/\/api.w.org\/{rel}","templated":true}]}}