{"id":6814,"date":"2025-05-21T12:39:56","date_gmt":"2025-05-21T12:39:56","guid":{"rendered":"https:\/\/ecocorner.eu\/?post_type=product&#038;p=6814"},"modified":"2025-08-14T20:34:30","modified_gmt":"2025-08-14T20:34:30","slug":"mokosh-peeling-solny-do-ciala-gruszka-300g","status":"publish","type":"product","link":"https:\/\/ecocorner.eu\/en\/product\/mokosh-peeling-solny-do-ciala-gruszka-300g\/","title":{"rendered":"Mokosh   Peeling solny do cia\u0142a  Gruszka 300g"},"content":{"rendered":"<div class=\"use\">\n<h2>Klucz do codziennej piel\u0119gnacji &#8211; porady dotycz\u0105ce stosowania<\/h2>\n<p><strong>Method of application: <\/strong><\/div>\n<p>&nbsp;<\/p>\n<div class=\"table_use\">\n<div class=\"container_use\">\n<div class=\"use_1\">\n<p>krok 1<\/p>\n<p>oczy\u015b\u0107 sk\u00f3r\u0119 np.<br \/>\n\u017celem z linii gruszka<\/p>\n<\/div>\n<div class=\"use_2\">\n<p>krok 2<\/p>\n<p>niewielk\u0105 ilo\u015b\u0107 peelingu nanie\u015b na wilgotn\u0105 sk\u00f3r\u0119<\/p>\n<\/div>\n<div class=\"use_3\">\n<p>krok 3<\/p>\n<p>wmasuj okr\u0119\u017cnymi ruchami<\/p>\n<\/div>\n<div class=\"use_3\">\n<p>krok 4<\/p>\n<p>sp\u0142ucz bez u\u017cycia kosmetyk\u00f3w myj\u0105cych<\/p>\n<\/div>\n<div class=\"use_3\">\n<p>krok 5<\/p>\n<p>osusz cia\u0142o, odczekaj a\u017c formu\u0142a peelingu wch\u0142onie si\u0119 w sk\u00f3r\u0119<\/p>\n<\/div>\n<\/div>\n<\/div>\n<div class=\"przerywnik\">_____________________________________________________________________________________________<\/div>\n<div class=\"INCI\">\n<h3>Sk\u0142ad &#8211; Peeling solny do cia\u0142a Gruszka<\/h3>\n<p>Ingredients (INCI): Maris Sal, Butyrospermum Parkii Butter, Prunus Amygdalus Dulcis Oil, Argania Spinosa Kernel Oil, Macadamia Integrifolia Seed Oil, Parfum, Jojoba Esters, Simmondsia Chinensis Seed Oil, Tocopherol, Pyrus Communis Fruit Extract, Helianthus Annuus Seed Oil, Olus Oil, Glycerin, Aqua, Sodium Benzoate, Potassium Sorbate.<\/p><\/div>","protected":false},"excerpt":{"rendered":"<div class=\"short_ description\">\n<h2>Peeling solny do cia\u0142a &#8211; Witamina E, ekstrakt z gruszki, olej arganowy<br \/>\nGruszka<\/h2>\n<\/div>\n<div class=\"przerywnik\">_____________________________________________________________________________________________<\/div>\n<div class=\"properties\">\n<h2>Kluczowe Korzy\u015bci dla Ciebie<\/h2>\n<ul>\n<li>dok\u0142adnie, a jednocze\u015bnie delikatnie oczyszcza,<\/li>\n<li>pozostawia sk\u00f3r\u0119 wyg\u0142adzon\u0105 i mi\u0119kk\u0105 w dotyku,<\/li>\n<li>masa\u017c wykonywany podczas aplikacji peelingu pobudza mikrokr\u0105\u017cenie i dzia\u0142a detoksykuj\u0105co,<\/li>\n<\/ul>\n<\/div>\n<div class=\"przerywnik\">_____________________________________________________________________________________________<\/div>\n<div class=\"active_INCI\">\n<h2>Odkryj Moc Sk\u0142adnik\u00f3w Aktywnych &#8211; Peeling solny do cia\u0142a Gruszka<\/h2>\n<div><strong>Ekstrakt z gruszki<\/strong> | jest cennym \u017ar\u00f3d\u0142em witamin A, B i C oraz antyoksydant\u00f3w, kt\u00f3re spowalniaj\u0105 procesy starzenia<\/p>\n<p><strong>oleje: arganowy, makadamia, jojoba, ze s\u0142odkich migda\u0142\u00f3w,<\/strong> | zawieraj\u0105 warto\u015bciowe kwasy t\u0142uszczowe, witaminy oraz sk\u0142adniki mineralne, dzi\u0119ki czemu widocznie poprawiaj\u0105 wygl\u0105d sk\u00f3ry oraz jej kondycj\u0119, nadaj\u0105c zdrowy po\u0142ysk.<\/p>\n<p><strong>Vitamin E<\/strong> | spowalnia proces starzenia si\u0119 sk\u00f3ry, koi j\u0105 i chroni<\/div>\n<\/div>","protected":false},"featured_media":6817,"template":"","meta":{"ocean_post_layout":"","ocean_both_sidebars_style":"","ocean_both_sidebars_content_width":0,"ocean_both_sidebars_sidebars_width":0,"ocean_sidebar":"0","ocean_second_sidebar":"0","ocean_disable_margins":"enable","ocean_add_body_class":"","ocean_shortcode_before_top_bar":"","ocean_shortcode_after_top_bar":"","ocean_shortcode_before_header":"","ocean_shortcode_after_header":"","ocean_has_shortcode":"","ocean_shortcode_after_title":"","ocean_shortcode_before_footer_widgets":"","ocean_shortcode_after_footer_widgets":"","ocean_shortcode_before_footer_bottom":"","ocean_shortcode_after_footer_bottom":"","ocean_display_top_bar":"default","ocean_display_header":"default","ocean_header_style":"","ocean_center_header_left_menu":"0","ocean_custom_header_template":"0","ocean_custom_logo":0,"ocean_custom_retina_logo":0,"ocean_custom_logo_max_width":0,"ocean_custom_logo_tablet_max_width":0,"ocean_custom_logo_mobile_max_width":0,"ocean_custom_logo_max_height":0,"ocean_custom_logo_tablet_max_height":0,"ocean_custom_logo_mobile_max_height":0,"ocean_header_custom_menu":"0","ocean_menu_typo_font_family":"0","ocean_menu_typo_font_subset":"","ocean_menu_typo_font_size":0,"ocean_menu_typo_font_size_tablet":0,"ocean_menu_typo_font_size_mobile":0,"ocean_menu_typo_font_size_unit":"px","ocean_menu_typo_font_weight":"","ocean_menu_typo_font_weight_tablet":"","ocean_menu_typo_font_weight_mobile":"","ocean_menu_typo_transform":"","ocean_menu_typo_transform_tablet":"","ocean_menu_typo_transform_mobile":"","ocean_menu_typo_line_height":0,"ocean_menu_typo_line_height_tablet":0,"ocean_menu_typo_line_height_mobile":0,"ocean_menu_typo_line_height_unit":"","ocean_menu_typo_spacing":0,"ocean_menu_typo_spacing_tablet":0,"ocean_menu_typo_spacing_mobile":0,"ocean_menu_typo_spacing_unit":"","ocean_menu_link_color":"","ocean_menu_link_color_hover":"","ocean_menu_link_color_active":"","ocean_menu_link_background":"","ocean_menu_link_hover_background":"","ocean_menu_link_active_background":"","ocean_menu_social_links_bg":"","ocean_menu_social_hover_links_bg":"","ocean_menu_social_links_color":"","ocean_menu_social_hover_links_color":"","ocean_disable_title":"default","ocean_disable_heading":"default","ocean_post_title":"","ocean_post_subheading":"","ocean_post_title_style":"","ocean_post_title_background_color":"","ocean_post_title_background":0,"ocean_post_title_bg_image_position":"","ocean_post_title_bg_image_attachment":"","ocean_post_title_bg_image_repeat":"","ocean_post_title_bg_image_size":"","ocean_post_title_height":0,"ocean_post_title_bg_overlay":0.5,"ocean_post_title_bg_overlay_color":"","ocean_disable_breadcrumbs":"default","ocean_breadcrumbs_color":"","ocean_breadcrumbs_separator_color":"","ocean_breadcrumbs_links_color":"","ocean_breadcrumbs_links_hover_color":"","ocean_display_footer_widgets":"default","ocean_display_footer_bottom":"default","ocean_custom_footer_template":"0"},"product_brand":[],"product_cat":[81,52],"product_tag":[],"class_list":{"0":"post-6814","1":"product","2":"type-product","3":"status-publish","4":"has-post-thumbnail","6":"product_cat-mokosh","7":"product_cat-peelingi-do-ciala","9":"entry","10":"has-media","12":"first","13":"instock","14":"shipping-taxable","15":"purchasable","16":"product-type-simple","17":"has-product-nav","18":"col","19":"span_1_of_3","20":"owp-content-left","21":"owp-thumbs-layout-horizontal","22":"owp-btn-normal","23":"owp-tabs-layout-horizontal"},"_links":{"self":[{"href":"https:\/\/ecocorner.eu\/en\/wp-json\/wp\/v2\/product\/6814","targetHints":{"allow":["GET"]}}],"collection":[{"href":"https:\/\/ecocorner.eu\/en\/wp-json\/wp\/v2\/product"}],"about":[{"href":"https:\/\/ecocorner.eu\/en\/wp-json\/wp\/v2\/types\/product"}],"version-history":[{"count":2,"href":"https:\/\/ecocorner.eu\/en\/wp-json\/wp\/v2\/product\/6814\/revisions"}],"predecessor-version":[{"id":6819,"href":"https:\/\/ecocorner.eu\/en\/wp-json\/wp\/v2\/product\/6814\/revisions\/6819"}],"wp:featuredmedia":[{"embeddable":true,"href":"https:\/\/ecocorner.eu\/en\/wp-json\/wp\/v2\/media\/6817"}],"wp:attachment":[{"href":"https:\/\/ecocorner.eu\/en\/wp-json\/wp\/v2\/media?parent=6814"}],"wp:term":[{"taxonomy":"product_brand","embeddable":true,"href":"https:\/\/ecocorner.eu\/en\/wp-json\/wp\/v2\/product_brand?post=6814"},{"taxonomy":"product_cat","embeddable":true,"href":"https:\/\/ecocorner.eu\/en\/wp-json\/wp\/v2\/product_cat?post=6814"},{"taxonomy":"product_tag","embeddable":true,"href":"https:\/\/ecocorner.eu\/en\/wp-json\/wp\/v2\/product_tag?post=6814"}],"curies":[{"name":"wp","href":"https:\/\/api.w.org\/{rel}","templated":true}]}}