{"id":6852,"date":"2025-05-23T09:51:43","date_gmt":"2025-05-23T09:51:43","guid":{"rendered":"https:\/\/ecocorner.eu\/?post_type=product&#038;p=6852"},"modified":"2026-05-07T12:35:28","modified_gmt":"2026-05-07T12:35:28","slug":"dr-jacobs-olejek-oregano-60-kaps","status":"publish","type":"product","link":"https:\/\/ecocorner.eu\/en\/product\/dr-jacobs-olejek-oregano-60-kaps\/","title":{"rendered":"Dr Jacobs   Olejek Oregano   60 kaps."},"content":{"rendered":"<p><strong>Cenny olejek eteryczny<\/strong><\/p>\n<p>Ro\u015blina <strong>oregano<\/strong> zawiera w sobie od 0,1 do 1% olejku eterycznego.<\/p>\n<p class=\"font_8\"><span data-language-for-alternatives=\"pl\" data-language-to-translate-into=\"de\" data-phrase-index=\"2\" data-number-of-phrases=\"9\"> Do <strong>Olejku Oregano Dr. Jacob&#8217;s<\/strong> pozyskuje si\u0119 go w bardzo delikatny spos\u00f3b w specjalnym procesie\u00a0 destylacji par\u0105 wodn\u0105.<\/span> Dzi\u0119ki temu zachowane s\u0105 wszystkie w\u0142a\u015bciwo\u015bci olejku z oregano. Szczeg\u00f3lnie cennymi sk\u0142adnikami olejku z oregano s\u0105 fenolowe monoterpeny <strong>karwakrol i tymol.<\/strong><\/p>\n<p class=\"font_8\"><strong>W ka\u017cdej kapsu\u0142ce<\/strong> <strong>Olejku Oregano Dr. <\/strong><span data-language-for-alternatives=\"pl\" data-language-to-translate-into=\"de\" data-phrase-index=\"6\" data-number-of-phrases=\"9\"><strong>Jacob&#8217;s<\/strong> <strong>jest a\u017c 133 mg olejku z oregano, w tym 70% karwakrolu i 3,5% tymolu.<\/strong><\/span> Olejek z oregano rozpuszczony jest w naturalnej, najwy\u017cszej jako\u015bci oliwie z oliwek.<\/p>\n<h3>Korzy\u015bci z kapsu\u0142ek oleju z oregano<\/h3>\n<p class=\"font_8\"><span data-language-for-alternatives=\"pl\" data-language-to-translate-into=\"de\" data-phrase-index=\"2\" data-number-of-phrases=\"10\">Wiele kapsu\u0142ek z p\u0142ynn\u0105 zawarto\u015bci\u0105 jest wykonanych z \u017celatyny zwierz\u0119cej. Kapsu\u0142ki <strong>Olejku Oregano Dr.<\/strong><\/span><strong> Jacob&#8217;s<\/strong> nie zawieraj\u0105 sk\u0142adnik\u00f3w pochodzenia zwierz\u0119cego. Stosujemy wega\u0144skie p\u0142ynne kapsu\u0142ki GREENCAPS, kt\u00f3re zapewniaj\u0105 optymaln\u0105 wch\u0142anialno\u015b\u0107 i stabilno\u015b\u0107 zawartego olejku.<\/p>\n<p><strong>Ingredients:<\/strong> oliwa z oliwek, olej z oregano (<em>Origanum vulgare L.<\/em>, 70% karwakrol) (26%), hydroksypropylometyloceluloza (otoczka kapsu\u0142ki ro\u015blinnej).<\/p>\n<p><strong>Recommended daily intake:<\/strong> kapsu\u0142ka po\u0142ykana podczas posi\u0142ku.<\/p>\n<h3><strong>Produktu nie powinny spo\u017cywa\u0107 kobiety w ci\u0105\u017cy.<\/strong><\/h3>\n<p><img decoding=\"async\" src=\"https:\/\/sklep.drjacobs.pl\/userdata\/public\/assets\/Produkty\/Olejek%20Oregano%20Dr%20Jacobs%20tabela.jpg\" alt=\"Olejek Oregano Dr Jacobs tabela\" width=\"280\" height=\"106\" \/><\/p>\n<p>&nbsp;<\/p>\n<p>Do not exceed the recommended daily intake.<\/p>\n<p>Przechowywa\u0107 w spos\u00f3b niedost\u0119pny dla ma\u0142ych dzieci, w miejscu ch\u0142odnym, z dala od promieni s\u0142onecznych. Suplement diety nie mo\u017ce by\u0107 stosowany jako substytut (zamiennik) zr\u00f3wnowa\u017conej diety. Wa\u017cna jest zr\u00f3wnowa\u017cona dieta oraz zdrowy tryb \u017cycia<\/p>","protected":false},"excerpt":{"rendered":"<p><strong>Olejek Oregano<\/strong> the company <strong>Dr. Jacob&#039;s<\/strong> \u2013 zawiera <strong>70% karwakrolu i 3,5% tymolu.<\/strong><\/p>\n<p><strong>\u2713 Bogaty w zwi\u0105zki bioaktywne<\/strong><\/p>\n<p><strong>\u2713 Bezsmakowy \u2013 \u0142atwe do po\u0142kni\u0119cia kapsu\u0142ki z olejkiem<br \/>\n<\/strong><\/p>\n<p><strong>\u2713 Czysto ro\u015blinny \u2013 bez dodatk\u00f3w<\/strong><\/p>\n<p>&nbsp;<\/p>\n<p><strong>Dobro z natury<\/strong><\/p>\n<p><strong>Oregano<\/strong> (<em>Origanum vulgare L.<\/em>) \u2013 zwane te\u017c dzikim majerankiem, to ro\u015blina od tysi\u0105cleci u\u017cywana jest jako przyprawa oraz jako zio\u0142o w medycynie ludowej. B<span data-language-for-alternatives=\"pl\" data-language-to-translate-into=\"de\" data-phrase-index=\"15\" data-number-of-phrases=\"20\">y\u0142a bardzo popularna ju\u017c w staro\u017cytnym Egipcie i Grecji. <\/span>Wywodzi si\u0119 z g\u00f3rskich obszar\u00f3w Morza \u015ar\u00f3dziemnego. Mieszka\u0144cy regionu \u015br\u00f3dziemnomorskiego od wiek\u00f3w ceni\u0105 oregano m.in. z powodu du\u017cej zawarto\u015bci garbnik\u00f3w (nadaj\u0105 oregano gorzkawy smak). Lubi\u0105 pic oregano jako napary zio\u0142owe lub herbat\u0119.<\/p>\n<p>&nbsp;<\/p>","protected":false},"featured_media":6853,"template":"","meta":{"ocean_post_layout":"","ocean_both_sidebars_style":"","ocean_both_sidebars_content_width":0,"ocean_both_sidebars_sidebars_width":0,"ocean_sidebar":"0","ocean_second_sidebar":"0","ocean_disable_margins":"enable","ocean_add_body_class":"","ocean_shortcode_before_top_bar":"","ocean_shortcode_after_top_bar":"","ocean_shortcode_before_header":"","ocean_shortcode_after_header":"","ocean_has_shortcode":"","ocean_shortcode_after_title":"","ocean_shortcode_before_footer_widgets":"","ocean_shortcode_after_footer_widgets":"","ocean_shortcode_before_footer_bottom":"","ocean_shortcode_after_footer_bottom":"","ocean_display_top_bar":"default","ocean_display_header":"default","ocean_header_style":"","ocean_center_header_left_menu":"0","ocean_custom_header_template":"0","ocean_custom_logo":0,"ocean_custom_retina_logo":0,"ocean_custom_logo_max_width":0,"ocean_custom_logo_tablet_max_width":0,"ocean_custom_logo_mobile_max_width":0,"ocean_custom_logo_max_height":0,"ocean_custom_logo_tablet_max_height":0,"ocean_custom_logo_mobile_max_height":0,"ocean_header_custom_menu":"0","ocean_menu_typo_font_family":"0","ocean_menu_typo_font_subset":"","ocean_menu_typo_font_size":0,"ocean_menu_typo_font_size_tablet":0,"ocean_menu_typo_font_size_mobile":0,"ocean_menu_typo_font_size_unit":"px","ocean_menu_typo_font_weight":"","ocean_menu_typo_font_weight_tablet":"","ocean_menu_typo_font_weight_mobile":"","ocean_menu_typo_transform":"","ocean_menu_typo_transform_tablet":"","ocean_menu_typo_transform_mobile":"","ocean_menu_typo_line_height":0,"ocean_menu_typo_line_height_tablet":0,"ocean_menu_typo_line_height_mobile":0,"ocean_menu_typo_line_height_unit":"","ocean_menu_typo_spacing":0,"ocean_menu_typo_spacing_tablet":0,"ocean_menu_typo_spacing_mobile":0,"ocean_menu_typo_spacing_unit":"","ocean_menu_link_color":"","ocean_menu_link_color_hover":"","ocean_menu_link_color_active":"","ocean_menu_link_background":"","ocean_menu_link_hover_background":"","ocean_menu_link_active_background":"","ocean_menu_social_links_bg":"","ocean_menu_social_hover_links_bg":"","ocean_menu_social_links_color":"","ocean_menu_social_hover_links_color":"","ocean_disable_title":"default","ocean_disable_heading":"default","ocean_post_title":"","ocean_post_subheading":"","ocean_post_title_style":"","ocean_post_title_background_color":"","ocean_post_title_background":0,"ocean_post_title_bg_image_position":"","ocean_post_title_bg_image_attachment":"","ocean_post_title_bg_image_repeat":"","ocean_post_title_bg_image_size":"","ocean_post_title_height":0,"ocean_post_title_bg_overlay":0.5,"ocean_post_title_bg_overlay_color":"","ocean_disable_breadcrumbs":"default","ocean_breadcrumbs_color":"","ocean_breadcrumbs_separator_color":"","ocean_breadcrumbs_links_color":"","ocean_breadcrumbs_links_hover_color":"","ocean_display_footer_widgets":"default","ocean_display_footer_bottom":"default","ocean_custom_footer_template":"0"},"product_brand":[],"product_cat":[93,22],"product_tag":[],"class_list":{"0":"post-6852","1":"product","2":"type-product","3":"status-publish","4":"has-post-thumbnail","6":"product_cat-dr-jacobs","7":"product_cat-suplementy-i-witaminy","9":"entry","10":"has-media","12":"first","13":"instock","14":"shipping-taxable","15":"purchasable","16":"product-type-simple","17":"has-product-nav","18":"col","19":"span_1_of_3","20":"owp-content-left","21":"owp-thumbs-layout-horizontal","22":"owp-btn-normal","23":"owp-tabs-layout-horizontal","24":"has-no-thumbnails"},"_links":{"self":[{"href":"https:\/\/ecocorner.eu\/en\/wp-json\/wp\/v2\/product\/6852","targetHints":{"allow":["GET"]}}],"collection":[{"href":"https:\/\/ecocorner.eu\/en\/wp-json\/wp\/v2\/product"}],"about":[{"href":"https:\/\/ecocorner.eu\/en\/wp-json\/wp\/v2\/types\/product"}],"version-history":[{"count":1,"href":"https:\/\/ecocorner.eu\/en\/wp-json\/wp\/v2\/product\/6852\/revisions"}],"predecessor-version":[{"id":6854,"href":"https:\/\/ecocorner.eu\/en\/wp-json\/wp\/v2\/product\/6852\/revisions\/6854"}],"wp:featuredmedia":[{"embeddable":true,"href":"https:\/\/ecocorner.eu\/en\/wp-json\/wp\/v2\/media\/6853"}],"wp:attachment":[{"href":"https:\/\/ecocorner.eu\/en\/wp-json\/wp\/v2\/media?parent=6852"}],"wp:term":[{"taxonomy":"product_brand","embeddable":true,"href":"https:\/\/ecocorner.eu\/en\/wp-json\/wp\/v2\/product_brand?post=6852"},{"taxonomy":"product_cat","embeddable":true,"href":"https:\/\/ecocorner.eu\/en\/wp-json\/wp\/v2\/product_cat?post=6852"},{"taxonomy":"product_tag","embeddable":true,"href":"https:\/\/ecocorner.eu\/en\/wp-json\/wp\/v2\/product_tag?post=6852"}],"curies":[{"name":"wp","href":"https:\/\/api.w.org\/{rel}","templated":true}]}}