{"id":6928,"date":"2025-06-12T20:46:18","date_gmt":"2025-06-12T20:46:18","guid":{"rendered":"https:\/\/ecocorner.eu\/?post_type=product&#038;p=6928"},"modified":"2026-04-15T09:41:34","modified_gmt":"2026-04-15T09:41:34","slug":"chemworld-plyn-lugola-5-100ml-czysty-jod","status":"publish","type":"product","link":"https:\/\/ecocorner.eu\/en\/product\/chemworld-plyn-lugola-5-100ml-czysty-jod\/","title":{"rendered":"ChemWorld  P\u0142yn Lugola 5% 100ml &#8211; Czysty JOD"},"content":{"rendered":"<div class=\"mp4t_16_s mryx_16_s mr3m_1 mli2_1 mh85_56 mh85_0_l\">\n<div class=\"mgn2_16 _0d3bd_am0a-\">\n<ul>\n<li><b>ZAWARTO\u015a\u0106 W JEDNEJ KROPLI:\u00a0<\/b>1 kropla zawiera \u2248 2,5 mg jodu oraz \u2248 5 mg jodku potasu.<\/li>\n<li><b>ILO\u015a\u0106 KROPLI W 1ml:<\/b>\u2248 20 kropli<\/li>\n<li><b>Ingredients:\u00a0<\/b>woda, jodek potasu, jod<\/li>\n<li><b>keeping:\u00a0<\/b>Przechowywa\u0107 w suchym, ciemnym i ch\u0142odnym miejscu, niedost\u0119pnym dla ma\u0142ych dzieci.<\/li>\n<li><b>OPAKOWANIE:\u00a0<\/b>ciemna szklana butelka + pipeta + tuba<\/li>\n<li><b>POJEMNO\u015a\u0106:<\/b>100 ml<\/li>\n<\/ul>\n<\/div>\n<\/div>","protected":false},"excerpt":{"rendered":"<div class=\"mp4t_16_s mryx_16_s mr3m_1 mli2_1 mh85_56 mh85_0_l\">\n<div class=\"mgn2_16 _0d3bd_am0a-\">\n<h3>P\u0142yn Lugola 5% 100ml &#8211; Czysty JOD &#8211;\u00a0 Orygina\u0142 marki ChemWorld<\/h3>\n<p><b>PRAWID\u0141OWO OBLICZONY I STWORZONY ROZTW\u00d3R 5% CZYSTEGO JODU PIERWIASTKOWEGO<\/b><\/p>\n<p><b>O PRODUKCIE:\u00a0<\/b>Wykorzystywany jest w badaniu obecno\u015bci skrobi w produktach \u017cywieniowych poprzez dodanie kilku kropli do badanego surowca. Te, kt\u00f3re zawieraj\u0105 skrobi\u0119, pod wp\u0142ywem p\u0142ynu Lugola barwi\u0105 si\u0119 na czarno-fioletowo lub niebiesko-fioletowo.<\/p>\n<ul>\n<li>P\u0142yn Lugola to roztw\u00f3r wodny jodu w jodku potasu o bardzo czystej formie i skutecznej formie<\/li>\n<li>Stworzony wed\u0142ug oryginalnej receptury opracowanej przez lekarza Jeana Lugola, co daje 100% gwarancji Orygina\u0142u<\/li>\n<li>Prawid\u0142owo obliczony i stworzony pod nadzorem profesjonalnych specjalist\u00f3w chemik\u00f3w co gwarantuje prawid\u0142owe obliczenia zawarto\u015bci substancji czynnej na 1 ml produktu.<\/li>\n<li>P\u0142yn w\u00a0szklanej br\u0105zowej butelce wykonanej ze specjalnego szk\u0142a HKL III<\/li>\n<li>Produkt posiada profesjonaln\u0105 pipet\u0119 s\u0142u\u017c\u0105c\u0105 do precyzyjnego odmierzania cieczy, nakr\u0119tka jest w oprawie z drzewa bambusowego<\/li>\n<li>Produkt zapakowany w profesjonaln\u0105 wytrzyma\u0142\u0105 i estetyczn\u0105 tub\u0119 aby zabezpieczy\u0107 p\u0142yn przed \u015bwiat\u0142em i aby produkt by\u0142 bezpiecznie dostarczany do naszych odbiorc\u00f3w<\/li>\n<li>Tuba dodatkowo zabezpieczona oryginalnym hologramem marki ChemWorld<\/li>\n<\/ul>\n<\/div>\n<\/div>","protected":false},"featured_media":6929,"template":"","meta":{"ocean_post_layout":"","ocean_both_sidebars_style":"","ocean_both_sidebars_content_width":0,"ocean_both_sidebars_sidebars_width":0,"ocean_sidebar":"0","ocean_second_sidebar":"0","ocean_disable_margins":"enable","ocean_add_body_class":"","ocean_shortcode_before_top_bar":"","ocean_shortcode_after_top_bar":"","ocean_shortcode_before_header":"","ocean_shortcode_after_header":"","ocean_has_shortcode":"","ocean_shortcode_after_title":"","ocean_shortcode_before_footer_widgets":"","ocean_shortcode_after_footer_widgets":"","ocean_shortcode_before_footer_bottom":"","ocean_shortcode_after_footer_bottom":"","ocean_display_top_bar":"default","ocean_display_header":"default","ocean_header_style":"","ocean_center_header_left_menu":"0","ocean_custom_header_template":"0","ocean_custom_logo":0,"ocean_custom_retina_logo":0,"ocean_custom_logo_max_width":0,"ocean_custom_logo_tablet_max_width":0,"ocean_custom_logo_mobile_max_width":0,"ocean_custom_logo_max_height":0,"ocean_custom_logo_tablet_max_height":0,"ocean_custom_logo_mobile_max_height":0,"ocean_header_custom_menu":"0","ocean_menu_typo_font_family":"0","ocean_menu_typo_font_subset":"","ocean_menu_typo_font_size":0,"ocean_menu_typo_font_size_tablet":0,"ocean_menu_typo_font_size_mobile":0,"ocean_menu_typo_font_size_unit":"px","ocean_menu_typo_font_weight":"","ocean_menu_typo_font_weight_tablet":"","ocean_menu_typo_font_weight_mobile":"","ocean_menu_typo_transform":"","ocean_menu_typo_transform_tablet":"","ocean_menu_typo_transform_mobile":"","ocean_menu_typo_line_height":0,"ocean_menu_typo_line_height_tablet":0,"ocean_menu_typo_line_height_mobile":0,"ocean_menu_typo_line_height_unit":"","ocean_menu_typo_spacing":0,"ocean_menu_typo_spacing_tablet":0,"ocean_menu_typo_spacing_mobile":0,"ocean_menu_typo_spacing_unit":"","ocean_menu_link_color":"","ocean_menu_link_color_hover":"","ocean_menu_link_color_active":"","ocean_menu_link_background":"","ocean_menu_link_hover_background":"","ocean_menu_link_active_background":"","ocean_menu_social_links_bg":"","ocean_menu_social_hover_links_bg":"","ocean_menu_social_links_color":"","ocean_menu_social_hover_links_color":"","ocean_disable_title":"default","ocean_disable_heading":"default","ocean_post_title":"","ocean_post_subheading":"","ocean_post_title_style":"","ocean_post_title_background_color":"","ocean_post_title_background":0,"ocean_post_title_bg_image_position":"","ocean_post_title_bg_image_attachment":"","ocean_post_title_bg_image_repeat":"","ocean_post_title_bg_image_size":"","ocean_post_title_height":0,"ocean_post_title_bg_overlay":0.5,"ocean_post_title_bg_overlay_color":"","ocean_disable_breadcrumbs":"default","ocean_breadcrumbs_color":"","ocean_breadcrumbs_separator_color":"","ocean_breadcrumbs_links_color":"","ocean_breadcrumbs_links_hover_color":"","ocean_display_footer_widgets":"default","ocean_display_footer_bottom":"default","ocean_custom_footer_template":"0"},"product_brand":[],"product_cat":[21],"product_tag":[],"class_list":{"0":"post-6928","1":"product","2":"type-product","3":"status-publish","4":"has-post-thumbnail","6":"product_cat-zdrowie","8":"entry","9":"has-media","11":"first","12":"instock","13":"shipping-taxable","14":"purchasable","15":"product-type-simple","16":"has-product-nav","17":"col","18":"span_1_of_3","19":"owp-content-left","20":"owp-thumbs-layout-horizontal","21":"owp-btn-normal","22":"owp-tabs-layout-horizontal","23":"has-no-thumbnails"},"_links":{"self":[{"href":"https:\/\/ecocorner.eu\/en\/wp-json\/wp\/v2\/product\/6928","targetHints":{"allow":["GET"]}}],"collection":[{"href":"https:\/\/ecocorner.eu\/en\/wp-json\/wp\/v2\/product"}],"about":[{"href":"https:\/\/ecocorner.eu\/en\/wp-json\/wp\/v2\/types\/product"}],"version-history":[{"count":1,"href":"https:\/\/ecocorner.eu\/en\/wp-json\/wp\/v2\/product\/6928\/revisions"}],"predecessor-version":[{"id":6930,"href":"https:\/\/ecocorner.eu\/en\/wp-json\/wp\/v2\/product\/6928\/revisions\/6930"}],"wp:featuredmedia":[{"embeddable":true,"href":"https:\/\/ecocorner.eu\/en\/wp-json\/wp\/v2\/media\/6929"}],"wp:attachment":[{"href":"https:\/\/ecocorner.eu\/en\/wp-json\/wp\/v2\/media?parent=6928"}],"wp:term":[{"taxonomy":"product_brand","embeddable":true,"href":"https:\/\/ecocorner.eu\/en\/wp-json\/wp\/v2\/product_brand?post=6928"},{"taxonomy":"product_cat","embeddable":true,"href":"https:\/\/ecocorner.eu\/en\/wp-json\/wp\/v2\/product_cat?post=6928"},{"taxonomy":"product_tag","embeddable":true,"href":"https:\/\/ecocorner.eu\/en\/wp-json\/wp\/v2\/product_tag?post=6928"}],"curies":[{"name":"wp","href":"https:\/\/api.w.org\/{rel}","templated":true}]}}